{"id":2335,"date":"2021-11-02T12:36:03","date_gmt":"2021-11-02T11:36:03","guid":{"rendered":"https:\/\/agora.xtec.cat\/cfatarragona\/?page_id=2335"},"modified":"2025-01-14T15:43:03","modified_gmt":"2025-01-14T14:43:03","slug":"normes-dorganitzacio-i-funcionament-de-centre-nofc","status":"publish","type":"page","link":"https:\/\/agora.xtec.cat\/cfatarragona\/normes-dorganitzacio-i-funcionament-de-centre-nofc\/","title":{"rendered":"Normes d&#8217;Organitzaci\u00f3 i Funcionament de Centre (NOFC)"},"content":{"rendered":"<p><b>INTRODUCCI\u00d3<\/b><\/p>\n<p><span style=\"font-weight: 400;\">Tota comunitat educativa necessita una s\u00e8rie de normes que regulin el seu funcionament. L&#8217;acceptaci\u00f3 per part de tots els components d&#8217;aquestes normes ha de fer possible, en el dia a dia, el treball educatiu i de gesti\u00f3 que permetin assolir els seus objectius, tant pedag\u00f2gics com socials, proposats en el projecte educatiu del centre i en la seva programaci\u00f3 anual.<\/span><\/p>\n<p><span style=\"font-weight: 400;\">El decret 102\/2010, de 3 d&#8217;agost, d&#8217;autonomia dels centres educatius, en el seu article 18 diu que els centres han de determinar les seves normes d&#8217;organitzaci\u00f3 i funcionament i en aquest document queden concretades. Per tant, les directrius aqu\u00ed marcades es fonamenten en aquest marc legal vigent, i tamb\u00e9 en el PEC (Projecte Educatiu de Centre).<\/span><\/p>\n<p><strong>Aquest document ha estat redactat per deixar const\u00e0ncia de les normes que el col\u00b7lectiu de docents, personal no docent i alumnes han anat forjant al llarg del temps, d&#8217;en\u00e7\u00e0 del naixement del CFA Tarragona, i que han estat \u00fatils per desenvolupar el seu projecte educatiu i acomplir amb la finalitat per la qual va ser creat.<\/strong><\/p>\n<p style=\"text-align: center;\"><strong><a href=\"https:\/\/drive.google.com\/file\/d\/1lFZ04uAzpPHu3ZSEbOnW_AXCLghIwSZt\/view?usp=sharing\" target=\"_blank\" rel=\"noopener\">CONSULTA LES NOFC completes<\/a><\/strong><\/p>\n","protected":false},"excerpt":{"rendered":"<p>INTRODUCCI\u00d3<br \/>\nTota comunitat educativa necessita una s\u00e8rie de normes que regulin el seu funcionament. L&#8217;acceptaci\u00f3 per part de tots els components d&#8217;aquestes normes ha de fer possible, en el dia a dia, el treball educatiu i de gesti\u00f3 que permetin assolir els seus objectius, tant pedag\u00f2gics&hellip;  <a href=\"https:\/\/agora.xtec.cat\/cfatarragona\/normes-dorganitzacio-i-funcionament-de-centre-nofc\/\" title=\"Read Normes d&#8217;Organitzaci\u00f3 i Funcionament de Centre (NOFC)\">Llegeix m\u00e9s\u00bb<\/a><\/p>\n","protected":false},"author":1,"featured_media":0,"parent":0,"menu_order":0,"comment_status":"closed","ping_status":"closed","template":"","meta":{"_bbp_topic_count":0,"_bbp_reply_count":0,"_bbp_total_topic_count":0,"_bbp_total_reply_count":0,"_bbp_voice_count":0,"_bbp_anonymous_reply_count":0,"_bbp_topic_count_hidden":0,"_bbp_reply_count_hidden":0,"_bbp_forum_subforum_count":0,"footnotes":""},"class_list":["post-2335","page","type-page","status-publish","hentry"],"post_mailing_queue_ids":[],"_links":{"self":[{"href":"https:\/\/agora.xtec.cat\/cfatarragona\/wp-json\/wp\/v2\/pages\/2335","targetHints":{"allow":["GET"]}}],"collection":[{"href":"https:\/\/agora.xtec.cat\/cfatarragona\/wp-json\/wp\/v2\/pages"}],"about":[{"href":"https:\/\/agora.xtec.cat\/cfatarragona\/wp-json\/wp\/v2\/types\/page"}],"author":[{"embeddable":true,"href":"https:\/\/agora.xtec.cat\/cfatarragona\/wp-json\/wp\/v2\/users\/1"}],"replies":[{"embeddable":true,"href":"https:\/\/agora.xtec.cat\/cfatarragona\/wp-json\/wp\/v2\/comments?post=2335"}],"version-history":[{"count":3,"href":"https:\/\/agora.xtec.cat\/cfatarragona\/wp-json\/wp\/v2\/pages\/2335\/revisions"}],"predecessor-version":[{"id":3177,"href":"https:\/\/agora.xtec.cat\/cfatarragona\/wp-json\/wp\/v2\/pages\/2335\/revisions\/3177"}],"wp:attachment":[{"href":"https:\/\/agora.xtec.cat\/cfatarragona\/wp-json\/wp\/v2\/media?parent=2335"}],"curies":[{"name":"wp","href":"https:\/\/api.w.org\/{rel}","templated":true}]}}