{"id":21,"date":"2014-09-17T16:14:14","date_gmt":"2014-09-17T16:14:14","guid":{"rendered":"http:\/\/agora.xtec.cat\/cfatarragona\/?page_id=21"},"modified":"2021-03-24T16:29:30","modified_gmt":"2021-03-24T15:29:30","slug":"on-som","status":"publish","type":"page","link":"https:\/\/agora.xtec.cat\/cfatarragona\/el-centre\/on-som\/","title":{"rendered":"On som"},"content":{"rendered":"<h5 style=\"color: #666666;\"><strong>CFA\u00a0Tarragona<\/strong><br \/>\nPerllongaci\u00f3 del carrer B, s\/n<br \/>\n43006 Riu Clar &#8211; Tarragona<\/h5>\n<p style=\"color: #666666;\">Ens trobareu al costat del pavell\u00f3 d&#8217;esports i de la piscina municipal de Riu Clar.<\/p>\n<table style=\"border-color: #ffffff; background-color: #ffffff; height: 129px;\" border=\"0\" width=\"222\">\n<tbody>\n<tr>\n<td style=\"border-color: #fcfcfc;\"><a href=\"http:\/\/agora.xtec.cat\/cfatarragona\/wp-content\/uploads\/usu1257\/2014\/09\/simbolo-de-un-telefono-auricular-en-un-circulo_318-50200.jpg\"><img loading=\"lazy\" decoding=\"async\" class=\"alignnone wp-image-440\" src=\"http:\/\/agora.xtec.cat\/cfatarragona\/wp-content\/uploads\/usu1257\/2014\/09\/simbolo-de-un-telefono-auricular-en-un-circulo_318-50200.jpg\" alt=\"simbolo-de-un-telefono-auricular-en-un-circulo_318-50200\" width=\"33\" height=\"33\" srcset=\"https:\/\/agora.xtec.cat\/cfatarragona\/wp-content\/uploads\/usu1257\/2014\/09\/simbolo-de-un-telefono-auricular-en-un-circulo_318-50200.jpg 626w, https:\/\/agora.xtec.cat\/cfatarragona\/wp-content\/uploads\/usu1257\/2014\/09\/simbolo-de-un-telefono-auricular-en-un-circulo_318-50200-150x150.jpg 150w, https:\/\/agora.xtec.cat\/cfatarragona\/wp-content\/uploads\/usu1257\/2014\/09\/simbolo-de-un-telefono-auricular-en-un-circulo_318-50200-300x300.jpg 300w\" sizes=\"auto, (max-width: 33px) 100vw, 33px\" \/><\/a><\/td>\n<td style=\"border-color: #ffffff;\">\n<h5>977551888<\/h5>\n<\/td>\n<\/tr>\n<tr style=\"border-color: #ffffff; background-color: #ffffff;\">\n<td style=\"border-color: #ffffff; background-color: #ffffff;\">\n<h4><img loading=\"lazy\" decoding=\"async\" class=\"alignnone wp-image-439\" src=\"http:\/\/agora.xtec.cat\/cfatarragona\/wp-content\/uploads\/usu1257\/2014\/09\/email-logo-hi.png\" alt=\"email-logo-hi\" width=\"34\" height=\"34\" srcset=\"https:\/\/agora.xtec.cat\/cfatarragona\/wp-content\/uploads\/usu1257\/2014\/09\/email-logo-hi.png 600w, https:\/\/agora.xtec.cat\/cfatarragona\/wp-content\/uploads\/usu1257\/2014\/09\/email-logo-hi-150x150.png 150w, https:\/\/agora.xtec.cat\/cfatarragona\/wp-content\/uploads\/usu1257\/2014\/09\/email-logo-hi-300x300.png 300w\" sizes=\"auto, (max-width: 34px) 100vw, 34px\" \/><\/h4>\n<\/td>\n<td style=\"border-color: #ffffff; background-color: #ffffff;\">\n<h5>e3008729@xtec.cat<\/h5>\n<\/td>\n<\/tr>\n<\/tbody>\n<\/table>\n<p><strong><br \/>\nCom arribar-hi:<\/strong><\/p>\n<table style=\"border-color: #ffffff; background-color: #ffffff;\">\n<tbody>\n<tr>\n<td style=\"border-color: #ffffff;\"><a href=\"https:\/\/www.google.es\/maps\/@41.1183167,1.2091,16z\/data=!3m1!4b1!4m2!6m1!1s1-v2uUyp3GYcRwMaAfhcwVizl4VA?hl=ca\" target=\"_blank\" rel=\"noopener noreferrer\"><img loading=\"lazy\" decoding=\"async\" class=\"alignnone wp-image-596\" src=\"http:\/\/agora.xtec.cat\/cfatarragona\/wp-content\/uploads\/usu1257\/2014\/09\/unnamed.png\" alt=\"unnamed\" width=\"45\" height=\"45\" srcset=\"https:\/\/agora.xtec.cat\/cfatarragona\/wp-content\/uploads\/usu1257\/2014\/09\/unnamed.png 300w, https:\/\/agora.xtec.cat\/cfatarragona\/wp-content\/uploads\/usu1257\/2014\/09\/unnamed-150x150.png 150w\" sizes=\"auto, (max-width: 45px) 100vw, 45px\" \/><\/a><\/td>\n<td style=\"border-color: #ffffff;\">\n<h4><a href=\"https:\/\/goo.gl\/maps\/eDLDU3K5Z66s4hER9\" target=\"_blank\" rel=\"noopener noreferrer\">mapa<\/a><\/h4>\n<\/td>\n<\/tr>\n<tr>\n<td style=\"border-color: #ffffff; background-color: #ffffff;\"><a href=\"http:\/\/agora.xtec.cat\/cfatarragona\/wp-content\/uploads\/usu1257\/2014\/09\/logo-coche.jpg\"><img loading=\"lazy\" decoding=\"async\" class=\"alignnone wp-image-444\" src=\"http:\/\/agora.xtec.cat\/cfatarragona\/wp-content\/uploads\/usu1257\/2014\/09\/logo-coche.jpg\" alt=\"logo-coche\" width=\"49\" height=\"42\" \/><\/a><\/td>\n<td style=\"border-color: #ffffff; background-color: #ffffff;\">\n<h5>Autovia Tarragona-Reus, sortida Riu Clar. Tamb\u00e9 antiga N-340, sortida Icomar.<\/h5>\n<\/td>\n<\/tr>\n<tr>\n<td style=\"border-color: #ffffff; background-color: #ffffff;\"><a href=\"http:\/\/agora.xtec.cat\/cfatarragona\/wp-content\/uploads\/usu1257\/2014\/09\/1024px-Bus-logo.svg_.png\"><img loading=\"lazy\" decoding=\"async\" class=\"alignnone wp-image-443\" src=\"http:\/\/agora.xtec.cat\/cfatarragona\/wp-content\/uploads\/usu1257\/2014\/09\/1024px-Bus-logo.svg_.png\" alt=\"1024px-bus-logo-svg\" width=\"48\" height=\"48\" srcset=\"https:\/\/agora.xtec.cat\/cfatarragona\/wp-content\/uploads\/usu1257\/2014\/09\/1024px-Bus-logo.svg_.png 1024w, https:\/\/agora.xtec.cat\/cfatarragona\/wp-content\/uploads\/usu1257\/2014\/09\/1024px-Bus-logo.svg_-150x150.png 150w, https:\/\/agora.xtec.cat\/cfatarragona\/wp-content\/uploads\/usu1257\/2014\/09\/1024px-Bus-logo.svg_-300x300.png 300w, https:\/\/agora.xtec.cat\/cfatarragona\/wp-content\/uploads\/usu1257\/2014\/09\/1024px-Bus-logo.svg_-768x768.png 768w\" sizes=\"auto, (max-width: 48px) 100vw, 48px\" \/><\/a><\/td>\n<td style=\"border-color: #ffffff; background-color: #ffffff;\">\n<h5>L\u00ednies L3 i L34. Tamb\u00e9 L54, L30 i L6 (aquestes l\u00ednies paren a Icomar, a 10 minuts caminant)<\/h5>\n<\/td>\n<\/tr>\n<\/tbody>\n<\/table>\n","protected":false},"excerpt":{"rendered":"<p>CFA\u00a0Tarragona<br \/>\nPerllongaci\u00f3 del carrer B, s\/n<br \/>\n43006 Riu Clar &#8211; Tarragona<br \/>\nEns trobareu al costat del pavell\u00f3 d&#8217;esports i de la piscina municipal de Riu Clar.<\/p>\n<p><a href=\"http:\/\/agora.xtec.cat\/cfatarragona\/wp-content\/uploads\/usu1257\/2014\/09\/simbolo-de-un-telefono-auricular-en-un-circulo_318-50200.jpg\"><\/a><\/p>\n<p>977551888<\/p>\n<p>e3008729@xtec.cat<\/p>\n<p>Com arribar-hi:<\/p>\n<p><a href=\"https:\/\/www.google.es\/maps\/@41.1183167,1.2091,16z\/data=!3m1!4b1!4m2!6m1!1s1-v2uUyp3GYcRwMaAfhcwVizl4VA?hl=ca\" target=\"_blank\" rel=\"noopener noreferrer\"><\/a><\/p>\n<p><a href=\"https:\/\/goo.gl\/maps\/eDLDU3K5Z66s4hER9\" target=\"_blank\" rel=\"noopener noreferrer\">mapa<\/a><\/p>\n<p><a href=\"http:\/\/agora.xtec.cat\/cfatarragona\/wp-content\/uploads\/usu1257\/2014\/09\/logo-coche.jpg\"><\/a><\/p>\n<p>Autovia Tarragona-Reus, sortida Riu Clar. Tamb\u00e9 antiga N-340, sortida Icomar.<\/p>\n<p><a href=\"http:\/\/agora.xtec.cat\/cfatarragona\/wp-content\/uploads\/usu1257\/2014\/09\/1024px-Bus-logo.svg_.png\"><\/a><\/p>\n<p>L\u00ednies L3&hellip;  <a href=\"https:\/\/agora.xtec.cat\/cfatarragona\/el-centre\/on-som\/\" title=\"Read On som\">Llegeix m\u00e9s\u00bb<\/a><\/p>\n","protected":false},"author":1,"featured_media":0,"parent":261,"menu_order":10,"comment_status":"closed","ping_status":"closed","template":"page-templates\/side-menu.php","meta":{"_bbp_topic_count":0,"_bbp_reply_count":0,"_bbp_total_topic_count":0,"_bbp_total_reply_count":0,"_bbp_voice_count":0,"_bbp_anonymous_reply_count":0,"_bbp_topic_count_hidden":0,"_bbp_reply_count_hidden":0,"_bbp_forum_subforum_count":0,"footnotes":""},"class_list":["post-21","page","type-page","status-publish","hentry"],"post_mailing_queue_ids":[],"_links":{"self":[{"href":"https:\/\/agora.xtec.cat\/cfatarragona\/wp-json\/wp\/v2\/pages\/21","targetHints":{"allow":["GET"]}}],"collection":[{"href":"https:\/\/agora.xtec.cat\/cfatarragona\/wp-json\/wp\/v2\/pages"}],"about":[{"href":"https:\/\/agora.xtec.cat\/cfatarragona\/wp-json\/wp\/v2\/types\/page"}],"author":[{"embeddable":true,"href":"https:\/\/agora.xtec.cat\/cfatarragona\/wp-json\/wp\/v2\/users\/1"}],"replies":[{"embeddable":true,"href":"https:\/\/agora.xtec.cat\/cfatarragona\/wp-json\/wp\/v2\/comments?post=21"}],"version-history":[{"count":4,"href":"https:\/\/agora.xtec.cat\/cfatarragona\/wp-json\/wp\/v2\/pages\/21\/revisions"}],"predecessor-version":[{"id":2144,"href":"https:\/\/agora.xtec.cat\/cfatarragona\/wp-json\/wp\/v2\/pages\/21\/revisions\/2144"}],"up":[{"embeddable":true,"href":"https:\/\/agora.xtec.cat\/cfatarragona\/wp-json\/wp\/v2\/pages\/261"}],"wp:attachment":[{"href":"https:\/\/agora.xtec.cat\/cfatarragona\/wp-json\/wp\/v2\/media?parent=21"}],"curies":[{"name":"wp","href":"https:\/\/api.w.org\/{rel}","templated":true}]}}