{"id":1659,"date":"2019-10-24T09:24:50","date_gmt":"2019-10-24T07:24:50","guid":{"rendered":"http:\/\/agora.xtec.cat\/cfatarragona\/?page_id=1659"},"modified":"2025-01-14T15:39:25","modified_gmt":"2025-01-14T14:39:25","slug":"projecte-linguistic","status":"publish","type":"page","link":"https:\/\/agora.xtec.cat\/cfatarragona\/projecte-educatiu-2\/projecte-linguistic\/","title":{"rendered":"Projecte Ling\u00fc\u00edstic"},"content":{"rendered":"<p class=\"western\" align=\"justify\">El <strong>Projecte Ling\u00fc\u00edstic de Centre<\/strong> \u00e9s l\u2019instrument que possibilita els centres educatius a organitzar-se i gestionar, d&#8217;acord amb la normativa vigent, per\u00f2 de manera aut\u00f2noma, els aspectes referents a l\u2019estat i a l\u2019\u00fas de les lleng\u00fces al centre (llengua vehicular i llengua d\u2019aprenentatge) i al tractament curricular de les diferents lleng\u00fces que hi s\u00f3n presents. Tamb\u00e9 permet assolir els objectius generals referents a la compet\u00e8ncia ling\u00fc\u00edstica que defineix la normativa vigent. A m\u00e9s, \u00e9s el document que inclou el proc\u00e9s de reflexi\u00f3 i l\u2019experi\u00e8ncia del tractament de les lleng\u00fces al CFA. Forma part del Projecte Educatiu del Centre i es defineix, pel que hem esmentat, en el paper de la llengua vehicular, el tractament de les lleng\u00fces curriculars i els aspectes d\u2019organitzaci\u00f3 i de gesti\u00f3 en qu\u00e8 hi tenen repercussions les lleng\u00fces. \u00c9s, doncs, el text de refer\u00e8ncia per a l\u2019\u00fas de les lleng\u00fces en el centre.<\/p>\n<p class=\"western\" align=\"justify\">El CFA TARRAGONA aposta per l\u00b4\u00fas de la llengua pr\u00f2pia, el catal\u00e0, com a llengua vehicular del centre i dels seus ensenyaments, tal com marquen les directrius de l\u2019Estatut, del Departament d\u2019Educaci\u00f3 i de la normativa educativa vigent. El catal\u00e0 \u00e9s, tamb\u00e9, llengua de cohesi\u00f3 social en el centre i la llengua d\u2019integraci\u00f3 de les persones nouvingudes, a m\u00e9s, llengua de transmissi\u00f3 de coneixements a tots els nivells.<\/p>\n<p style=\"text-align: center;\" align=\"justify\"><strong><span style=\"color: #333399;\"><a style=\"color: #333399;\" href=\"https:\/\/drive.google.com\/file\/d\/1unwRwStXDTZeBc4WO6myaeHEw5PTZzZ5\/view?usp=sharing\">\u00a0PROJECTE LING\u00dc\u00cdSTIC DE CENTRE del CFA Tarragona<\/a><\/span><\/strong><\/p>\n","protected":false},"excerpt":{"rendered":"<p>El Projecte Ling\u00fc\u00edstic de Centre \u00e9s l\u2019instrument que possibilita els centres educatius a organitzar-se i gestionar, d&#8217;acord amb la normativa vigent, per\u00f2 de manera aut\u00f2noma, els aspectes referents a l\u2019estat i a l\u2019\u00fas de les lleng\u00fces al centre (llengua vehicular i llengua d\u2019aprenentatge) i al&hellip;  <a href=\"https:\/\/agora.xtec.cat\/cfatarragona\/projecte-educatiu-2\/projecte-linguistic\/\" title=\"Read Projecte Ling\u00fc\u00edstic\">Llegeix m\u00e9s\u00bb<\/a><\/p>\n","protected":false},"author":1,"featured_media":0,"parent":1209,"menu_order":0,"comment_status":"closed","ping_status":"closed","template":"","meta":{"_bbp_topic_count":0,"_bbp_reply_count":0,"_bbp_total_topic_count":0,"_bbp_total_reply_count":0,"_bbp_voice_count":0,"_bbp_anonymous_reply_count":0,"_bbp_topic_count_hidden":0,"_bbp_reply_count_hidden":0,"_bbp_forum_subforum_count":0,"footnotes":""},"class_list":["post-1659","page","type-page","status-publish","hentry"],"post_mailing_queue_ids":[],"_links":{"self":[{"href":"https:\/\/agora.xtec.cat\/cfatarragona\/wp-json\/wp\/v2\/pages\/1659","targetHints":{"allow":["GET"]}}],"collection":[{"href":"https:\/\/agora.xtec.cat\/cfatarragona\/wp-json\/wp\/v2\/pages"}],"about":[{"href":"https:\/\/agora.xtec.cat\/cfatarragona\/wp-json\/wp\/v2\/types\/page"}],"author":[{"embeddable":true,"href":"https:\/\/agora.xtec.cat\/cfatarragona\/wp-json\/wp\/v2\/users\/1"}],"replies":[{"embeddable":true,"href":"https:\/\/agora.xtec.cat\/cfatarragona\/wp-json\/wp\/v2\/comments?post=1659"}],"version-history":[{"count":4,"href":"https:\/\/agora.xtec.cat\/cfatarragona\/wp-json\/wp\/v2\/pages\/1659\/revisions"}],"predecessor-version":[{"id":3175,"href":"https:\/\/agora.xtec.cat\/cfatarragona\/wp-json\/wp\/v2\/pages\/1659\/revisions\/3175"}],"up":[{"embeddable":true,"href":"https:\/\/agora.xtec.cat\/cfatarragona\/wp-json\/wp\/v2\/pages\/1209"}],"wp:attachment":[{"href":"https:\/\/agora.xtec.cat\/cfatarragona\/wp-json\/wp\/v2\/media?parent=1659"}],"curies":[{"name":"wp","href":"https:\/\/api.w.org\/{rel}","templated":true}]}}