{"id":316,"date":"2015-01-28T11:33:51","date_gmt":"2015-01-28T10:33:51","guid":{"rendered":"http:\/\/agora.xtec.cat\/cfasolsones\/?page_id=316"},"modified":"2025-07-11T09:40:07","modified_gmt":"2025-07-11T07:40:07","slug":"competencia-digital-competic","status":"publish","type":"page","link":"https:\/\/agora.xtec.cat\/cfasolsones\/ensenyaments\/ensenyaments-transprofessionals\/competencia-digital-competic\/","title":{"rendered":"Compet\u00e8ncia digital COMPETIC"},"content":{"rendered":"<p><a href=\"http:\/\/ensenyament.gencat.cat\/web\/.content\/home\/departament\/publicacions\/a-cop-ull\/infografia_17.pdf\" target=\"_blank\" rel=\"noopener noreferrer\">Infografia &#8211; Inform\u00e0tica<\/a><\/p>\n<p><iframe loading=\"lazy\" src=\"https:\/\/docs.google.com\/presentation\/d\/1gBmDJdr4meHi0Ny_TSB7i93DKXak8aVmkcMuKcOmDcc\/embed?start=false&amp;loop=false&amp;delayms=3000\" width=\"800\" height=\"478\" frameborder=\"0\"><\/iframe><\/p>\n<h1>ACTIC<\/h1>\n<p>Als nivells de COMPETIC 1, 2 i 3 es pot obtenir un certificat equivalent a l&#8217;ACTIC:<\/p>\n<ul>\n<li>COMPETIC 1 \u2192 Certificat ACTIC B\u00e0sic<\/li>\n<li>COMPETIC 2\u00a0\u2192 Certificat ACTIC Mitj\u00e0<\/li>\n<li>COMPETIC 3\u00a0\u2192 Certificat ACTIC Avan\u00e7at en les compet\u00e8ncies que es treballin al curs<\/li>\n<\/ul>\n<h1>COMPETIC Inicial<\/h1>\n<p>Aquest curs va<b> adre\u00e7at a les persones que tenen escasses compet\u00e8ncies digitals<\/b> i t\u00e9 per objectiu que la persona s&#8217;inici\u00ef en el domini elemental de les TIC, a nivell d&#8217;usuari b\u00e0sic d&#8217;aquestes tecnologies, amb capacitat per con\u00e8ixer-les i aplicar-les.<\/p>\n<p>T\u00e9 com a objectiu facilitar l&#8217;adquisici\u00f3 de les compet\u00e8ncies m\u00ednimes i els conceptes b\u00e0sics en tecnologies de la informaci\u00f3 i la comunicaci\u00f3 per desenvolupar-se en la societat actual.<\/p>\n<p>Recull tres de les vuit compet\u00e8ncies de nivell b\u00e0sic de l&#8217;acreditaci\u00f3 de compet\u00e8ncies en TIC (ACTIC). Les tres compet\u00e8ncies s\u00f3n:<\/p>\n<div>\n<ul>\n<li>C2: Tecnologia digital, <b>\u00fas de l\u2019ordinador i del sistema operatiu<\/b>.<\/li>\n<li>C4: Tractament de la<b> informaci\u00f3 escrita<\/b>.<\/li>\n<li>C3: <b>Navegaci\u00f3 <\/b>i <b>comunicaci\u00f3 <\/b>en el m\u00f3n digital.<\/li>\n<\/ul>\n<\/div>\n<blockquote><p>Per a m\u00e9s informaci\u00f3 sobre els continguts del curs:<\/p>\n<p><a href=\"https:\/\/projectes.xtec.cat\/xarxadults\/ensenyaments\/nivells\/propostes-pedagogiques-i-orientacions\/competic-inicial\/\">https:\/\/projectes.xtec.cat\/xarxadults\/ensenyaments\/nivells\/propostes-pedagogiques-i-orientacions\/competic-inicial\/<\/a><\/p><\/blockquote>\n<h2>Horaris curs 2025-2026<\/h2>\n<table>\n<tbody>\n<tr style=\"height: 53px;\">\n<td style=\"height: 53px;\" width=\"128\">DILLUNS<\/td>\n<td style=\"height: 53px;\" width=\"128\">DIMARTS<\/td>\n<td style=\"height: 53px;\" width=\"128\">DIMECRES<\/td>\n<td style=\"height: 53px;\" width=\"128\">DIJOUS<\/td>\n<\/tr>\n<tr style=\"height: 6px;\">\n<td style=\"height: 6px;\" width=\"128\"><\/td>\n<td style=\"height: 6px;\" width=\"128\">17h \u2013 18:30h<\/td>\n<td style=\"height: 6px;\" width=\"128\"><\/td>\n<td style=\"height: 6px;\" width=\"128\">17h \u2013 18:30h<\/td>\n<\/tr>\n<\/tbody>\n<\/table>\n<h1>COMPETIC 1<\/h1>\n<p>La finalitat del curs COMPETIC 1 \u00e9s <b>proporcionar <\/b>a l\u2019alumnat els recursos necessaris perqu\u00e8, en acabar el curs, disposin\u00a0d&#8217;<b>autonomia<\/b>\u00a0<b>per a usar un equip inform\u00e0tic dom\u00e8stic<\/b> i se serveixin de les seves prestacions per a portar a terme,\u00a0d&#8217;una\u00a0manera cr\u00edtica i reflexiva, <b>accions habituals de la vida quotidiana<\/b>: comunicar-se, realitzar tr\u00e0mits administratius, cercar informaci\u00f3, ajudar els fills i filles en les seves tasques escolars, trobar oportunitats\u00a0d&#8217;entreteniment\u00a0i de formaci\u00f3 permanent i altres.<\/p>\n<p>Recull les 3 compet\u00e8ncies del nivell b\u00e0sic de l\u2019acreditaci\u00f3 de les compet\u00e8ncies en tecnologies de la informaci\u00f3 i la comunicaci\u00f3 (<b>ACTIC<\/b>):<\/p>\n<ul>\n<li>C1: <b>Cultura, participaci\u00f3 i civisme digital<\/b>.<\/li>\n<li>C5: Tractament de la <b>informaci\u00f3 gr\u00e0fica, sonora i de la imatge en moviment<\/b>.<\/li>\n<li>C6: Tractament de la <b>informaci\u00f3 num\u00e8rica<\/b>.<\/li>\n<\/ul>\n<blockquote><p>Per a m\u00e9s informaci\u00f3 sobre els continguts del curs:<\/p>\n<p><a href=\"https:\/\/projectes.xtec.cat\/xarxadults\/ensenyaments\/nivells\/propostes-pedagogiques-i-orientacions\/competic-1\/\">https:\/\/projectes.xtec.cat\/xarxadults\/ensenyaments\/nivells\/propostes-pedagogiques-i-orientacions\/competic-1\/<\/a><\/p><\/blockquote>\n<div>\n<h2>Horaris curs 2025-2026<\/h2>\n<table width=\"511\">\n<tbody>\n<tr style=\"height: 53px;\">\n<td style=\"height: 53px;\" width=\"128\">DILLUNS<\/td>\n<td style=\"height: 53px;\" width=\"128\">DIMARTS<\/td>\n<td style=\"height: 53px;\" width=\"128\">DIMECRES<\/td>\n<td style=\"height: 53px;\" width=\"128\">DIJOUS<\/td>\n<\/tr>\n<tr style=\"height: 6px;\">\n<td style=\"height: 6px;\" width=\"128\"><\/td>\n<td style=\"height: 6px;\" width=\"128\">18:45h &#8211; 20:15h<\/td>\n<td style=\"height: 6px;\" width=\"128\"><\/td>\n<td style=\"height: 6px;\" width=\"128\">18:45h &#8211; 20:15h<\/td>\n<\/tr>\n<\/tbody>\n<\/table>\n<\/div>\n<h1>COMPETIC 2<\/h1>\n<p>La finalitat del curs\u00a0d&#8217;inform\u00e0tica\u00a0COMPETIC 2 \u00e9s oferir les eines i els recursos adequats perqu\u00e8 l\u2019alumnat, <b>en acabar, tingui un coneixement exhaustiu dels programes de tractament de text i full de c\u00e0lcul i adquireixi les nocions b\u00e0siques de l\u2019edici\u00f3 de documents digitals<\/b>. D\u2019aquesta manera es facilita la formaci\u00f3 espec\u00edfica per a augmentar les opcions\u00a0d&#8217;acc\u00e9s\u00a0al m\u00f3n laboral o de millora dintre el lloc de treball.<\/p>\n<p>Recull les vuit compet\u00e8ncies del nivell mitj\u00e0 de l\u2019acreditaci\u00f3 de compet\u00e8ncies en tecnologies de la informaci\u00f3 i la comunicaci\u00f3 (<b>ACTIC<\/b>):<\/p>\n<ul>\n<li>C1: <b>Cultura, participaci\u00f3 i civisme digital<\/b>.<\/li>\n<li>C2: Tecnologia digital, <b>\u00fas de l\u2019ordinador i del sistema operatiu<\/b>.<\/li>\n<li>C3: <b>Navegaci\u00f3 <\/b>i <b>comunicaci\u00f3 <\/b>en el m\u00f3n digital.<\/li>\n<li>C4: Tractament de la <b>informaci\u00f3 escrita<\/b>.<\/li>\n<li>C5: Tractament de la <b>informaci\u00f3 gr\u00e0fica, sonora i de la imatge en moviment<\/b>.<\/li>\n<li>C6: Tractament de la <b>informaci\u00f3 num\u00e8rica<\/b>.<\/li>\n<li>C7: Tractament de les <b>dades<\/b>.<\/li>\n<li>C8: <b>Presentaci\u00f3 de continguts<\/b>.<\/li>\n<\/ul>\n<div>\n<div><\/div>\n<blockquote>\n<div>Per a m\u00e9s informaci\u00f3 sobre els continguts del curs:<\/div>\n<p><a href=\"https:\/\/projectes.xtec.cat\/xarxadults\/ensenyaments\/nivells\/propostes-pedagogiques-i-orientacions\/competic-2\/\">https:\/\/projectes.xtec.cat\/xarxadults\/ensenyaments\/nivells\/propostes-pedagogiques-i-orientacions\/competic-2\/<\/a><\/p><\/blockquote>\n<\/div>\n<div>\n<h2>Horaris curs 2025-2026<\/h2>\n<table width=\"540\">\n<tbody>\n<tr>\n<td width=\"166\">DILLUNS<\/td>\n<td width=\"104\">DIMARTS<\/td>\n<td width=\"161\">DIMECRES<\/td>\n<td width=\"109\">DIJOUS<\/td>\n<\/tr>\n<tr>\n<td width=\"166\">17h \u2013 19 h<\/td>\n<td width=\"104\"><\/td>\n<td width=\"161\">17h \u2013 19 h<\/td>\n<td width=\"109\"><\/td>\n<\/tr>\n<\/tbody>\n<\/table>\n<\/div>\n<h1>COMPETIC 3<\/h1>\n<p>El COMPETIC 3 <b>suposa un domini avan\u00e7at<\/b> de les tecnologies de la informaci\u00f3 i la comunicaci\u00f3 en relaci\u00f3 amb els seus \u00e0mbits espec\u00edfics\u00a0d&#8217;aplicaci\u00f3\u00a0 Aquest nivell correspon a una persona usu\u00e0ria que t\u00e9 un ampli domini\u00a0d&#8217;aquestes\u00a0tecnologies i que disposa de capacitat per aprofitar al m\u00e0xim les prestacions que ofereixen les tecnologies de la informaci\u00f3 i la comunicaci\u00f3, de construir usos alternatius i de donar suport a altres persones perqu\u00e8 puguin millorar el desenvolupament de les seves compet\u00e8ncies.<\/p>\n<p>En el COMPETIC 3, el centre ofereix tres de les cinc compet\u00e8ncies seg\u00fcents:<\/p>\n<div>\n<ul>\n<li>C4: Tractament de la <b>informaci\u00f3 escrita<\/b>.<\/li>\n<li>C5: Tractament de la <b>informaci\u00f3 gr\u00e0fica, sonora <\/b>i de la <b>imatge en moviment<\/b>.<\/li>\n<li>C6: Tractament de la <b>informaci\u00f3 num\u00e8rica<\/b>.<\/li>\n<li>C7: Tractament de les <b>dades<\/b>.<\/li>\n<li>C8: <b>Presentaci\u00f3 de continguts<\/b>.<\/li>\n<\/ul>\n<p>El curs 2024-2025, <b>el Centre ofereix les compet\u00e8ncies C6, C5 i C8, al primer, segon i tercer trimestre respectivament.<\/b><\/p>\n<\/div>\n<div>\n<blockquote>\n<div>Per a m\u00e9s informaci\u00f3 sobre els continguts del curs:<\/div>\n<p><a href=\"https:\/\/projectes.xtec.cat\/xarxadults\/ensenyaments\/nivells\/propostes-pedagogiques-i-orientacions\/competic-3\/\">https:\/\/projectes.xtec.cat\/xarxadults\/ensenyaments\/nivells\/propostes-pedagogiques-i-orientacions\/competic-3\/<\/a><\/p><\/blockquote>\n<div>\n<h2>Horaris curs 2025-2026<\/h2>\n<table width=\"540\">\n<tbody>\n<tr>\n<td width=\"166\">DILLUNS<\/td>\n<td width=\"104\">DIMARTS<\/td>\n<td width=\"161\">DIMECRES<\/td>\n<td width=\"109\">DIJOUS<\/td>\n<\/tr>\n<tr>\n<td width=\"166\">19h \u2013 20:30 h<\/td>\n<td width=\"104\"><\/td>\n<td width=\"161\">19h \u2013 20:30 h<\/td>\n<td width=\"109\"><\/td>\n<\/tr>\n<\/tbody>\n<\/table>\n<\/div>\n<\/div>\n","protected":false},"excerpt":{"rendered":"<p><a href=\"http:\/\/ensenyament.gencat.cat\/web\/.content\/home\/departament\/publicacions\/a-cop-ull\/infografia_17.pdf\" target=\"_blank\" rel=\"noopener noreferrer\">Infografia &#8211; Inform\u00e0tica<\/a><\/p>\n<p>ACTIC<br \/>\nAls nivells de COMPETIC 1, 2 i 3 es pot obtenir un certificat equivalent a l&#8217;ACTIC:<\/p>\n<ul>\n<li>COMPETIC 1 \u2192 Certificat ACTIC B\u00e0sic<\/li>\n<li>COMPETIC 2\u00a0\u2192 Certificat ACTIC Mitj\u00e0<\/li>\n<li>COMPETIC 3\u00a0\u2192 Certificat ACTIC Avan\u00e7at en les compet\u00e8ncies que es treballin al curs<\/li>\n<\/ul>\n<p>COMPETIC Inicial<br \/>\nAquest curs&hellip;  <a href=\"https:\/\/agora.xtec.cat\/cfasolsones\/ensenyaments\/ensenyaments-transprofessionals\/competencia-digital-competic\/\" title=\"Read Compet\u00e8ncia digital COMPETIC\">Llegeix m\u00e9s\u00bb<\/a><\/p>\n","protected":false},"author":1,"featured_media":0,"parent":286,"menu_order":0,"comment_status":"closed","ping_status":"closed","template":"page-templates\/side-menu.php","meta":{"_bbp_topic_count":0,"_bbp_reply_count":0,"_bbp_total_topic_count":0,"_bbp_total_reply_count":0,"_bbp_voice_count":0,"_bbp_anonymous_reply_count":0,"_bbp_topic_count_hidden":0,"_bbp_reply_count_hidden":0,"_bbp_forum_subforum_count":0,"footnotes":""},"class_list":["post-316","page","type-page","status-publish","hentry"],"post_mailing_queue_ids":[],"_links":{"self":[{"href":"https:\/\/agora.xtec.cat\/cfasolsones\/wp-json\/wp\/v2\/pages\/316","targetHints":{"allow":["GET"]}}],"collection":[{"href":"https:\/\/agora.xtec.cat\/cfasolsones\/wp-json\/wp\/v2\/pages"}],"about":[{"href":"https:\/\/agora.xtec.cat\/cfasolsones\/wp-json\/wp\/v2\/types\/page"}],"author":[{"embeddable":true,"href":"https:\/\/agora.xtec.cat\/cfasolsones\/wp-json\/wp\/v2\/users\/1"}],"replies":[{"embeddable":true,"href":"https:\/\/agora.xtec.cat\/cfasolsones\/wp-json\/wp\/v2\/comments?post=316"}],"version-history":[{"count":5,"href":"https:\/\/agora.xtec.cat\/cfasolsones\/wp-json\/wp\/v2\/pages\/316\/revisions"}],"predecessor-version":[{"id":2135,"href":"https:\/\/agora.xtec.cat\/cfasolsones\/wp-json\/wp\/v2\/pages\/316\/revisions\/2135"}],"up":[{"embeddable":true,"href":"https:\/\/agora.xtec.cat\/cfasolsones\/wp-json\/wp\/v2\/pages\/286"}],"wp:attachment":[{"href":"https:\/\/agora.xtec.cat\/cfasolsones\/wp-json\/wp\/v2\/media?parent=316"}],"curies":[{"name":"wp","href":"https:\/\/api.w.org\/{rel}","templated":true}]}}