{"id":314,"date":"2015-01-28T11:33:13","date_gmt":"2015-01-28T10:33:13","guid":{"rendered":"http:\/\/agora.xtec.cat\/cfasolsones\/?page_id=314"},"modified":"2025-07-16T15:58:58","modified_gmt":"2025-07-16T13:58:58","slug":"llengua-francesa","status":"publish","type":"page","link":"https:\/\/agora.xtec.cat\/cfasolsones\/ensenyaments\/ensenyaments-transprofessionals\/llengua-francesa\/","title":{"rendered":"Llengua francesa*"},"content":{"rendered":"<p>Aquest ensenyament permet iniciar i\/o continuar el proc\u00e9s d&#8217;aprenentatge en llengua estrangera i t\u00e9 com a finalitat formar parlants que siguin capa\u00e7os de comunicar-se en situacions quotidianes, familiars i habituals (senzilles o complexes), encaminades a satisfer les primeres necessitats, les necessitats m\u00e9s immediates i accedir al coneixement en un entorn multiling\u00fce i multicultural.<\/p>\n<p>En l&#8217;aprenentatge d&#8217;una llengua estrangera s&#8217;ha de prioritzar l&#8217;ensenyament i l&#8217;aprenentatge de l&#8217;expressi\u00f3 oral, el desenvolupament de la capacitat comunicativa ha de prevaler sobre el desenvolupament de la capacitat ling\u00fc\u00edstica.<\/p>\n<p>L&#8217;ordenaci\u00f3 curricular dels ensenyaments de la llengua francesa t\u00e9 en compte les orientacions, les compet\u00e8ncies i els criteris establerts en el Marc europeu com\u00fa de refer\u00e8ncia (MECR).<\/p>\n<p>Els centres de formaci\u00f3 de persones adultes poden oferir tres nivells:<\/p>\n<ul>\n<li>Nivell 1, es correspon al\u00a0<em>nivell d&#8217;usuari b\u00e0sic\u00a0<strong>A1<\/strong><\/em>, d&#8217;acord amb els nivells comuns de refer\u00e8ncia del MECR.<\/li>\n<li>Nivell 2, es correspon al\u00a0<em>nivell d&#8217;usuari b\u00e0sic\u00a0<strong>A2.1<\/strong><\/em>, d&#8217;acord amb els nivells comuns de refer\u00e8ncia del MECR.<\/li>\n<li>Nivell 3, es correspon al\u00a0<em>nivell d&#8217;usuari b\u00e0sic\u00a0<strong>A2.2<\/strong><\/em>, d&#8217;acord amb els nivells comuns de refer\u00e8ncia del MECR. Si es supera aquest curs s&#8217;obt\u00e9 el certificat de llengua anglesa al nivell d&#8217;usuari b\u00e0sic\u00a0<strong>A2<\/strong>\u00a0i es\u00a0<strong><em>podr\u00e0 accedir al 3r curs de l&#8217;Escola Oficial d&#8217;Idiomes<\/em><\/strong>\u00a0durant dos anys sense necessitat de fer la prova de nivell inicial.<\/li>\n<\/ul>\n<p>&nbsp;<\/p>\n<div class=\"addtoany_share_save_container addtoany_content_bottom\"><\/div>\n<div class=\"addtoany_share_save_container addtoany_content_bottom\"><\/div>\n<div class=\"addtoany_share_save_container addtoany_content_bottom\">*El centre no ofereix aquest ensenyament.<\/div>\n","protected":false},"excerpt":{"rendered":"<p>Aquest ensenyament permet iniciar i\/o continuar el proc\u00e9s d&#8217;aprenentatge en llengua estrangera i t\u00e9 com a finalitat formar parlants que siguin capa\u00e7os de comunicar-se en situacions quotidianes, familiars i habituals (senzilles o complexes), encaminades a satisfer les primeres necessitats, les necessitats m\u00e9s immediates i accedir&hellip;  <a href=\"https:\/\/agora.xtec.cat\/cfasolsones\/ensenyaments\/ensenyaments-transprofessionals\/llengua-francesa\/\" title=\"Read Llengua francesa*\">Llegeix m\u00e9s\u00bb<\/a><\/p>\n","protected":false},"author":1,"featured_media":0,"parent":286,"menu_order":0,"comment_status":"closed","ping_status":"closed","template":"page-templates\/side-menu.php","meta":{"_bbp_topic_count":0,"_bbp_reply_count":0,"_bbp_total_topic_count":0,"_bbp_total_reply_count":0,"_bbp_voice_count":0,"_bbp_anonymous_reply_count":0,"_bbp_topic_count_hidden":0,"_bbp_reply_count_hidden":0,"_bbp_forum_subforum_count":0,"footnotes":""},"class_list":["post-314","page","type-page","status-publish","hentry"],"post_mailing_queue_ids":[],"_links":{"self":[{"href":"https:\/\/agora.xtec.cat\/cfasolsones\/wp-json\/wp\/v2\/pages\/314","targetHints":{"allow":["GET"]}}],"collection":[{"href":"https:\/\/agora.xtec.cat\/cfasolsones\/wp-json\/wp\/v2\/pages"}],"about":[{"href":"https:\/\/agora.xtec.cat\/cfasolsones\/wp-json\/wp\/v2\/types\/page"}],"author":[{"embeddable":true,"href":"https:\/\/agora.xtec.cat\/cfasolsones\/wp-json\/wp\/v2\/users\/1"}],"replies":[{"embeddable":true,"href":"https:\/\/agora.xtec.cat\/cfasolsones\/wp-json\/wp\/v2\/comments?post=314"}],"version-history":[{"count":4,"href":"https:\/\/agora.xtec.cat\/cfasolsones\/wp-json\/wp\/v2\/pages\/314\/revisions"}],"predecessor-version":[{"id":2147,"href":"https:\/\/agora.xtec.cat\/cfasolsones\/wp-json\/wp\/v2\/pages\/314\/revisions\/2147"}],"up":[{"embeddable":true,"href":"https:\/\/agora.xtec.cat\/cfasolsones\/wp-json\/wp\/v2\/pages\/286"}],"wp:attachment":[{"href":"https:\/\/agora.xtec.cat\/cfasolsones\/wp-json\/wp\/v2\/media?parent=314"}],"curies":[{"name":"wp","href":"https:\/\/api.w.org\/{rel}","templated":true}]}}