{"id":312,"date":"2015-01-28T11:32:38","date_gmt":"2015-01-28T10:32:38","guid":{"rendered":"http:\/\/agora.xtec.cat\/cfasolsones\/?page_id=312"},"modified":"2025-07-11T09:40:44","modified_gmt":"2025-07-11T07:40:44","slug":"llengua-anglesa","status":"publish","type":"page","link":"https:\/\/agora.xtec.cat\/cfasolsones\/ensenyaments\/ensenyaments-transprofessionals\/llengua-anglesa\/","title":{"rendered":"Llengua anglesa"},"content":{"rendered":"<p>&nbsp;<\/p>\n<p>Aquest ensenyament permet iniciar i\/o continuar el proc\u00e9s d&#8217;aprenentatge en llengua estrangera i t\u00e9 com a finalitat formar parlants que siguin capa\u00e7os de comunicar-se en situacions quotidianes, familiars i habituals (senzilles o complexes), encaminades a satisfer les primeres necessitats, les necessitats m\u00e9s immediates i accedir al coneixement en un entorn multiling\u00fce i multicultural.<\/p>\n<p>En l&#8217;aprenentatge d&#8217;una llengua estrangera s&#8217;ha de prioritzar l&#8217;ensenyament i l&#8217;aprenentatge de l&#8217;expressi\u00f3 oral, el desenvolupament de la capacitat comunicativa ha de prevaler sobre el desenvolupament de la capacitat ling\u00fc\u00edstica.<\/p>\n<p>L&#8217;ordenaci\u00f3 curricular dels ensenyaments de la llengua anglesa t\u00e9 en compte les orientacions, les compet\u00e8ncies i els criteris establerts en el Marc europeu com\u00fa de refer\u00e8ncia (MECR).<\/p>\n<p><a href=\"http:\/\/ensenyament.gencat.cat\/web\/.content\/home\/departament\/publicacions\/a-cop-ull\/infografia_18.pdf\" target=\"_blank\" rel=\"noopener noreferrer\">Infografia &#8211; Angl\u00e8s \/ Franc\u00e8s<\/a><\/p>\n<p>S&#8217;ofereixen tres nivells:<\/p>\n<h1>Nivell 1<\/h1>\n<p>Es correspon al <em>nivell d&#8217;usuari b\u00e0sic <strong>A1<\/strong><\/em>, d&#8217;acord amb els nivells comuns de refer\u00e8ncia del MECR.<\/p>\n<h2>Horaris curs 2025-2026<\/h2>\n<table width=\"581\">\n<tbody>\n<tr>\n<td width=\"149\">DILLUNS<\/td>\n<td width=\"132\">DIMARTS<\/td>\n<td width=\"151\">DIMECRES<\/td>\n<td width=\"149\">DIJOUS<\/td>\n<\/tr>\n<tr>\n<td width=\"149\"><\/td>\n<td width=\"132\">15h- 16:30h<\/td>\n<td width=\"151\"><\/td>\n<td width=\"149\">15h &#8211; 16:30h<\/td>\n<\/tr>\n<\/tbody>\n<\/table>\n<h1>Nivell 2<\/h1>\n<p>Es correspon al <em>nivell d&#8217;usuari b\u00e0sic <strong>A2.1<\/strong><\/em>, d&#8217;acord amb els nivells comuns de refer\u00e8ncia del MECR.<\/p>\n<h2>Horaris curs 2025-2026<\/h2>\n<table style=\"width: 81.764%; height: 66px;\">\n<tbody>\n<tr style=\"height: 33px;\">\n<td style=\"width: 117px; height: 33px;\">DILLUNS<\/td>\n<td style=\"width: 128px; height: 33px;\">DIMARTS<\/td>\n<td style=\"width: 131px; height: 33px;\">DIMECRES<\/td>\n<td style=\"width: 136px; height: 33px;\">DIJOUS<\/td>\n<\/tr>\n<tr style=\"height: 33px;\">\n<td style=\"width: 117px; height: 33px;\">\u00a016h \u2013 18h<\/td>\n<td style=\"width: 128px; height: 33px;\"><\/td>\n<td style=\"width: 131px; height: 33px;\">16h \u2013 18h<\/td>\n<td style=\"width: 136px; height: 33px;\"><\/td>\n<\/tr>\n<\/tbody>\n<\/table>\n<h1>Nivell 3<\/h1>\n<p>Es correspon al <em>nivell d&#8217;usuari b\u00e0sic <strong>A2.2<\/strong><\/em>, d&#8217;acord amb els nivells comuns de refer\u00e8ncia del MECR.<\/p>\n<p>Si es supera aquest curs s&#8217;obt\u00e9 el certificat de llengua anglesa al nivell d&#8217;usuari b\u00e0sic <strong>A2<\/strong> i es <strong><em>podr\u00e0 accedir al 3r curs de l&#8217;Escola Oficial d&#8217;Idiomes<\/em><\/strong> durant dos anys sense necessitat de fer la prova de nivell inicial.<\/p>\n<h2>Horaris curs 2025-2026<\/h2>\n<table width=\"576\">\n<tbody>\n<tr>\n<td width=\"148\">DILLUNS<\/td>\n<td width=\"140\">DIMARTS<\/td>\n<td width=\"153\">DIMECRES<\/td>\n<td width=\"135\">DIJOUS<\/td>\n<\/tr>\n<tr>\n<td width=\"148\"><\/td>\n<td width=\"140\">\u00a017h \u2013 19h<\/td>\n<td width=\"153\"><\/td>\n<td width=\"135\">\u00a017h \u2013 19h<\/td>\n<\/tr>\n<\/tbody>\n<\/table>\n<p>&nbsp;<\/p>\n","protected":false},"excerpt":{"rendered":"<p>&nbsp;<br \/>\nAquest ensenyament permet iniciar i\/o continuar el proc\u00e9s d&#8217;aprenentatge en llengua estrangera i t\u00e9 com a finalitat formar parlants que siguin capa\u00e7os de comunicar-se en situacions quotidianes, familiars i habituals (senzilles o complexes), encaminades a satisfer les primeres necessitats, les necessitats m\u00e9s immediates i accedir&hellip;  <a href=\"https:\/\/agora.xtec.cat\/cfasolsones\/ensenyaments\/ensenyaments-transprofessionals\/llengua-anglesa\/\" title=\"Read Llengua anglesa\">Llegeix m\u00e9s\u00bb<\/a><\/p>\n","protected":false},"author":1,"featured_media":0,"parent":286,"menu_order":0,"comment_status":"closed","ping_status":"closed","template":"page-templates\/side-menu.php","meta":{"_bbp_topic_count":0,"_bbp_reply_count":0,"_bbp_total_topic_count":0,"_bbp_total_reply_count":0,"_bbp_voice_count":0,"_bbp_anonymous_reply_count":0,"_bbp_topic_count_hidden":0,"_bbp_reply_count_hidden":0,"_bbp_forum_subforum_count":0,"footnotes":""},"class_list":["post-312","page","type-page","status-publish","hentry"],"post_mailing_queue_ids":[],"_links":{"self":[{"href":"https:\/\/agora.xtec.cat\/cfasolsones\/wp-json\/wp\/v2\/pages\/312","targetHints":{"allow":["GET"]}}],"collection":[{"href":"https:\/\/agora.xtec.cat\/cfasolsones\/wp-json\/wp\/v2\/pages"}],"about":[{"href":"https:\/\/agora.xtec.cat\/cfasolsones\/wp-json\/wp\/v2\/types\/page"}],"author":[{"embeddable":true,"href":"https:\/\/agora.xtec.cat\/cfasolsones\/wp-json\/wp\/v2\/users\/1"}],"replies":[{"embeddable":true,"href":"https:\/\/agora.xtec.cat\/cfasolsones\/wp-json\/wp\/v2\/comments?post=312"}],"version-history":[{"count":6,"href":"https:\/\/agora.xtec.cat\/cfasolsones\/wp-json\/wp\/v2\/pages\/312\/revisions"}],"predecessor-version":[{"id":2136,"href":"https:\/\/agora.xtec.cat\/cfasolsones\/wp-json\/wp\/v2\/pages\/312\/revisions\/2136"}],"up":[{"embeddable":true,"href":"https:\/\/agora.xtec.cat\/cfasolsones\/wp-json\/wp\/v2\/pages\/286"}],"wp:attachment":[{"href":"https:\/\/agora.xtec.cat\/cfasolsones\/wp-json\/wp\/v2\/media?parent=312"}],"curies":[{"name":"wp","href":"https:\/\/api.w.org\/{rel}","templated":true}]}}