{"id":303,"date":"2015-01-28T11:23:05","date_gmt":"2015-01-28T10:23:05","guid":{"rendered":"http:\/\/agora.xtec.cat\/cfasolsones\/?page_id=303"},"modified":"2024-07-09T14:08:31","modified_gmt":"2024-07-09T12:08:31","slug":"graduat-en-educacio-secundaria-per-adults","status":"publish","type":"page","link":"https:\/\/agora.xtec.cat\/cfasolsones\/ensenyaments\/ensenyaments-inicials-i-formacio-basica\/graduat-en-educacio-secundaria-per-adults\/","title":{"rendered":"Graduat en educaci\u00f3 secundaria per adults (GES)"},"content":{"rendered":"<p>L\u2019educaci\u00f3 secund\u00e0ria per a les persones adultes s\u2019organitza de manera modular en 3 \u00e0mbits i <strong>34 m\u00f2duls<\/strong> que es distribueixen en dos nivells. S\u2019ent\u00e9n per \u00e0mbit un conjunt d\u2019\u00e0rees de coneixement afins i complement\u00e0ries. S\u2019ent\u00e9n per m\u00f2dul una unitat de programaci\u00f3. Hi ha m\u00f2duls comuns i opcionals. Els m\u00f2duls s\u00f3n mat\u00e8ries trimestrals i s\u2019organitzen en <strong>dos nivells de 17 m\u00f2duls<\/strong> cadascun i per \u00e0mbits (comunicaci\u00f3, cient\u00edfic-tecnol\u00f2gic i social).<\/p>\n<p>Oferim un GES semipresencial (la meitat del nivell I i del nivell II amb classes presencials i l\u2019altra meitat per mitj\u00e0 de l\u2019<a href=\"https:\/\/ioc.xtec.cat\/educacio\/\" target=\"_blank\" rel=\"noopener noreferrer\">IOC <\/a>&#8211; Institut Obert de Catalunya). L\u00f2gicament, l\u2019alumnat que a nivell organitzatiu ho consideri necessari podr\u00e0 fer-ho a dist\u00e0ncia, per l\u2019<a href=\"https:\/\/ioc.xtec.cat\/educacio\/\" target=\"_blank\" rel=\"noopener noreferrer\">IOC <\/a>(si li \u00e9s del tot impossible assistir a les classes). Intentarem, per\u00f2, en la mesura del possible, potenciar el sistema presencial.<\/p>\n<p>Es recomana que l\u2019alumnat cursi, durant un trimestre, un m\u00e0xim entre 5 i 6 m\u00f2duls.<\/p>\n<p><a href=\"http:\/\/ensenyament.gencat.cat\/web\/.content\/home\/departament\/publicacions\/a-cop-ull\/infografia_11.pdf\" target=\"_blank\" rel=\"noopener noreferrer\">Infografia &#8211; Educaci\u00f3 secund\u00e0ria per adults<\/a><\/p>\n<p>Per obtenir el t\u00edtol de Graduat en Educaci\u00f3 Secund\u00e0ria (equivalent al 4t d\u2019ESO) l\u2019alumnat ha de cursar i superar, entre els m\u00f2duls comuns i els opcionals, un total de 34 m\u00f2duls o, si escau, convalidar-ne o acreditar-ne una part. Per aix\u00f2 cal dur el llibre d\u2019escolaritat, el t\u00edtol de Graduat Escolar o un certificat de les notes dels cursos de l\u2019ESO que s\u2019hagi cursat. Tamb\u00e9 hi ha l\u2019opci\u00f3, si es creu oport\u00fa, de fer una prova de nivell per veure si es pot acreditar algun nivell o \u00e0mbit.<\/p>\n<p>&nbsp;<\/p>\n<table border=\"1\" cellspacing=\"0\" cellpadding=\"2\">\n<tbody>\n<tr style=\"height: 29px;\">\n<td style=\"width: 61px; height: 216px;\" rowspan=\"5\" bgcolor=\"#e6e6e6\">GES I<\/td>\n<td style=\"width: 155px; height: 29px;\" bgcolor=\"#cccccc\">\n<p align=\"left\"><b>Socials<\/b><\/p>\n<\/td>\n<td style=\"width: 153px; height: 29px;\" bgcolor=\"#cccccc\">\n<p align=\"left\"><b>Naturals Tecnologia <\/b><\/p>\n<\/td>\n<td style=\"width: 126px; height: 29px;\" bgcolor=\"#cccccc\">\n<p align=\"left\"><b>Matem\u00e0tiques<\/b><\/p>\n<\/td>\n<td style=\"width: 143px; height: 29px;\" bgcolor=\"#cccccc\">\n<p align=\"left\"><b>Catal\u00e0<\/b><\/p>\n<\/td>\n<td style=\"width: 153px; height: 29px;\" bgcolor=\"#cccccc\">\n<p align=\"left\"><b>Castell\u00e0<\/b><\/p>\n<\/td>\n<td style=\"width: 156px; height: 29px;\" bgcolor=\"#cccccc\">\n<p align=\"left\"><b>Angl\u00e8s<\/b><\/p>\n<\/td>\n<\/tr>\n<tr style=\"height: 57px;\">\n<td style=\"width: 155px; height: 57px;\">\n<p align=\"left\">Geografia I<\/p>\n<\/td>\n<td style=\"width: 153px; height: 57px;\">\n<p align=\"left\">Educaci\u00f3 per la salut<\/p>\n<\/td>\n<td style=\"width: 126px; height: 57px;\"><\/td>\n<td style=\"width: 143px; height: 57px;\">\n<p align=\"left\">Llengua catalana I<\/p>\n<\/td>\n<td style=\"width: 153px; height: 57px;\"><\/td>\n<td style=\"width: 156px; height: 57px;\">\n<p align=\"left\">Llengua estrangera I<\/p>\n<\/td>\n<\/tr>\n<tr style=\"height: 20px;\">\n<td style=\"width: 155px; height: 20px;\">\n<p align=\"left\">Hist\u00f2ria I<\/p>\n<\/td>\n<td style=\"width: 153px; height: 20px;\">\n<p align=\"left\">Ci\u00e8ncies naturals I<\/p>\n<\/td>\n<td style=\"width: 126px; height: 20px;\">\n<p align=\"left\">Matem\u00e0tiques I<\/p>\n<\/td>\n<td style=\"width: 143px; height: 20px;\">\n<p align=\"left\">Literatura<\/p>\n<\/td>\n<td style=\"width: 153px; height: 20px;\">\n<p align=\"left\">Llengua castellana I<\/p>\n<\/td>\n<td style=\"width: 156px; height: 20px;\"><\/td>\n<\/tr>\n<tr style=\"height: 67px;\">\n<td style=\"width: 155px; height: 67px;\">\n<p align=\"left\">Ci\u00e8ncies socials I i Educaci\u00f3 per la ciutadania<\/p>\n<\/td>\n<td style=\"width: 153px; height: 67px;\">\n<p align=\"left\">F\u00edsica i qu\u00edmica I<\/p>\n<\/td>\n<td style=\"width: 126px; height: 67px;\">\n<p align=\"left\">Matem\u00e0tiques II<\/p>\n<\/td>\n<td style=\"width: 143px; height: 67px;\">\n<p align=\"left\">Llengua catalana II<\/p>\n<\/td>\n<td style=\"width: 153px; height: 67px;\">\n<p align=\"left\">Llengua castellana II<\/p>\n<\/td>\n<td style=\"width: 156px; height: 67px;\"><\/td>\n<\/tr>\n<tr style=\"height: 43px;\">\n<td style=\"width: 886px; height: 43px;\" colspan=\"6\">\n<p align=\"center\">+ 3 m\u00f2duls opcionals<\/p>\n<\/td>\n<\/tr>\n<tr style=\"height: 79px;\">\n<td style=\"width: 61px; height: 250px;\" rowspan=\"4\" bgcolor=\"#e6e6e6\">GES II<\/td>\n<td style=\"width: 155px; height: 79px;\">\n<p align=\"left\">Ci\u00e8ncies socials II i Moviments migratoris<\/p>\n<\/td>\n<td style=\"width: 153px; height: 79px;\">\n<p align=\"left\">Tecnologia<\/p>\n<\/td>\n<td style=\"width: 126px; height: 79px;\"><\/td>\n<td style=\"width: 143px; height: 79px;\">\n<p align=\"left\">Llengua catalana III<\/p>\n<\/td>\n<td style=\"width: 153px; height: 79px;\"><\/td>\n<td style=\"width: 156px; height: 79px;\">\n<p align=\"left\">Llengua estrangera II<\/p>\n<\/td>\n<\/tr>\n<tr style=\"height: 57px;\">\n<td style=\"width: 155px; height: 57px;\">\n<p align=\"left\">Hist\u00f2ria II<\/p>\n<\/td>\n<td style=\"width: 153px; height: 57px;\">\n<p align=\"left\">Biologia i geologia<\/p>\n<\/td>\n<td style=\"width: 126px; height: 57px;\">\n<p align=\"left\">Matem\u00e0tiques III<\/p>\n<\/td>\n<td style=\"width: 143px; height: 57px;\">\n<p align=\"left\">Literatura catalana<\/p>\n<\/td>\n<td style=\"width: 153px; height: 57px;\">\n<p align=\"left\">Llengua castellana III<\/p>\n<\/td>\n<td style=\"width: 156px; height: 57px;\"><\/td>\n<\/tr>\n<tr style=\"height: 57px;\">\n<td style=\"width: 155px; height: 57px;\">\n<p align=\"left\">Geografia II<\/p>\n<\/td>\n<td style=\"width: 153px; height: 57px;\">\n<p align=\"left\">F\u00edsica i qu\u00edmica II<\/p>\n<\/td>\n<td style=\"width: 126px; height: 57px;\">\n<p align=\"left\">Matem\u00e0tiques IV<\/p>\n<\/td>\n<td style=\"width: 143px; height: 57px;\"><\/td>\n<td style=\"width: 153px; height: 57px;\">\n<p align=\"left\">Literatura castellana<\/p>\n<\/td>\n<td style=\"width: 156px; height: 57px;\">\n<p align=\"left\">Llengua estrangera III<\/p>\n<\/td>\n<\/tr>\n<tr style=\"height: 57px;\">\n<td style=\"width: 886px; height: 57px;\" colspan=\"6\">\n<p align=\"center\">+ 3 m\u00f2duls opcionals<\/p>\n<\/td>\n<\/tr>\n<\/tbody>\n<\/table>\n<h2>Horaris presencial<\/h2>\n<p>De dilluns a dijous de 15h a 18h, l&#8217;horari pot variar segons els m\u00f2duls cursats.<\/p>\n<h2>Horaris assessorament IOC<\/h2>\n<table style=\"width: 77.7572%; height: 96px;\" width=\"579\">\n<tbody>\n<tr style=\"height: 32px;\">\n<td style=\"height: 32px;\" width=\"193\">Horari<\/td>\n<td style=\"height: 32px;\" width=\"193\">Dilluns<\/td>\n<td style=\"height: 32px;\" width=\"193\">Dimecres<\/td>\n<\/tr>\n<tr style=\"height: 32px;\">\n<td style=\"height: 32px;\" width=\"193\">MAT\u00cd (Lurdes)<\/td>\n<td style=\"height: 32px;\" width=\"193\">11 &#8211; 13 h<\/td>\n<td style=\"height: 32px;\" width=\"193\">12 &#8211; 13 h<\/td>\n<\/tr>\n<tr style=\"height: 32px;\">\n<td style=\"height: 32px;\" width=\"193\">TARDA (Merc\u00e8)<\/td>\n<td style=\"height: 32px;\" width=\"193\">\u00a016:30 &#8211; 17 h<\/td>\n<td style=\"height: 32px;\" width=\"193\"><\/td>\n<\/tr>\n<\/tbody>\n<\/table>\n","protected":false},"excerpt":{"rendered":"<p>L\u2019educaci\u00f3 secund\u00e0ria per a les persones adultes s\u2019organitza de manera modular en 3 \u00e0mbits i 34 m\u00f2duls que es distribueixen en dos nivells. S\u2019ent\u00e9n per \u00e0mbit un conjunt d\u2019\u00e0rees de coneixement afins i complement\u00e0ries. S\u2019ent\u00e9n per m\u00f2dul una unitat de programaci\u00f3. Hi ha m\u00f2duls comuns&hellip;  <a href=\"https:\/\/agora.xtec.cat\/cfasolsones\/ensenyaments\/ensenyaments-inicials-i-formacio-basica\/graduat-en-educacio-secundaria-per-adults\/\" title=\"Read Graduat en educaci\u00f3 secundaria per adults (GES)\">Llegeix m\u00e9s\u00bb<\/a><\/p>\n","protected":false},"author":1,"featured_media":0,"parent":283,"menu_order":0,"comment_status":"closed","ping_status":"closed","template":"page-templates\/side-menu.php","meta":{"_bbp_topic_count":0,"_bbp_reply_count":0,"_bbp_total_topic_count":0,"_bbp_total_reply_count":0,"_bbp_voice_count":0,"_bbp_anonymous_reply_count":0,"_bbp_topic_count_hidden":0,"_bbp_reply_count_hidden":0,"_bbp_forum_subforum_count":0,"footnotes":""},"class_list":["post-303","page","type-page","status-publish","hentry"],"post_mailing_queue_ids":[],"_links":{"self":[{"href":"https:\/\/agora.xtec.cat\/cfasolsones\/wp-json\/wp\/v2\/pages\/303","targetHints":{"allow":["GET"]}}],"collection":[{"href":"https:\/\/agora.xtec.cat\/cfasolsones\/wp-json\/wp\/v2\/pages"}],"about":[{"href":"https:\/\/agora.xtec.cat\/cfasolsones\/wp-json\/wp\/v2\/types\/page"}],"author":[{"embeddable":true,"href":"https:\/\/agora.xtec.cat\/cfasolsones\/wp-json\/wp\/v2\/users\/1"}],"replies":[{"embeddable":true,"href":"https:\/\/agora.xtec.cat\/cfasolsones\/wp-json\/wp\/v2\/comments?post=303"}],"version-history":[{"count":5,"href":"https:\/\/agora.xtec.cat\/cfasolsones\/wp-json\/wp\/v2\/pages\/303\/revisions"}],"predecessor-version":[{"id":2074,"href":"https:\/\/agora.xtec.cat\/cfasolsones\/wp-json\/wp\/v2\/pages\/303\/revisions\/2074"}],"up":[{"embeddable":true,"href":"https:\/\/agora.xtec.cat\/cfasolsones\/wp-json\/wp\/v2\/pages\/283"}],"wp:attachment":[{"href":"https:\/\/agora.xtec.cat\/cfasolsones\/wp-json\/wp\/v2\/media?parent=303"}],"curies":[{"name":"wp","href":"https:\/\/api.w.org\/{rel}","templated":true}]}}