{"id":296,"date":"2015-01-28T11:18:08","date_gmt":"2015-01-28T10:18:08","guid":{"rendered":"http:\/\/agora.xtec.cat\/cfasolsones\/?page_id=296"},"modified":"2025-07-11T09:38:05","modified_gmt":"2025-07-11T07:38:05","slug":"llengua-catalana","status":"publish","type":"page","link":"https:\/\/agora.xtec.cat\/cfasolsones\/ensenyaments\/ensenyaments-inicials-i-formacio-basica\/llengua-catalana\/","title":{"rendered":"Llengua catalana"},"content":{"rendered":"<p>L&#8217;ensenyament de llengua catalana a l&#8217;educaci\u00f3 de persones adultes t\u00e9 com a finalitat l&#8217;adquisici\u00f3 de la compet\u00e8ncia comunicativa ling\u00fc\u00edstica per formar parlants que puguin comunicar-se amb suficient flu\u00efdesa per resoldre la major part de situacions de la vida quotidiana, tant pel que fa a l&#8217;expressi\u00f3 com a la producci\u00f3, oral i escrita, en diferents suports i mitjan\u00e7ant tamb\u00e9 els llenguatges audiovisuals i, per tant, esdevinguin suficientment aut\u00f2noms per respondre a les seves necessitats personals, laborals, p\u00fabliques i educatives.<\/p>\n<p>L&#8217;ordenaci\u00f3 curricular d&#8217;aquest ensenyament\u00a0t\u00e9 en compte les orientacions, les compet\u00e8ncies i els criteris establerts en el Marc europeu com\u00fa de refer\u00e8ncia (MECR).<\/p>\n<p>S&#8217;ofereixen tres nivells:<\/p>\n<h1>Nivell 1<\/h1>\n<p>Es correspon amb el <em>nivell d&#8217;usuari\/\u00e0rea b\u00e0sic\/a<strong> A1<\/strong> <\/em>d&#8217;acord amb el MECR.<\/p>\n<p>Aquest curs va adre\u00e7at a les <b>persones amb desconeixement de la llengua catalana<\/b> per tal que puguin adquirir les compet\u00e8ncies comunicatives m\u00ednimes en catal\u00e0, per desenvolupar-se en la societat. Especialment la comprensi\u00f3 i l&#8217;expressi\u00f3 orals, per tal de donar resposta a les necessitats m\u00e9s immediates de comunicaci\u00f3, relacionades amb la vida quotidiana i amb l&#8217;\u00e0mbit laboral.<\/p>\n<p>Les persones que inicien aquest aprenentatge necessiten l&#8217;adquisici\u00f3 sistematitzada i concretada d&#8217;un <b>vocabulari <\/b>i d&#8217;uns <b>exponents ling\u00fc\u00edstics elementals<\/b>, per tal de presentar-se i poder obtenir un m\u00ednim d&#8217;informaci\u00f3 per ubicar-se en el nou entorn, tot aix\u00f2 amb l&#8217;acompanyament i assessorament dels nous interlocutors dins el curs.<\/p>\n<h2>Horaris curs 2025-2026<\/h2>\n<table style=\"width: 95.8711%; height: 96px;\" width=\"636\">\n<tbody>\n<tr style=\"height: 32px;\">\n<td style=\"width: 19.7116%; height: 32px;\" width=\"127\"><\/td>\n<td style=\"width: 15.9703%; height: 32px;\" width=\"127\">DILLUNS<\/td>\n<td style=\"width: 16.4831%; height: 32px;\">DIMARTS<\/td>\n<td style=\"width: 18.4009%; height: 32px;\" width=\"127\">DIMECRES<\/td>\n<td style=\"width: 13.4317%; height: 32px;\">DIJOUS<\/td>\n<td style=\"width: 14.5601%; height: 32px;\">DIVENDRES<\/td>\n<\/tr>\n<tr style=\"height: 32px;\">\n<td style=\"width: 19.7116%; height: 32px;\" width=\"127\">GRUP 1 (MAT\u00cd)<\/td>\n<td style=\"width: 15.9703%; height: 32px;\" width=\"127\"><\/td>\n<td style=\"width: 16.4831%; height: 32px;\">9:30h &#8211; 11h<\/td>\n<td style=\"width: 18.4009%; height: 32px;\" width=\"127\"><\/td>\n<td style=\"width: 13.4317%; height: 32px;\"><\/td>\n<td style=\"width: 14.5601%; height: 32px;\">9:30h &#8211; 11h<\/td>\n<\/tr>\n<tr style=\"height: 32px;\">\n<td style=\"width: 19.7116%; height: 32px;\">GRUP 2 (TARDA)<\/td>\n<td style=\"width: 15.9703%; height: 32px;\"><span style=\"background-color: #f9f9f9;\">18:30h &#8211; 20h<\/span><\/td>\n<td style=\"width: 16.4831%; height: 32px;\"><span style=\"background-color: #f9f9f9;\">\u00a0<\/span><\/td>\n<td style=\"width: 18.4009%; height: 32px;\"><span style=\"background-color: #f9f9f9;\">18:30h &#8211; 20h<\/span><\/td>\n<td style=\"width: 13.4317%; height: 32px;\"><span style=\"background-color: #f9f9f9;\">\u00a0<\/span><\/td>\n<td style=\"width: 14.5601%; height: 32px;\"><span style=\"background-color: #f9f9f9;\">\u00a0<\/span><\/td>\n<\/tr>\n<\/tbody>\n<\/table>\n<h1>Nivell 2<\/h1>\n<p>Es correspon amb el <em>nivell d&#8217;usuari\/\u00e0rea b\u00e0sic\/a <strong>A2<\/strong> <\/em>d&#8217;acord amb el MECR.<\/p>\n<p>En aquest curs l&#8217;alumnat ha de desenvolupar les compet\u00e8ncies comunicatives, <b>especialment la comprensi\u00f3 i l&#8217;expressi\u00f3 orals<\/b>, per tal de donar resposta a les necessitats m\u00e9s immediates de comunicaci\u00f3, relacionades amb la vida quotidiana i amb l&#8217;\u00e0mbit laboral.<\/p>\n<p>Les persones que inicien aquest aprenentatge han de desenvolupar l&#8217;aprenentatge de les habilitats de <b>comprensi\u00f3 i producci\u00f3 orals b\u00e0siques<\/b> i l&#8217;aprenentatge orientat i assistit de les <b>habilitats de la llengua escrita<\/b>. \u00c9s per aix\u00f2 que <b>\u00e9s preferible que l&#8217;alumnat estigui \u201calfabetitzat\u201d<\/b> en una llengua rom\u00e0nica o germ\u00e0nica, per tal de poder assolir correctament els objectius del curs.<\/p>\n<h2>Horaris curs 2025-2026<\/h2>\n<table width=\"636\">\n<tbody>\n<tr>\n<td width=\"127\">DILLUNS<\/td>\n<td width=\"127\">DIMARTS<\/td>\n<td width=\"127\">DIMECRES<\/td>\n<td width=\"127\">DIJOUS<\/td>\n<td width=\"127\">DIVENDRES<\/td>\n<\/tr>\n<tr>\n<td width=\"127\"><\/td>\n<td width=\"127\">18h &#8211; 20h<\/td>\n<td width=\"127\"><\/td>\n<td width=\"127\">18h &#8211; 20h<\/td>\n<td width=\"127\"><\/td>\n<\/tr>\n<\/tbody>\n<\/table>\n<h1>Nivell 3<\/h1>\n<p>Es correspon amb el <em>nivell d&#8217;usuari\/\u00e0rea b\u00e0sic\/a independent <strong>B1<\/strong> <\/em>d&#8217;acord amb el MECR.<\/p>\n<p>L&#8217;alumnat ha de desenvolupar l&#8217;aprenentatge de les habilitats de <b>comprensi\u00f3 i producci\u00f3 orals i escrites<\/b> per a fer front a la major part de situacions ling\u00fc\u00edstiques que es poden presentar, a la persona nouvinguda, en situacions quotidianes. La finalitat \u00e9s aconseguir que l&#8217;alumnat desenvolupi les capacitats seg\u00fcents: la capacitat de mantenir la interacci\u00f3 i poder comunicar el que hom vol en una varietat de contextos i la capacitat d&#8217;enfrontar-se de manera flexible als problemes de la vida di\u00e0ria.<\/p>\n<p>Aix\u00ed, doncs, l&#8217;alumnat haur\u00e0 de consolidar les habilitats orals i desenvolupar les escrites per tal de poder ampliar el seu camp d&#8217;acci\u00f3 en catal\u00e0 amb un llenguatge que s&#8217;adapti a la situaci\u00f3 comunicativa.<\/p>\n<p>L&#8217;<b>alumnat aut\u00f2cton <\/b>que participi d&#8217;aquest ensenyament ser\u00e0, b\u00e0sicament, <b>per millorar la comprensi\u00f3 i expressi\u00f3 escrita<\/b>, sense deixar de banda la comprensi\u00f3 i expressi\u00f3 oral. Partim de la base que moltes persones no han tingut un ensenyament en llengua catalana i poden tenir moltes mancances. Per altra banda, la interacci\u00f3 entre l&#8217;alumnat aut\u00f2cton i el nouvingut facilita la compet\u00e8ncia comunicativa i ajuda a la integraci\u00f3 d&#8217;aquest darrer.<\/p>\n<h2>Horaris curs 2025-2026<\/h2>\n<table width=\"636\">\n<tbody>\n<tr>\n<td width=\"127\">DILLUNS<\/td>\n<td width=\"127\">DIMARTS<\/td>\n<td width=\"127\">DIMECRES<\/td>\n<td width=\"127\">DIJOUS<\/td>\n<td width=\"127\">DIVENDRES<\/td>\n<\/tr>\n<tr>\n<td width=\"127\">9h \u2013 11h<\/td>\n<td width=\"127\"><\/td>\n<td width=\"127\">9h \u2013 11h<\/td>\n<td width=\"127\"><\/td>\n<td width=\"127\"><\/td>\n<\/tr>\n<\/tbody>\n<\/table>\n<h2><\/h2>\n","protected":false},"excerpt":{"rendered":"<p>L&#8217;ensenyament de llengua catalana a l&#8217;educaci\u00f3 de persones adultes t\u00e9 com a finalitat l&#8217;adquisici\u00f3 de la compet\u00e8ncia comunicativa ling\u00fc\u00edstica per formar parlants que puguin comunicar-se amb suficient flu\u00efdesa per resoldre la major part de situacions de la vida quotidiana, tant pel que fa a l&#8217;expressi\u00f3&hellip;  <a href=\"https:\/\/agora.xtec.cat\/cfasolsones\/ensenyaments\/ensenyaments-inicials-i-formacio-basica\/llengua-catalana\/\" title=\"Read Llengua catalana\">Llegeix m\u00e9s\u00bb<\/a><\/p>\n","protected":false},"author":1,"featured_media":0,"parent":283,"menu_order":0,"comment_status":"closed","ping_status":"closed","template":"page-templates\/side-menu.php","meta":{"_bbp_topic_count":0,"_bbp_reply_count":0,"_bbp_total_topic_count":0,"_bbp_total_reply_count":0,"_bbp_voice_count":0,"_bbp_anonymous_reply_count":0,"_bbp_topic_count_hidden":0,"_bbp_reply_count_hidden":0,"_bbp_forum_subforum_count":0,"footnotes":""},"class_list":["post-296","page","type-page","status-publish","hentry"],"post_mailing_queue_ids":[],"_links":{"self":[{"href":"https:\/\/agora.xtec.cat\/cfasolsones\/wp-json\/wp\/v2\/pages\/296","targetHints":{"allow":["GET"]}}],"collection":[{"href":"https:\/\/agora.xtec.cat\/cfasolsones\/wp-json\/wp\/v2\/pages"}],"about":[{"href":"https:\/\/agora.xtec.cat\/cfasolsones\/wp-json\/wp\/v2\/types\/page"}],"author":[{"embeddable":true,"href":"https:\/\/agora.xtec.cat\/cfasolsones\/wp-json\/wp\/v2\/users\/1"}],"replies":[{"embeddable":true,"href":"https:\/\/agora.xtec.cat\/cfasolsones\/wp-json\/wp\/v2\/comments?post=296"}],"version-history":[{"count":7,"href":"https:\/\/agora.xtec.cat\/cfasolsones\/wp-json\/wp\/v2\/pages\/296\/revisions"}],"predecessor-version":[{"id":2133,"href":"https:\/\/agora.xtec.cat\/cfasolsones\/wp-json\/wp\/v2\/pages\/296\/revisions\/2133"}],"up":[{"embeddable":true,"href":"https:\/\/agora.xtec.cat\/cfasolsones\/wp-json\/wp\/v2\/pages\/283"}],"wp:attachment":[{"href":"https:\/\/agora.xtec.cat\/cfasolsones\/wp-json\/wp\/v2\/media?parent=296"}],"curies":[{"name":"wp","href":"https:\/\/api.w.org\/{rel}","templated":true}]}}