{"id":27,"date":"2014-09-17T16:24:03","date_gmt":"2014-09-17T16:24:03","guid":{"rendered":"http:\/\/agora.xtec.cat\/cfasolsones\/?page_id=27"},"modified":"2017-07-05T12:10:04","modified_gmt":"2017-07-05T10:10:04","slug":"historia","status":"publish","type":"page","link":"https:\/\/agora.xtec.cat\/cfasolsones\/el-centre\/historia\/","title":{"rendered":"Hist\u00f2ria"},"content":{"rendered":"<p><a href=\"http:\/\/agora.xtec.cat\/cfasolsones\/wp-content\/uploads\/usu1361\/2014\/09\/curs04-05-2.jpg\"><img loading=\"lazy\" decoding=\"async\" class=\" wp-image-431 alignright\" src=\"http:\/\/agora.xtec.cat\/cfasolsones\/wp-content\/uploads\/usu1361\/2014\/09\/curs04-05-2-1024x680.jpg\" alt=\"curs04-05 (2)\" width=\"341\" height=\"226\" srcset=\"https:\/\/agora.xtec.cat\/cfasolsones\/wp-content\/uploads\/usu1361\/2014\/09\/curs04-05-2-1024x680.jpg 1024w, https:\/\/agora.xtec.cat\/cfasolsones\/wp-content\/uploads\/usu1361\/2014\/09\/curs04-05-2-300x199.jpg 300w, https:\/\/agora.xtec.cat\/cfasolsones\/wp-content\/uploads\/usu1361\/2014\/09\/curs04-05-2-768x510.jpg 768w, https:\/\/agora.xtec.cat\/cfasolsones\/wp-content\/uploads\/usu1361\/2014\/09\/curs04-05-2.jpg 1192w\" sizes=\"auto, (max-width: 341px) 100vw, 341px\" \/><\/a>El Centre de Formaci\u00f3 de Persones Adultes del Solson\u00e8s, ubicat a les depend\u00e8ncies del Consell Comarcal del Solson\u00e8s, \u00e9s un centre p\u00fablic que dep\u00e8n, des del juny del 2004, del Departament d\u2019Ensenyament de la Generalitat de Catalunya.<\/p>\n<p>Fent un rep\u00e0s a la hist\u00f2ria del Centre, aquest es va iniciar el curs 1990-1991, depenent del Departament de Benestar Social, com un punt de suport al programa de formaci\u00f3 a dist\u00e0ncia, \u201cGradu\u00ef\u2019s. Ara pot!\u201d, per mitj\u00e0 del qual l\u2019alumnat podia obtenir el graduat escolar. A m\u00e9s a m\u00e9s, la mestra assessora del programa havia d\u2019assistir un o dos dies a l\u2019Alt Urgell per tal de desenvolupar-hi el mateix programa.<\/p>\n<p>A Solsona ja hi havia una Aula Municipal on es duien a terme classes presencials d\u2019alguns ensenyaments (aquesta es tanc\u00e0 el curs 1995-1996). Quan aquesta Aula Municipal va tancar, el punt de suport al programa de formaci\u00f3 a dist\u00e0ncia, \u201cGradu\u00ef\u2019s. Ara pot!\u201d, va haver d\u2019acollir l\u2019alumnat d\u2019aquesta aula i dur a terme les classes que s\u2019impartien des d\u2019all\u00e0 (alfabetitzaci\u00f3, neolectors, certificat&#8230;), sent, en aquells moments, una sola mestra.<a href=\"http:\/\/agora.xtec.cat\/cfasolsones\/wp-content\/uploads\/usu1361\/2014\/09\/Competic-2-i-Catal\u00e0-1-2.jpg\"><img loading=\"lazy\" decoding=\"async\" class=\" wp-image-432 alignleft\" src=\"http:\/\/agora.xtec.cat\/cfasolsones\/wp-content\/uploads\/usu1361\/2014\/09\/Competic-2-i-Catal\u00e0-1-2-1024x768.jpg\" alt=\"Competic 2 i Catal\u00e0 1 (2)\" width=\"323\" height=\"242\" srcset=\"https:\/\/agora.xtec.cat\/cfasolsones\/wp-content\/uploads\/usu1361\/2014\/09\/Competic-2-i-Catal\u00e0-1-2.jpg 1024w, https:\/\/agora.xtec.cat\/cfasolsones\/wp-content\/uploads\/usu1361\/2014\/09\/Competic-2-i-Catal\u00e0-1-2-300x225.jpg 300w, https:\/\/agora.xtec.cat\/cfasolsones\/wp-content\/uploads\/usu1361\/2014\/09\/Competic-2-i-Catal\u00e0-1-2-768x576.jpg 768w, https:\/\/agora.xtec.cat\/cfasolsones\/wp-content\/uploads\/usu1361\/2014\/09\/Competic-2-i-Catal\u00e0-1-2-200x150.jpg 200w\" sizes=\"auto, (max-width: 323px) 100vw, 323px\" \/><\/a><\/p>\n<p>El curs 2001-2002, amb l\u2019aplicaci\u00f3 de la LOE, s\u2019acaba el programa \u201cGradu\u00ef\u2019s. Ara pot!\u201d i, sent ja dues mestres, v\u00e0rem passar a ser una Aula de Formaci\u00f3 d\u2019Adults. El mateix any 2002, per tant, desapareix el t\u00edtol de Graduat Escolar i s\u2019inicia el de Graduat en Educaci\u00f3 Secund\u00e0ria.<\/p>\n<p>Posteriorment, el febrer del 2005 (Decret 19\/2005, de 8 de febrer, de creaci\u00f3 de diversos centres p\u00fablics de formaci\u00f3 d\u2019adults) pass\u00e0rem a ser un Centre de Formaci\u00f3 d\u2019Adults, ja que reun\u00edem els requisits pertinents (professorat, espais&#8230;). L\u2019oferta educativa s\u2019ha anat ampliant i s\u2019ha anat adaptant a les necessitats de la poblaci\u00f3 i als canvis del sistema educatiu.<\/p>\n<p>En aquests moments som un claustre de 5\u20195 docents (3 de prim\u00e0ria i 2\u20195 de secund\u00e0ria) i uns 300 alumnes actius.<\/p>\n","protected":false},"excerpt":{"rendered":"<p><a href=\"http:\/\/agora.xtec.cat\/cfasolsones\/wp-content\/uploads\/usu1361\/2014\/09\/curs04-05-2.jpg\"><\/a>El Centre de Formaci\u00f3 de Persones Adultes del Solson\u00e8s, ubicat a les depend\u00e8ncies del Consell Comarcal del Solson\u00e8s, \u00e9s un centre p\u00fablic que dep\u00e8n, des del juny del 2004, del Departament d\u2019Ensenyament de la Generalitat de Catalunya.<br \/>\nFent un rep\u00e0s a la hist\u00f2ria del Centre,&hellip;  <a href=\"https:\/\/agora.xtec.cat\/cfasolsones\/el-centre\/historia\/\" title=\"Read Hist\u00f2ria\">Llegeix m\u00e9s\u00bb<\/a><\/p>\n","protected":false},"author":1,"featured_media":0,"parent":261,"menu_order":20,"comment_status":"closed","ping_status":"closed","template":"page-templates\/side-menu.php","meta":{"_bbp_topic_count":0,"_bbp_reply_count":0,"_bbp_total_topic_count":0,"_bbp_total_reply_count":0,"_bbp_voice_count":0,"_bbp_anonymous_reply_count":0,"_bbp_topic_count_hidden":0,"_bbp_reply_count_hidden":0,"_bbp_forum_subforum_count":0,"footnotes":""},"class_list":["post-27","page","type-page","status-publish","hentry"],"post_mailing_queue_ids":[],"_links":{"self":[{"href":"https:\/\/agora.xtec.cat\/cfasolsones\/wp-json\/wp\/v2\/pages\/27","targetHints":{"allow":["GET"]}}],"collection":[{"href":"https:\/\/agora.xtec.cat\/cfasolsones\/wp-json\/wp\/v2\/pages"}],"about":[{"href":"https:\/\/agora.xtec.cat\/cfasolsones\/wp-json\/wp\/v2\/types\/page"}],"author":[{"embeddable":true,"href":"https:\/\/agora.xtec.cat\/cfasolsones\/wp-json\/wp\/v2\/users\/1"}],"replies":[{"embeddable":true,"href":"https:\/\/agora.xtec.cat\/cfasolsones\/wp-json\/wp\/v2\/comments?post=27"}],"version-history":[{"count":3,"href":"https:\/\/agora.xtec.cat\/cfasolsones\/wp-json\/wp\/v2\/pages\/27\/revisions"}],"predecessor-version":[{"id":434,"href":"https:\/\/agora.xtec.cat\/cfasolsones\/wp-json\/wp\/v2\/pages\/27\/revisions\/434"}],"up":[{"embeddable":true,"href":"https:\/\/agora.xtec.cat\/cfasolsones\/wp-json\/wp\/v2\/pages\/261"}],"wp:attachment":[{"href":"https:\/\/agora.xtec.cat\/cfasolsones\/wp-json\/wp\/v2\/media?parent=27"}],"curies":[{"name":"wp","href":"https:\/\/api.w.org\/{rel}","templated":true}]}}