{"id":265,"date":"2015-01-27T17:28:56","date_gmt":"2015-01-27T16:28:56","guid":{"rendered":"http:\/\/agora.xtec.cat\/cfasolsones\/?page_id=265"},"modified":"2017-07-10T11:27:11","modified_gmt":"2017-07-10T09:27:11","slug":"organitzacio-interna","status":"publish","type":"page","link":"https:\/\/agora.xtec.cat\/cfasolsones\/el-centre\/organitzacio-interna\/","title":{"rendered":"Organitzaci\u00f3 interna"},"content":{"rendered":"<p>En aquests moments l&#8217;equip directiu est\u00e0 format per:<\/p>\n<ul>\n<li>Directora: Lurdes Pujantell<\/li>\n<li>Cap d&#8217;estudis: Mamen Ruiz<\/li>\n<li>Secretaria: Merc\u00e8 Mas<\/li>\n<\/ul>\n<p>El Consell Escolar \u00e9s un \u00f2rgan de participaci\u00f3 de la comunitat escolar en el govern del centre. La seva funci\u00f3 principal \u00e9s debatre tots aquells temes importants per al funcionament i l&#8217;organitzaci\u00f3 del centre. Est\u00e0 compost per:<\/p>\n<ul>\n<li>Equip directiu<\/li>\n<li>3 representants del professorat<\/li>\n<li>3 representants de l&#8217;alumnat<\/li>\n<li>1 representant del PAS<\/li>\n<li>1 representant de l&#8217;Ajuntament de Solsona<\/li>\n<\/ul>\n","protected":false},"excerpt":{"rendered":"<p>En aquests moments l&#8217;equip directiu est\u00e0 format per:<\/p>\n<ul>\n<li>Directora: Lurdes Pujantell<\/li>\n<li>Cap d&#8217;estudis: Mamen Ruiz<\/li>\n<li>Secretaria: Merc\u00e8 Mas<\/li>\n<\/ul>\n<p>El Consell Escolar \u00e9s un \u00f2rgan de participaci\u00f3 de la comunitat escolar en el govern del centre. La seva funci\u00f3 principal \u00e9s debatre tots aquells temes importants per al funcionament i&hellip;  <a href=\"https:\/\/agora.xtec.cat\/cfasolsones\/el-centre\/organitzacio-interna\/\" title=\"Read Organitzaci\u00f3 interna\">Llegeix m\u00e9s\u00bb<\/a><\/p>\n","protected":false},"author":1,"featured_media":0,"parent":261,"menu_order":40,"comment_status":"closed","ping_status":"closed","template":"page-templates\/side-menu.php","meta":{"_bbp_topic_count":0,"_bbp_reply_count":0,"_bbp_total_topic_count":0,"_bbp_total_reply_count":0,"_bbp_voice_count":0,"_bbp_anonymous_reply_count":0,"_bbp_topic_count_hidden":0,"_bbp_reply_count_hidden":0,"_bbp_forum_subforum_count":0,"footnotes":""},"class_list":["post-265","page","type-page","status-publish","hentry"],"post_mailing_queue_ids":[],"_links":{"self":[{"href":"https:\/\/agora.xtec.cat\/cfasolsones\/wp-json\/wp\/v2\/pages\/265","targetHints":{"allow":["GET"]}}],"collection":[{"href":"https:\/\/agora.xtec.cat\/cfasolsones\/wp-json\/wp\/v2\/pages"}],"about":[{"href":"https:\/\/agora.xtec.cat\/cfasolsones\/wp-json\/wp\/v2\/types\/page"}],"author":[{"embeddable":true,"href":"https:\/\/agora.xtec.cat\/cfasolsones\/wp-json\/wp\/v2\/users\/1"}],"replies":[{"embeddable":true,"href":"https:\/\/agora.xtec.cat\/cfasolsones\/wp-json\/wp\/v2\/comments?post=265"}],"version-history":[{"count":3,"href":"https:\/\/agora.xtec.cat\/cfasolsones\/wp-json\/wp\/v2\/pages\/265\/revisions"}],"predecessor-version":[{"id":483,"href":"https:\/\/agora.xtec.cat\/cfasolsones\/wp-json\/wp\/v2\/pages\/265\/revisions\/483"}],"up":[{"embeddable":true,"href":"https:\/\/agora.xtec.cat\/cfasolsones\/wp-json\/wp\/v2\/pages\/261"}],"wp:attachment":[{"href":"https:\/\/agora.xtec.cat\/cfasolsones\/wp-json\/wp\/v2\/media?parent=265"}],"curies":[{"name":"wp","href":"https:\/\/api.w.org\/{rel}","templated":true}]}}