{"id":261,"date":"2015-01-27T17:25:01","date_gmt":"2015-01-27T16:25:01","guid":{"rendered":"http:\/\/agora.xtec.cat\/cfasolsones\/?page_id=261"},"modified":"2022-02-25T13:36:57","modified_gmt":"2022-02-25T12:36:57","slug":"el-centre","status":"publish","type":"page","link":"https:\/\/agora.xtec.cat\/cfasolsones\/el-centre\/","title":{"rendered":"El Centre"},"content":{"rendered":"<div>\n<p>La Formaci\u00f3 d&#8217;Adults t\u00e9 com a finalitat el desenvolupament integral de la persona considerant la formaci\u00f3 instrumental i b\u00e0sica, la professional i laboral i la del lleure i la cultura com un tot.<\/p>\n<\/div>\n<p>Des del Centre volem donar resposta als diferents interessos formatius de les persones adultes, mitjan\u00e7ant els ensenyaments inicials, per a iniciar-se o aprofundir en el coneixement de determinats \u00e0mbits, l&#8217;<strong>educaci\u00f3 secund\u00e0ria<\/strong> que condueix a l&#8217;obtenci\u00f3 d&#8217;una titulaci\u00f3 i <strong>altres programes<\/strong> que no requereixen formaci\u00f3 acad\u00e8mica (la preparaci\u00f3 per a les <strong>proves d&#8217;acc\u00e9s a cicles formatius<\/strong> de grau mitj\u00e0, de grau superior i a la universitat). Tamb\u00e9 es poden obtenir certificats reconeguts d&#8217;algunes <strong>lleng\u00fces<\/strong> i <strong>inform\u00e0tica<\/strong>.<\/p>\n<p><a href=\"http:\/\/ensenyament.gencat.cat\/web\/.content\/home\/departament\/publicacions\/a-cop-ull\/19_adults_informacio_2017.pdf\" target=\"_blank\" rel=\"noopener noreferrer\">Infografia &#8211; L&#8217;educaci\u00f3 d&#8217;adults a cop d&#8217;ull<\/a><\/p>\n","protected":false},"excerpt":{"rendered":"<p>La Formaci\u00f3 d&#8217;Adults t\u00e9 com a finalitat el desenvolupament integral de la persona considerant la formaci\u00f3 instrumental i b\u00e0sica, la professional i laboral i la del lleure i la cultura com un tot.<\/p>\n<p>Des del Centre volem donar resposta als diferents interessos formatius de les persones&hellip;  <a href=\"https:\/\/agora.xtec.cat\/cfasolsones\/el-centre\/\" title=\"Read El Centre\">Llegeix m\u00e9s\u00bb<\/a><\/p>\n","protected":false},"author":1,"featured_media":0,"parent":0,"menu_order":0,"comment_status":"closed","ping_status":"closed","template":"page-templates\/side-menu.php","meta":{"_bbp_topic_count":0,"_bbp_reply_count":0,"_bbp_total_topic_count":0,"_bbp_total_reply_count":0,"_bbp_voice_count":0,"_bbp_anonymous_reply_count":0,"_bbp_topic_count_hidden":0,"_bbp_reply_count_hidden":0,"_bbp_forum_subforum_count":0,"footnotes":""},"class_list":["post-261","page","type-page","status-publish","hentry"],"post_mailing_queue_ids":[],"_links":{"self":[{"href":"https:\/\/agora.xtec.cat\/cfasolsones\/wp-json\/wp\/v2\/pages\/261","targetHints":{"allow":["GET"]}}],"collection":[{"href":"https:\/\/agora.xtec.cat\/cfasolsones\/wp-json\/wp\/v2\/pages"}],"about":[{"href":"https:\/\/agora.xtec.cat\/cfasolsones\/wp-json\/wp\/v2\/types\/page"}],"author":[{"embeddable":true,"href":"https:\/\/agora.xtec.cat\/cfasolsones\/wp-json\/wp\/v2\/users\/1"}],"replies":[{"embeddable":true,"href":"https:\/\/agora.xtec.cat\/cfasolsones\/wp-json\/wp\/v2\/comments?post=261"}],"version-history":[{"count":3,"href":"https:\/\/agora.xtec.cat\/cfasolsones\/wp-json\/wp\/v2\/pages\/261\/revisions"}],"predecessor-version":[{"id":581,"href":"https:\/\/agora.xtec.cat\/cfasolsones\/wp-json\/wp\/v2\/pages\/261\/revisions\/581"}],"wp:attachment":[{"href":"https:\/\/agora.xtec.cat\/cfasolsones\/wp-json\/wp\/v2\/media?parent=261"}],"curies":[{"name":"wp","href":"https:\/\/api.w.org\/{rel}","templated":true}]}}