{"id":1775,"date":"2022-02-25T13:29:49","date_gmt":"2022-02-25T12:29:49","guid":{"rendered":"https:\/\/agora.xtec.cat\/cfasolsones\/?page_id=1775"},"modified":"2022-02-25T13:39:20","modified_gmt":"2022-02-25T12:39:20","slug":"estrategia-digital-de-centre","status":"publish","type":"page","link":"https:\/\/agora.xtec.cat\/cfasolsones\/el-centre\/estrategia-digital-de-centre\/","title":{"rendered":"Estrat\u00e8gia Digital de Centre"},"content":{"rendered":"<p>Al seg\u00fcent enlla\u00e7 trobareu l&#8217;Estrat\u00e8gia Digital del Centre, encara en construcci\u00f3. La web anir\u00e0 ampliant la informaci\u00f3 progressivament i es mantindr\u00e0 actualitzada.<\/p>\n<p><a href=\"https:\/\/sites.google.com\/xtec.cat\/edc-cfasolsones\/inici\" target=\"_blank\" rel=\"noopener\">WEB EDC<\/a><\/p>\n","protected":false},"excerpt":{"rendered":"<p>Al seg\u00fcent enlla\u00e7 trobareu l&#8217;Estrat\u00e8gia Digital del Centre, encara en construcci\u00f3. La web anir\u00e0 ampliant la informaci\u00f3 progressivament i es mantindr\u00e0 actualitzada.<br \/>\n<a href=\"https:\/\/sites.google.com\/xtec.cat\/edc-cfasolsones\/inici\" target=\"_blank\" rel=\"noopener\">WEB EDC<\/a><\/p>\n","protected":false},"author":1,"featured_media":0,"parent":261,"menu_order":66,"comment_status":"closed","ping_status":"closed","template":"page-templates\/side-menu.php","meta":{"_bbp_topic_count":0,"_bbp_reply_count":0,"_bbp_total_topic_count":0,"_bbp_total_reply_count":0,"_bbp_voice_count":0,"_bbp_anonymous_reply_count":0,"_bbp_topic_count_hidden":0,"_bbp_reply_count_hidden":0,"_bbp_forum_subforum_count":0,"footnotes":""},"class_list":["post-1775","page","type-page","status-publish","hentry"],"post_mailing_queue_ids":[],"_links":{"self":[{"href":"https:\/\/agora.xtec.cat\/cfasolsones\/wp-json\/wp\/v2\/pages\/1775","targetHints":{"allow":["GET"]}}],"collection":[{"href":"https:\/\/agora.xtec.cat\/cfasolsones\/wp-json\/wp\/v2\/pages"}],"about":[{"href":"https:\/\/agora.xtec.cat\/cfasolsones\/wp-json\/wp\/v2\/types\/page"}],"author":[{"embeddable":true,"href":"https:\/\/agora.xtec.cat\/cfasolsones\/wp-json\/wp\/v2\/users\/1"}],"replies":[{"embeddable":true,"href":"https:\/\/agora.xtec.cat\/cfasolsones\/wp-json\/wp\/v2\/comments?post=1775"}],"version-history":[{"count":1,"href":"https:\/\/agora.xtec.cat\/cfasolsones\/wp-json\/wp\/v2\/pages\/1775\/revisions"}],"predecessor-version":[{"id":1776,"href":"https:\/\/agora.xtec.cat\/cfasolsones\/wp-json\/wp\/v2\/pages\/1775\/revisions\/1776"}],"up":[{"embeddable":true,"href":"https:\/\/agora.xtec.cat\/cfasolsones\/wp-json\/wp\/v2\/pages\/261"}],"wp:attachment":[{"href":"https:\/\/agora.xtec.cat\/cfasolsones\/wp-json\/wp\/v2\/media?parent=1775"}],"curies":[{"name":"wp","href":"https:\/\/api.w.org\/{rel}","templated":true}]}}