{"id":728,"date":"2020-06-06T11:54:15","date_gmt":"2020-06-06T09:54:15","guid":{"rendered":"http:\/\/agora.xtec.cat\/cfasinguerlin\/?page_id=728"},"modified":"2024-09-03T10:15:54","modified_gmt":"2024-09-03T08:15:54","slug":"curs-especific-per-a-lacces-als-cicles-de-grau-mitja-cam","status":"publish","type":"page","link":"https:\/\/agora.xtec.cat\/cfasinguerlin\/curs-especific-per-a-lacces-als-cicles-de-grau-mitja-cam\/","title":{"rendered":"Curs de formaci\u00f3 preparatori per a l&#8217;acc\u00e9s a cicles de grau mitj\u00e0 (nou CAM)"},"content":{"rendered":"<h5><b>Descripci\u00f3:\u00a0<\/b><\/h5>\n<p>El curs de formaci\u00f3 espec\u00edfic per a l&#8217;acc\u00e9s als cicles de grau mitj\u00e0, destinat a les persones que no posseeixen el t\u00edtol de Graduat en Educaci\u00f3 Secund\u00e0ria Obligat\u00f2ria o equivalent acad\u00e8mic i que volen accedir a un cicle formatiu de grau mitj\u00e0.<\/p>\n<h5><b>Continguts:\u00a0<\/b><\/h5>\n<p>El curs s&#8217;estructura en mat\u00e8ries. L&#8217;atribuci\u00f3 hor\u00e0ria setmanal \u00e9s:<\/p>\n<div>\n<div class=\"table-responsive pd-15 pd-30 taula_0\">\n<table class=\"table\" style=\"width: 66.0811%;\" border=\"1\" width=\"100%\" cellspacing=\"0\" cellpadding=\"1\">\n<tbody>\n<tr>\n<td style=\"width: 42.5676%;\" valign=\"top\"><b>Mat\u00e8ries del curs<\/b><\/td>\n<td style=\"width: 23.3784%;\" valign=\"top\"><b>Hores\/setmana<\/b><\/td>\n<\/tr>\n<tr>\n<td style=\"width: 42.5676%;\" valign=\"top\">Comunicaci\u00f3 en Llengua Catalana<\/td>\n<td style=\"width: 23.3784%;\" valign=\"top\">2<\/td>\n<\/tr>\n<tr>\n<td style=\"width: 42.5676%;\" valign=\"top\">Comunicaci\u00f3 en Llengua Castellana<\/td>\n<td style=\"width: 23.3784%;\" valign=\"top\">2<\/td>\n<\/tr>\n<tr>\n<td style=\"width: 42.5676%;\" valign=\"top\">Llengua Anglesa<\/td>\n<td style=\"width: 23.3784%;\" valign=\"top\">2<\/td>\n<\/tr>\n<tr>\n<td style=\"width: 42.5676%;\" valign=\"top\">Ci\u00e8ncies socials i ciutadania<\/td>\n<td style=\"width: 23.3784%;\" valign=\"top\">1<\/td>\n<\/tr>\n<tr>\n<td style=\"width: 42.5676%;\" valign=\"top\">Matem\u00e0tiques<\/td>\n<td style=\"width: 23.3784%;\" valign=\"top\">2<\/td>\n<\/tr>\n<tr>\n<td style=\"width: 42.5676%;\" valign=\"top\">Tecnologia<\/td>\n<td style=\"width: 23.3784%;\" valign=\"top\">2<\/td>\n<\/tr>\n<tr>\n<td style=\"width: 42.5676%;\" valign=\"top\">Ci\u00e8ncies de la naturalesa<\/td>\n<td style=\"width: 23.3784%;\" valign=\"top\">2<\/td>\n<\/tr>\n<tr>\n<td style=\"width: 42.5676%;\" valign=\"top\">Tutoria i orientaci\u00f3 (1)<\/td>\n<td style=\"width: 23.3784%;\" valign=\"top\">1<\/td>\n<\/tr>\n<tr>\n<td style=\"width: 42.5676%;\" valign=\"top\">Total curs<\/td>\n<td style=\"width: 23.3784%;\" valign=\"top\">14<\/td>\n<\/tr>\n<\/tbody>\n<\/table>\n<\/div>\n<\/div>\n<div>\n<p>(1) No avaluable<\/p>\n<\/div>\n<p>La qualificaci\u00f3 de cada mat\u00e8ria ser\u00e0 num\u00e8rica entre 1 i 10.<br \/>\nLa qualificaci\u00f3 final del curs ser\u00e0 la mitjana aritm\u00e8tica de les qualificacions de les mat\u00e8ries expressada amb 2 decimals, i \u00e9s positiva la qualificaci\u00f3 de 5 punts o superior.<br \/>\nAquesta qualificaci\u00f3 final del curs es recollir\u00e0 com a \u201cSuperat\u201d o \u201cNo Superat\u201d seguit de la qualificaci\u00f3 num\u00e8rica obtinguda.<br \/>\nCal obtenir un m\u00ednim de 4 punts en cadascuna de les mat\u00e8ries per realitzar la mitjana.<\/p>\n<h5><b>Acc\u00e9s:\u00a0<\/b><\/h5>\n<p>Cal tenir complerts 16 anys l&#8217;any d&#8217;inici del curs.<br \/>\nAquest estudi \u00e9s <strong>gratu\u00eft<\/strong> en els centres dependents del Departament d\u2019Ensenyament.<\/p>\n<h5><b>Durada<\/b><span style=\"font-weight: 400;\">:<\/span><\/h5>\n<p><span style=\"font-weight: 400;\">Curs anual (setembre-juny). T\u00e9 una durada de 429 hores, m\u00e9s una hora setmanal de tutoria.<\/span><\/p>\n<h5><b>A qui va dirigit<\/b><span style=\"font-weight: 400;\">:<\/span><\/h5>\n<p>Poden accedir les persones que no posseeixen els requisits per accedir als cicles formatius de grau mitj\u00e0 de formaci\u00f3 professional, als cicles formatius de grau mitj\u00e0 d&#8217;arts pl\u00e0stiques i disseny o als cicles formatius de grau mitj\u00e0 d&#8217;ensenyaments esportius.<\/p>\n<h5><strong>Horari:<\/strong><\/h5>\n<p>Tardes de dilluns a dijous de 15:30h a 20h aproximadament.<\/p>\n<h5><b>Titulaci\u00f3<\/b><span style=\"font-weight: 400;\">:<\/span><\/h5>\n<div>\n<p>La superaci\u00f3 del curs de formaci\u00f3 preparatori per a l&#8217;acc\u00e9s a cicles formatius de grau mitj\u00e0 t\u00e9 els efectes seg\u00fcents:<\/p>\n<p>a) En els ensenyaments de formaci\u00f3 professional inicial, l&#8217;exempci\u00f3 total de la prova d&#8217;acc\u00e9s a cicles formatius de grau mitj\u00e0 i, per tant, l&#8217;acc\u00e9s directe a qualsevol cicle de grau mitj\u00e0 amb la qualificaci\u00f3 obtinguda en el curs.<\/p>\n<p>b) En els ensenyaments professionals d&#8217;arts pl\u00e0stiques i disseny, l&#8217;exempci\u00f3 de la part comuna de la prova d&#8217;acc\u00e9s a cicles formatius de grau mitj\u00e0. En tot cas l&#8217;alumnat haur\u00e0 de superar la part espec\u00edfica de la prova d&#8217;acc\u00e9s.<\/p>\n<\/div>\n<div>\n<p>c) En els ensenyaments esportius de r\u00e8gim especial, l&#8217;exempci\u00f3 de la prova d&#8217;acc\u00e9s de car\u00e0cter general de la prova d&#8217;acc\u00e9s a cicles formatius de grau mitj\u00e0. En tot cas l&#8217;alumnat haur\u00e0 de superar la part espec\u00edfica de la prova d&#8217;acc\u00e9s.<\/p>\n<\/div>\n","protected":false},"excerpt":{"rendered":"<p>Descripci\u00f3:\u00a0<br \/>\nEl curs de formaci\u00f3 espec\u00edfic per a l&#8217;acc\u00e9s als cicles de grau mitj\u00e0, destinat a les persones que no posseeixen el t\u00edtol de Graduat en Educaci\u00f3 Secund\u00e0ria Obligat\u00f2ria o equivalent acad\u00e8mic i que volen accedir a un cicle formatiu de grau mitj\u00e0.<br \/>\nContinguts:\u00a0<br \/>\nEl curs s&#8217;estructura en&hellip;  <a href=\"https:\/\/agora.xtec.cat\/cfasinguerlin\/curs-especific-per-a-lacces-als-cicles-de-grau-mitja-cam\/\" title=\"Read Curs de formaci\u00f3 preparatori per a l&#8217;acc\u00e9s a cicles de grau mitj\u00e0 (nou CAM)\">Llegeix m\u00e9s\u00bb<\/a><\/p>\n","protected":false},"author":1,"featured_media":0,"parent":0,"menu_order":0,"comment_status":"closed","ping_status":"closed","template":"","meta":{"_bbp_topic_count":0,"_bbp_reply_count":0,"_bbp_total_topic_count":0,"_bbp_total_reply_count":0,"_bbp_voice_count":0,"_bbp_anonymous_reply_count":0,"_bbp_topic_count_hidden":0,"_bbp_reply_count_hidden":0,"_bbp_forum_subforum_count":0,"footnotes":""},"class_list":["post-728","page","type-page","status-publish","hentry"],"post_mailing_queue_ids":[],"_links":{"self":[{"href":"https:\/\/agora.xtec.cat\/cfasinguerlin\/wp-json\/wp\/v2\/pages\/728","targetHints":{"allow":["GET"]}}],"collection":[{"href":"https:\/\/agora.xtec.cat\/cfasinguerlin\/wp-json\/wp\/v2\/pages"}],"about":[{"href":"https:\/\/agora.xtec.cat\/cfasinguerlin\/wp-json\/wp\/v2\/types\/page"}],"author":[{"embeddable":true,"href":"https:\/\/agora.xtec.cat\/cfasinguerlin\/wp-json\/wp\/v2\/users\/1"}],"replies":[{"embeddable":true,"href":"https:\/\/agora.xtec.cat\/cfasinguerlin\/wp-json\/wp\/v2\/comments?post=728"}],"version-history":[{"count":6,"href":"https:\/\/agora.xtec.cat\/cfasinguerlin\/wp-json\/wp\/v2\/pages\/728\/revisions"}],"predecessor-version":[{"id":1231,"href":"https:\/\/agora.xtec.cat\/cfasinguerlin\/wp-json\/wp\/v2\/pages\/728\/revisions\/1231"}],"wp:attachment":[{"href":"https:\/\/agora.xtec.cat\/cfasinguerlin\/wp-json\/wp\/v2\/media?parent=728"}],"curies":[{"name":"wp","href":"https:\/\/api.w.org\/{rel}","templated":true}]}}