{"id":63,"date":"2014-09-18T10:06:31","date_gmt":"2014-09-18T10:06:31","guid":{"rendered":"http:\/\/agora.xtec.cat\/cfasinguerlin\/?page_id=63"},"modified":"2017-05-05T12:11:19","modified_gmt":"2017-05-05T10:11:19","slug":"serveis","status":"publish","type":"page","link":"https:\/\/agora.xtec.cat\/cfasinguerlin\/serveis\/","title":{"rendered":"Associaci\u00f3 escola"},"content":{"rendered":"<p>Els objectius de l&#8217;Associaci\u00f3 Escola d&#8217;Adults Santa Coloma de Gramenet s\u00f3n:<\/p>\n<ul>\n<li>Promoure i potenciar l&#8217;assessorament i orientaci\u00f3 en el camp socio-cultural, pedag\u00f2gic i ocupacional en totes les seves manifestacions i \u00e0mbits.<\/li>\n<li>Divulgar, publicar i difondre aquestes activitats, tant en mitjans de comunicaci\u00f3 propis com de fora.<\/li>\n<li>Establir relacions formals amb aquelles altres entitats que tinguin semblats interessos.<\/li>\n<li>Organitzar cursos, seminaris, debats, exposicions, mostres i tot tipus d&#8217;actes sobre la intervenci\u00f3 socio-cultural, pedag\u00f2gica i ocupacional.<\/li>\n<li>Potenciar una bona resposta a les necessitats formatives i culturals de les persones adultes.<\/li>\n<li>Col\u00b7laborar en les activitats formatives del centre.<\/li>\n<\/ul>\n<p><em><strong>PARTICIPA!!!<\/strong><\/em><\/p>\n","protected":false},"excerpt":{"rendered":"<p>Els objectius de l&#8217;Associaci\u00f3 Escola d&#8217;Adults Santa Coloma de Gramenet s\u00f3n:<\/p>\n<ul>\n<li>Promoure i potenciar l&#8217;assessorament i orientaci\u00f3 en el camp socio-cultural, pedag\u00f2gic i ocupacional en totes les seves manifestacions i \u00e0mbits.<\/li>\n<li>Divulgar, publicar i difondre aquestes activitats, tant en mitjans de comunicaci\u00f3 propis com de fora.<\/li>\n<li>Establir relacions&hellip;  <a href=\"https:\/\/agora.xtec.cat\/cfasinguerlin\/serveis\/\" title=\"Read Associaci\u00f3 escola\">Llegeix m\u00e9s\u00bb<\/a><br \/>\n","protected":false},"author":1,"featured_media":0,"parent":0,"menu_order":0,"comment_status":"closed","ping_status":"closed","template":"page-templates\/side-menu.php","meta":{"_bbp_topic_count":0,"_bbp_reply_count":0,"_bbp_total_topic_count":0,"_bbp_total_reply_count":0,"_bbp_voice_count":0,"_bbp_anonymous_reply_count":0,"_bbp_topic_count_hidden":0,"_bbp_reply_count_hidden":0,"_bbp_forum_subforum_count":0,"footnotes":""},"class_list":["post-63","page","type-page","status-publish","hentry"],"post_mailing_queue_ids":[],"_links":{"self":[{"href":"https:\/\/agora.xtec.cat\/cfasinguerlin\/wp-json\/wp\/v2\/pages\/63","targetHints":{"allow":["GET"]}}],"collection":[{"href":"https:\/\/agora.xtec.cat\/cfasinguerlin\/wp-json\/wp\/v2\/pages"}],"about":[{"href":"https:\/\/agora.xtec.cat\/cfasinguerlin\/wp-json\/wp\/v2\/types\/page"}],"author":[{"embeddable":true,"href":"https:\/\/agora.xtec.cat\/cfasinguerlin\/wp-json\/wp\/v2\/users\/1"}],"replies":[{"embeddable":true,"href":"https:\/\/agora.xtec.cat\/cfasinguerlin\/wp-json\/wp\/v2\/comments?post=63"}],"version-history":[{"count":3,"href":"https:\/\/agora.xtec.cat\/cfasinguerlin\/wp-json\/wp\/v2\/pages\/63\/revisions"}],"predecessor-version":[{"id":542,"href":"https:\/\/agora.xtec.cat\/cfasinguerlin\/wp-json\/wp\/v2\/pages\/63\/revisions\/542"}],"wp:attachment":[{"href":"https:\/\/agora.xtec.cat\/cfasinguerlin\/wp-json\/wp\/v2\/media?parent=63"}],"curies":[{"name":"wp","href":"https:\/\/api.w.org\/{rel}","templated":true}]}}