{"id":320,"date":"2015-01-28T11:35:13","date_gmt":"2015-01-28T10:35:13","guid":{"rendered":"http:\/\/agora.xtec.cat\/cfasinguerlin\/?page_id=320"},"modified":"2019-09-03T12:56:48","modified_gmt":"2019-09-03T10:56:48","slug":"a-cicles-formatius-de-grau-superior","status":"publish","type":"page","link":"https:\/\/agora.xtec.cat\/cfasinguerlin\/ensenyaments\/ensenyaments-per-a-la-preparacio-de-proves-dacces\/a-cicles-formatius-de-grau-superior\/","title":{"rendered":"Curs de preparaci\u00f3 a les proves de grau superior (CFGS)"},"content":{"rendered":"<p>Aquests estudis preparen per presentar-se a les proves d&#8217;acc\u00e9s als cicles de grau superior de formaci\u00f3 professional, d&#8217;arts pl\u00e0stiques i disseny i d&#8217;ensenyaments esportius. L&#8217;alumnat pot \u00a0preparar la part comuna de la prova en horari de mat\u00ed o tarda, la part espec\u00edfica, o totes dues.<br \/>\nLa durada m\u00ednima per a la preparaci\u00f3 de les proves d&#8217;acc\u00e9s al grau superior \u00e9s de 400 hores.<br \/>\nPoden accedir a aquests estudis les persones que tinguin m\u00e9s de 18 anys o els compleixen durant l&#8217;any natural en qu\u00e8 s&#8217;inicia la formaci\u00f3.<br \/>\nPer cursar aquest ensenyament cal formalitzar la matr\u00edcula d&#8217;acord amb els criteris fixats pel Departament d&#8217;Ensenyament. Aquest estudi \u00e9s <b>gratu\u00eft<\/b> en els centres dependents del Departament d&#8217;Ensenyament.<br \/>\nLa qualificaci\u00f3 que s&#8217;obt\u00e9 en aquesta formaci\u00f3 es multiplica pel coeficient 0,20 i se suma a la nota de la prova d&#8217;acc\u00e9s.<\/p>\n<ul>\n<li><strong>Durada:<br \/>\n<\/strong>Curs anual (setembre-juny)<\/li>\n<li><strong>A qui va dirigit:<br \/>\n<\/strong>A persones que tenint el nivell de graduat de secundaria volen accedir a un CFGS<\/li>\n<li><strong>Horari:<\/strong><br \/>\nDe\u00a0dilluns i dimecres de les 10:30h a 13:30h i<br \/>\ndimarts i dijous de les 10h i la 12h<\/li>\n<li><strong>Titulaci\u00f3:<br \/>\n<\/strong>Certificat d\u2019aprofitament. Dona una nota que suma a la que surt a la prova d&#8217;acc\u00e9s.<\/li>\n<\/ul>\n","protected":false},"excerpt":{"rendered":"<p>Aquests estudis preparen per presentar-se a les proves d&#8217;acc\u00e9s als cicles de grau superior de formaci\u00f3 professional, d&#8217;arts pl\u00e0stiques i disseny i d&#8217;ensenyaments esportius. L&#8217;alumnat pot \u00a0preparar la part comuna de la prova en horari de mat\u00ed o tarda, la part espec\u00edfica, o totes dues.<br \/>\nLa&hellip;  <a href=\"https:\/\/agora.xtec.cat\/cfasinguerlin\/ensenyaments\/ensenyaments-per-a-la-preparacio-de-proves-dacces\/a-cicles-formatius-de-grau-superior\/\" title=\"Read Curs de preparaci\u00f3 a les proves de grau superior (CFGS)\">Llegeix m\u00e9s\u00bb<\/a><\/p>\n","protected":false},"author":1,"featured_media":0,"parent":288,"menu_order":0,"comment_status":"closed","ping_status":"closed","template":"page-templates\/side-menu.php","meta":{"_bbp_topic_count":0,"_bbp_reply_count":0,"_bbp_total_topic_count":0,"_bbp_total_reply_count":0,"_bbp_voice_count":0,"_bbp_anonymous_reply_count":0,"_bbp_topic_count_hidden":0,"_bbp_reply_count_hidden":0,"_bbp_forum_subforum_count":0,"footnotes":""},"class_list":["post-320","page","type-page","status-publish","hentry"],"post_mailing_queue_ids":[],"_links":{"self":[{"href":"https:\/\/agora.xtec.cat\/cfasinguerlin\/wp-json\/wp\/v2\/pages\/320","targetHints":{"allow":["GET"]}}],"collection":[{"href":"https:\/\/agora.xtec.cat\/cfasinguerlin\/wp-json\/wp\/v2\/pages"}],"about":[{"href":"https:\/\/agora.xtec.cat\/cfasinguerlin\/wp-json\/wp\/v2\/types\/page"}],"author":[{"embeddable":true,"href":"https:\/\/agora.xtec.cat\/cfasinguerlin\/wp-json\/wp\/v2\/users\/1"}],"replies":[{"embeddable":true,"href":"https:\/\/agora.xtec.cat\/cfasinguerlin\/wp-json\/wp\/v2\/comments?post=320"}],"version-history":[{"count":4,"href":"https:\/\/agora.xtec.cat\/cfasinguerlin\/wp-json\/wp\/v2\/pages\/320\/revisions"}],"predecessor-version":[{"id":670,"href":"https:\/\/agora.xtec.cat\/cfasinguerlin\/wp-json\/wp\/v2\/pages\/320\/revisions\/670"}],"up":[{"embeddable":true,"href":"https:\/\/agora.xtec.cat\/cfasinguerlin\/wp-json\/wp\/v2\/pages\/288"}],"wp:attachment":[{"href":"https:\/\/agora.xtec.cat\/cfasinguerlin\/wp-json\/wp\/v2\/media?parent=320"}],"curies":[{"name":"wp","href":"https:\/\/api.w.org\/{rel}","templated":true}]}}