{"id":316,"date":"2015-01-28T11:33:51","date_gmt":"2015-01-28T10:33:51","guid":{"rendered":"http:\/\/agora.xtec.cat\/cfasinguerlin\/?page_id=316"},"modified":"2025-05-20T13:17:11","modified_gmt":"2025-05-20T11:17:11","slug":"competencia-digital-competic","status":"publish","type":"page","link":"https:\/\/agora.xtec.cat\/cfasinguerlin\/ensenyaments\/ensenyaments-transprofessionals\/competencia-digital-competic\/","title":{"rendered":"Inform\u00e0tica"},"content":{"rendered":"<h5><b>Descripci\u00f3:\u00a0<\/b><\/h5>\n<p><span style=\"font-weight: 400;\">Els ensenyaments d\u2019inform\u00e0tica tenen com objectiu facilitar l\u2019adquisici\u00f3 de la compet\u00e8ncia digital, entesa com la combinaci\u00f3 de coneixements, habilitats i actituds en l\u2019\u00e0mbit de les tecnologies de la informaci\u00f3 i la comunicaci\u00f3 (TIC) per desenvolupar-se en la societat actual. S\u2019imparteixen en <\/span><b>quatre nivells<\/b><span style=\"font-weight: 400;\">:<\/span><\/p>\n<ul>\n<li style=\"font-weight: 400;\"><b>COMPETIC Inicial<\/b><\/li>\n<li style=\"font-weight: 400;\"><b>COMPETIC 1<\/b><\/li>\n<li style=\"font-weight: 400;\"><b>COMPETIC 2<\/b><\/li>\n<li style=\"font-weight: 400;\"><b>COMPETIC 3<\/b><\/li>\n<\/ul>\n<p><span style=\"font-weight: 400;\">El nivell inicial d&#8217;inform\u00e0tica (COMPETIC inicial) s&#8217;adre\u00e7a a persones que volen assolir un domini b\u00e0sic de les tecnologies de la informaci\u00f3 i la comunicaci\u00f3 (TIC).<br \/>\n<\/span><span style=\"font-weight: 400;\">Els diferents nivells usuari d\u2019inform\u00e0tica (COMPETIC 1, 2 i 3) van adre\u00e7ats a persones que tenen uns coneixements b\u00e0sics del funcionament de l\u2019ordinador, del tractament de textos, de l\u2019\u00fas del correu electr\u00f2nic i de la cerca d\u2019informaci\u00f3 per Internet, el civisme digital, full de c\u00e0lcul i tractament de la imatge i el so.<br \/>\nEls nivells de COMPETIC 2 i COMPETIC 3 s&#8217;ofereixen tamb\u00e9 en la <strong>modalitat de Semipresencialitat<\/strong>.<\/span><\/p>\n<h5><b>Acc\u00e9s:<\/b><\/h5>\n<p><span style=\"font-weight: 400;\">Poden accedir a aquests estudis les persones m\u00e9s grans de 18 anys i les que els compleixen durant l&#8217;any natural en qu\u00e8 s&#8217;inicia la formaci\u00f3.<br \/>\n<\/span><span style=\"font-weight: 400;\">Per accedir als ensenyaments de COMPETIC 3 cal tenir acreditat el COMPETIC 2 o l&#8217;ACTIC de nivell mitj\u00e0.<br \/>\n<\/span><\/p>\n<p><span style=\"font-weight: 400;\">Si escau, es realitzar\u00e0 una prova de nivell.<\/span><\/p>\n<p><span style=\"font-weight: 400;\">Aquest estudi \u00e9s <\/span><b>gratu\u00eft<\/b><span style=\"font-weight: 400;\"> en els centres dependents del Departament d\u2019Ensenyament.<\/span><\/p>\n<p>&nbsp;<\/p>\n<h5><b>COMPETIC INICIAL<\/b><\/h5>\n<ul>\n<li><b>Continguts:<br \/>\n<\/b><span style=\"font-weight: 400;\">Recull tres de les sis compet\u00e8ncies del nivell b\u00e0sic de l&#8217;acreditaci\u00f3 de compet\u00e8ncies en tecnologies de la informaci\u00f3 i la comunicaci\u00f3 (ACTIC):<\/span><\/p>\n<ul>\n<li style=\"font-weight: 400;\"><span style=\"font-weight: 400;\">C2 Tecnologia digital, \u00fas de l&#8217;ordinador i del sistema operatiu.<\/span><\/li>\n<li style=\"font-weight: 400;\"><span style=\"font-weight: 400;\">C4 Tractament de la informaci\u00f3 escrita.<\/span><\/li>\n<li style=\"font-weight: 400;\"><span style=\"font-weight: 400;\"><span style=\"font-weight: 400;\">C3 Navegaci\u00f3 i comunicaci\u00f3 en el m\u00f3n digital.<\/span><\/span><\/li>\n<\/ul>\n<\/li>\n<li><b>Durada:<br \/>\n<\/b><span style=\"font-weight: 400;\"><span style=\"font-weight: 400;\">Curs anual (setembre-juny) de 3 hores setmanals. Torn de tarda.<\/span><\/span><\/li>\n<li><b>A qui va dirigit:<br \/>\n<\/b><span style=\"font-weight: 400;\"><span style=\"font-weight: 400;\">A persones amb pocs coneixements inform\u00e0tics<\/span><\/span><\/li>\n<li><b>Titulaci\u00f3:<br \/>\n<\/b><span style=\"font-weight: 400;\">Certificat d\u2019aprofitament<\/span><\/li>\n<\/ul>\n<p>&nbsp;<\/p>\n<h5><b>COMPETIC 1 (equival a certificat ACTIC B\u00e0sic)<\/b><\/h5>\n<ul>\n<li><b>Continguts:<br \/>\n<\/b><span style=\"font-weight: 400;\">Recull les tres compet\u00e8ncies del nivell b\u00e0sic de l&#8217;acreditaci\u00f3 de compet\u00e8ncies en tecnologies de la informaci\u00f3 i la comunicaci\u00f3 (ACTIC-B\u00e0sic). No recollides a la formaci\u00f3 COMPETIC INICIAL:<\/span><\/p>\n<ul>\n<li style=\"list-style-type: none;\">\n<ul>\n<li style=\"font-weight: 400;\"><span style=\"font-weight: 400;\">C6 Tractament de la informaci\u00f3 num\u00e8rica.<\/span><\/li>\n<li style=\"font-weight: 400;\"><span style=\"font-weight: 400;\">C5 Tractament de la informaci\u00f3 gr\u00e0fica, sonora i de la imatge en moviment.<\/span><\/li>\n<li style=\"font-weight: 400;\">C1 Cultura, participaci\u00f3 i civisme digital.<\/li>\n<\/ul>\n<\/li>\n<\/ul>\n<\/li>\n<li style=\"font-weight: 400;\"><b>Durada:<br \/>\n<\/b><b>\u00a0<\/b><span style=\"font-weight: 400;\"><span style=\"font-weight: 400;\">Curs anual (setembre-juny) de 3 hores setmanals. Torn de mat\u00ed i de tarda.<\/span><\/span><\/li>\n<li style=\"font-weight: 400;\"><b>A qui va dirigit:<br \/>\n<\/b><span style=\"font-weight: 400;\"><span style=\"font-weight: 400;\">A persones que ja tenen una certa autonomia en l\u2019 \u00fas de l\u2019ordinador<\/span><\/span><\/li>\n<li style=\"font-weight: 400;\"><b>Titulaci\u00f3:<br \/>\n<\/b><span style=\"font-weight: 400;\"><span style=\"font-weight: 400;\">Certificat ACTIC b\u00e0sic<\/span><\/span><\/li>\n<\/ul>\n<p><b style=\"font-size: 1.125em;\">COMPETIC 2 (equival a certificat ACTIC Mitj\u00e0)<\/b><\/p>\n<ul>\n<li><b>Continguts:<br \/>\n<\/b><span style=\"font-weight: 400;\">Recull les vuit compet\u00e8ncies del nivell mitj\u00e0 de l&#8217;acreditaci\u00f3 de compet\u00e8ncies en tecnologies de la informaci\u00f3 i la comunicaci\u00f3 (ACTIC- Mitj\u00e0):<\/span><\/p>\n<ul>\n<li style=\"font-weight: 400;\"><span style=\"font-weight: 400;\">C1 Cultura, participaci\u00f3 i civisme digital.<\/span><\/li>\n<li style=\"font-weight: 400;\"><span style=\"font-weight: 400;\">C2 Tecnologia digital, \u00fas de l&#8217;ordinador i del sistema operatiu.<\/span><\/li>\n<li style=\"font-weight: 400;\"><span style=\"font-weight: 400;\">C3 Navegaci\u00f3 i comunicaci\u00f3 en el m\u00f3n digital.<\/span><\/li>\n<li style=\"font-weight: 400;\"><span style=\"font-weight: 400;\">C4 Tractament de la informaci\u00f3 escrita.<\/span><\/li>\n<li style=\"font-weight: 400;\"><span style=\"font-weight: 400;\">C5 Tractament de la informaci\u00f3 gr\u00e0fica, sonora i de la imatge en moviment.<\/span><\/li>\n<li style=\"font-weight: 400;\"><span style=\"font-weight: 400;\">C6 Tractament de la informaci\u00f3 num\u00e8rica.<\/span><\/li>\n<li style=\"font-weight: 400;\"><span style=\"font-weight: 400;\">C7 Tractament de les dades.<\/span><\/li>\n<li style=\"font-weight: 400;\"><span style=\"font-weight: 400;\"><span style=\"font-weight: 400;\">C8 Presentaci\u00f3 de continguts.<\/span><\/span><\/li>\n<\/ul>\n<\/li>\n<li><b>Durada:<br \/>\n<\/b><span style=\"font-weight: 400;\"><span style=\"font-weight: 400;\">Curs anual (setembre-juny) de 4 hores setmanals. Torn de tarda.<\/span><\/span><\/li>\n<li><strong>A qui va dirigit:<br \/>\n<\/strong><span style=\"font-weight: 400;\"><span style=\"font-weight: 400;\">Persones que ja tenen coneixements b\u00e0sics o ACTIC B\u00e0sic<\/span><\/span><\/li>\n<li><b>Titulaci\u00f3:<br \/>\n<\/b>Certificat ACTIC mitj\u00e0<\/li>\n<\/ul>\n<h5><b>COMPETIC 3 (equival a certificat ACTIC Avan\u00e7at)<\/b><\/h5>\n<ul>\n<li><b>Continguts:<br \/>\n<\/b><span style=\"font-weight: 400;\">Recull les cinc compet\u00e8ncies del nivell avan\u00e7at de l&#8217;acreditaci\u00f3 de compet\u00e8ncies en tecnologies de la informaci\u00f3 i la comunicaci\u00f3 (ACTIC- Avan\u00e7at):<\/span><\/p>\n<ul>\n<li style=\"font-weight: 400;\"><span style=\"font-weight: 400;\">C4 Tractament de la informaci\u00f3 escrita.<\/span><\/li>\n<li style=\"font-weight: 400;\"><span style=\"font-weight: 400;\">C5 Tractament de la informaci\u00f3 gr\u00e0fica, sonora i de la imatge en moviment.<\/span><\/li>\n<li style=\"font-weight: 400;\"><span style=\"font-weight: 400;\">C6 Tractament de la informaci\u00f3 num\u00e8rica.<\/span><\/li>\n<li style=\"font-weight: 400;\"><span style=\"font-weight: 400;\">C7 Tractament de les dades.<\/span><\/li>\n<li style=\"font-weight: 400;\"><span style=\"font-weight: 400;\"><span style=\"font-weight: 400;\">C8 Presentaci\u00f3 de continguts.<\/span><\/span><\/li>\n<\/ul>\n<\/li>\n<li><b>Durada:<br \/>\n<\/b><span style=\"font-weight: 400;\"><span style=\"font-weight: 400;\">Curs anual (setembre-juny) de 3 hores setmanals. Torn de tarda.<\/span><\/span><\/li>\n<li><b>A qui va dirigit:<br \/>\n<\/b><span style=\"font-weight: 400;\"><span style=\"font-weight: 400;\">A qui t\u00e9 un domini ampli, Competic 2 o ACTIC Mitj\u00e0. Per accedir als ensenyaments de COMPETIC 3 cal tenir acreditat el COMPETIC 2 o l&#8217;ACTIC de nivell mitj\u00e0.<\/span><\/span><\/li>\n<li><b>Titulaci\u00f3:<br \/>\n<\/b><span style=\"font-weight: 400;\">Certificat ACTIC avan\u00e7at<\/span><\/li>\n<\/ul>\n","protected":false},"excerpt":{"rendered":"<p>Descripci\u00f3:\u00a0<br \/>\nEls ensenyaments d\u2019inform\u00e0tica tenen com objectiu facilitar l\u2019adquisici\u00f3 de la compet\u00e8ncia digital, entesa com la combinaci\u00f3 de coneixements, habilitats i actituds en l\u2019\u00e0mbit de les tecnologies de la informaci\u00f3 i la comunicaci\u00f3 (TIC) per desenvolupar-se en la societat actual. S\u2019imparteixen en quatre nivells:<\/p>\n<ul>\n<li style=\"font-weight: 400;\">COMPETIC&hellip;  <a href=\"https:\/\/agora.xtec.cat\/cfasinguerlin\/ensenyaments\/ensenyaments-transprofessionals\/competencia-digital-competic\/\" title=\"Read Inform\u00e0tica\">Llegeix m\u00e9s\u00bb<\/a><br \/>\n","protected":false},"author":1,"featured_media":0,"parent":286,"menu_order":0,"comment_status":"closed","ping_status":"closed","template":"page-templates\/side-menu.php","meta":{"_bbp_topic_count":0,"_bbp_reply_count":0,"_bbp_total_topic_count":0,"_bbp_total_reply_count":0,"_bbp_voice_count":0,"_bbp_anonymous_reply_count":0,"_bbp_topic_count_hidden":0,"_bbp_reply_count_hidden":0,"_bbp_forum_subforum_count":0,"footnotes":""},"class_list":["post-316","page","type-page","status-publish","hentry"],"post_mailing_queue_ids":[],"_links":{"self":[{"href":"https:\/\/agora.xtec.cat\/cfasinguerlin\/wp-json\/wp\/v2\/pages\/316","targetHints":{"allow":["GET"]}}],"collection":[{"href":"https:\/\/agora.xtec.cat\/cfasinguerlin\/wp-json\/wp\/v2\/pages"}],"about":[{"href":"https:\/\/agora.xtec.cat\/cfasinguerlin\/wp-json\/wp\/v2\/types\/page"}],"author":[{"embeddable":true,"href":"https:\/\/agora.xtec.cat\/cfasinguerlin\/wp-json\/wp\/v2\/users\/1"}],"replies":[{"embeddable":true,"href":"https:\/\/agora.xtec.cat\/cfasinguerlin\/wp-json\/wp\/v2\/comments?post=316"}],"version-history":[{"count":7,"href":"https:\/\/agora.xtec.cat\/cfasinguerlin\/wp-json\/wp\/v2\/pages\/316\/revisions"}],"predecessor-version":[{"id":1258,"href":"https:\/\/agora.xtec.cat\/cfasinguerlin\/wp-json\/wp\/v2\/pages\/316\/revisions\/1258"}],"up":[{"embeddable":true,"href":"https:\/\/agora.xtec.cat\/cfasinguerlin\/wp-json\/wp\/v2\/pages\/286"}],"wp:attachment":[{"href":"https:\/\/agora.xtec.cat\/cfasinguerlin\/wp-json\/wp\/v2\/media?parent=316"}],"curies":[{"name":"wp","href":"https:\/\/api.w.org\/{rel}","templated":true}]}}