{"id":312,"date":"2015-01-28T11:32:38","date_gmt":"2015-01-28T10:32:38","guid":{"rendered":"http:\/\/agora.xtec.cat\/cfasinguerlin\/?page_id=312"},"modified":"2025-05-20T13:05:15","modified_gmt":"2025-05-20T11:05:15","slug":"llengua-anglesa","status":"publish","type":"page","link":"https:\/\/agora.xtec.cat\/cfasinguerlin\/ensenyaments\/ensenyaments-transprofessionals\/llengua-anglesa\/","title":{"rendered":"Angl\u00e8s"},"content":{"rendered":"<h5><b>Descripci\u00f3:\u00a0<\/b><\/h5>\n<p><span style=\"font-weight: 400;\">Aquests estudis tenen com a objectiu que les persones adultes assoleixin un grau de compet\u00e8ncia b\u00e0sic per a comunicar-se en llengua anglesa i s\u2019imparteixen en tres nivells: <\/span><b>llengua anglesa nivell 1, 2 i 3, que corresponen als nivells A1, A2.1 i A2.2 del MECR (Marc europeu com\u00fa de refer\u00e8ncia per a les lleng\u00fces).<\/b><\/p>\n<h5><b>Continguts:\u00a0<\/b><\/h5>\n<p><span style=\"font-weight: 400;\">En els tres nivells es treballen les habilitats de comprensi\u00f3 i expressi\u00f3 orals i escrites que permeten fer front a la major part de situacions ling\u00fc\u00edstiques de la vida quotidiana i comunicar-se de forma b\u00e0sica en un entorn pluriling\u00fce i multicultural.<\/span><\/p>\n<p><span style=\"font-weight: 400;\">Vegeu el<\/span><a href=\"http:\/\/dogc.gencat.cat\/ca\/pdogc_canals_interns\/pdogc_resultats_fitxa\/index.html?action=fitxa&amp;mode=single&amp;documentId=821281&amp;language=es_ES&amp;newLang=ca_ES\"> <b>curr\u00edculum<\/b><\/a><span style=\"font-weight: 400;\"> d&#8217;aquests estudis.<\/span><\/p>\n<h5><b>Acc\u00e9s:<\/b><\/h5>\n<p><span style=\"font-weight: 400;\">Poden accedir a aquests estudis totes les persones que tenen m\u00e9s de 18 anys o b\u00e9 els compleixen durant l\u2019any natural en qu\u00e8 inicien la formaci\u00f3.<\/span><\/p>\n<p><span style=\"font-weight: 400;\">Si escau, es realitzar\u00e0 una prova de nivell.<\/span><\/p>\n<p><span style=\"font-weight: 400;\">Aquest estudi \u00e9s <\/span><b>gratu\u00eft<\/b><span style=\"font-weight: 400;\"> en els centres dependents del Departament d\u2019Ensenyament.<\/span><\/p>\n<h5><b>Angl\u00e8s 1<\/b><\/h5>\n<ul>\n<li><b>Durada:<br \/>\n<\/b>Curs anual (setembre-juny). T<span style=\"font-family: inherit; font-size: 1em;\">res hores setmanals al mat\u00ed.<\/span><\/li>\n<li><b>A qui va dirigit:<br \/>\n<\/b>A persones que volen iniciar-se en aquesta llengua.<\/li>\n<li><b>Titulaci\u00f3:<br \/>\n<\/b>Certificat Angl\u00e8s A1 Marc Europeu<\/li>\n<\/ul>\n<h5><b>Angl\u00e8s 2<\/b><\/h5>\n<ul>\n<li><b>Durada:<br \/>\n<\/b><span style=\"font-weight: 400;\">Curs anual (setembre-juny). Quatre<\/span> hores setmanals al mat\u00ed.<\/li>\n<li><b>A qui va dirigit:<br \/>\n<\/b><span style=\"font-weight: 400;\">A persones que ja tenen un cert coneixement en aquesta llengua<br \/>\n<\/span><\/li>\n<li><b>Titulaci\u00f3:<br \/>\n<\/b><span style=\"font-weight: 400;\">Certificat Angl\u00e8s A2.1 Marc Europeu<\/span><\/li>\n<\/ul>\n<h5><b>Angl\u00e8s 3<\/b><\/h5>\n<ul>\n<li><b>Durada:<br \/>\n<\/b><span style=\"font-weight: 400;\">Curs anual (setembre-juny). Quatre hores setmanals al mat\u00ed.<br \/>\n<\/span><\/li>\n<li><b>A qui va dirigit:<br \/>\n<\/b><span style=\"font-weight: 400;\">A assolir un grau de compet\u00e8ncia b\u00e0sic per a comunicar-se en llengua anglesa.<\/span><\/li>\n<li><b>Titulaci\u00f3:<br \/>\n<\/b><span style=\"font-weight: 400;\">Certificat Angl\u00e8s A2.2 Marc Europeu<\/span><span style=\"font-weight: 400;\"><br \/>\n<\/span><span style=\"font-weight: 400;\"> Aprovat aquest nivell permet continuar a EOI (Escola oficial d\u2019idiomes) accedint al nivell de 3r sense haver de superar una prova de nivell<\/span><\/li>\n<\/ul>\n","protected":false},"excerpt":{"rendered":"<p>Descripci\u00f3:\u00a0<br \/>\nAquests estudis tenen com a objectiu que les persones adultes assoleixin un grau de compet\u00e8ncia b\u00e0sic per a comunicar-se en llengua anglesa i s\u2019imparteixen en tres nivells: llengua anglesa nivell 1, 2 i 3, que corresponen als nivells A1, A2.1 i A2.2 del MECR (Marc&hellip;  <a href=\"https:\/\/agora.xtec.cat\/cfasinguerlin\/ensenyaments\/ensenyaments-transprofessionals\/llengua-anglesa\/\" title=\"Read Angl\u00e8s\">Llegeix m\u00e9s\u00bb<\/a><\/p>\n","protected":false},"author":1,"featured_media":0,"parent":286,"menu_order":0,"comment_status":"closed","ping_status":"closed","template":"page-templates\/side-menu.php","meta":{"_bbp_topic_count":0,"_bbp_reply_count":0,"_bbp_total_topic_count":0,"_bbp_total_reply_count":0,"_bbp_voice_count":0,"_bbp_anonymous_reply_count":0,"_bbp_topic_count_hidden":0,"_bbp_reply_count_hidden":0,"_bbp_forum_subforum_count":0,"footnotes":""},"class_list":["post-312","page","type-page","status-publish","hentry"],"post_mailing_queue_ids":[],"_links":{"self":[{"href":"https:\/\/agora.xtec.cat\/cfasinguerlin\/wp-json\/wp\/v2\/pages\/312","targetHints":{"allow":["GET"]}}],"collection":[{"href":"https:\/\/agora.xtec.cat\/cfasinguerlin\/wp-json\/wp\/v2\/pages"}],"about":[{"href":"https:\/\/agora.xtec.cat\/cfasinguerlin\/wp-json\/wp\/v2\/types\/page"}],"author":[{"embeddable":true,"href":"https:\/\/agora.xtec.cat\/cfasinguerlin\/wp-json\/wp\/v2\/users\/1"}],"replies":[{"embeddable":true,"href":"https:\/\/agora.xtec.cat\/cfasinguerlin\/wp-json\/wp\/v2\/comments?post=312"}],"version-history":[{"count":3,"href":"https:\/\/agora.xtec.cat\/cfasinguerlin\/wp-json\/wp\/v2\/pages\/312\/revisions"}],"predecessor-version":[{"id":1087,"href":"https:\/\/agora.xtec.cat\/cfasinguerlin\/wp-json\/wp\/v2\/pages\/312\/revisions\/1087"}],"up":[{"embeddable":true,"href":"https:\/\/agora.xtec.cat\/cfasinguerlin\/wp-json\/wp\/v2\/pages\/286"}],"wp:attachment":[{"href":"https:\/\/agora.xtec.cat\/cfasinguerlin\/wp-json\/wp\/v2\/media?parent=312"}],"curies":[{"name":"wp","href":"https:\/\/api.w.org\/{rel}","templated":true}]}}