{"id":305,"date":"2015-01-28T11:24:04","date_gmt":"2015-01-28T10:24:04","guid":{"rendered":"http:\/\/agora.xtec.cat\/cfasinguerlin\/?page_id=305"},"modified":"2019-09-03T12:53:52","modified_gmt":"2019-09-03T10:53:52","slug":"curs-dacces-als-cicles-de-grau-mitja","status":"publish","type":"page","link":"https:\/\/agora.xtec.cat\/cfasinguerlin\/ensenyaments\/ensenyaments-inicials-i-formacio-basica\/curs-dacces-als-cicles-de-grau-mitja\/","title":{"rendered":"Curs de preparaci\u00f3 a les proves de Grau Mitj\u00e0 (CFGM)"},"content":{"rendered":"<p>Aquests estudis preparen per presentar-se a les proves d&#8217;acc\u00e9s als cicles de grau mitj\u00e0 de formaci\u00f3 professional, d&#8217;arts pl\u00e0stiques i disseny, i d&#8217;ensenyaments esportius.<br \/>\nLa durada m\u00ednima per a la preparaci\u00f3 de les proves d&#8217;acc\u00e9s a grau mitj\u00e0 \u00e9s de 330 hores.<\/p>\n<p>Poden accedir a aquests estudis les persones que tinguin m\u00e9s de 18 anys o els compleixen durant l&#8217;any natural en qu\u00e8 s&#8217;inicia la formaci\u00f3.per\u00f2 excepcionalment poden accedir-hi les persones majors de 16 anys o que els compleixin durant l&#8217;any natural en qu\u00e8 inicien la formaci\u00f3.Cal tenir en compte que per realitzar les proves d&#8217;acc\u00e9s als cicles formatius de grau mitj\u00e0 s\u2019han de tenir 17 anys o complir-los l&#8217;any natural en qu\u00e8 es realitza la prova.<br \/>\nPer cursar aquest ensenyament cal formalitzar la matr\u00edcula d&#8217;acord amb els criteris fixats pel Departament d&#8217;Ensenyament.<br \/>\nAquest estudi \u00e9s <b>gratu\u00eft<\/b> en els centres dependents del Departament d&#8217;Ensenyament.<br \/>\nLa qualificaci\u00f3 que s&#8217;obt\u00e9 en aquesta formaci\u00f3 es multiplica pel coeficient 0,20 i se suma a la nota de la prova d&#8217;acc\u00e9s.<\/p>\n<ul>\n<li><strong>Durada:<br \/>\n<\/strong>Curs anual (setembre-juny)<\/li>\n<li><strong>A qui va dirigit:<br \/>\n<\/strong>A persones que no tenen el nivell de graduat de secundaria i que volen accedir a un CFGM<\/li>\n<li><strong>Horari:<\/strong><br \/>\nDe\u00a0dilluns a divendres entre les 15 i les 20h. 12 hores setmanals.<\/li>\n<li><strong>Titulaci\u00f3:<br \/>\n<\/strong>Certificat d&#8217;aprofitament. Dona una nota que suma a la que surt a la prova d\u2019acc\u00e9s.<\/li>\n<\/ul>\n","protected":false},"excerpt":{"rendered":"<p>Aquests estudis preparen per presentar-se a les proves d&#8217;acc\u00e9s als cicles de grau mitj\u00e0 de formaci\u00f3 professional, d&#8217;arts pl\u00e0stiques i disseny, i d&#8217;ensenyaments esportius.<br \/>\nLa durada m\u00ednima per a la preparaci\u00f3 de les proves d&#8217;acc\u00e9s a grau mitj\u00e0 \u00e9s de 330 hores.<br \/>\nPoden accedir a aquests estudis&hellip;  <a href=\"https:\/\/agora.xtec.cat\/cfasinguerlin\/ensenyaments\/ensenyaments-inicials-i-formacio-basica\/curs-dacces-als-cicles-de-grau-mitja\/\" title=\"Read Curs de preparaci\u00f3 a les proves de Grau Mitj\u00e0 (CFGM)\">Llegeix m\u00e9s\u00bb<\/a><\/p>\n","protected":false},"author":1,"featured_media":0,"parent":283,"menu_order":0,"comment_status":"closed","ping_status":"closed","template":"page-templates\/side-menu.php","meta":{"_bbp_topic_count":0,"_bbp_reply_count":0,"_bbp_total_topic_count":0,"_bbp_total_reply_count":0,"_bbp_voice_count":0,"_bbp_anonymous_reply_count":0,"_bbp_topic_count_hidden":0,"_bbp_reply_count_hidden":0,"_bbp_forum_subforum_count":0,"footnotes":""},"class_list":["post-305","page","type-page","status-publish","hentry"],"post_mailing_queue_ids":[],"_links":{"self":[{"href":"https:\/\/agora.xtec.cat\/cfasinguerlin\/wp-json\/wp\/v2\/pages\/305","targetHints":{"allow":["GET"]}}],"collection":[{"href":"https:\/\/agora.xtec.cat\/cfasinguerlin\/wp-json\/wp\/v2\/pages"}],"about":[{"href":"https:\/\/agora.xtec.cat\/cfasinguerlin\/wp-json\/wp\/v2\/types\/page"}],"author":[{"embeddable":true,"href":"https:\/\/agora.xtec.cat\/cfasinguerlin\/wp-json\/wp\/v2\/users\/1"}],"replies":[{"embeddable":true,"href":"https:\/\/agora.xtec.cat\/cfasinguerlin\/wp-json\/wp\/v2\/comments?post=305"}],"version-history":[{"count":4,"href":"https:\/\/agora.xtec.cat\/cfasinguerlin\/wp-json\/wp\/v2\/pages\/305\/revisions"}],"predecessor-version":[{"id":669,"href":"https:\/\/agora.xtec.cat\/cfasinguerlin\/wp-json\/wp\/v2\/pages\/305\/revisions\/669"}],"up":[{"embeddable":true,"href":"https:\/\/agora.xtec.cat\/cfasinguerlin\/wp-json\/wp\/v2\/pages\/283"}],"wp:attachment":[{"href":"https:\/\/agora.xtec.cat\/cfasinguerlin\/wp-json\/wp\/v2\/media?parent=305"}],"curies":[{"name":"wp","href":"https:\/\/api.w.org\/{rel}","templated":true}]}}