{"id":299,"date":"2015-01-28T11:21:22","date_gmt":"2015-01-28T10:21:22","guid":{"rendered":"http:\/\/agora.xtec.cat\/cfasinguerlin\/?page_id=299"},"modified":"2022-05-24T10:26:30","modified_gmt":"2022-05-24T08:26:30","slug":"llengua-castellana","status":"publish","type":"page","link":"https:\/\/agora.xtec.cat\/cfasinguerlin\/ensenyaments\/ensenyaments-inicials-i-formacio-basica\/llengua-castellana\/","title":{"rendered":"Castellano"},"content":{"rendered":"<h5><b>Descripci\u00f3:<\/b><\/h5>\n<p><span style=\"font-weight: 400;\">Estos estudios tienen como objetivo que las persones adultas logren un grado de competencia m\u00ednima para comunicarse en lengua castellana y se imparten en dos niveles: lengua castellana nivel 1 y 2 , que corresponden a los niveles A1, A2 del MECR (Marc europeo com\u00fan de referencia para las lenguas). Nivel 3 al B1 del MECR (Marc europeo com\u00fan de referencia para las lenguas).<\/span><\/p>\n<h5><b>Continguts:<\/b><\/h5>\n<p><span style=\"font-weight: 400;\">En los tres niveles se trabajan las habilidades de comprensi\u00f3n y expresi\u00f3n orales y escritas que permiten hacer frente a la mayor parte de situaciones ling\u00fc\u00edsticas de la vida cotidiana.<br \/>\n<\/span><span style=\"font-weight: 400;\">Vegeu el<\/span><a href=\"http:\/\/queestudiar.gencat.cat\/web\/.content\/home\/estudis\/adults\/normativa\/resoluciocurriculumsllenguescfa.pdf\"> <span style=\"font-weight: 400;\">curr\u00edculum<\/span><\/a><span style=\"font-weight: 400;\"> d&#8217;aquests estudis.<\/span><\/p>\n<h5><b>Acc\u00e9s:<\/b><\/h5>\n<p><span style=\"font-weight: 400;\">Pueden acceder a estos estudios todas las personas que tienen m\u00e1s de 18 a\u00f1os o bien los cumplen durante el a\u00f1o natural en que inician la formaci\u00f3n.<br \/>\n<\/span><span style=\"font-weight: 400;\">Cuando hay un motivo justificado, tambi\u00e9n pueden acceder las personas que tienen m\u00e1s de 16 a\u00f1os y las que los cumplen durante el a\u00f1o natural en que inician la formaci\u00f3n.<br \/>\n<\/span><\/p>\n<p><span style=\"font-weight: 400;\">Si procede, se realizar\u00e1 una prueba de nivel.<\/span><\/p>\n<p><span style=\"font-weight: 400;\">Este estudio es <\/span><b>gratuito<\/b><span style=\"font-weight: 400;\"> en los centros dependientes del Departament d\u2019Ensenyament.<\/span><\/p>\n<h5 align=\"left\"><em>CASTELL\u00c0 1<\/em><\/h5>\n<ul>\n<li><strong>Durada:<br \/>\n<\/strong>Curs anual (setembre-juny)<span style=\"font-weight: 400;\">. Tres hores setmanals. En torn de mat\u00ed i de tarda.<\/span><\/li>\n<li><strong><strong>A qui va dirigit:<\/strong><\/strong><strong><br \/>\n<\/strong>A persones nouvingudes<\/li>\n<li><strong>Horari:<\/strong><\/li>\n<li><strong>Titulaci\u00f3:<br \/>\n<\/strong>Certificat Castell\u00e0 A1 Marc Europeu de 105h<\/li>\n<\/ul>\n<h5><em>CASTELL\u00c0 2<br \/>\n<\/em><\/h5>\n<ul>\n<li><strong>Durada:<br \/>\n<\/strong>Curs anual (setembre-juny)<span style=\"font-weight: 400;\">. Quatre hores setmanals. En torn de tarda.<\/span><\/li>\n<li><strong><strong>A qui va dirigit:<\/strong><\/strong><strong><br \/>\n<\/strong>A persones que ja tenen un vocabulari b\u00e0sic<\/li>\n<li><strong>Horari:<\/strong><\/li>\n<li><strong>Titulaci\u00f3:<br \/>\n<\/strong>Certificat Castell\u00e0 A2 Marc Europeu de 140h<\/li>\n<\/ul>\n<h5><em>CASTELL\u00c0 3<br \/>\n<\/em><\/h5>\n<ul>\n<li><strong>Durada:<br \/>\n<\/strong>Curs anual (setembre-juny)<span style=\"font-weight: 400;\">. Quatre hores setmanals. En torn de tarda.<\/span><\/li>\n<li><strong>A qui va dirigit:<\/strong><strong><br \/>\n<\/strong>A persones que ja tenen un vocabulari b\u00e0sic<\/li>\n<li><strong>Horari:<\/strong><\/li>\n<li><strong>Titulaci\u00f3:<br \/>\n<\/strong>Certificat Castell\u00e0 B1 Marc Europeu de 140h<\/li>\n<\/ul>\n","protected":false},"excerpt":{"rendered":"<p>Descripci\u00f3:<br \/>\nEstos estudios tienen como objetivo que las persones adultas logren un grado de competencia m\u00ednima para comunicarse en lengua castellana y se imparten en dos niveles: lengua castellana nivel 1 y 2 , que corresponden a los niveles A1, A2 del MECR (Marc europeo com\u00fan&hellip;  <a href=\"https:\/\/agora.xtec.cat\/cfasinguerlin\/ensenyaments\/ensenyaments-inicials-i-formacio-basica\/llengua-castellana\/\" title=\"Read Castellano\">Llegeix m\u00e9s\u00bb<\/a><\/p>\n","protected":false},"author":1,"featured_media":0,"parent":283,"menu_order":0,"comment_status":"closed","ping_status":"closed","template":"page-templates\/side-menu.php","meta":{"_bbp_topic_count":0,"_bbp_reply_count":0,"_bbp_total_topic_count":0,"_bbp_total_reply_count":0,"_bbp_voice_count":0,"_bbp_anonymous_reply_count":0,"_bbp_topic_count_hidden":0,"_bbp_reply_count_hidden":0,"_bbp_forum_subforum_count":0,"footnotes":""},"class_list":["post-299","page","type-page","status-publish","hentry"],"post_mailing_queue_ids":[],"_links":{"self":[{"href":"https:\/\/agora.xtec.cat\/cfasinguerlin\/wp-json\/wp\/v2\/pages\/299","targetHints":{"allow":["GET"]}}],"collection":[{"href":"https:\/\/agora.xtec.cat\/cfasinguerlin\/wp-json\/wp\/v2\/pages"}],"about":[{"href":"https:\/\/agora.xtec.cat\/cfasinguerlin\/wp-json\/wp\/v2\/types\/page"}],"author":[{"embeddable":true,"href":"https:\/\/agora.xtec.cat\/cfasinguerlin\/wp-json\/wp\/v2\/users\/1"}],"replies":[{"embeddable":true,"href":"https:\/\/agora.xtec.cat\/cfasinguerlin\/wp-json\/wp\/v2\/comments?post=299"}],"version-history":[{"count":4,"href":"https:\/\/agora.xtec.cat\/cfasinguerlin\/wp-json\/wp\/v2\/pages\/299\/revisions"}],"predecessor-version":[{"id":1094,"href":"https:\/\/agora.xtec.cat\/cfasinguerlin\/wp-json\/wp\/v2\/pages\/299\/revisions\/1094"}],"up":[{"embeddable":true,"href":"https:\/\/agora.xtec.cat\/cfasinguerlin\/wp-json\/wp\/v2\/pages\/283"}],"wp:attachment":[{"href":"https:\/\/agora.xtec.cat\/cfasinguerlin\/wp-json\/wp\/v2\/media?parent=299"}],"curies":[{"name":"wp","href":"https:\/\/api.w.org\/{rel}","templated":true}]}}