{"id":296,"date":"2015-01-28T11:18:08","date_gmt":"2015-01-28T10:18:08","guid":{"rendered":"http:\/\/agora.xtec.cat\/cfasinguerlin\/?page_id=296"},"modified":"2025-05-20T12:45:35","modified_gmt":"2025-05-20T10:45:35","slug":"llengua-catalana","status":"publish","type":"page","link":"https:\/\/agora.xtec.cat\/cfasinguerlin\/ensenyaments\/ensenyaments-inicials-i-formacio-basica\/llengua-catalana\/","title":{"rendered":"Catal\u00e0"},"content":{"rendered":"<h5><b>Descripci\u00f3:<\/b><\/h5>\n<p><span style=\"font-weight: 400;\">Aquests estudis tenen com a objectiu que les persones adultes assoleixin un grau de compet\u00e8ncia m\u00ednima per a comunicar-se en llengua catalana i s\u2019imparteixen en tres nivells: <\/span><b>llengua catalana <\/b><span style=\"font-weight: 400;\">nivell 1, 2 i 3, que corresponen als nivells A1, A2 i B1 del MECR (Marc europeu com\u00fa de refer\u00e8ncia per a les lleng\u00fces).<\/span><\/p>\n<h5><b>Continguts:<\/b><\/h5>\n<p><span style=\"font-weight: 400;\">En els tres nivells es treballen les habilitats de comprensi\u00f3 i expressi\u00f3 orals i escrites que permeten fer front a la major part de situacions ling\u00fc\u00edstiques de la vida quotidiana.<br \/>\n<\/span><span style=\"font-weight: 400;\">Vegeu el<\/span><a href=\"http:\/\/queestudiar.gencat.cat\/web\/.content\/home\/estudis\/adults\/normativa\/resoluciocurriculumsllenguescfa.pdf\"> <span style=\"font-weight: 400;\">curr\u00edculum<\/span><\/a><span style=\"font-weight: 400;\"> d&#8217;aquests estudis.<\/span><\/p>\n<h5><b>Acc\u00e9s:<\/b><\/h5>\n<p><span style=\"font-weight: 400;\">Poden accedir a aquests estudis totes les persones que tenen m\u00e9s de 18 anys o b\u00e9 els compleixen durant l\u2019any natural en qu\u00e8 inicien la formaci\u00f3.<br \/>\n<\/span><span style=\"font-weight: 400;\">Quan hi ha un motiu justificat, tamb\u00e9 hi poden accedir les persones que tenen m\u00e9s de 16 anys i les que els compleixen durant l\u2019any natural en qu\u00e8 inicien la formaci\u00f3.<br \/>\n<\/span><span style=\"font-weight: 400;\">Si escau, es realitzar\u00e0 una prova de nivell.<\/span><\/p>\n<p><span style=\"font-weight: 400;\">Aquest estudi \u00e9s <\/span><strong>gratu\u00ef<\/strong><span style=\"font-weight: 400;\"><strong>t<\/strong> en els centres dependents del Departament d\u2019Ensenyament.<\/span><\/p>\n<h5><em>CATAL\u00c0 1<\/em><\/h5>\n<ul>\n<li><strong>Durada:<br \/>\n<\/strong>Curs anual (setembre-juny).<b> <\/b><span style=\"font-weight: 400;\">Tres hores setmanals en horari de mat\u00ed. En torns de mat\u00ed i tarda.<\/span><\/li>\n<li><strong>A qui va dirigit:<br \/>\n<\/strong>A persones nouvingudes<\/li>\n<li><strong>Horari:<br \/>\n<\/strong><\/li>\n<li><strong>Titulaci\u00f3:<br \/>\n<\/strong>Certificat Catal\u00e0 A1 Marc Europeu de 105h<\/li>\n<\/ul>\n<h5><em>CATAL\u00c0 2<\/em><\/h5>\n<ul>\n<li><strong>Durada:<br \/>\n<\/strong>Curs anual (setembre-juny), quatre hores setmanals. <span style=\"font-weight: 400;\"> En torn de tarda.<\/span><\/li>\n<li><strong>A qui va dirigit:<br \/>\n<\/strong>A persones que ja tenen un vocabulari b\u00e0sic<\/li>\n<li><strong>Horari:<\/strong><\/li>\n<li><strong>Titulaci\u00f3:<br \/>\n<\/strong>Certificat Catal\u00e0 A2 Marc Europeu de 140<\/li>\n<\/ul>\n","protected":false},"excerpt":{"rendered":"<p>Descripci\u00f3:<br \/>\nAquests estudis tenen com a objectiu que les persones adultes assoleixin un grau de compet\u00e8ncia m\u00ednima per a comunicar-se en llengua catalana i s\u2019imparteixen en tres nivells: llengua catalana nivell 1, 2 i 3, que corresponen als nivells A1, A2 i B1 del MECR (Marc&hellip;  <a href=\"https:\/\/agora.xtec.cat\/cfasinguerlin\/ensenyaments\/ensenyaments-inicials-i-formacio-basica\/llengua-catalana\/\" title=\"Read Catal\u00e0\">Llegeix m\u00e9s\u00bb<\/a><\/p>\n","protected":false},"author":1,"featured_media":0,"parent":283,"menu_order":0,"comment_status":"closed","ping_status":"closed","template":"page-templates\/side-menu.php","meta":{"_bbp_topic_count":0,"_bbp_reply_count":0,"_bbp_total_topic_count":0,"_bbp_total_reply_count":0,"_bbp_voice_count":0,"_bbp_anonymous_reply_count":0,"_bbp_topic_count_hidden":0,"_bbp_reply_count_hidden":0,"_bbp_forum_subforum_count":0,"footnotes":""},"class_list":["post-296","page","type-page","status-publish","hentry"],"post_mailing_queue_ids":[],"_links":{"self":[{"href":"https:\/\/agora.xtec.cat\/cfasinguerlin\/wp-json\/wp\/v2\/pages\/296","targetHints":{"allow":["GET"]}}],"collection":[{"href":"https:\/\/agora.xtec.cat\/cfasinguerlin\/wp-json\/wp\/v2\/pages"}],"about":[{"href":"https:\/\/agora.xtec.cat\/cfasinguerlin\/wp-json\/wp\/v2\/types\/page"}],"author":[{"embeddable":true,"href":"https:\/\/agora.xtec.cat\/cfasinguerlin\/wp-json\/wp\/v2\/users\/1"}],"replies":[{"embeddable":true,"href":"https:\/\/agora.xtec.cat\/cfasinguerlin\/wp-json\/wp\/v2\/comments?post=296"}],"version-history":[{"count":5,"href":"https:\/\/agora.xtec.cat\/cfasinguerlin\/wp-json\/wp\/v2\/pages\/296\/revisions"}],"predecessor-version":[{"id":1251,"href":"https:\/\/agora.xtec.cat\/cfasinguerlin\/wp-json\/wp\/v2\/pages\/296\/revisions\/1251"}],"up":[{"embeddable":true,"href":"https:\/\/agora.xtec.cat\/cfasinguerlin\/wp-json\/wp\/v2\/pages\/283"}],"wp:attachment":[{"href":"https:\/\/agora.xtec.cat\/cfasinguerlin\/wp-json\/wp\/v2\/media?parent=296"}],"curies":[{"name":"wp","href":"https:\/\/api.w.org\/{rel}","templated":true}]}}