{"id":312,"date":"2015-01-28T11:32:38","date_gmt":"2015-01-28T10:32:38","guid":{"rendered":"http:\/\/agora.xtec.cat\/cfasegria\/?page_id=312"},"modified":"2023-09-13T13:50:50","modified_gmt":"2023-09-13T11:50:50","slug":"llengua-anglesa","status":"publish","type":"page","link":"https:\/\/agora.xtec.cat\/cfasegria\/el-centre\/ensenyaments\/llengues\/llengua-anglesa\/","title":{"rendered":"Llengua anglesa"},"content":{"rendered":"<p><a href=\"https:\/\/agora.xtec.cat\/cfasegria\/wp-content\/uploads\/usu745\/2020\/05\/board-64269_1920.jpg\"><img loading=\"lazy\" decoding=\"async\" class=\"wp-image-908 alignleft\" src=\"https:\/\/agora.xtec.cat\/cfasegria\/wp-content\/uploads\/usu745\/2020\/05\/board-64269_1920-1024x776.jpg\" alt=\"\" width=\"331\" height=\"252\" srcset=\"https:\/\/agora.xtec.cat\/cfasegria\/wp-content\/uploads\/usu745\/2020\/05\/board-64269_1920-1024x776.jpg 1024w, https:\/\/agora.xtec.cat\/cfasegria\/wp-content\/uploads\/usu745\/2020\/05\/board-64269_1920-300x227.jpg 300w, https:\/\/agora.xtec.cat\/cfasegria\/wp-content\/uploads\/usu745\/2020\/05\/board-64269_1920-768x582.jpg 768w, https:\/\/agora.xtec.cat\/cfasegria\/wp-content\/uploads\/usu745\/2020\/05\/board-64269_1920.jpg 1920w\" sizes=\"auto, (max-width: 331px) 100vw, 331px\" \/><\/a>Aquests estudis tenen com a objectiu que les persones adultes assoleixin un grau de compet\u00e8ncia b\u00e0sica per a comunicar-se en llengua anglesa. Al CFA Segri\u00e0 s&#8217;imparteixen els tres nivells:\u00a0 llengua anglesa nivell 1, 2 i 3, que corresponen als nivells inicial A1 i b\u00e0sic A2.1 i A2.2 del MECR (Marc europeu com\u00fa de refer\u00e8ncia per a les lleng\u00fces) <a href=\"https:\/\/ca.wikipedia.org\/wiki\/Marc_europeu_com%C3%BA_de_refer%C3%A8ncia_per_a_les_lleng%C3%BCes\">Wikipedia<\/a><\/p>\n<h6>Continguts<\/h6>\n<p>En els tres nivells treballem les habilitats de comprensi\u00f3 i expressi\u00f3 oral i escrita, que permeten fer front a la major part de situacions ling\u00fc\u00edstiques de la vida quotidiana i comunicar-se de forma b\u00e0sica en un entorn pluriling\u00fce i multicultural.<\/p>\n<p>Es tracta d&#8217;una formaci\u00f3 formal, i els curr\u00edculums s\u00f3n elaborats pel Departament d&#8217;Educaci\u00f3. <a href=\"https:\/\/dogc.gencat.cat\/ca\/pdogc_canals_interns\/pdogc_resultats_fitxa\/index.html?action=fitxa&amp;mode=single&amp;documentId=821281&amp;language=es_ES&amp;newLang=ca_ES\">Vegeu curriculums.<\/a><\/p>\n<h5>Organitzaci\u00f3<\/h5>\n<p>Oferim 3 grups de cada nivell distribu\u00efts en torn de mat\u00ed, tarda i vespre.\u00a0 Fem dues sessions setmanals, de setembre a juny. Angl\u00e8s 1 s\u00f3n 3 hores setmanals (105 hores totals) i a angl\u00e8s 2 i 3 s\u00f3n 4 hores setmanals (140 h). Els horaris es dissenyen cada curs.<\/p>\n<p>L&#8217;avaluaci\u00f3 \u00e9s cont\u00ednua durant tot el curs, amb proves d&#8217;avaluaci\u00f3 orals i escrites. A m\u00e9s, a Angl\u00e8s 3 es realitza una prova de nivell b\u00e0sic al maig, comuna a tots els CFA de Catalunya, que, juntament amb l&#8217;avaluaci\u00f3 cont\u00ednua, dona dret a la certificaci\u00f3 oficial del nivell b\u00e0sic (A2).<\/p>\n<p>Com a la resta d&#8217;ensenyaments del nostre centre, hi ha un requeriment d&#8217;assist\u00e8ncia del 80% per a tenir dret a ser avaluat.<\/p>\n<p>A m\u00e9s de llibre de text, utilitzem la plataforma virtual <a href=\"https:\/\/educaciodigital.cat\/cfasegria\/moodle\/\">Moodle<\/a> del Centre com a complement a la formaci\u00f3 presencial.<\/p>\n<h5>Acc\u00e9s<\/h5>\n<p>Poden accedir a aquests estudis totes les persones que tenen m\u00e9s de 18 anys o b\u00e9 els compleixen durant l\u2019any natural en qu\u00e8 inicien la formaci\u00f3.<\/p>\n<h5>Preinscripci\u00f3 i matr\u00edcula: <a href=\"https:\/\/agora.xtec.cat\/cfasegria\/el-centre\/preinscripcio-i-matricula\/\">https:\/\/agora.xtec.cat\/cfasegria\/el-centre\/preinscripcio-i-matricula\/<\/a><\/h5>\n<p>Cal formalitzar la preinscripci\u00f3 i la matr\u00edcula d\u2019acord amb els criteris i calendaris fixats pel Departament d\u2019Educaci\u00f3.<br \/>\nAquest estudi \u00e9s gratu\u00eft en les centres dependents del Departament d\u2019Educaci\u00f3, sens perjudici que el centre demani una \u00fanica aportaci\u00f3 de l\u2019alumnat que dona dret als materials proporcionats pel professorat (fotoc\u00f2pies, dossiers,\u2026) i a la participaci\u00f3 en les activitats organitzades pel centre durant el curs (festes de Nadal, fi de curs, visites, sortides, xerrades\u2026) Aquesta aportaci\u00f3 \u00e9s aprovada pel Consell Escolar cada curs.<\/p>\n<p>Durant el proc\u00e9s de preinscripci\u00f3 i\/o matr\u00edcula, es realitza tamb\u00e9 una entrevista personal d\u2019orientaci\u00f3, i una <a href=\"https:\/\/docs.google.com\/forms\/d\/e\/1FAIpQLSeL39CUX-1gUm2qonS1S2kWstH4qqfwA1n7k0vfsK3xb8GiOQ\/viewform?usp=sf_link\">prova de nivell.<\/a><\/p>\n<h5>Continu\u00eftat<\/h5>\n<p>Un cop finalitzats aquests estudis, es pot continuar la formaci\u00f3 en una escola oficial d&#8217;idiomes, accedint al nivell de 3r sense haver de superar una prova de nivell.<\/p>\n<h5>Normativa<\/h5>\n<p>\u2022 Resoluci\u00f3 ENS\/1403\/2018, de 21 de juny, per la qual s&#8217;estableix el curr\u00edculum de lleng\u00fces estrangeres als centres de formaci\u00f3 d&#8217;adults del Departament d&#8217;Ensenyament (DOGC n\u00fam. 7652, de 28.6.2018)<\/p>\n<p>&nbsp;<\/p>\n<p>&nbsp;<\/p>\n","protected":false},"excerpt":{"rendered":"<p><a href=\"https:\/\/agora.xtec.cat\/cfasegria\/wp-content\/uploads\/usu745\/2020\/05\/board-64269_1920.jpg\"><\/a>Aquests estudis tenen com a objectiu que les persones adultes assoleixin un grau de compet\u00e8ncia b\u00e0sica per a comunicar-se en llengua anglesa. Al CFA Segri\u00e0 s&#8217;imparteixen els tres nivells:\u00a0 llengua anglesa nivell 1, 2 i 3, que corresponen als nivells inicial A1 i b\u00e0sic&hellip;  <a href=\"https:\/\/agora.xtec.cat\/cfasegria\/el-centre\/ensenyaments\/llengues\/llengua-anglesa\/\" title=\"Read Llengua anglesa\">Llegeix m\u00e9s\u00bb<\/a><\/p>\n","protected":false},"author":1,"featured_media":0,"parent":286,"menu_order":0,"comment_status":"closed","ping_status":"closed","template":"page-templates\/side-menu.php","meta":{"_bbp_topic_count":0,"_bbp_reply_count":0,"_bbp_total_topic_count":0,"_bbp_total_reply_count":0,"_bbp_voice_count":0,"_bbp_anonymous_reply_count":0,"_bbp_topic_count_hidden":0,"_bbp_reply_count_hidden":0,"_bbp_forum_subforum_count":0,"footnotes":""},"class_list":["post-312","page","type-page","status-publish","hentry"],"post_mailing_queue_ids":[],"_links":{"self":[{"href":"https:\/\/agora.xtec.cat\/cfasegria\/wp-json\/wp\/v2\/pages\/312","targetHints":{"allow":["GET"]}}],"collection":[{"href":"https:\/\/agora.xtec.cat\/cfasegria\/wp-json\/wp\/v2\/pages"}],"about":[{"href":"https:\/\/agora.xtec.cat\/cfasegria\/wp-json\/wp\/v2\/types\/page"}],"author":[{"embeddable":true,"href":"https:\/\/agora.xtec.cat\/cfasegria\/wp-json\/wp\/v2\/users\/1"}],"replies":[{"embeddable":true,"href":"https:\/\/agora.xtec.cat\/cfasegria\/wp-json\/wp\/v2\/comments?post=312"}],"version-history":[{"count":4,"href":"https:\/\/agora.xtec.cat\/cfasegria\/wp-json\/wp\/v2\/pages\/312\/revisions"}],"predecessor-version":[{"id":1441,"href":"https:\/\/agora.xtec.cat\/cfasegria\/wp-json\/wp\/v2\/pages\/312\/revisions\/1441"}],"up":[{"embeddable":true,"href":"https:\/\/agora.xtec.cat\/cfasegria\/wp-json\/wp\/v2\/pages\/286"}],"wp:attachment":[{"href":"https:\/\/agora.xtec.cat\/cfasegria\/wp-json\/wp\/v2\/media?parent=312"}],"curies":[{"name":"wp","href":"https:\/\/api.w.org\/{rel}","templated":true}]}}