{"id":265,"date":"2015-01-27T17:28:56","date_gmt":"2015-01-27T16:28:56","guid":{"rendered":"http:\/\/agora.xtec.cat\/cfasegria\/?page_id=265"},"modified":"2019-09-02T14:55:38","modified_gmt":"2019-09-02T12:55:38","slug":"organitzacio-interna","status":"publish","type":"page","link":"https:\/\/agora.xtec.cat\/cfasegria\/el-centre\/organitzacio-interna\/","title":{"rendered":"Organitzaci\u00f3 interna"},"content":{"rendered":"<p>L&#8217;organitzaci\u00f3 del CFA Segri\u00e0 \u00e9s la seg\u00fcent:<\/p>\n<ul>\n<li><strong>Equip directiu<\/strong>:\n<ul>\n<li>Directora<\/li>\n<li>Cap d&#8217;estudis<\/li>\n<li>Secret\u00e0ria<\/li>\n<\/ul>\n<\/li>\n<li><strong>Coordinacions<\/strong>:\n<ul>\n<li>Prevenci\u00f3 de riscos laborals:<\/li>\n<li>Inform\u00e0tica:<\/li>\n<li>Ensenyaments inicials i b\u00e0sics (CFI, Catal\u00e0 i Castell\u00e0):<\/li>\n<li>Llengua, interculturalitat i cohesi\u00f3 social:<\/li>\n<li><span style=\"font-family: inherit; font-size: 1em;\">Formaci\u00f3 b\u00e0sica (GES):<\/span><\/li>\n<li><span style=\"font-family: inherit; font-size: 1em;\">Compet\u00e8ncies per a la societat de la informaci\u00f3 (angl\u00e8s):<\/span><\/li>\n<li>Preparaci\u00f3 per a proves d&#8217;acc\u00e9s:<\/li>\n<\/ul>\n<\/li>\n<li><strong>Tutories<\/strong>:<\/li>\n<li><strong>Equips docents<\/strong>: membres del claustre de professorat que imparteixen mat\u00e8ries a cada ensenyament.<\/li>\n<li><strong>Consell escolar:<\/strong>\u00a0 Equip directiu, representants de l&#8217;alumnat, del professorat, dels PAS i de l&#8217;Ajuntament de Lleida.<\/li>\n<li><strong>PAS<\/strong>: conserge i administratiu<\/li>\n<\/ul>\n","protected":false},"excerpt":{"rendered":"<p>L&#8217;organitzaci\u00f3 del CFA Segri\u00e0 \u00e9s la seg\u00fcent:<\/p>\n<ul>\n<li>Equip directiu:\n<ul>\n<li>Directora<\/li>\n<li>Cap d&#8217;estudis<\/li>\n<li>Secret\u00e0ria<\/li>\n<\/ul>\n<\/li>\n<li>Coordinacions:\n<ul>\n<li>Prevenci\u00f3 de riscos laborals:<\/li>\n<li>Inform\u00e0tica:<\/li>\n<li>Ensenyaments inicials i b\u00e0sics (CFI, Catal\u00e0 i Castell\u00e0):<\/li>\n<li>Llengua, interculturalitat i cohesi\u00f3 social:<\/li>\n<li>Formaci\u00f3 b\u00e0sica (GES):<\/li>\n<li>Compet\u00e8ncies per a la societat de la informaci\u00f3 (angl\u00e8s):<\/li>\n<li>Preparaci\u00f3 per a proves d&#8217;acc\u00e9s:<\/li>\n<\/ul>\n<\/li>\n<li>Tutories:<\/li>\n<li>Equips docents: membres del claustre de professorat que imparteixen&hellip;  <a href=\"https:\/\/agora.xtec.cat\/cfasegria\/el-centre\/organitzacio-interna\/\" title=\"Read Organitzaci\u00f3 interna\">Llegeix m\u00e9s\u00bb<\/a><br \/>\n","protected":false},"author":1,"featured_media":0,"parent":261,"menu_order":40,"comment_status":"closed","ping_status":"closed","template":"page-templates\/side-menu.php","meta":{"_bbp_topic_count":0,"_bbp_reply_count":0,"_bbp_total_topic_count":0,"_bbp_total_reply_count":0,"_bbp_voice_count":0,"_bbp_anonymous_reply_count":0,"_bbp_topic_count_hidden":0,"_bbp_reply_count_hidden":0,"_bbp_forum_subforum_count":0,"footnotes":""},"class_list":["post-265","page","type-page","status-publish","hentry"],"post_mailing_queue_ids":[],"_links":{"self":[{"href":"https:\/\/agora.xtec.cat\/cfasegria\/wp-json\/wp\/v2\/pages\/265","targetHints":{"allow":["GET"]}}],"collection":[{"href":"https:\/\/agora.xtec.cat\/cfasegria\/wp-json\/wp\/v2\/pages"}],"about":[{"href":"https:\/\/agora.xtec.cat\/cfasegria\/wp-json\/wp\/v2\/types\/page"}],"author":[{"embeddable":true,"href":"https:\/\/agora.xtec.cat\/cfasegria\/wp-json\/wp\/v2\/users\/1"}],"replies":[{"embeddable":true,"href":"https:\/\/agora.xtec.cat\/cfasegria\/wp-json\/wp\/v2\/comments?post=265"}],"version-history":[{"count":3,"href":"https:\/\/agora.xtec.cat\/cfasegria\/wp-json\/wp\/v2\/pages\/265\/revisions"}],"predecessor-version":[{"id":766,"href":"https:\/\/agora.xtec.cat\/cfasegria\/wp-json\/wp\/v2\/pages\/265\/revisions\/766"}],"up":[{"embeddable":true,"href":"https:\/\/agora.xtec.cat\/cfasegria\/wp-json\/wp\/v2\/pages\/261"}],"wp:attachment":[{"href":"https:\/\/agora.xtec.cat\/cfasegria\/wp-json\/wp\/v2\/media?parent=265"}],"curies":[{"name":"wp","href":"https:\/\/api.w.org\/{rel}","templated":true}]}}