{"id":495,"date":"2016-05-07T16:45:53","date_gmt":"2016-05-07T15:45:53","guid":{"rendered":"http:\/\/agora.xtec.cat\/cfasebastiajuanarbo\/?page_id=495"},"modified":"2018-08-22T10:26:09","modified_gmt":"2018-08-22T08:26:09","slug":"convalidacions-i-acreditacions","status":"publish","type":"page","link":"https:\/\/agora.xtec.cat\/cfasebastiajuanarbo\/ensenyaments\/graduat-en-educacio-secundaria-per-adults\/convalidacions-i-acreditacions\/","title":{"rendered":"Convalidacions i acreditacions"},"content":{"rendered":"<p align=\"JUSTIFY\"><span style=\"color: #000080;\">Convalidacions entre els ensenyaments de l&#8217;educaci\u00f3 secund\u00e0ria per a les persones adultes i ensenyaments anteriors<\/span><\/p>\n<p align=\"JUSTIFY\"><span style=\"color: #000080;\">Les convalidacions entre els ensenyaments de l&#8217;educaci\u00f3 secund\u00e0ria per a les persones adultes regulats en aquest Decret i ensenyaments anteriors, regulats per la Llei 14\/1970, de 4 d&#8217;agost, general d&#8217;educaci\u00f3 i finan\u00e7ament de la reforma educativa i la LOGSE, desenvolupada mitjan\u00e7ant el Decret 213\/2002, d&#8217;1 d&#8217;agost, pel qual s&#8217;estableix l&#8217;ordenaci\u00f3 curricular de la formaci\u00f3 b\u00e0sica de les persones adultes, s\u00f3n les seg\u00fcents:<\/span><\/p>\n<table class=\" aligncenter\" style=\"width: 753px;\" cellspacing=\"1\" cellpadding=\"4\">\n<tbody>\n<tr>\n<td style=\"width: 378px;\" valign=\"TOP\">\n<p align=\"JUSTIFY\"><span style=\"color: #000080;\">Ensenyaments superats d&#8217;estudis anteriors<\/span><\/p>\n<\/td>\n<td style=\"width: 369px;\" valign=\"TOP\">\n<p align=\"JUSTIFY\"><span style=\"color: #000080;\">Convalidacions<\/span><\/p>\n<\/td>\n<\/tr>\n<tr>\n<td style=\"width: 378px;\" valign=\"TOP\">\n<p align=\"JUSTIFY\"><span style=\"color: #000080;\">ENSENYAMENTS LOE I LOGSE<\/span><\/p>\n<\/td>\n<td style=\"width: 369px;\" valign=\"TOP\">\n<p align=\"JUSTIFY\"><span style=\"color: #000080;\">Ensenyaments de l&#8217;educaci\u00f3 secund\u00e0ria per a les persones adultes regulats en aquest Decret<\/span><\/p>\n<\/td>\n<\/tr>\n<tr>\n<td style=\"width: 378px;\" valign=\"TOP\">\n<p align=\"JUSTIFY\"><span style=\"color: #000080;\">3r curs d&#8217;educaci\u00f3 secund\u00e0ria obligat\u00f2ria (LOE i LOGSE) complet<\/span><\/p>\n<\/td>\n<td style=\"width: 369px;\" valign=\"TOP\">\n<p align=\"JUSTIFY\"><span style=\"color: #000080;\">Nivell I de l&#8217;\u00e0mbit de la comunicaci\u00f3<\/span><\/p>\n<\/td>\n<\/tr>\n<tr>\n<td style=\"width: 378px;\" valign=\"TOP\"><\/td>\n<td style=\"width: 369px;\" valign=\"TOP\">\n<p align=\"JUSTIFY\"><span style=\"color: #000080;\">Nivell I de l&#8217;\u00e0mbit social<\/span><\/p>\n<\/td>\n<\/tr>\n<tr>\n<td style=\"width: 378px;\" valign=\"TOP\"><\/td>\n<td style=\"width: 369px;\" valign=\"TOP\">\n<p align=\"JUSTIFY\"><span style=\"color: #000080;\">Nivell I de l&#8217;\u00e0mbit cientificotecnol\u00f2gic<\/span><\/p>\n<\/td>\n<\/tr>\n<tr>\n<td style=\"width: 378px;\" valign=\"TOP\">\n<p align=\"JUSTIFY\"><span style=\"color: #000080;\">Mat\u00e8ries de 3r curs d&#8217;educaci\u00f3 secund\u00e0ria obligat\u00f2ria (LOE i LOGSE): llengua catalana i literatura, llengua castellana i literatura, i llengua estrangera<\/span><\/p>\n<\/td>\n<td style=\"width: 369px;\" valign=\"TOP\">\n<p align=\"JUSTIFY\"><span style=\"color: #000080;\">Nivell I de l&#8217;\u00e0mbit de la comunicaci\u00f3<\/span><\/p>\n<\/td>\n<\/tr>\n<tr>\n<td style=\"width: 378px;\" valign=\"TOP\">\n<p align=\"JUSTIFY\"><span style=\"color: #000080;\">Ci\u00e8ncies socials de 3r curs d&#8217;educaci\u00f3 secund\u00e0ria obligat\u00f2ria (LOE i LOGSE)<\/span><\/p>\n<\/td>\n<td style=\"width: 369px;\" valign=\"TOP\">\n<p align=\"JUSTIFY\"><span style=\"color: #000080;\">Nivell I de l&#8217;\u00e0mbit social<\/span><\/p>\n<\/td>\n<\/tr>\n<tr>\n<td style=\"width: 378px;\" valign=\"TOP\">\n<p align=\"JUSTIFY\"><span style=\"color: #000080;\">Mat\u00e8ries de 3r curs d&#8217;educaci\u00f3 secund\u00e0ria obligat\u00f2ria (LOE i LOGSE): matem\u00e0tiques, ci\u00e8ncies de la naturalesa i tecnologies<\/span><\/p>\n<\/td>\n<td style=\"width: 369px;\" valign=\"TOP\">\n<p align=\"JUSTIFY\"><span style=\"color: #000080;\">Nivell I de l&#8217;\u00e0mbit cientificot\u00e8cnic<\/span><\/p>\n<\/td>\n<\/tr>\n<tr>\n<td style=\"width: 378px;\" valign=\"TOP\">\n<p align=\"JUSTIFY\"><span style=\"color: #000080;\">Mat\u00e8ries de 4t curs d&#8217;educaci\u00f3 secund\u00e0ria obligat\u00f2ria (LOE i LOGSE): llengua catalana i literatura, llengua castellana i literatura, i llengua estrangera<\/span><\/p>\n<\/td>\n<td style=\"width: 369px;\" valign=\"TOP\">\n<p align=\"JUSTIFY\"><span style=\"color: #000080;\">Nivell II de l&#8217;\u00e0mbit de la comunicaci\u00f3<\/span><\/p>\n<\/td>\n<\/tr>\n<tr>\n<td style=\"width: 378px;\" valign=\"TOP\">\n<p align=\"JUSTIFY\"><span style=\"color: #000080;\">Ci\u00e8ncies socials de 4t curs d&#8217;educaci\u00f3 secund\u00e0ria obligat\u00f2ria (LOE i LOGSE)<\/span><\/p>\n<\/td>\n<td style=\"width: 369px;\" valign=\"TOP\">\n<p align=\"JUSTIFY\"><span style=\"color: #000080;\">Nivell II de l&#8217;\u00e0mbit social<\/span><\/p>\n<\/td>\n<\/tr>\n<tr>\n<td style=\"width: 378px;\" valign=\"TOP\">\n<p align=\"JUSTIFY\"><span style=\"color: #000080;\">Mat\u00e8ries del 4t curs d&#8217;educaci\u00f3 secund\u00e0ria obligat\u00f2ria (LOE): matem\u00e0tiques i dues de les quatre seg\u00fcents: biologia i geologia, f\u00edsica i qu\u00edmica, tecnologia, inform\u00e0tica<\/span><\/p>\n<\/td>\n<td style=\"width: 369px;\" valign=\"TOP\">\n<p align=\"JUSTIFY\"><span style=\"color: #000080;\">Nivell II de l&#8217;\u00e0mbit cientificotecnol\u00f2gic<\/span><\/p>\n<\/td>\n<\/tr>\n<tr>\n<td style=\"width: 378px;\" valign=\"TOP\">\n<p align=\"JUSTIFY\"><span style=\"color: #000080;\">Mat\u00e8ries de 4t curs d&#8217;educaci\u00f3 secund\u00e0ria obligat\u00f2ria (LOGSE): matem\u00e0tiques, ci\u00e8ncies de la naturalesa i tecnologia<\/span><\/p>\n<\/td>\n<td style=\"width: 369px;\" valign=\"TOP\">\n<p align=\"JUSTIFY\"><span style=\"color: #000080;\">Nivell II de l&#8217;\u00e0mbit cientificotecnol\u00f2gic<\/span><\/p>\n<\/td>\n<\/tr>\n<tr>\n<td style=\"width: 378px;\" valign=\"TOP\">\n<p align=\"JUSTIFY\"><span style=\"color: #000080;\">ENSENYAMENTS LLEI 14\/1970<\/span><\/p>\n<\/td>\n<td style=\"width: 369px;\" valign=\"TOP\"><\/td>\n<\/tr>\n<tr>\n<td style=\"width: 378px;\" valign=\"TOP\">\n<p align=\"JUSTIFY\"><span style=\"color: #000080;\">1r curs de formaci\u00f3 professional de primer grau complet<\/span><\/p>\n<\/td>\n<td style=\"width: 369px;\" valign=\"TOP\">\n<p align=\"JUSTIFY\"><span style=\"color: #000080;\">Nivell I de l&#8217;\u00e0mbit de la comunicaci\u00f3<\/span><\/p>\n<\/td>\n<\/tr>\n<tr>\n<td style=\"width: 378px;\" valign=\"TOP\"><\/td>\n<td style=\"width: 369px;\" valign=\"TOP\">\n<p align=\"JUSTIFY\"><span style=\"color: #000080;\">Nivell I de l&#8217;\u00e0mbit social<\/span><\/p>\n<\/td>\n<\/tr>\n<tr>\n<td style=\"width: 378px;\" valign=\"TOP\"><\/td>\n<td style=\"width: 369px;\" valign=\"TOP\">\n<p align=\"JUSTIFY\"><span style=\"color: #000080;\">Nivell I de l&#8217;\u00e0mbit cientificotecnol\u00f2gic<\/span><\/p>\n<\/td>\n<\/tr>\n<tr>\n<td style=\"width: 378px;\" valign=\"TOP\">\n<p align=\"JUSTIFY\"><span style=\"color: #000080;\">Mat\u00e8ries de formaci\u00f3 professional de primer grau: llengua catalana, llengua espanyola i idioma modern<\/span><\/p>\n<\/td>\n<td style=\"width: 369px;\" valign=\"TOP\">\n<p align=\"JUSTIFY\"><span style=\"color: #000080;\">Nivell I de l&#8217;\u00e0mbit de la comunicaci\u00f3<\/span><\/p>\n<\/td>\n<\/tr>\n<tr>\n<td style=\"width: 378px;\" valign=\"TOP\">\n<p align=\"JUSTIFY\"><span style=\"color: #000080;\">Formaci\u00f3 human\u00edstica de 1r curs de formaci\u00f3 professional de primer grau<\/span><\/p>\n<\/td>\n<td style=\"width: 369px;\" valign=\"TOP\">\n<p align=\"JUSTIFY\"><span style=\"color: #000080;\">Nivell I de l&#8217;\u00e0mbit social<\/span><\/p>\n<\/td>\n<\/tr>\n<tr>\n<td style=\"width: 378px;\" valign=\"TOP\">\n<p align=\"JUSTIFY\"><span style=\"color: #000080;\">Mat\u00e8ries de 1r curs de formaci\u00f3 professional de primer grau: matem\u00e0tiques, ci\u00e8ncies naturals, f\u00edsica i qu\u00edmica i tecnologia o pr\u00e0ctiques<\/span><\/p>\n<\/td>\n<td style=\"width: 369px;\" valign=\"TOP\">\n<p align=\"JUSTIFY\"><span style=\"color: #000080;\">Nivell I de l&#8217;\u00e0mbit cientificotecnol\u00f2gic<\/span><\/p>\n<\/td>\n<\/tr>\n<tr>\n<td style=\"width: 378px;\" valign=\"TOP\">\n<p align=\"JUSTIFY\"><span style=\"color: #000080;\">Mat\u00e8ries de 2n curs de formaci\u00f3 professional de primer grau: llengua catalana, llengua espanyola i idioma modern<\/span><\/p>\n<\/td>\n<td style=\"width: 369px;\" valign=\"TOP\">\n<p align=\"JUSTIFY\"><span style=\"color: #000080;\">Nivell II de l&#8217;\u00e0mbit de la comunicaci\u00f3<\/span><\/p>\n<\/td>\n<\/tr>\n<tr>\n<td style=\"width: 378px;\" valign=\"TOP\">\n<p align=\"JUSTIFY\"><span style=\"color: #000080;\">Formaci\u00f3 human\u00edstica de 2n curs de formaci\u00f3 professional de primer grau<\/span><\/p>\n<\/td>\n<td style=\"width: 369px;\" valign=\"TOP\">\n<p align=\"JUSTIFY\"><span style=\"color: #000080;\">Nivell II de l&#8217;\u00e0mbit social<\/span><\/p>\n<\/td>\n<\/tr>\n<tr>\n<td style=\"width: 378px;\" valign=\"TOP\">\n<p align=\"JUSTIFY\"><span style=\"color: #000080;\">Mat\u00e8ries de 2n curs de formaci\u00f3 professional de primer grau: matem\u00e0tiques, f\u00edsica i qu\u00edmica i tecnologia o pr\u00e0ctiques<\/span><\/p>\n<\/td>\n<td style=\"width: 369px;\" valign=\"TOP\"><span style=\"color: #000080;\">\u00a0Nivell II de l&#8217;\u00e0mbit cientificotecnol\u00f2gic<\/span><\/td>\n<\/tr>\n<tr>\n<td style=\"width: 378px;\" valign=\"TOP\">\n<p align=\"JUSTIFY\"><span style=\"color: #000080;\">1r curs de batxillerat unificat polivalent (BUP) complet<\/span><\/p>\n<\/td>\n<td style=\"width: 369px;\" valign=\"TOP\">\n<p align=\"JUSTIFY\"><span style=\"color: #000080;\">Nivell I de l&#8217;\u00e0mbit de la comunicaci\u00f3<\/span><\/p>\n<\/td>\n<\/tr>\n<tr>\n<td style=\"width: 378px;\" valign=\"TOP\"><\/td>\n<td style=\"width: 369px;\" valign=\"TOP\">\n<p align=\"JUSTIFY\"><span style=\"color: #000080;\">Nivell I de l&#8217;\u00e0mbit social<\/span><\/p>\n<\/td>\n<\/tr>\n<tr>\n<td style=\"width: 378px;\" valign=\"TOP\"><\/td>\n<td style=\"width: 369px;\" valign=\"TOP\">\n<p align=\"JUSTIFY\"><span style=\"color: #000080;\">Nivell I de l&#8217;\u00e0mbit cientificotecnol\u00f2gic<\/span><\/p>\n<\/td>\n<\/tr>\n<tr>\n<td style=\"width: 378px;\" valign=\"TOP\"><\/td>\n<td style=\"width: 369px;\" valign=\"TOP\">\n<p align=\"JUSTIFY\"><span style=\"color: #000080;\">i els m\u00f2duls seg\u00fcents del nivell II: literatura<\/span><\/p>\n<\/td>\n<\/tr>\n<tr>\n<td style=\"width: 378px;\" valign=\"TOP\"><\/td>\n<td style=\"width: 369px;\" valign=\"TOP\">\n<p align=\"JUSTIFY\"><span style=\"color: #000080;\">catalana, literatura castellana, ci\u00e8ncies socials II<\/span><\/p>\n<\/td>\n<\/tr>\n<tr>\n<td style=\"width: 378px;\" valign=\"TOP\"><\/td>\n<td style=\"width: 369px;\" valign=\"TOP\">\n<p align=\"JUSTIFY\"><span style=\"color: #000080;\">i moviments migratoris, i biologia i geologia<\/span><\/p>\n<\/td>\n<\/tr>\n<tr>\n<td style=\"width: 378px;\" valign=\"TOP\">\n<p align=\"JUSTIFY\"><span style=\"color: #000080;\">Mat\u00e8ries de 1r curs de batxillerat unificat polivalent (BUP): llengua catalana i literatura, llengua espanyola i literatura, i llengua estrangera<\/span><\/p>\n<\/td>\n<td style=\"width: 369px;\" valign=\"TOP\">\n<p align=\"JUSTIFY\"><span style=\"color: #000080;\">Nivell I de l&#8217;\u00e0mbit de la comunicaci\u00f3 i els m\u00f2duls seg\u00fcents del nivell II: literatura catalana, literatura castellana<\/span><\/p>\n<\/td>\n<\/tr>\n<tr>\n<td style=\"width: 378px;\" valign=\"TOP\">\n<p align=\"JUSTIFY\"><span style=\"color: #000080;\">Hist\u00f2ria de 1r curs de batxillerat unificat i polivalent (BUP)<\/span><\/p>\n<\/td>\n<td style=\"width: 369px;\" valign=\"TOP\">\n<p align=\"JUSTIFY\"><span style=\"color: #000080;\">Nivell I de l&#8217;\u00e0mbit social i el m\u00f2dul ci\u00e8ncies socials II i moviments migratoris del nivell II<\/span><\/p>\n<\/td>\n<\/tr>\n<tr>\n<td style=\"width: 378px;\" valign=\"TOP\">\n<p align=\"JUSTIFY\"><span style=\"color: #000080;\">Mat\u00e8ries de 1r curs de batxillerat unificat polivalent (BUP): matem\u00e0tiques i ci\u00e8ncies naturals<\/span><\/p>\n<\/td>\n<td style=\"width: 369px;\" valign=\"TOP\">\n<p align=\"JUSTIFY\"><span style=\"color: #000080;\">Nivell I de l&#8217;\u00e0mbit cientificotecnol\u00f2gic i el m\u00f2dul biologia i geologia del nivell II<\/span><\/p>\n<\/td>\n<\/tr>\n<tr>\n<td style=\"width: 378px;\" valign=\"TOP\">\n<p align=\"JUSTIFY\"><span style=\"color: #000080;\">Mat\u00e8ries de 2n curs de batxillerat unificat polivalent (BUP): llengua catalana i literatura, llengua espanyola i literatura i llengua estrangera<\/span><\/p>\n<\/td>\n<td style=\"width: 369px;\" valign=\"TOP\">\n<p align=\"JUSTIFY\"><span style=\"color: #000080;\">Nivell II de l&#8217;\u00e0mbit de la comunicaci\u00f3<\/span><\/p>\n<\/td>\n<\/tr>\n<tr>\n<td style=\"width: 378px;\" valign=\"TOP\">\n<p align=\"JUSTIFY\"><span style=\"color: #000080;\">Geografia del 2n curs de batxillerat unificat i polivalent (BUP)<\/span><\/p>\n<\/td>\n<td style=\"width: 369px;\" valign=\"TOP\">\n<p align=\"JUSTIFY\"><span style=\"color: #000080;\">Nivell II de l&#8217;\u00e0mbit social<\/span><\/p>\n<\/td>\n<\/tr>\n<tr>\n<td style=\"width: 378px;\" valign=\"TOP\">\n<p align=\"JUSTIFY\"><span style=\"color: #000080;\">Mat\u00e8ries de 2n curs de batxillerat unificat polivalent (BUP): matem\u00e0tiques i f\u00edsica i qu\u00edmica<\/span><\/p>\n<\/td>\n<td style=\"width: 369px;\" valign=\"TOP\">\n<p align=\"JUSTIFY\"><span style=\"color: #000080;\">Nivell II de l&#8217;\u00e0mbit cientificotecnol\u00f2gic<\/span><\/p>\n<\/td>\n<\/tr>\n<tr>\n<td style=\"width: 378px;\" valign=\"TOP\">\n<p align=\"JUSTIFY\"><span style=\"color: #000080;\">T\u00edtol graduat escolar o equivalent<\/span><\/p>\n<\/td>\n<td style=\"width: 369px;\" valign=\"TOP\">\n<p align=\"JUSTIFY\"><span style=\"color: #000080;\">Nivell I de l&#8217;\u00e0mbit de la comunicaci\u00f3<\/span><\/p>\n<\/td>\n<\/tr>\n<tr>\n<td style=\"width: 378px;\" valign=\"TOP\"><\/td>\n<td style=\"width: 369px;\" valign=\"TOP\">\n<p align=\"JUSTIFY\"><span style=\"color: #000080;\">Nivell I de l&#8217;\u00e0mbit social<\/span><\/p>\n<\/td>\n<\/tr>\n<tr>\n<td style=\"width: 378px;\" valign=\"TOP\"><\/td>\n<td style=\"width: 369px;\" valign=\"TOP\">\n<p align=\"JUSTIFY\"><span style=\"color: #000080;\">Nivell I de l&#8217;\u00e0mbit cientificotecnol\u00f2gic<\/span><\/p>\n<\/td>\n<\/tr>\n<\/tbody>\n<\/table>\n<p style=\"text-align: justify;\" align=\"JUSTIFY\">\n<p style=\"text-align: justify;\" align=\"JUSTIFY\"><span style=\"color: #000080;\">L&#8217;alumnat que prov\u00e9 de 4t d&#8217;educaci\u00f3 secund\u00e0ria obligat\u00f2ria sense cap mat\u00e8ria superada d&#8217;aquest curs cursar\u00e0 els m\u00f2duls de nivell II dels ensenyaments de l&#8217;educaci\u00f3 secund\u00e0ria per a les persones adultes exceptuant aquell alumnat la promoci\u00f3 del qual a 4t hagi estat motivada per haver exhaurit el nombre possible de repeticions a l&#8217;etapa. En aquest cas s&#8217;aplicaran les convalidacions establertes a la taula anterior per a 3r d&#8217;educaci\u00f3 secund\u00e0ria obligat\u00f2ria.<\/span><\/p>\n<p style=\"text-align: justify;\" align=\"JUSTIFY\">\n","protected":false},"excerpt":{"rendered":"<p>Convalidacions entre els ensenyaments de l&#8217;educaci\u00f3 secund\u00e0ria per a les persones adultes i ensenyaments anteriors<br \/>\nLes convalidacions entre els ensenyaments de l&#8217;educaci\u00f3 secund\u00e0ria per a les persones adultes regulats en aquest Decret i ensenyaments anteriors, regulats per la Llei 14\/1970, de 4 d&#8217;agost, general d&#8217;educaci\u00f3 i&hellip;  <a href=\"https:\/\/agora.xtec.cat\/cfasebastiajuanarbo\/ensenyaments\/graduat-en-educacio-secundaria-per-adults\/convalidacions-i-acreditacions\/\" title=\"Read Convalidacions i acreditacions\">Llegeix m\u00e9s\u00bb<\/a><\/p>\n","protected":false},"author":1,"featured_media":0,"parent":303,"menu_order":0,"comment_status":"closed","ping_status":"closed","template":"page-templates\/side-menu.php","meta":{"_bbp_topic_count":0,"_bbp_reply_count":0,"_bbp_total_topic_count":0,"_bbp_total_reply_count":0,"_bbp_voice_count":0,"_bbp_anonymous_reply_count":0,"_bbp_topic_count_hidden":0,"_bbp_reply_count_hidden":0,"_bbp_forum_subforum_count":0,"footnotes":""},"class_list":["post-495","page","type-page","status-publish","hentry"],"post_mailing_queue_ids":[],"_links":{"self":[{"href":"https:\/\/agora.xtec.cat\/cfasebastiajuanarbo\/wp-json\/wp\/v2\/pages\/495","targetHints":{"allow":["GET"]}}],"collection":[{"href":"https:\/\/agora.xtec.cat\/cfasebastiajuanarbo\/wp-json\/wp\/v2\/pages"}],"about":[{"href":"https:\/\/agora.xtec.cat\/cfasebastiajuanarbo\/wp-json\/wp\/v2\/types\/page"}],"author":[{"embeddable":true,"href":"https:\/\/agora.xtec.cat\/cfasebastiajuanarbo\/wp-json\/wp\/v2\/users\/1"}],"replies":[{"embeddable":true,"href":"https:\/\/agora.xtec.cat\/cfasebastiajuanarbo\/wp-json\/wp\/v2\/comments?post=495"}],"version-history":[{"count":3,"href":"https:\/\/agora.xtec.cat\/cfasebastiajuanarbo\/wp-json\/wp\/v2\/pages\/495\/revisions"}],"predecessor-version":[{"id":713,"href":"https:\/\/agora.xtec.cat\/cfasebastiajuanarbo\/wp-json\/wp\/v2\/pages\/495\/revisions\/713"}],"up":[{"embeddable":true,"href":"https:\/\/agora.xtec.cat\/cfasebastiajuanarbo\/wp-json\/wp\/v2\/pages\/303"}],"wp:attachment":[{"href":"https:\/\/agora.xtec.cat\/cfasebastiajuanarbo\/wp-json\/wp\/v2\/media?parent=495"}],"curies":[{"name":"wp","href":"https:\/\/api.w.org\/{rel}","templated":true}]}}