{"id":320,"date":"2015-01-28T11:35:13","date_gmt":"2015-01-28T10:35:13","guid":{"rendered":"http:\/\/agora.xtec.cat\/cfasebastiajuanarbo\/?page_id=320"},"modified":"2021-09-10T14:05:57","modified_gmt":"2021-09-10T12:05:57","slug":"a-cicles-formatius-de-grau-superior","status":"publish","type":"page","link":"https:\/\/agora.xtec.cat\/cfasebastiajuanarbo\/ensenyaments\/ensenyaments-per-a-la-preparacio-de-proves-dacces\/a-cicles-formatius-de-grau-superior\/","title":{"rendered":"Preparaci\u00f3 per a les proves d\u2019acc\u00e9s a grau superior"},"content":{"rendered":"<h4><span style=\"color: #0056b8;\"><strong>Informaci\u00f3 general<\/strong><\/span><\/h4>\n<p style=\"text-align: justify;\">Aquests estudis preparen per presentar-se a les proves d&#8217;acc\u00e9s als cicles de grau superior de formaci\u00f3 professional, d&#8217;arts pl\u00e0stiques i disseny i d&#8217;ensenyaments esportius. L&#8217;alumnat pot preparar la part comuna de la prova, la part espec\u00edfica, o totes dues.<\/p>\n<p style=\"text-align: justify;\">La durada m\u00ednima per a la preparaci\u00f3 de les proves d&#8217;acc\u00e9s al grau superior \u00e9s de 300 hores per a la part comuna i de 99 hores per a les dues mat\u00e8ries de la part espec\u00edfica.<\/p>\n<p style=\"text-align: justify;\">La qualificaci\u00f3 que s&#8217;obt\u00e9 en aquesta formaci\u00f3 es multiplica pel coeficient 0,20 i se suma a la nota de la prova d&#8217;acc\u00e9s.<\/p>\n<p>Vegeu el\u00a0<a href=\"https:\/\/documents.espai.educacio.gencat.cat\/IPCNormativa\/DOIGC\/CUR_Batxillerat.pdf\" target=\"_blank\" rel=\"noopener noreferrer\">curr\u00edculum\u00a0<\/a>d\u2019aquests estudis.<\/p>\n<p>&nbsp;<\/p>\n<h4><span style=\"color: #0056b8;\"><strong>Acc\u00e9s<\/strong><\/span><\/h4>\n<p>Poden accedir a aquests estudis les persones que tinguin m\u00e9s de 18 anys o els compleixen durant l&#8217;any natural en qu\u00e8 s&#8217;inicia la formaci\u00f3.<\/p>\n<p>Cal tenir en compte que per realitzar les proves d&#8217;acc\u00e9s als cicles formatius de grau superior s&#8217;han de tenir m\u00e9s de 19 anys o complir-los l&#8217;any natural en qu\u00e8 es realitza la prova.<\/p>\n<div id=\"div_03\" class=\"CS_paddingTop10 nomargeleft display\">\n<div class=\"FW_bColCos dotted\">\n<div><\/div>\n<div>\n<p>&nbsp;<\/p>\n<h4><span style=\"color: #0056b8;\"><strong>Tr\u00e0mits<\/strong><\/span><\/h4>\n<\/div>\n<\/div>\n<\/div>\n<p>Per cursar aquest ensenyament cal formalitzar la\u00a0<a href=\"https:\/\/agora.xtec.cat\/cfasebastiajuanarbo\/matricula\/preinscripcio-curs-escolar-2020-2021\/\">matr\u00edcula<\/a>\u00a0d\u2019acord amb els criteris fixats pel Departament d\u2019Educaci\u00f3. Aquests cursos s\u00f3n gratu\u00efts.<\/p>\n<div id=\"div_03\" class=\"CS_paddingTop10 nomargeleft display\">\n<div class=\"FW_bColCos dotted\">\n<div><\/div>\n<div>\n<p>&nbsp;<\/p>\n<h4><span style=\"color: #0056b8;\"><strong>Continguts<\/strong><\/span><\/h4>\n<\/div>\n<\/div>\n<\/div>\n<h6 style=\"padding-left: 60px;\"><strong>Mat\u00e8ries de la part comuna<\/strong><\/h6>\n<p style=\"padding-left: 90px;\">&#8211; Llengua catalana i castellana<br \/>\n&#8211; Llengua estrangera<br \/>\n&#8211; Matem\u00e0tiques<br \/>\n&#8211; Hist\u00f2ria (mat\u00e8ria comuna nom\u00e9s per accedir als ensenyaments art\u00edstics)<\/p>\n<h6 style=\"padding-left: 60px;\"><strong>Mat\u00e8ries de la part espec\u00edfica<\/strong><\/h6>\n<p style=\"padding-left: 90px; text-align: justify;\">Segons la fam\u00edlia professional o cicle al qual l&#8217;alumne vol accedir, cal escollir dues mat\u00e8ries de les opcions A, B, C o D:<\/p>\n<h6 style=\"padding-left: 60px;\"><img loading=\"lazy\" decoding=\"async\" class=\"size-full wp-image-762 aligncenter\" src=\"http:\/\/agora.xtec.cat\/cfasebastiajuanarbo\/wp-content\/uploads\/usu957\/2018\/09\/Fam\u00edlies-prof.jpg\" alt=\"\" width=\"661\" height=\"592\" srcset=\"https:\/\/agora.xtec.cat\/cfasebastiajuanarbo\/wp-content\/uploads\/usu957\/2018\/09\/Fam\u00edlies-prof.jpg 661w, https:\/\/agora.xtec.cat\/cfasebastiajuanarbo\/wp-content\/uploads\/usu957\/2018\/09\/Fam\u00edlies-prof-300x269.jpg 300w\" sizes=\"auto, (max-width: 661px) 100vw, 661px\" \/><\/h6>\n<p style=\"padding-left: 80px;\">En alguns casos es poden convalidar aquestes dues assignatures espec\u00edfiques acreditant experi\u00e8ncia laboral relacionada amb el sector de la fam\u00edlia professional del m\u00f2dul que es cursar\u00e0 en el futur.<\/p>\n<p>\u00a0 \u00a0 \u00a0 \u00a0 \u00a0 \u00a0 \u00a0 \u00a0 \u00a0 <a href=\"https:\/\/agora.xtec.cat\/cfasebastiajuanarbo\/models-prova-dacces-grau-superior-part-especifica\/\">Aqu\u00ed<\/a> es poden veure alguns models d&#8217;examen per a les Proves d&#8217;Acc\u00e9s de Grau Superior (part espec\u00edfica).<\/p>\n<p style=\"padding-left: 80px;\">El temari i els criteris d&#8217;avaluaci\u00f3 de cadascuna de les mat\u00e8ries s\u00f3n els que consten a l&#8217;annex 1 de la <a title=\"V\u00e9s al DOGC\" href=\"http:\/\/dogc.gencat.cat\/ca\/pdogc_canals_interns\/pdogc_resultats_fitxa\/?action=fitxa&amp;mode=single&amp;documentId=567520&amp;language=ca_ES\" target=\"_blank\" rel=\"noopener noreferrer\">Resoluci\u00f3 EDU\/3983\/2010<\/a>, de 9 de desembre.<\/p>\n<div><\/div>\n<div>\n<p>&nbsp;<\/p>\n<h4><span style=\"color: #0056b8;\"><strong>Horari, aula i tutor (curs escolar 2021\/2022)<\/strong><\/span><\/h4>\n<h5><\/h5>\n<h5><span style=\"color: #000000;\">Part comuna<\/span><\/h5>\n<\/div>\n<div class=\"CS_fFons_DestaquemPeu CS_fFons_DestaquemPeu2\">\n<p><a href=\"https:\/\/agora.xtec.cat\/cfasebastiajuanarbo\/wp-content\/uploads\/usu957\/2020\/06\/horari_Gs_dalt.jpg\"><img loading=\"lazy\" decoding=\"async\" class=\"size-large wp-image-1308 alignleft\" src=\"https:\/\/agora.xtec.cat\/cfasebastiajuanarbo\/wp-content\/uploads\/usu957\/2020\/06\/horari_Gs_dalt-1024x60.jpg\" alt=\"\" width=\"1024\" height=\"60\" srcset=\"https:\/\/agora.xtec.cat\/cfasebastiajuanarbo\/wp-content\/uploads\/usu957\/2020\/06\/horari_Gs_dalt-1024x60.jpg 1024w, https:\/\/agora.xtec.cat\/cfasebastiajuanarbo\/wp-content\/uploads\/usu957\/2020\/06\/horari_Gs_dalt-300x18.jpg 300w, https:\/\/agora.xtec.cat\/cfasebastiajuanarbo\/wp-content\/uploads\/usu957\/2020\/06\/horari_Gs_dalt-768x45.jpg 768w, https:\/\/agora.xtec.cat\/cfasebastiajuanarbo\/wp-content\/uploads\/usu957\/2020\/06\/horari_Gs_dalt.jpg 1143w\" sizes=\"auto, (max-width: 1024px) 100vw, 1024px\" \/><\/a><a href=\"https:\/\/agora.xtec.cat\/cfasebastiajuanarbo\/wp-content\/uploads\/usu957\/2020\/09\/PPGS.png\"><img loading=\"lazy\" decoding=\"async\" class=\"aligncenter wp-image-1466 size-full\" src=\"https:\/\/agora.xtec.cat\/cfasebastiajuanarbo\/wp-content\/uploads\/usu957\/2020\/09\/PPGS.png\" alt=\"\" width=\"948\" height=\"243\" srcset=\"https:\/\/agora.xtec.cat\/cfasebastiajuanarbo\/wp-content\/uploads\/usu957\/2020\/09\/PPGS.png 948w, https:\/\/agora.xtec.cat\/cfasebastiajuanarbo\/wp-content\/uploads\/usu957\/2020\/09\/PPGS-300x77.png 300w, https:\/\/agora.xtec.cat\/cfasebastiajuanarbo\/wp-content\/uploads\/usu957\/2020\/09\/PPGS-768x197.png 768w\" sizes=\"auto, (max-width: 948px) 100vw, 948px\" \/><\/a><\/p>\n<\/div>\n<div>\n<h5 class=\"CS_fFons_DestaquemPeu CS_fFons_DestaquemPeu2\"><\/h5>\n<\/div>\n<div><\/div>\n<div>\n<h5><span style=\"color: #000000;\">Part espec\u00edfica<\/span><\/h5>\n<ul>\n<li>Segons la fam\u00edlia professional o cicle al qual l\u2019alumne vol accedir, cal escollir dues assignatures espec\u00edfiques que es cursaran per l\u2019Institut Obert de Catalunya (IOC).<\/li>\n<\/ul>\n<p>En alguns casos es poden convalidar aquestes dues assignatures espec\u00edfiques acreditant experi\u00e8ncia laboral relacionada amb el sector de la fam\u00edlia professional del m\u00f2dul que es cursar\u00e0 en el futur.<\/p>\n<h4><\/h4>\n<h4><\/h4>\n<h4><span style=\"color: #0056b8;\"><strong>Material necessari<\/strong><\/span><\/h4>\n<\/div>\n<div>\n<p><strong>Matem\u00e0tiques<\/strong><br \/>\n<strong>Material necessari:\u00a0<\/strong>Matem\u00e0tiques per a la prova d&#8217;acc\u00e9s a cicles formatius de grau superior. Alicia Espuig (MARCOMBO FORMACI\u00d3N). ISBN: 978-84-267-1762-7.<\/p>\n<p class=\"FW_bColCos dotted\"><strong>Catal\u00e0<br \/>\nMaterial necessari: <\/strong>Dossier &#8220;Catal\u00e0 &#8211; Preparaci\u00f3 Proves Grau Superior&#8221; (s&#8217;encomana a la professora el primer dia de classe).<\/p>\n<p class=\"FW_bColCos dotted\"><strong>Castell\u00e0<\/strong><br \/>\n<strong>Material necessari:<\/strong> Dossier &#8220;Castell\u00e0 &#8211; Preparaci\u00f3 Proves Grau Superior&#8221;(s&#8217;encomana a la professora el primer dia de classe).<\/p>\n<p><strong>Angl\u00e8s<\/strong><br \/>\n<strong>Material necessari:\u00a0<\/strong>Contrast for Batxillerat (student\u2019s book). Burlington books. ISBN: 9789963485154; Dossier refor\u00e7 angl\u00e8s Grau Superior (s&#8217;encomana a la professora el primer dia de classe, previ pagament de 2,80\u20ac).<\/p>\n<p>&nbsp;<\/p>\n<\/div>\n<h4><span style=\"color: #0056b8;\"><strong>Informaci\u00f3 IMPORTANT del Departament d&#8217;Educaci\u00f3<\/strong><\/span><\/h4>\n<p>&nbsp;<\/p>\n<p><a href=\"http:\/\/ensenyament.gencat.cat\/ca\/serveis-tramits\/proves\/proves-acces\/gs-fp\/\"><img loading=\"lazy\" decoding=\"async\" class=\"aligncenter wp-image-1307\" src=\"https:\/\/agora.xtec.cat\/cfasebastiajuanarbo\/wp-content\/uploads\/usu957\/2020\/06\/info_dept_gs-1024x520.jpg\" alt=\"\" width=\"924\" height=\"469\" srcset=\"https:\/\/agora.xtec.cat\/cfasebastiajuanarbo\/wp-content\/uploads\/usu957\/2020\/06\/info_dept_gs-1024x520.jpg 1024w, https:\/\/agora.xtec.cat\/cfasebastiajuanarbo\/wp-content\/uploads\/usu957\/2020\/06\/info_dept_gs-300x152.jpg 300w, https:\/\/agora.xtec.cat\/cfasebastiajuanarbo\/wp-content\/uploads\/usu957\/2020\/06\/info_dept_gs-768x390.jpg 768w, https:\/\/agora.xtec.cat\/cfasebastiajuanarbo\/wp-content\/uploads\/usu957\/2020\/06\/info_dept_gs.jpg 1667w\" sizes=\"auto, (max-width: 924px) 100vw, 924px\" \/><\/a><\/p>\n<div>\n<p>&nbsp;<\/p>\n<div>\n<h4><span style=\"color: #0056b8;\"><strong>Continu\u00eftat<\/strong><\/span><\/h4>\n<\/div>\n<\/div>\n<div class=\"entry-content\">\n<div class=\"CS_fFons_DestaquemPeu CS_fFons_DestaquemPeu2\">\n<div class=\"CS_fFons_DestaquemPeu CS_fFons_DestaquemPeu2\">\n<div class=\"CS_fFons_DestaquemB CS_fFons_DestaquemB2\">\n<div id=\"div_05\" class=\"CS_paddingTop10 nomargeleft display\">\n<div class=\"FW_bColCos dotted\">\n<p>La qualificaci\u00f3 que s\u2019obt\u00e9 en aquesta formaci\u00f3 es multiplica pel coeficient 0,20 i se suma a la nota de la prova d\u2019acc\u00e9s. Si el resultat \u00e9s \u201capte\u201d, un cop finalitzat aquest curs es podr\u00e0 accedir a qualsevol cicle formatiu de grau superior.<\/p>\n<\/div>\n<\/div>\n<\/div>\n<\/div>\n<\/div>\n<\/div>\n<hr \/>\n<h4><span style=\"color: #0056b8;\"><strong>Normativa<\/strong><\/span><\/h4>\n<p style=\"text-align: justify;\"><a title=\"V\u00e9s al DOGC\" href=\"http:\/\/dogc.gencat.cat\/ca\/pdogc_canals_interns\/pdogc_resultats_fitxa\/index.html?action=fitxa&amp;mode=single&amp;documentId=567520&amp;language=es_ES&amp;newLang=ca_ES\" target=\"_blank\" rel=\"noopener noreferrer\">Resoluci\u00f3 EDU\/3983\/2010<\/a>, de 9 de desembre, per la qual s&#8217;estableixen els temaris i els criteris d&#8217;avaluaci\u00f3 de les proves d&#8217;acc\u00e9s als cicles formatius de formaci\u00f3 professional inicial, als cicles formatius d&#8217;ensenyaments d&#8217;arts pl\u00e0stiques i disseny, i als cicles d&#8217;ensenyaments esportius (DOGC n\u00fam. 5778, de 20.12.2010).<\/p>\n<p>&nbsp;<\/p>\n","protected":false},"excerpt":{"rendered":"<p>Informaci\u00f3 general<br \/>\nAquests estudis preparen per presentar-se a les proves d&#8217;acc\u00e9s als cicles de grau superior de formaci\u00f3 professional, d&#8217;arts pl\u00e0stiques i disseny i d&#8217;ensenyaments esportius. L&#8217;alumnat pot preparar la part comuna de la prova, la part espec\u00edfica, o totes dues.<br \/>\nLa durada m\u00ednima per a la&hellip;  <a href=\"https:\/\/agora.xtec.cat\/cfasebastiajuanarbo\/ensenyaments\/ensenyaments-per-a-la-preparacio-de-proves-dacces\/a-cicles-formatius-de-grau-superior\/\" title=\"Read Preparaci\u00f3 per a les proves d\u2019acc\u00e9s a grau superior\">Llegeix m\u00e9s\u00bb<\/a><\/p>\n","protected":false},"author":1,"featured_media":0,"parent":288,"menu_order":0,"comment_status":"closed","ping_status":"closed","template":"page-templates\/side-menu.php","meta":{"_bbp_topic_count":0,"_bbp_reply_count":0,"_bbp_total_topic_count":0,"_bbp_total_reply_count":0,"_bbp_voice_count":0,"_bbp_anonymous_reply_count":0,"_bbp_topic_count_hidden":0,"_bbp_reply_count_hidden":0,"_bbp_forum_subforum_count":0,"footnotes":""},"class_list":["post-320","page","type-page","status-publish","hentry"],"post_mailing_queue_ids":[],"_links":{"self":[{"href":"https:\/\/agora.xtec.cat\/cfasebastiajuanarbo\/wp-json\/wp\/v2\/pages\/320","targetHints":{"allow":["GET"]}}],"collection":[{"href":"https:\/\/agora.xtec.cat\/cfasebastiajuanarbo\/wp-json\/wp\/v2\/pages"}],"about":[{"href":"https:\/\/agora.xtec.cat\/cfasebastiajuanarbo\/wp-json\/wp\/v2\/types\/page"}],"author":[{"embeddable":true,"href":"https:\/\/agora.xtec.cat\/cfasebastiajuanarbo\/wp-json\/wp\/v2\/users\/1"}],"replies":[{"embeddable":true,"href":"https:\/\/agora.xtec.cat\/cfasebastiajuanarbo\/wp-json\/wp\/v2\/comments?post=320"}],"version-history":[{"count":5,"href":"https:\/\/agora.xtec.cat\/cfasebastiajuanarbo\/wp-json\/wp\/v2\/pages\/320\/revisions"}],"predecessor-version":[{"id":1851,"href":"https:\/\/agora.xtec.cat\/cfasebastiajuanarbo\/wp-json\/wp\/v2\/pages\/320\/revisions\/1851"}],"up":[{"embeddable":true,"href":"https:\/\/agora.xtec.cat\/cfasebastiajuanarbo\/wp-json\/wp\/v2\/pages\/288"}],"wp:attachment":[{"href":"https:\/\/agora.xtec.cat\/cfasebastiajuanarbo\/wp-json\/wp\/v2\/media?parent=320"}],"curies":[{"name":"wp","href":"https:\/\/api.w.org\/{rel}","templated":true}]}}