{"id":312,"date":"2015-01-28T11:32:38","date_gmt":"2015-01-28T10:32:38","guid":{"rendered":"http:\/\/agora.xtec.cat\/cfasebastiajuanarbo\/?page_id=312"},"modified":"2025-09-05T11:02:09","modified_gmt":"2025-09-05T09:02:09","slug":"llengua-anglesa","status":"publish","type":"page","link":"https:\/\/agora.xtec.cat\/cfasebastiajuanarbo\/ensenyaments\/llengua-anglesa\/","title":{"rendered":"Angl\u00e8s"},"content":{"rendered":"<h4><strong><span style=\"color: #0056b8;\">Informaci\u00f3 general<\/span><\/strong><\/h4>\n<p>Aquests estudis tenen com a objectiu que les persones adultes assoleixin un grau de compet\u00e8ncia b\u00e0sica per a comunicar-se en llengua anglesa i s&#8217;imparteixen en tres nivells: llengua anglesa nivell 1, 2 i 3, que corresponen als nivells A1, A2.1 i A2.2 del MECR (Marc europeu com\u00fa de refer\u00e8ncia per a les lleng\u00fces).<\/p>\n<p>En els tres nivells es treballen les habilitats de comprensi\u00f3 i expressi\u00f3 orals i escrites que permeten fer front a la major part de situacions ling\u00fc\u00edstiques de la vida quotidiana i comunicar-se de forma b\u00e0sica en un entorn pluriling\u00fce i multicultural.<\/p>\n<p>Vegeu el\u00a0<a href=\"https:\/\/dogc.gencat.cat\/ca\/pdogc_canals_interns\/pdogc_resultats_fitxa\/index.html?action=fitxa&amp;mode=single&amp;documentId=821281&amp;language=es_ES&amp;newLang=ca_ES\" target=\"_blank\" rel=\"noopener noreferrer\">curr\u00edculum\u00a0<\/a>d\u2019aquests estudis.<\/p>\n<h4><\/h4>\n<h4><strong><span style=\"color: #0056b8;\">Acc\u00e9s<\/span><\/strong><\/h4>\n<p class=\"CS_fFons_DestaquemB CS_fFons_DestaquemB2\"><span style=\"font-family: inherit; font-size: 1em;\">Poden accedir a aquests estudis totes les persones que tenen m\u00e9s de 18 anys o b\u00e9 els compleixen durant l&#8217;any natural en qu\u00e8 inicien la formaci\u00f3.<\/span><\/p>\n<h4><\/h4>\n<div><\/div>\n<div id=\"div_03\" class=\"CS_paddingTop10 nomargeleft display\">\n<div class=\"FW_bColCos dotted\">\n<div>\n<h4><strong><span style=\"color: #0056b8;\">Tr\u00e0mits<\/span><\/strong><\/h4>\n<\/div>\n<\/div>\n<\/div>\n<p>Per cursar aquest ensenyament cal formalitzar la <a href=\"https:\/\/agora.xtec.cat\/cfasebastiajuanarbo\/matricula\/preinscripcio-curs-escolar-2020-2021\/\">matr\u00edcula<\/a> d&#8217;acord amb els criteris fixats pel Departament d&#8217;Educaci\u00f3. Aquests cursos s\u00f3n gratu\u00efts.<\/p>\n<h4><\/h4>\n<div id=\"div_03\" class=\"CS_paddingTop10 nomargeleft display\">\n<div class=\"FW_bColCos dotted\">\n<div>\n<h4><strong><span style=\"color: #0056b8;\">Cursos que oferim<\/span><\/strong><\/h4>\n<\/div>\n<\/div>\n<\/div>\n<p><strong>Angl\u00e8s inicial<\/strong><br \/>\n<strong>Adre\u00e7at a:<\/strong> aquelles persones que no hagin tingut mai contacte amb la llengua anglesa.<br \/>\n<strong>Hores anuals:<\/strong> 105 hores (3 hores setmanals).<\/p>\n<div class=\"CS_fFons_DestaquemPeu CS_fFons_DestaquemPeu2\">\n<p class=\"FW_bColCos dotted\"><strong>Angl\u00e8s 1 (A1.2*)<\/strong><br \/>\n<strong>Adre\u00e7at a:<\/strong> aquelles persones que vulguin adquirir les primeres habilitats comunicatives en angl\u00e8s.<br \/>\n<strong>Hores anuals:<\/strong> 105 hores (3 hores setmanals).<\/p>\n<p><strong>Angl\u00e8s 2 (A2.1*)<\/strong><br \/>\n<strong>Adre\u00e7at a:<\/strong> aquelles persones que estan iniciades a l&#8217;angl\u00e8s i el volen perfeccionar.<br \/>\n<strong>Hores anuals:<\/strong> 140 hores (4 hores setmanals).<\/p>\n<div class=\"CS_fFons_DestaquemB CS_fFons_DestaquemB2\">\n<p id=\"div_05\" class=\"CS_paddingTop10 nomargeleft display\"><strong>Angl\u00e8s 3 (A2.2*)<\/strong><br \/>\n<strong>Adre\u00e7at a:<\/strong> aquelles persones que estan iniciades a l&#8217;angl\u00e8s i el volen perfeccionar.<br \/>\n<strong>Hores anuals:<\/strong> 140 hores (4 hores setmanals).<\/p>\n<\/div>\n<div class=\"CS_fFons_DestaquemPeu CS_fFons_DestaquemPeu2\" style=\"text-align: left;\"><\/div>\n<p><em>*Nivell del MECR (marc europeu com\u00fa de refer\u00e8ncia per a les lleng\u00fces: aprendre, ensenyar, avaluar).<\/em><\/p>\n<\/div>\n<h4><\/h4>\n<div>\n<h4><span style=\"color: #0056b8;\"><strong>Horari, aula i tutor (curs escolar 2025\/2026)\u00a0<\/strong><\/span><\/h4>\n<\/div>\n<p><img loading=\"lazy\" decoding=\"async\" class=\"aligncenter size-full wp-image-3182\" src=\"https:\/\/agora.xtec.cat\/cfasebastiajuanarbo\/wp-content\/uploads\/usu957\/2025\/06\/ang.jpg\" alt=\"\" width=\"843\" height=\"106\" srcset=\"https:\/\/agora.xtec.cat\/cfasebastiajuanarbo\/wp-content\/uploads\/usu957\/2025\/06\/ang.jpg 843w, https:\/\/agora.xtec.cat\/cfasebastiajuanarbo\/wp-content\/uploads\/usu957\/2025\/06\/ang-300x38.jpg 300w, https:\/\/agora.xtec.cat\/cfasebastiajuanarbo\/wp-content\/uploads\/usu957\/2025\/06\/ang-768x97.jpg 768w\" sizes=\"auto, (max-width: 843px) 100vw, 843px\" \/><\/p>\n<h4><\/h4>\n<h4><strong><span style=\"color: #0056b8;\">Material necessari<\/span><br \/>\n<\/strong><\/h4>\n<div>\n<p><strong>Angl\u00e8s inicial\u00a0<\/strong><br \/>\n<strong>Material necessari:<\/strong> English File 4th edition <strong>A1 <\/strong>(student&#8217;s book and workbook without key pack);<span class=\"detail-bullet-label a-text-bold\">\u00a0ISBN:\u00a0<\/span>978-0194029674. <em>N<span style=\"font-family: inherit; font-size: 1em;\">om\u00e9s es treballaran les 6 primeres unitats<\/span><\/em><\/p>\n<p class=\"FW_bColCos dotted\"><em><strong>Angl\u00e8s 1 (A1*)<\/strong><\/em><br \/>\n<strong>Material necessari:<\/strong> English File 4th edition <strong>A1<\/strong> (student&#8217;s book and workbook without key pack);<span class=\"detail-bullet-label a-text-bold\">\u00a0ISBN:\u00a0<\/span>978-0194029674.<\/p>\n<p><strong>Angl\u00e8s 2 (A2.1*)<\/strong><br \/>\n<strong>Material necessari:<\/strong> English File 4th edition <strong>A1-A2<\/strong> (student&#8217;s book and workbook without key pack);<span class=\"detail-bullet-label a-text-bold\"> ISBN: 978-0194031394.<\/span><\/p>\n<p class=\"CS_fFons_DestaquemPeu CS_fFons_DestaquemPeu2\" style=\"text-align: left;\"><strong>Angl\u00e8s 3 (A2.2*)<\/strong><br \/>\n<strong>Material necessari:<\/strong> English File 4th edition <strong>A2-B1<\/strong> (student&#8217;s book and workbook without key pack);<span class=\"detail-bullet-label a-text-bold\"> ISBN: 978-0194037457.<\/span><\/p>\n<\/div>\n<div>\n<div><\/div>\n<div>\n<h4><strong><span style=\"color: #0056b8;\">Continu\u00eftat<\/span><\/strong><\/h4>\n<\/div>\n<\/div>\n<div class=\"entry-content\">\n<div class=\"CS_fFons_DestaquemPeu CS_fFons_DestaquemPeu2\">\n<div class=\"CS_fFons_DestaquemPeu CS_fFons_DestaquemPeu2\">\n<div class=\"CS_fFons_DestaquemB CS_fFons_DestaquemB2\">\n<div id=\"div_05\" class=\"CS_paddingTop10 nomargeleft display\">\n<div class=\"FW_bColCos dotted\">\n<p>Un cop finalitzats aquests estudis, es pot accedir directament al tercer curs de l&#8217;Escola Oficial d&#8217;Idiomes sense necessitat de fer cap prova de nivell.<\/p>\n<\/div>\n<\/div>\n<\/div>\n<\/div>\n<div class=\"CS_fFons_DestaquemPeu CS_fFons_DestaquemPeu2\">\n<hr \/>\n<h5><span style=\"color: #0056b8;\"><strong>Normativa<\/strong><\/span><\/h5>\n<\/div>\n<div class=\"CS_fFons_DestaquemPeu CS_fFons_DestaquemPeu2\">\n<ul>\n<li>\n<p class=\"titol\"><a href=\"https:\/\/dogc.gencat.cat\/ca\/pdogc_canals_interns\/pdogc_resultats_fitxa\/index.html?action=fitxa&amp;mode=single&amp;documentId=821281&amp;language=es_ES&amp;newLang=ca_ES\">RESOLUCI\u00d3 ENS\/1403\/2018, de 21 de juny, per la qual s&#8217;estableix el curr\u00edculum de lleng\u00fces estrangeres als centres de formaci\u00f3 d&#8217;adults del Departament d&#8217;Ensenyament.<\/a><\/p>\n<\/li>\n<\/ul>\n<p>&nbsp;<\/p>\n<\/div>\n<\/div>\n<\/div>\n","protected":false},"excerpt":{"rendered":"<p>Informaci\u00f3 general<br \/>\nAquests estudis tenen com a objectiu que les persones adultes assoleixin un grau de compet\u00e8ncia b\u00e0sica per a comunicar-se en llengua anglesa i s&#8217;imparteixen en tres nivells: llengua anglesa nivell 1, 2 i 3, que corresponen als nivells A1, A2.1 i A2.2 del MECR&hellip;  <a href=\"https:\/\/agora.xtec.cat\/cfasebastiajuanarbo\/ensenyaments\/llengua-anglesa\/\" title=\"Read Angl\u00e8s\">Llegeix m\u00e9s\u00bb<\/a><\/p>\n","protected":false},"author":1,"featured_media":0,"parent":274,"menu_order":1,"comment_status":"closed","ping_status":"closed","template":"page-templates\/side-menu.php","meta":{"_bbp_topic_count":0,"_bbp_reply_count":0,"_bbp_total_topic_count":0,"_bbp_total_reply_count":0,"_bbp_voice_count":0,"_bbp_anonymous_reply_count":0,"_bbp_topic_count_hidden":0,"_bbp_reply_count_hidden":0,"_bbp_forum_subforum_count":0,"footnotes":""},"class_list":["post-312","page","type-page","status-publish","hentry"],"post_mailing_queue_ids":[],"_links":{"self":[{"href":"https:\/\/agora.xtec.cat\/cfasebastiajuanarbo\/wp-json\/wp\/v2\/pages\/312","targetHints":{"allow":["GET"]}}],"collection":[{"href":"https:\/\/agora.xtec.cat\/cfasebastiajuanarbo\/wp-json\/wp\/v2\/pages"}],"about":[{"href":"https:\/\/agora.xtec.cat\/cfasebastiajuanarbo\/wp-json\/wp\/v2\/types\/page"}],"author":[{"embeddable":true,"href":"https:\/\/agora.xtec.cat\/cfasebastiajuanarbo\/wp-json\/wp\/v2\/users\/1"}],"replies":[{"embeddable":true,"href":"https:\/\/agora.xtec.cat\/cfasebastiajuanarbo\/wp-json\/wp\/v2\/comments?post=312"}],"version-history":[{"count":8,"href":"https:\/\/agora.xtec.cat\/cfasebastiajuanarbo\/wp-json\/wp\/v2\/pages\/312\/revisions"}],"predecessor-version":[{"id":3213,"href":"https:\/\/agora.xtec.cat\/cfasebastiajuanarbo\/wp-json\/wp\/v2\/pages\/312\/revisions\/3213"}],"up":[{"embeddable":true,"href":"https:\/\/agora.xtec.cat\/cfasebastiajuanarbo\/wp-json\/wp\/v2\/pages\/274"}],"wp:attachment":[{"href":"https:\/\/agora.xtec.cat\/cfasebastiajuanarbo\/wp-json\/wp\/v2\/media?parent=312"}],"curies":[{"name":"wp","href":"https:\/\/api.w.org\/{rel}","templated":true}]}}