{"id":2426,"date":"2022-11-28T18:50:58","date_gmt":"2022-11-28T17:50:58","guid":{"rendered":"https:\/\/agora.xtec.cat\/cfasebastiajuanarbo\/?page_id=2426"},"modified":"2022-11-28T18:51:10","modified_gmt":"2022-11-28T17:51:10","slug":"serveis-digitals","status":"publish","type":"page","link":"https:\/\/agora.xtec.cat\/cfasebastiajuanarbo\/serveis-digitals\/","title":{"rendered":"Serveis digitals"},"content":{"rendered":"<p>Al CFA Sebasti\u00e0 Juan Arb\u00f3 disposem dels serveis digitals seg\u00fcents:<\/p>\n<ul style=\"list-style-type: circle;\">\n<li>Ordinadors de sobretaula a la sala de professorat<\/li>\n<li>Aula d&#8217;inform\u00e0tica totalment equipada per a cursos Competic de tots els nivells amb PDI.<\/li>\n<li>Aula de treball amb dos ordinadors de sobretaula i una PDI.<\/li>\n<li>Port\u00e0tils per a l&#8217;\u00fas del professorat.<\/li>\n<li>Impressora\/fotocopiadora Konika Minolta.<\/li>\n<li>Xarxa Wifi LAN transformada compartida amb l&#8217;Institut Montsi\u00e0.<\/li>\n<\/ul>\n<p>&nbsp;<\/p>\n","protected":false},"excerpt":{"rendered":"<p>Al CFA Sebasti\u00e0 Juan Arb\u00f3 disposem dels serveis digitals seg\u00fcents:<\/p>\n<ul style=\"list-style-type: circle;\">\n<li>Ordinadors de sobretaula a la sala de professorat<\/li>\n<li>Aula d&#8217;inform\u00e0tica totalment equipada per a cursos Competic de tots els nivells amb PDI.<\/li>\n<li>Aula de treball amb dos ordinadors de sobretaula i una PDI.<\/li>\n<li>Port\u00e0tils per a l&#8217;\u00fas&hellip;  <a href=\"https:\/\/agora.xtec.cat\/cfasebastiajuanarbo\/serveis-digitals\/\" title=\"Read Serveis digitals\">Llegeix m\u00e9s\u00bb<\/a><br \/>\n","protected":false},"author":1,"featured_media":0,"parent":0,"menu_order":0,"comment_status":"closed","ping_status":"closed","template":"","meta":{"_bbp_topic_count":0,"_bbp_reply_count":0,"_bbp_total_topic_count":0,"_bbp_total_reply_count":0,"_bbp_voice_count":0,"_bbp_anonymous_reply_count":0,"_bbp_topic_count_hidden":0,"_bbp_reply_count_hidden":0,"_bbp_forum_subforum_count":0,"footnotes":""},"class_list":["post-2426","page","type-page","status-publish","hentry"],"post_mailing_queue_ids":[],"_links":{"self":[{"href":"https:\/\/agora.xtec.cat\/cfasebastiajuanarbo\/wp-json\/wp\/v2\/pages\/2426","targetHints":{"allow":["GET"]}}],"collection":[{"href":"https:\/\/agora.xtec.cat\/cfasebastiajuanarbo\/wp-json\/wp\/v2\/pages"}],"about":[{"href":"https:\/\/agora.xtec.cat\/cfasebastiajuanarbo\/wp-json\/wp\/v2\/types\/page"}],"author":[{"embeddable":true,"href":"https:\/\/agora.xtec.cat\/cfasebastiajuanarbo\/wp-json\/wp\/v2\/users\/1"}],"replies":[{"embeddable":true,"href":"https:\/\/agora.xtec.cat\/cfasebastiajuanarbo\/wp-json\/wp\/v2\/comments?post=2426"}],"version-history":[{"count":2,"href":"https:\/\/agora.xtec.cat\/cfasebastiajuanarbo\/wp-json\/wp\/v2\/pages\/2426\/revisions"}],"predecessor-version":[{"id":2483,"href":"https:\/\/agora.xtec.cat\/cfasebastiajuanarbo\/wp-json\/wp\/v2\/pages\/2426\/revisions\/2483"}],"wp:attachment":[{"href":"https:\/\/agora.xtec.cat\/cfasebastiajuanarbo\/wp-json\/wp\/v2\/media?parent=2426"}],"curies":[{"name":"wp","href":"https:\/\/api.w.org\/{rel}","templated":true}]}}