{"id":1988,"date":"2022-02-28T10:00:45","date_gmt":"2022-02-28T09:00:45","guid":{"rendered":"https:\/\/agora.xtec.cat\/cfasebastiajuanarbo\/?page_id=1988"},"modified":"2023-02-26T10:21:46","modified_gmt":"2023-02-26T09:21:46","slug":"planificacio-de-les-activitats","status":"publish","type":"page","link":"https:\/\/agora.xtec.cat\/cfasebastiajuanarbo\/planificacio-de-les-activitats\/","title":{"rendered":"Planificaci\u00f3 de les activitats"},"content":{"rendered":"<p>A continuaci\u00f3 es detallen les activitats a desenvolupar per tal d&#8217;acomplir els objectius de l&#8217;EDC.<\/p>\n<p><strong>OBJECTIU 1: Introduir al PEC objectius que fomenten la compet\u00e8ncia digital al centre<\/strong><\/p>\n<ul>\n<li><a href=\"https:\/\/docs.google.com\/spreadsheets\/d\/e\/2PACX-1vSaGfrhcyk-j5gMN9nTa-4g8bW0CyB9BguVFQAvqwmDSWaXEJ_e3cjHlOKsh4nZMUDqzRA6qM21_9Gi\/pubhtml\">Activitat 1.1. Aprovaci\u00f3 per claustre les modificacions sobre la compet\u00e8ncia digital del centre incorporades al PEC<\/a><\/li>\n<li><a href=\"https:\/\/docs.google.com\/spreadsheets\/d\/e\/2PACX-1vSaGfrhcyk-j5gMN9nTa-4g8bW0CyB9BguVFQAvqwmDSWaXEJ_e3cjHlOKsh4nZMUDqzRA6qM21_9Gi\/pubhtml\">Activitat 1.2. Aprovaci\u00f3 per consell escolar les modificacions sobre la compet\u00e8ncia digital del centre incorporades al PEC<\/a><\/li>\n<\/ul>\n<p><strong>OBJECTIU 2: Introduir a les NOFC les modificacions corresponents a la EDC i als criteris d&#8217;us dels dispositius<\/strong><\/p>\n<ul>\n<li><a href=\"https:\/\/docs.google.com\/spreadsheets\/d\/e\/2PACX-1vQpwAufKd0gN3j_IhPuI9zGDSOaKW6sT8rVBWzMJH9X3aAWLiwTICZW07IexCXJzCxjBoXwRhvY0Vm_\/pubhtml\">Activitat 2.1. Aprovaci\u00f3 per claustre de les modificacions de les NOFC referents a l&#8217;EDC i els dispositius m\u00f2bils<\/a><\/li>\n<li><a href=\"https:\/\/docs.google.com\/spreadsheets\/d\/e\/2PACX-1vQpwAufKd0gN3j_IhPuI9zGDSOaKW6sT8rVBWzMJH9X3aAWLiwTICZW07IexCXJzCxjBoXwRhvY0Vm_\/pubhtml\">Activitat 2.2. Aprovaci\u00f3 per consell escolar de les modificacions de les NOFC referents a l&#8217;EDC i els dispositius m\u00f2bils<\/a><\/li>\n<\/ul>\n<p><strong>OBJECTIU 3: Redactar i publicar del Pla de Comunicaci\u00f3 del centre<\/strong><\/p>\n<ul>\n<li><a href=\"https:\/\/docs.google.com\/spreadsheets\/d\/e\/2PACX-1vR73jHLQ0pPfiYGP191pThBzlYrOoCiyN4PKoMKbXJyoNZO3OOB9S-vd5Nn83xgPBGjzZ-3cEplZorI\/pubhtml\">Activitat 3.1. Redactar i publicar del Pla de Comunicaci\u00f3 del centre<\/a><\/li>\n<\/ul>\n<p><strong>OBJECTIU 4: Potenciar la formaci\u00f3 en compet\u00e8ncia digital del claustre<\/strong><\/p>\n<ul>\n<li><a href=\"https:\/\/docs.google.com\/spreadsheets\/d\/e\/2PACX-1vQiW-uIBxtz5T0PfWoP0qDz3E63sqCrFypX648sDj6QG0Fa77MCU_XxnwP0j5LIFKx_frwRP1aoCzp7\/pubhtml\">Activitat 4.1. Realitzaci\u00f3 de la formaci\u00f3 FIC per part del professorat(40h)<\/a><\/li>\n<\/ul>\n<p><strong>OBJECTIU 5: Actualitzar les programacions de centre incloent en cada UD un apartat de compet\u00e8ncia digital<\/strong><\/p>\n<ul>\n<li>Activitat 5.1<\/li>\n<li><a href=\"https:\/\/docs.google.com\/spreadsheets\/d\/e\/2PACX-1vR6I9tySvO_HwcrZMZedL7Au9GHbtkqXQU1IlC-KifKfE0nrz7SUZeMlaLtFavEyzf9fwUmGloHwYNt\/pubhtml\">Activitat 5.2. Recull i actualitzaci\u00f3 amb activitats digitals de les programacions dels ensenyaments inicials\u00a0<\/a><\/li>\n<\/ul>\n<p><strong>OBJECTIU 6: Establir criteris d&#8217;avaluaci\u00f3 relacionats amb la compet\u00e8ncia digital<\/strong><\/p>\n<ul>\n<li><a href=\"https:\/\/docs.google.com\/spreadsheets\/d\/e\/2PACX-1vQzu-freSqk13yzmxed6RHXnJ_JnHT1LduZsgCM2NNszIcFfErKeBWF-FkMLQbg4X05w6Ew6RGqrU_7\/pubhtml\">Activitat 6.1.Creaci\u00f3 d&#8217;una r\u00fabrica transversal d&#8217;avaluaci\u00f3 de la compet\u00e8ncia digital de l&#8217;alumnat de GES II<\/a><\/li>\n<\/ul>\n<p>&nbsp;<\/p>\n<p>&nbsp;<\/p>\n","protected":false},"excerpt":{"rendered":"<p>A continuaci\u00f3 es detallen les activitats a desenvolupar per tal d&#8217;acomplir els objectius de l&#8217;EDC.<br \/>\nOBJECTIU 1: Introduir al PEC objectius que fomenten la compet\u00e8ncia digital al centre<\/p>\n<ul>\n<li><a href=\"https:\/\/docs.google.com\/spreadsheets\/d\/e\/2PACX-1vSaGfrhcyk-j5gMN9nTa-4g8bW0CyB9BguVFQAvqwmDSWaXEJ_e3cjHlOKsh4nZMUDqzRA6qM21_9Gi\/pubhtml\">Activitat 1.1. Aprovaci\u00f3 per claustre les modificacions sobre la compet\u00e8ncia digital del centre incorporades al PEC<\/a><\/li>\n<li><a href=\"https:\/\/docs.google.com\/spreadsheets\/d\/e\/2PACX-1vSaGfrhcyk-j5gMN9nTa-4g8bW0CyB9BguVFQAvqwmDSWaXEJ_e3cjHlOKsh4nZMUDqzRA6qM21_9Gi\/pubhtml\">Activitat 1.2.&hellip;  <a href=\"https:\/\/agora.xtec.cat\/cfasebastiajuanarbo\/planificacio-de-les-activitats\/\" title=\"Read Planificaci\u00f3 de les activitats\">Llegeix m\u00e9s\u00bb<\/a><br \/>\n","protected":false},"author":1,"featured_media":0,"parent":0,"menu_order":0,"comment_status":"closed","ping_status":"closed","template":"","meta":{"_bbp_topic_count":0,"_bbp_reply_count":0,"_bbp_total_topic_count":0,"_bbp_total_reply_count":0,"_bbp_voice_count":0,"_bbp_anonymous_reply_count":0,"_bbp_topic_count_hidden":0,"_bbp_reply_count_hidden":0,"_bbp_forum_subforum_count":0,"footnotes":""},"class_list":["post-1988","page","type-page","status-publish","hentry"],"post_mailing_queue_ids":[],"_links":{"self":[{"href":"https:\/\/agora.xtec.cat\/cfasebastiajuanarbo\/wp-json\/wp\/v2\/pages\/1988","targetHints":{"allow":["GET"]}}],"collection":[{"href":"https:\/\/agora.xtec.cat\/cfasebastiajuanarbo\/wp-json\/wp\/v2\/pages"}],"about":[{"href":"https:\/\/agora.xtec.cat\/cfasebastiajuanarbo\/wp-json\/wp\/v2\/types\/page"}],"author":[{"embeddable":true,"href":"https:\/\/agora.xtec.cat\/cfasebastiajuanarbo\/wp-json\/wp\/v2\/users\/1"}],"replies":[{"embeddable":true,"href":"https:\/\/agora.xtec.cat\/cfasebastiajuanarbo\/wp-json\/wp\/v2\/comments?post=1988"}],"version-history":[{"count":3,"href":"https:\/\/agora.xtec.cat\/cfasebastiajuanarbo\/wp-json\/wp\/v2\/pages\/1988\/revisions"}],"predecessor-version":[{"id":2531,"href":"https:\/\/agora.xtec.cat\/cfasebastiajuanarbo\/wp-json\/wp\/v2\/pages\/1988\/revisions\/2531"}],"wp:attachment":[{"href":"https:\/\/agora.xtec.cat\/cfasebastiajuanarbo\/wp-json\/wp\/v2\/media?parent=1988"}],"curies":[{"name":"wp","href":"https:\/\/api.w.org\/{rel}","templated":true}]}}