{"id":1879,"date":"2021-09-28T17:08:10","date_gmt":"2021-09-28T15:08:10","guid":{"rendered":"https:\/\/agora.xtec.cat\/cfasebastiajuanarbo\/?page_id=1879"},"modified":"2021-09-28T17:15:36","modified_gmt":"2021-09-28T15:15:36","slug":"secretaria-ges-ioc","status":"publish","type":"page","link":"https:\/\/agora.xtec.cat\/cfasebastiajuanarbo\/secretaria-ges-ioc\/","title":{"rendered":"Tr\u00e0mits GES-IOC"},"content":{"rendered":"<p><strong>NIVELL C DE CATAL\u00c0 PER A L&#8217;<\/strong><strong>ALUMNAT QUE HA OBTINGUT EL GES A L&#8217;IOC<\/strong><\/p>\n<p>Si has obtingut el GES a l&#8217;IOC i necessites el certificat del nivell C de catal\u00e0, nosaltres tramitem la teva sol\u00b7licitud a l&#8217;IOC.<\/p>\n<p>Els requisits necessaris per a poder sol\u00b7licitar el nivell C a l&#8217;IOC s\u00f3n els seg\u00fcents:<\/p>\n<ul>\n<li>Haver obtingut el t\u00edtol de Graduat en Educaci\u00f3 Secund\u00e0ria per l&#8217;IOC.<\/li>\n<li>Haver cursat a Catalunya almenys vuit cursos entre la prim\u00e0ria i l&#8217;ESO o l&#8217;EGB i BUP\/FP1, i haver cursat i aprovat l&#8217;\u00e0rea de llengua catalana als centres i aules de formaci\u00f3 de persones adultes.<\/li>\n<li>Els estudis de prim\u00e0ria han d&#8217;haver-se realitzat a partir del curs 78\/79.<\/li>\n<\/ul>\n<p>La documentaci\u00f3 necess\u00e0ria que cal aportar per fer la sol\u00b7licitud \u00e9s la seg\u00fcent:<\/p>\n<ul>\n<li><a href=\"https:\/\/ioc.xtec.cat\/campus\/pluginfile.php\/1351848\/mod_book\/chapter\/361621\/Model_I67.pdf\">Sol\u00b7licitud<\/a> emplenada per l&#8217;alumne demanant el nivell C.<\/li>\n<li>DNI o NIE.<\/li>\n<li>Llibre d&#8217;escolaritat (per justificar haver cursat els vuit cursos a Catalunya).<\/li>\n<li>Expedient de notes del GES.<\/li>\n<\/ul>\n<p>Nosaltres tramitarem la teva sol\u00b7licitud i, un cop rebem el vostre certificat, us ho comunicarem per correu electr\u00f2nic perqu\u00e8 el vingueu a recollir.<\/p>\n<p><em>*En cas que l&#8217;alumne no hagi cursat cap m\u00f2dul de catal\u00e0 ni a l&#8217;IOC ni a cap escola d&#8217;adults, no us podrem tramitar el nivell C.\u00a0<\/em><\/p>\n","protected":false},"excerpt":{"rendered":"<p>NIVELL C DE CATAL\u00c0 PER A L&#8217;ALUMNAT QUE HA OBTINGUT EL GES A L&#8217;IOC<br \/>\nSi has obtingut el GES a l&#8217;IOC i necessites el certificat del nivell C de catal\u00e0, nosaltres tramitem la teva sol\u00b7licitud a l&#8217;IOC.<br \/>\nEls requisits necessaris per a poder sol\u00b7licitar el nivell C&hellip;  <a href=\"https:\/\/agora.xtec.cat\/cfasebastiajuanarbo\/secretaria-ges-ioc\/\" title=\"Read Tr\u00e0mits GES-IOC\">Llegeix m\u00e9s\u00bb<\/a><\/p>\n","protected":false},"author":1,"featured_media":0,"parent":0,"menu_order":0,"comment_status":"closed","ping_status":"closed","template":"","meta":{"_bbp_topic_count":0,"_bbp_reply_count":0,"_bbp_total_topic_count":0,"_bbp_total_reply_count":0,"_bbp_voice_count":0,"_bbp_anonymous_reply_count":0,"_bbp_topic_count_hidden":0,"_bbp_reply_count_hidden":0,"_bbp_forum_subforum_count":0,"footnotes":""},"class_list":["post-1879","page","type-page","status-publish","hentry"],"post_mailing_queue_ids":[],"_links":{"self":[{"href":"https:\/\/agora.xtec.cat\/cfasebastiajuanarbo\/wp-json\/wp\/v2\/pages\/1879","targetHints":{"allow":["GET"]}}],"collection":[{"href":"https:\/\/agora.xtec.cat\/cfasebastiajuanarbo\/wp-json\/wp\/v2\/pages"}],"about":[{"href":"https:\/\/agora.xtec.cat\/cfasebastiajuanarbo\/wp-json\/wp\/v2\/types\/page"}],"author":[{"embeddable":true,"href":"https:\/\/agora.xtec.cat\/cfasebastiajuanarbo\/wp-json\/wp\/v2\/users\/1"}],"replies":[{"embeddable":true,"href":"https:\/\/agora.xtec.cat\/cfasebastiajuanarbo\/wp-json\/wp\/v2\/comments?post=1879"}],"version-history":[{"count":2,"href":"https:\/\/agora.xtec.cat\/cfasebastiajuanarbo\/wp-json\/wp\/v2\/pages\/1879\/revisions"}],"predecessor-version":[{"id":1883,"href":"https:\/\/agora.xtec.cat\/cfasebastiajuanarbo\/wp-json\/wp\/v2\/pages\/1879\/revisions\/1883"}],"wp:attachment":[{"href":"https:\/\/agora.xtec.cat\/cfasebastiajuanarbo\/wp-json\/wp\/v2\/media?parent=1879"}],"curies":[{"name":"wp","href":"https:\/\/api.w.org\/{rel}","templated":true}]}}