{"id":1824,"date":"2021-09-07T08:53:43","date_gmt":"2021-09-07T06:53:43","guid":{"rendered":"https:\/\/agora.xtec.cat\/cfasebastiajuanarbo\/?page_id=1824"},"modified":"2025-11-07T12:57:03","modified_gmt":"2025-11-07T11:57:03","slug":"ges-ioc","status":"publish","type":"page","link":"https:\/\/agora.xtec.cat\/cfasebastiajuanarbo\/ensenyaments\/graduat-en-educacio-secundaria-per-adults\/ges-ioc\/","title":{"rendered":"GES IOC"},"content":{"rendered":"<h4><strong><span style=\"color: #0056b8;\">Matr\u00edcula GES IOC<\/span><\/strong><\/h4>\n<p>Informa-te&#8217;n <a href=\"https:\/\/agora.xtec.cat\/cfasebastiajuanarbo\/matricula\/matricula-ioc\/\">aqu\u00ed<\/a>.<\/p>\n<h4><strong><span style=\"color: #0056b8;\">Tutories GES IOC<\/span><\/strong><\/h4>\n<p>Si ets alumne\/a de l&#8217;IOC i necessites contactar amb la teva tutora del centre de suport, escriu a <a href=\"mailto:cfasebastiajuanarbo@gmail.com\">cfasebastiajuanarbo@gmail.com<\/a>.<\/p>\n<p>Si necessites ajuda en alguna mat\u00e8ria, pots sol\u00b7licitar una tutoria a:<\/p>\n<p><span style=\"color: #000000;\"><strong>Per a dubtes amb els m\u00f2duls de <span style=\"text-decoration: underline;\"><span style=\"color: #000000; text-decoration: underline;\">matem\u00e0tiques, ci\u00e8ncies i tecnolo<\/span><\/span><\/strong><\/span><strong style=\"color: #000000; font-family: inherit; font-size: 1em;\"><span style=\"text-decoration: underline;\"><span style=\"color: #000000; text-decoration: underline;\">gia<\/span><\/span>:\u00a0<\/strong><\/p>\n<p style=\"padding-left: 40px;\">Tutor: David Ginovart Valls<\/p>\n<p style=\"padding-left: 40px;\">Horari tutoria: <span style=\"color: #ff0000;\">divendres, de 12 a 13 h<\/span><\/p>\n<p style=\"padding-left: 40px;\">Cal sol\u00b7licitar la tutoria a: <a href=\"mailto:dginovar@xtec.cat\"><b>dginovar@xtec.cat<\/b><\/a><\/p>\n<p><span style=\"color: #000000;\"><strong>Per a dubtes amb els m\u00f2duls de <span style=\"text-decoration: underline; color: #000000;\">catal\u00e0, castell\u00e0 i angl\u00e8s<\/span>:<\/strong> <\/span><\/p>\n<p style=\"padding-left: 40px;\">Tutora: N\u00faria Rodr\u00edguez For\u00e9s<\/p>\n<p style=\"padding-left: 40px;\">Horari tutoria: <span style=\"color: #ff0000;\">dimarts, d&#8217;11 a 12 h\u00a0<\/span><\/p>\n<p style=\"padding-left: 40px;\">Cal sol\u00b7licitar la tutoria a: <a href=\"mailto:aroca21@xtec.cat\"><strong>nrodrig7@xtec.cat<\/strong><\/a><strong>\u00a0<\/strong><\/p>\n<p><span style=\"color: #000000;\"><strong>Per a dubtes amb el m\u00f2dul de <span style=\"text-decoration: underline; color: #000000;\">socials<\/span>:<\/strong> <\/span><\/p>\n<p style=\"padding-left: 40px;\">Tutora: Montserrat Pont Pijuan<\/p>\n<p style=\"padding-left: 40px;\">Horari tutoria: <span style=\"color: #ff0000;\">divendres, d&#8217;11 a 12 h<\/span><\/p>\n<p style=\"padding-left: 40px;\">Cal sol\u00b7licitar la tutoria a: <a href=\"mailto:mpont236@xtec.cat\">mpont236@xtec.cat<\/a><\/p>\n<p><span style=\"color: #ff0000;\">No s&#8217;atendr\u00e0 l&#8217;alumnat que no hagi sol\u00b7licitat la tutoria amb una antelaci\u00f3 de 24 hores.<\/span><\/p>\n","protected":false},"excerpt":{"rendered":"<p>Matr\u00edcula GES IOC<br \/>\nInforma-te&#8217;n <a href=\"https:\/\/agora.xtec.cat\/cfasebastiajuanarbo\/matricula\/matricula-ioc\/\">aqu\u00ed<\/a>.<br \/>\nTutories GES IOC<br \/>\nSi ets alumne\/a de l&#8217;IOC i necessites contactar amb la teva tutora del centre de suport, escriu a <a href=\"mailto:cfasebastiajuanarbo@gmail.com\">cfasebastiajuanarbo@gmail.com<\/a>.<br \/>\nSi necessites ajuda en alguna mat\u00e8ria, pots sol\u00b7licitar una tutoria a:<br \/>\nPer a dubtes amb els m\u00f2duls de matem\u00e0tiques, ci\u00e8ncies i&hellip;  <a href=\"https:\/\/agora.xtec.cat\/cfasebastiajuanarbo\/ensenyaments\/graduat-en-educacio-secundaria-per-adults\/ges-ioc\/\" title=\"Read GES IOC\">Llegeix m\u00e9s\u00bb<\/a><\/p>\n","protected":false},"author":1,"featured_media":0,"parent":303,"menu_order":0,"comment_status":"closed","ping_status":"closed","template":"","meta":{"_bbp_topic_count":0,"_bbp_reply_count":0,"_bbp_total_topic_count":0,"_bbp_total_reply_count":0,"_bbp_voice_count":0,"_bbp_anonymous_reply_count":0,"_bbp_topic_count_hidden":0,"_bbp_reply_count_hidden":0,"_bbp_forum_subforum_count":0,"footnotes":""},"class_list":["post-1824","page","type-page","status-publish","hentry"],"post_mailing_queue_ids":[],"_links":{"self":[{"href":"https:\/\/agora.xtec.cat\/cfasebastiajuanarbo\/wp-json\/wp\/v2\/pages\/1824","targetHints":{"allow":["GET"]}}],"collection":[{"href":"https:\/\/agora.xtec.cat\/cfasebastiajuanarbo\/wp-json\/wp\/v2\/pages"}],"about":[{"href":"https:\/\/agora.xtec.cat\/cfasebastiajuanarbo\/wp-json\/wp\/v2\/types\/page"}],"author":[{"embeddable":true,"href":"https:\/\/agora.xtec.cat\/cfasebastiajuanarbo\/wp-json\/wp\/v2\/users\/1"}],"replies":[{"embeddable":true,"href":"https:\/\/agora.xtec.cat\/cfasebastiajuanarbo\/wp-json\/wp\/v2\/comments?post=1824"}],"version-history":[{"count":6,"href":"https:\/\/agora.xtec.cat\/cfasebastiajuanarbo\/wp-json\/wp\/v2\/pages\/1824\/revisions"}],"predecessor-version":[{"id":3243,"href":"https:\/\/agora.xtec.cat\/cfasebastiajuanarbo\/wp-json\/wp\/v2\/pages\/1824\/revisions\/3243"}],"up":[{"embeddable":true,"href":"https:\/\/agora.xtec.cat\/cfasebastiajuanarbo\/wp-json\/wp\/v2\/pages\/303"}],"wp:attachment":[{"href":"https:\/\/agora.xtec.cat\/cfasebastiajuanarbo\/wp-json\/wp\/v2\/media?parent=1824"}],"curies":[{"name":"wp","href":"https:\/\/api.w.org\/{rel}","templated":true}]}}