{"id":1236,"date":"2020-06-04T15:20:47","date_gmt":"2020-06-04T13:20:47","guid":{"rendered":"http:\/\/agora.xtec.cat\/cfasebastiajuanarbo\/?page_id=1236"},"modified":"2025-06-10T12:29:22","modified_gmt":"2025-06-10T10:29:22","slug":"matricula-ioc","status":"publish","type":"page","link":"https:\/\/agora.xtec.cat\/cfasebastiajuanarbo\/matricula\/matricula-ioc\/","title":{"rendered":"Matr\u00edcula IOC GES"},"content":{"rendered":"<h1 style=\"text-align: center;\"><span style=\"color: #ff6600;\">Propera matr\u00edcula IOC GES<\/span><\/h1>\n<h2 style=\"text-align: center;\"><span style=\"color: #800080;\">Trimestre de tardor 2025<\/span><\/h2>\n<p style=\"text-align: center;\"><strong>ALUMNAT NOU:<\/strong><\/p>\n<p style=\"text-align: center;\">Preinscripci\u00f3: 2-8 de setembre 2025<\/p>\n<p style=\"text-align: center;\">Entrevista: 3-9 de setembre 2025<\/p>\n<p style=\"text-align: center;\">Pagament: 3-10 setembre 2025<\/p>\n<div class=\"study-dates\">\n<div class=\"study-block\">\n<div class=\"study-date\"><\/div>\n<\/div>\n<\/div>\n<div class=\"study-dates\">\n<div class=\"study-block\">\n<div class=\"study-date\"><\/div>\n<\/div>\n<\/div>\n<p style=\"text-align: center;\"><strong>ALUMNAT ANTIC:<\/strong><\/p>\n<p style=\"text-align: center;\">Matr\u00edcula: 23-27 de juny 2025<\/p>\n<p style=\"text-align: center;\">Pagament: 23-30 de juny 2025<\/p>\n<div class=\"study-block\">\n<div class=\"study-date\"><\/div>\n<\/div>\n<div class=\"study-block\"><\/div>\n<div class=\"study-block\">\n<div class=\"semiheader\"><\/div>\n<div class=\"study-date\"><\/div>\n<\/div>\n<p style=\"text-align: center;\"><strong>INICI CURS:<\/strong> pendent de decisi\u00f3<\/p>\n<p style=\"text-align: center;\"><strong>FINAL CURS:<\/strong> pendent de decisi\u00f3<\/p>\n<div class=\"study-dates\">\n<div class=\"study-block\">\n<div class=\"study-date\"><\/div>\n<\/div>\n<\/div>\n<div class=\"study-dates\">\n<h3><\/h3>\n<div class=\"study-block\"><\/div>\n<div class=\"study-block\">\n<div class=\"study-date\"><\/div>\n<\/div>\n<\/div>\n<h2 style=\"text-align: center;\"><span style=\"color: #800080;\">Trimestre d&#8217;hivern 2026<\/span><\/h2>\n<p style=\"text-align: center;\"><strong>ALUMNAT NOU:<\/strong><\/p>\n<p style=\"text-align: center;\">Preinscripci\u00f3: 3-7 de novembre 2025<\/p>\n<p style=\"text-align: center;\">Entrevista: 4-10 de novembre 2025<\/p>\n<p style=\"text-align: center;\">Pagament: 4-12 novembre 2025<\/p>\n<p>&nbsp;<\/p>\n<p style=\"text-align: center;\"><strong>ALUMNAT ANTIC:<\/strong><\/p>\n<p style=\"text-align: center;\">Matr\u00edcula: pendent<\/p>\n<p style=\"text-align: center;\">Pagament: pendent<\/p>\n<div class=\"study-block\">\n<div class=\"study-date\"><\/div>\n<\/div>\n<div class=\"study-block\"><\/div>\n<div class=\"study-block\">\n<div class=\"study-date\"><\/div>\n<\/div>\n<p style=\"text-align: center;\"><strong>INICI CURS:<\/strong> pendent de decisi\u00f3<\/p>\n<p style=\"text-align: center;\"><strong>FINAL CURS:<\/strong> pendent de decisi\u00f3<\/p>\n<p>&nbsp;<\/p>\n<h5>Per realitzar el proc\u00e9s de matr\u00edcula, segueix els seg\u00fcents passos:<\/h5>\n<h3><\/h3>\n<h3><span style=\"color: #ff6600;\">ALUMNAT NOU<\/span><\/h3>\n<h5>1. Llegeix la<span style=\"color: #008000;\"><em>\u00a0<a style=\"color: #008000;\" href=\"https:\/\/ioc.xtec.cat\/educacio\/ges#first\"><span style=\"color: #ff6600;\">informaci\u00f3 necess\u00e0ria<\/span><\/a><span style=\"color: #008000;\">.<\/span><\/em><\/span><\/h5>\n<h5>2. Emplena el<em><span style=\"color: #ff6600;\"> <a style=\"color: #ff6600;\" href=\"https:\/\/ioc.xtec.cat\/secretaria\/cpl\/MatTeleAlta.php\"><span style=\"color: #ff6600;\">formulari de preinscripci\u00f3<\/span><\/a><span style=\"color: #008000;\">.<\/span><\/span><\/em><\/h5>\n<h5>3. Per realitzar l&#8217;entrevista al centre, demana cita pr\u00e8via al correu <span style=\"color: #ff0000;\">cfasebastiajuanarbo@gmail.com <\/span>abans del dia indicat i et respondrem amb dia i hora.<\/h5>\n<h5>4. Ves al centre el dia i hora indicats i porta la seg\u00fcent documentaci\u00f3:<\/h5>\n<ul>\n<li>Original del DNI.<\/li>\n<li>Certificat de notes.<\/li>\n<\/ul>\n<h5>5. <span style=\"color: #ff0000;\">Molt important!<\/span> Realitza el pagament abans del dia que correspongui.<\/h5>\n<p>&nbsp;<\/p>\n<h3><span style=\"color: #ff6600;\">ALUMNAT ANTIC\u00a0<\/span><\/h3>\n<h5>1. Envia&#8217;ns un correu electr\u00f2nic amb els m\u00f2duls que vols cursar aquest trimestre abans del dia indicat\u00a0a: <span style=\"color: #ff0000;\">cfasebastiajuanarbo@gmail.com.<\/span><\/h5>\n<h5>2. Rebr\u00e0s un correu electr\u00f2nic de confirmaci\u00f3 del centre.<\/h5>\n<h5>3. <span style=\"color: #ff0000;\">Molt important!\u00a0<\/span>Realitza el pagament abans del dia que correspongui.<\/h5>\n<p>&nbsp;<\/p>\n<p>&nbsp;<\/p>\n","protected":false},"excerpt":{"rendered":"<p>Propera matr\u00edcula IOC GES<br \/>\nTrimestre de tardor 2025<br \/>\nALUMNAT NOU:<br \/>\nPreinscripci\u00f3: 2-8 de setembre 2025<br \/>\nEntrevista: 3-9 de setembre 2025<br \/>\nPagament: 3-10 setembre 2025<\/p>\n<p>ALUMNAT ANTIC:<br \/>\nMatr\u00edcula: 23-27 de juny 2025<br \/>\nPagament: 23-30 de juny 2025<\/p>\n<p>INICI CURS: pendent de decisi\u00f3<br \/>\nFINAL CURS: pendent de decisi\u00f3<\/p>\n<p>Trimestre d&#8217;hivern 2026<br \/>\nALUMNAT NOU:<br \/>\nPreinscripci\u00f3: 3-7 de novembre 2025<br \/>\nEntrevista: 4-10 de&hellip;  <a href=\"https:\/\/agora.xtec.cat\/cfasebastiajuanarbo\/matricula\/matricula-ioc\/\" title=\"Read Matr\u00edcula IOC GES\">Llegeix m\u00e9s\u00bb<\/a><\/p>\n","protected":false},"author":1,"featured_media":0,"parent":1205,"menu_order":60,"comment_status":"closed","ping_status":"closed","template":"","meta":{"_bbp_topic_count":0,"_bbp_reply_count":0,"_bbp_total_topic_count":0,"_bbp_total_reply_count":0,"_bbp_voice_count":0,"_bbp_anonymous_reply_count":0,"_bbp_topic_count_hidden":0,"_bbp_reply_count_hidden":0,"_bbp_forum_subforum_count":0,"footnotes":""},"class_list":["post-1236","page","type-page","status-publish","hentry"],"post_mailing_queue_ids":[],"_links":{"self":[{"href":"https:\/\/agora.xtec.cat\/cfasebastiajuanarbo\/wp-json\/wp\/v2\/pages\/1236","targetHints":{"allow":["GET"]}}],"collection":[{"href":"https:\/\/agora.xtec.cat\/cfasebastiajuanarbo\/wp-json\/wp\/v2\/pages"}],"about":[{"href":"https:\/\/agora.xtec.cat\/cfasebastiajuanarbo\/wp-json\/wp\/v2\/types\/page"}],"author":[{"embeddable":true,"href":"https:\/\/agora.xtec.cat\/cfasebastiajuanarbo\/wp-json\/wp\/v2\/users\/1"}],"replies":[{"embeddable":true,"href":"https:\/\/agora.xtec.cat\/cfasebastiajuanarbo\/wp-json\/wp\/v2\/comments?post=1236"}],"version-history":[{"count":7,"href":"https:\/\/agora.xtec.cat\/cfasebastiajuanarbo\/wp-json\/wp\/v2\/pages\/1236\/revisions"}],"predecessor-version":[{"id":3177,"href":"https:\/\/agora.xtec.cat\/cfasebastiajuanarbo\/wp-json\/wp\/v2\/pages\/1236\/revisions\/3177"}],"up":[{"embeddable":true,"href":"https:\/\/agora.xtec.cat\/cfasebastiajuanarbo\/wp-json\/wp\/v2\/pages\/1205"}],"wp:attachment":[{"href":"https:\/\/agora.xtec.cat\/cfasebastiajuanarbo\/wp-json\/wp\/v2\/media?parent=1236"}],"curies":[{"name":"wp","href":"https:\/\/api.w.org\/{rel}","templated":true}]}}