{"id":707,"date":"2018-09-22T19:09:18","date_gmt":"2018-09-22T17:09:18","guid":{"rendered":"http:\/\/agora.xtec.cat\/cfasants\/?page_id=707"},"modified":"2022-06-21T17:15:04","modified_gmt":"2022-06-21T15:15:04","slug":"atencio-alumnat-especialitzada","status":"publish","type":"page","link":"https:\/\/agora.xtec.cat\/cfasants\/matriculacions\/atencio-alumnat-especialitzada\/","title":{"rendered":"Atenci\u00f3 especialitzada a l&#8217;alumnat"},"content":{"rendered":"<p>Informaci\u00f3 i assessorament (ES PUBLICAR\u00c0 SETEMBRE 2022)<\/p>\n<p>(enlla\u00e7 dels horaris d\u2019atenci\u00f3 a les persones que volen cursar ensenyaments de la nostra oferta formativa. Disposar\u00e0s de professorat referent dels diferents ensenyaments per tal de facilitar-te informaci\u00f3, rebre assessorament i, si escau, et realitzar\u00e0 una avaluaci\u00f3 inicial per situar-te en el nivell que et pertoca.<\/p>\n","protected":false},"excerpt":{"rendered":"<p>Informaci\u00f3 i assessorament (ES PUBLICAR\u00c0 SETEMBRE 2022)<br \/>\n(enlla\u00e7 dels horaris d\u2019atenci\u00f3 a les persones que volen cursar ensenyaments de la nostra oferta formativa. Disposar\u00e0s de professorat referent dels diferents ensenyaments per tal de facilitar-te informaci\u00f3, rebre assessorament i, si escau, et realitzar\u00e0 una avaluaci\u00f3 inicial per&hellip;  <a href=\"https:\/\/agora.xtec.cat\/cfasants\/matriculacions\/atencio-alumnat-especialitzada\/\" title=\"Read Atenci\u00f3 especialitzada a l&#8217;alumnat\">Llegeix m\u00e9s\u00bb<\/a><\/p>\n","protected":false},"author":1,"featured_media":0,"parent":63,"menu_order":30,"comment_status":"closed","ping_status":"closed","template":"page-templates\/side-menu.php","meta":{"_bbp_topic_count":0,"_bbp_reply_count":0,"_bbp_total_topic_count":0,"_bbp_total_reply_count":0,"_bbp_voice_count":0,"_bbp_anonymous_reply_count":0,"_bbp_topic_count_hidden":0,"_bbp_reply_count_hidden":0,"_bbp_forum_subforum_count":0,"footnotes":""},"class_list":["post-707","page","type-page","status-publish","hentry"],"post_mailing_queue_ids":[],"_links":{"self":[{"href":"https:\/\/agora.xtec.cat\/cfasants\/wp-json\/wp\/v2\/pages\/707","targetHints":{"allow":["GET"]}}],"collection":[{"href":"https:\/\/agora.xtec.cat\/cfasants\/wp-json\/wp\/v2\/pages"}],"about":[{"href":"https:\/\/agora.xtec.cat\/cfasants\/wp-json\/wp\/v2\/types\/page"}],"author":[{"embeddable":true,"href":"https:\/\/agora.xtec.cat\/cfasants\/wp-json\/wp\/v2\/users\/1"}],"replies":[{"embeddable":true,"href":"https:\/\/agora.xtec.cat\/cfasants\/wp-json\/wp\/v2\/comments?post=707"}],"version-history":[{"count":3,"href":"https:\/\/agora.xtec.cat\/cfasants\/wp-json\/wp\/v2\/pages\/707\/revisions"}],"predecessor-version":[{"id":1507,"href":"https:\/\/agora.xtec.cat\/cfasants\/wp-json\/wp\/v2\/pages\/707\/revisions\/1507"}],"up":[{"embeddable":true,"href":"https:\/\/agora.xtec.cat\/cfasants\/wp-json\/wp\/v2\/pages\/63"}],"wp:attachment":[{"href":"https:\/\/agora.xtec.cat\/cfasants\/wp-json\/wp\/v2\/media?parent=707"}],"curies":[{"name":"wp","href":"https:\/\/api.w.org\/{rel}","templated":true}]}}