{"id":609,"date":"2018-09-15T19:33:48","date_gmt":"2018-09-15T17:33:48","guid":{"rendered":"http:\/\/agora.xtec.cat\/cfasants\/?page_id=609"},"modified":"2018-09-21T20:23:05","modified_gmt":"2018-09-21T18:23:05","slug":"fons-social-europeu","status":"publish","type":"page","link":"https:\/\/agora.xtec.cat\/cfasants\/el-centre\/fons-social-europeu\/","title":{"rendered":"Fons Social Europeu"},"content":{"rendered":"<p><a href=\"http:\/\/agora.xtec.cat\/cfasants\/wp-content\/uploads\/usu1890\/2018\/09\/FSE-e1536800318891.jpg\"><img loading=\"lazy\" decoding=\"async\" class=\"alignleft wp-image-476\" src=\"http:\/\/agora.xtec.cat\/cfasants\/wp-content\/uploads\/usu1890\/2018\/09\/FSE-e1536800318891.jpg\" alt=\"\" width=\"120\" height=\"120\" \/><\/a><\/p>\n<p style=\"text-align: justify;\">El Fons Social Europeu \u00e9s un dels Fons Estructurals de la Uni\u00f3 Europea que promou inversions en totes les regions de la UE amb la finalitat de promoure la cohesi\u00f3 social i econ\u00f2mica.<\/p>\n<p style=\"text-align: justify;\">A trav\u00e9s de diversos programes operatius, acordats per cada Estat membre i la Comissi\u00f3 Europea vol complir amb diversos objectius orientats al suport de l\u2019ocupaci\u00f3, a la promoci\u00f3 de la inclusi\u00f3 social, a la lluita contra la pobresa i a l\u2019efic\u00e0cia de l\u2019administraci\u00f3 p\u00fablica.<\/p>\n<p style=\"text-align: justify;\">Aquests programes descriuen les prioritats de l\u2019FSE per a cada Estat membre i donen suport econ\u00f2mic a projectes relacionats amb l\u2019ocupaci\u00f3 que duen a terme diferents organitzacions p\u00fabliques i privades que s\u00f3n beneficiaris en l\u2019Estat membre.<\/p>\n<p style=\"text-align: justify;\">L\u2019Estrat\u00e8gia Europa 2020 de mar\u00e7 de 2010 per a un creixement intel\u00b7ligent, sostenible i innovador va establir cinc ambiciosos objectius en mat\u00e8ria d\u2019ocupaci\u00f3, innovaci\u00f3, educaci\u00f3, integraci\u00f3 social i clima\/energia.<\/p>\n<p style=\"text-align: justify;\">Els programes operatius del per\u00edode 2014-2020 s\u2019han definit com el full de ruta que ha de conduir a la consecuci\u00f3 d\u2019aquests objectius i se centra en els quatre eixos seg\u00fcents:<\/p>\n<ul>\n<li style=\"text-align: justify;\">Eix 1: Foment de l\u2019ocupaci\u00f3 sostenible i de qualitat de la mobilitat laboral<\/li>\n<li style=\"text-align: justify;\">Eix 2: Foment de la inclusi\u00f3 social i de la lluita contra la pobresa i la discriminaci\u00f3<\/li>\n<li style=\"text-align: justify;\">Eix 3: Inversi\u00f3 en educaci\u00f3, formaci\u00f3 i millora de les compet\u00e8ncies professionals i de l\u2019aprenentatge permanent.<\/li>\n<li style=\"text-align: justify;\">Eix 4:\u00a0 Assist\u00e8ncia t\u00e8cnica<\/li>\n<\/ul>\n<h2>El Programa Operatiu de Catalunya de l\u2019FSE 2014-2020<\/h2>\n<p>El programa operatiu a Catalunya se situa en el tercer eix d\u2019actuaci\u00f3: invertir en educaci\u00f3, formaci\u00f3 per a l\u2019adquisici\u00f3 de capacitats i l\u2019aprenentatge permanent.<\/p>\n<p>S\u2019adre\u00e7a a persones adultes que es formen per adquirir compet\u00e8ncies transprofessionals o que realitzen ensenyaments que els permetr\u00e0 el retorn al sistema educatiu i la millora en el seu nivell d\u2019estudis.<\/p>\n<p>Els ensenyaments que s\u2019imparteixen en els centres de formaci\u00f3 d\u2019adults i que s\u00f3n objecte de confinan\u00e7ament s\u00f3n:<\/p>\n<ul>\n<li>Ensenyaments de llengua estrangera (angl\u00e8s i franc\u00e8s).<\/li>\n<li>Ensenyaments COMPETIC.<\/li>\n<li>Ensenyaments de preparaci\u00f3 a proves d\u2019acc\u00e9s a cicles formatius i a la universitat per a majors de 25 anys.<\/li>\n<li>Ensenyament per a l\u2019obtenci\u00f3 el t\u00edtol de graduat en educaci\u00f3 secund\u00e0ria obligat\u00f2ria.<\/li>\n<\/ul>\n<p>L\u2019objectiu \u00e9s fomentar i millorar l\u2019acc\u00e9s a la formaci\u00f3 i a l\u2019aprenentatge permanent per qualificar les persones i augmentar les seves perspectives laborals<\/p>\n","protected":false},"excerpt":{"rendered":"<p><a href=\"http:\/\/agora.xtec.cat\/cfasants\/wp-content\/uploads\/usu1890\/2018\/09\/FSE-e1536800318891.jpg\"><\/a><br \/>\nEl Fons Social Europeu \u00e9s un dels Fons Estructurals de la Uni\u00f3 Europea que promou inversions en totes les regions de la UE amb la finalitat de promoure la cohesi\u00f3 social i econ\u00f2mica.<br \/>\nA trav\u00e9s de diversos programes operatius, acordats per cada Estat membre i&hellip;  <a href=\"https:\/\/agora.xtec.cat\/cfasants\/el-centre\/fons-social-europeu\/\" title=\"Read Fons Social Europeu\">Llegeix m\u00e9s\u00bb<\/a><\/p>\n","protected":false},"author":1,"featured_media":0,"parent":261,"menu_order":0,"comment_status":"closed","ping_status":"closed","template":"page-templates\/side-menu.php","meta":{"_bbp_topic_count":0,"_bbp_reply_count":0,"_bbp_total_topic_count":0,"_bbp_total_reply_count":0,"_bbp_voice_count":0,"_bbp_anonymous_reply_count":0,"_bbp_topic_count_hidden":0,"_bbp_reply_count_hidden":0,"_bbp_forum_subforum_count":0,"footnotes":""},"class_list":["post-609","page","type-page","status-publish","hentry"],"post_mailing_queue_ids":[],"_links":{"self":[{"href":"https:\/\/agora.xtec.cat\/cfasants\/wp-json\/wp\/v2\/pages\/609","targetHints":{"allow":["GET"]}}],"collection":[{"href":"https:\/\/agora.xtec.cat\/cfasants\/wp-json\/wp\/v2\/pages"}],"about":[{"href":"https:\/\/agora.xtec.cat\/cfasants\/wp-json\/wp\/v2\/types\/page"}],"author":[{"embeddable":true,"href":"https:\/\/agora.xtec.cat\/cfasants\/wp-json\/wp\/v2\/users\/1"}],"replies":[{"embeddable":true,"href":"https:\/\/agora.xtec.cat\/cfasants\/wp-json\/wp\/v2\/comments?post=609"}],"version-history":[{"count":3,"href":"https:\/\/agora.xtec.cat\/cfasants\/wp-json\/wp\/v2\/pages\/609\/revisions"}],"predecessor-version":[{"id":629,"href":"https:\/\/agora.xtec.cat\/cfasants\/wp-json\/wp\/v2\/pages\/609\/revisions\/629"}],"up":[{"embeddable":true,"href":"https:\/\/agora.xtec.cat\/cfasants\/wp-json\/wp\/v2\/pages\/261"}],"wp:attachment":[{"href":"https:\/\/agora.xtec.cat\/cfasants\/wp-json\/wp\/v2\/media?parent=609"}],"curies":[{"name":"wp","href":"https:\/\/api.w.org\/{rel}","templated":true}]}}