{"id":27,"date":"2014-09-17T16:24:03","date_gmt":"2014-09-17T16:24:03","guid":{"rendered":"http:\/\/agora.xtec.cat\/cfasants\/?page_id=27"},"modified":"2018-09-15T00:06:32","modified_gmt":"2018-09-14T22:06:32","slug":"historia","status":"publish","type":"page","link":"https:\/\/agora.xtec.cat\/cfasants\/el-centre\/historia\/","title":{"rendered":"Hist\u00f2ria"},"content":{"rendered":"<p style=\"text-align: justify;\">Fins al curs 2004-05 l\u2019Escola de Sants i la de Sant Raimon funcionaven per separat, al carrer Tarragona i al Passeig de la Zona Franca, respectivament. A l\u2019inici del curs 2005-06, el Departament d\u2019Ensenyament pren la decisi\u00f3 de fusionar les dues escoles en una i el resultat \u00e9s el CFA Sants-Sant Raimon de Penyafort. El nou Centre est\u00e0 situat al Passeig de la Zona Franca, a la mateixa ubicaci\u00f3 on estava l\u2019escola de Sant Raimon de Penyafort.<\/p>\n<p style=\"text-align: justify;\">El nostre Centre est\u00e0 a la zona coneguda com La Marina-Zona Franca, que la formen els barris de La Marina de Port i La Marina del Prat Vermell. \u00c9s el CFA p\u00fablic de refer\u00e8ncia del districte Sants-Montju\u00efc.\u00a0Una part significativa\u00a0 del nostre alumnat prov\u00e9 d&#8217;altres districtes i poblacions\u00a0<span class=\"hiddenGrammarError\">animat<\/span>\u00a0per experi\u00e8ncies d&#8217;alumnat antic.<\/p>\n<p style=\"text-align: justify;\">Actualment, el trasllat de serveis p\u00fablics (hisenda de Catalunya) i d\u2019empreses emblem\u00e0tiques de Barcelona (Aig\u00fces de Barcelona), aix\u00ed com d&#8217;altres serveis han donat porositat al barri i a l\u2019Escola. Un transport de qualitat amb l\u2019arribada del metro i noves l\u00ednies de Bus han dinamitzat l&#8217;arribada d&#8217;alumnat d&#8217;altres barris i districtes.<\/p>\n","protected":false},"excerpt":{"rendered":"<p>Fins al curs 2004-05 l\u2019Escola de Sants i la de Sant Raimon funcionaven per separat, al carrer Tarragona i al Passeig de la Zona Franca, respectivament. A l\u2019inici del curs 2005-06, el Departament d\u2019Ensenyament pren la decisi\u00f3 de fusionar les dues escoles en una i&hellip;  <a href=\"https:\/\/agora.xtec.cat\/cfasants\/el-centre\/historia\/\" title=\"Read Hist\u00f2ria\">Llegeix m\u00e9s\u00bb<\/a><\/p>\n","protected":false},"author":1,"featured_media":0,"parent":261,"menu_order":20,"comment_status":"closed","ping_status":"closed","template":"page-templates\/side-menu.php","meta":{"_bbp_topic_count":0,"_bbp_reply_count":0,"_bbp_total_topic_count":0,"_bbp_total_reply_count":0,"_bbp_voice_count":0,"_bbp_anonymous_reply_count":0,"_bbp_topic_count_hidden":0,"_bbp_reply_count_hidden":0,"_bbp_forum_subforum_count":0,"footnotes":""},"class_list":["post-27","page","type-page","status-publish","hentry"],"post_mailing_queue_ids":[],"_links":{"self":[{"href":"https:\/\/agora.xtec.cat\/cfasants\/wp-json\/wp\/v2\/pages\/27","targetHints":{"allow":["GET"]}}],"collection":[{"href":"https:\/\/agora.xtec.cat\/cfasants\/wp-json\/wp\/v2\/pages"}],"about":[{"href":"https:\/\/agora.xtec.cat\/cfasants\/wp-json\/wp\/v2\/types\/page"}],"author":[{"embeddable":true,"href":"https:\/\/agora.xtec.cat\/cfasants\/wp-json\/wp\/v2\/users\/1"}],"replies":[{"embeddable":true,"href":"https:\/\/agora.xtec.cat\/cfasants\/wp-json\/wp\/v2\/comments?post=27"}],"version-history":[{"count":3,"href":"https:\/\/agora.xtec.cat\/cfasants\/wp-json\/wp\/v2\/pages\/27\/revisions"}],"predecessor-version":[{"id":502,"href":"https:\/\/agora.xtec.cat\/cfasants\/wp-json\/wp\/v2\/pages\/27\/revisions\/502"}],"up":[{"embeddable":true,"href":"https:\/\/agora.xtec.cat\/cfasants\/wp-json\/wp\/v2\/pages\/261"}],"wp:attachment":[{"href":"https:\/\/agora.xtec.cat\/cfasants\/wp-json\/wp\/v2\/media?parent=27"}],"curies":[{"name":"wp","href":"https:\/\/api.w.org\/{rel}","templated":true}]}}