{"id":261,"date":"2015-01-27T17:25:01","date_gmt":"2015-01-27T16:25:01","guid":{"rendered":"http:\/\/agora.xtec.cat\/cfasants\/?page_id=261"},"modified":"2018-09-15T02:39:02","modified_gmt":"2018-09-15T00:39:02","slug":"el-centre","status":"publish","type":"page","link":"https:\/\/agora.xtec.cat\/cfasants\/el-centre\/","title":{"rendered":"El Centre"},"content":{"rendered":"<p style=\"text-align: justify;\"><span class=\"hiddenGrammarError\">1.-<\/span>\u00a0El\u00a0<span class=\"hiddenSpellError\">CFA<\/span>\u00a0Sants-Sant Raimon de Penyafort \u00e9s l&#8217;escola p\u00fablica de refer\u00e8ncia al districte Sants-Montju\u00efc. Est\u00e0 al servei de les persones adultes que volen desenvolupar les compet\u00e8ncies i assolir els objectiusdels seg\u00fcents ensenyaments: Formaci\u00f3 Instrumental, Graduat Educaci\u00f3 Secund\u00e0ria, Compet\u00e8ncies per a la Societat de la Informaci\u00f3 (inform\u00e0tica), Angl\u00e8s, catal\u00e0 i castell\u00e0. Tots els cursos es realitzen de forma presencial, en torns de mat\u00ed, tarda i vespre.<\/p>\n<p><span class=\"hiddenGrammarError\">2.-<\/span>\u00a0Aquesta escola atorga una gran import\u00e0ncia als procediments i vies de comunicaci\u00f3 interna i externa, que garanteixen l&#8217;\u00fas democr\u00e0tic de la informaci\u00f3 i la participaci\u00f3 responsable.<\/p>\n<p><span class=\"hiddenGrammarError\">3.-<\/span>\u00a0L&#8217;escola ent\u00e9n l&#8217;educaci\u00f3 com un fet que engloba els diferents aspectes i compet\u00e8ncies que integren la personalitat de l&#8217;alumne, i posa els mitjans al seu abast per tal de potenciar-los.<\/p>\n<p><span class=\"hiddenGrammarError\">4.-<\/span>\u00a0L&#8217;escola \u00e9s una mostra de la societat plural en valors i idees. Creiem que la funci\u00f3 essencial \u00e9s fomentar la conviv\u00e8ncia sense perdre una actitud cr\u00edtica envers el m\u00f3n que ens envolta.<\/p>\n","protected":false},"excerpt":{"rendered":"<p>1.-\u00a0El\u00a0CFA\u00a0Sants-Sant Raimon de Penyafort \u00e9s l&#8217;escola p\u00fablica de refer\u00e8ncia al districte Sants-Montju\u00efc. Est\u00e0 al servei de les persones adultes que volen desenvolupar les compet\u00e8ncies i assolir els objectiusdels seg\u00fcents ensenyaments: Formaci\u00f3 Instrumental, Graduat Educaci\u00f3 Secund\u00e0ria, Compet\u00e8ncies per a la Societat de la Informaci\u00f3 (inform\u00e0tica), Angl\u00e8s,&hellip;  <a href=\"https:\/\/agora.xtec.cat\/cfasants\/el-centre\/\" title=\"Read El Centre\">Llegeix m\u00e9s\u00bb<\/a><\/p>\n","protected":false},"author":1,"featured_media":0,"parent":0,"menu_order":0,"comment_status":"closed","ping_status":"closed","template":"page-templates\/side-menu.php","meta":{"_bbp_topic_count":0,"_bbp_reply_count":0,"_bbp_total_topic_count":0,"_bbp_total_reply_count":0,"_bbp_voice_count":0,"_bbp_anonymous_reply_count":0,"_bbp_topic_count_hidden":0,"_bbp_reply_count_hidden":0,"_bbp_forum_subforum_count":0,"footnotes":""},"class_list":["post-261","page","type-page","status-publish","hentry"],"post_mailing_queue_ids":[],"_links":{"self":[{"href":"https:\/\/agora.xtec.cat\/cfasants\/wp-json\/wp\/v2\/pages\/261","targetHints":{"allow":["GET"]}}],"collection":[{"href":"https:\/\/agora.xtec.cat\/cfasants\/wp-json\/wp\/v2\/pages"}],"about":[{"href":"https:\/\/agora.xtec.cat\/cfasants\/wp-json\/wp\/v2\/types\/page"}],"author":[{"embeddable":true,"href":"https:\/\/agora.xtec.cat\/cfasants\/wp-json\/wp\/v2\/users\/1"}],"replies":[{"embeddable":true,"href":"https:\/\/agora.xtec.cat\/cfasants\/wp-json\/wp\/v2\/comments?post=261"}],"version-history":[{"count":1,"href":"https:\/\/agora.xtec.cat\/cfasants\/wp-json\/wp\/v2\/pages\/261\/revisions"}],"predecessor-version":[{"id":539,"href":"https:\/\/agora.xtec.cat\/cfasants\/wp-json\/wp\/v2\/pages\/261\/revisions\/539"}],"wp:attachment":[{"href":"https:\/\/agora.xtec.cat\/cfasants\/wp-json\/wp\/v2\/media?parent=261"}],"curies":[{"name":"wp","href":"https:\/\/api.w.org\/{rel}","templated":true}]}}