{"id":261,"date":"2015-01-27T17:25:01","date_gmt":"2015-01-27T16:25:01","guid":{"rendered":"http:\/\/agora.xtec.cat\/cfasantrocbadalona\/?page_id=261"},"modified":"2024-02-13T18:59:02","modified_gmt":"2024-02-13T17:59:02","slug":"el-centre","status":"publish","type":"page","link":"https:\/\/agora.xtec.cat\/cfasantrocbadalona\/el-centre\/","title":{"rendered":"El Centre"},"content":{"rendered":"<h1><span style=\"font-size: medium;\"><b><span style=\"color: #800000;\">Centre p\u00fablic de Formaci\u00f3 de Persones Adultes<\/span><br \/>\n<\/b><\/span><\/h1>\n<div><\/div>\n<div><strong><span style=\"color: #800000;\">Ensenyaments:\u00a0<\/span><\/strong><\/div>\n<div><\/div>\n<div><\/div>\n<h3><\/h3>\n<h3 style=\"text-align: left;\"><span style=\"font-size: medium;\"><b>&#8211; GES (Graduat en Educaci\u00f3 Secund\u00e0ria) nivell 1 i 2 = Secund\u00e0ria per a adults<br \/>\n&#8211; Instrumental (Iniciaci\u00f3 i manteniment de la lecto-escriptura i el c\u00e0lcul)<\/b><\/span><\/h3>\n<h3 style=\"text-align: left;\"><span style=\"font-size: medium;\"><b>&#8211; Castell\u00e0 (nivells 1, 2 i 3) i Catal\u00e0 (nivells 1 i 2)<\/b><\/span><\/h3>\n<h3 style=\"text-align: left;\"><span style=\"font-size: medium;\"><b>&#8211; Preparaci\u00f3 a Proves d&#8217;Acc\u00e9s a la Universitat <\/b><\/span><\/h3>\n<h3 style=\"text-align: left;\"><span style=\"font-size: medium;\"><b>&#8211; Angl\u00e8s (nivells 1, 2 i 3)<\/b><\/span><\/h3>\n<h3 style=\"text-align: left;\"><span style=\"font-size: medium;\"><b>&#8211; Inform\u00e0tica (Competic 1, 2 i 3)\u00a0<\/b><br \/>\n<\/span><\/h3>\n<h3><span style=\"font-size: medium;\">\u00a0<\/span><\/h3>\n<div><span style=\"font-size: medium;\"><b>CFA Sant Roc<\/b> &#8211; Badalona<br \/>\n<\/span><span style=\"font-size: medium;\">Avda. Maresme 182-190<br \/>\n<\/span><span style=\"font-size: medium;\">934603996<br \/>\n<\/span><span style=\"font-size: medium;\">a8055403@xtec.cat<\/span><\/div>\n","protected":false},"excerpt":{"rendered":"<p>Centre p\u00fablic de Formaci\u00f3 de Persones Adultes<\/p>\n<p>Ensenyaments:\u00a0<\/p>\n<p>&#8211; GES (Graduat en Educaci\u00f3 Secund\u00e0ria) nivell 1 i 2 = Secund\u00e0ria per a adults<br \/>\n&#8211; Instrumental (Iniciaci\u00f3 i manteniment de la lecto-escriptura i el c\u00e0lcul)<br \/>\n&#8211; Castell\u00e0 (nivells 1, 2 i 3) i Catal\u00e0 (nivells 1 i 2)<br \/>\n&#8211; Preparaci\u00f3 a&hellip;  <a href=\"https:\/\/agora.xtec.cat\/cfasantrocbadalona\/el-centre\/\" title=\"Read El Centre\">Llegeix m\u00e9s\u00bb<\/a><\/p>\n","protected":false},"author":1,"featured_media":0,"parent":0,"menu_order":0,"comment_status":"closed","ping_status":"closed","template":"page-templates\/side-menu.php","meta":{"_bbp_topic_count":0,"_bbp_reply_count":0,"_bbp_total_topic_count":0,"_bbp_total_reply_count":0,"_bbp_voice_count":0,"_bbp_anonymous_reply_count":0,"_bbp_topic_count_hidden":0,"_bbp_reply_count_hidden":0,"_bbp_forum_subforum_count":0,"footnotes":""},"class_list":["post-261","page","type-page","status-publish","hentry"],"post_mailing_queue_ids":[],"_links":{"self":[{"href":"https:\/\/agora.xtec.cat\/cfasantrocbadalona\/wp-json\/wp\/v2\/pages\/261","targetHints":{"allow":["GET"]}}],"collection":[{"href":"https:\/\/agora.xtec.cat\/cfasantrocbadalona\/wp-json\/wp\/v2\/pages"}],"about":[{"href":"https:\/\/agora.xtec.cat\/cfasantrocbadalona\/wp-json\/wp\/v2\/types\/page"}],"author":[{"embeddable":true,"href":"https:\/\/agora.xtec.cat\/cfasantrocbadalona\/wp-json\/wp\/v2\/users\/1"}],"replies":[{"embeddable":true,"href":"https:\/\/agora.xtec.cat\/cfasantrocbadalona\/wp-json\/wp\/v2\/comments?post=261"}],"version-history":[{"count":6,"href":"https:\/\/agora.xtec.cat\/cfasantrocbadalona\/wp-json\/wp\/v2\/pages\/261\/revisions"}],"predecessor-version":[{"id":1848,"href":"https:\/\/agora.xtec.cat\/cfasantrocbadalona\/wp-json\/wp\/v2\/pages\/261\/revisions\/1848"}],"wp:attachment":[{"href":"https:\/\/agora.xtec.cat\/cfasantrocbadalona\/wp-json\/wp\/v2\/media?parent=261"}],"curies":[{"name":"wp","href":"https:\/\/api.w.org\/{rel}","templated":true}]}}