{"id":2066,"date":"2025-07-09T12:46:08","date_gmt":"2025-07-09T10:46:08","guid":{"rendered":"https:\/\/agora.xtec.cat\/cfasantrocbadalona\/?page_id=2066"},"modified":"2026-04-09T17:47:10","modified_gmt":"2026-04-09T15:47:10","slug":"oferta-formativa","status":"publish","type":"page","link":"https:\/\/agora.xtec.cat\/cfasantrocbadalona\/ensenyaments\/oferta-formativa\/","title":{"rendered":"Oferta formativa"},"content":{"rendered":"<div>\n<p>La<strong>\u00a0formaci\u00f3 de persones adultes o educaci\u00f3 d&#8217;adults<\/strong>\u00a0et permet obtenir una titulaci\u00f3 per enriquir els teus coneixements i millorar les teves compet\u00e8ncies t\u00e8cniques i professionals. La formaci\u00f3 d&#8217;adults t\u00e9 com a finalitat respondre a les necessitats i demandes formatives de l&#8217;entorn, facilitant l&#8217;aprenentatge al llarg de la vida.<\/p>\n<p>Al CFA Sant Roc hi podr\u00e0s cursar els <strong>ensenyaments<\/strong> seg\u00fcents:<\/p>\n<\/div>\n<table style=\"width: 100.724%; border-collapse: collapse; border-style: hidden; border-color: #faf7f7; background-color: #fcfafa; height: 254px;\">\n<tbody>\n<tr style=\"height: 47px;\">\n<td style=\"width: 17.1044%; border-style: hidden; border-color: #f7f7f7; background-color: #fcfcfc; text-align: center; height: 47px;\"><a href=\"https:\/\/agora.xtec.cat\/cfasantrocbadalona\/ensenyaments\/oferta-formativa\/formacio-instrumental\/\"><strong>Formaci\u00f3 instrumental\u00a0<\/strong><\/a><\/td>\n<td style=\"width: 19.2061%; border-style: hidden; border-color: #f7f7f7; background-color: #fcfcfc; text-align: center; height: 47px;\"><a href=\"https:\/\/agora.xtec.cat\/cfasantrocbadalona\/ensenyaments\/oferta-formativa\/llengues\/\"><strong>Lleng\u00fces (catal\u00e0, castell\u00e0, angl\u00e8s)<\/strong><\/a><\/td>\n<td style=\"width: 22.1253%; border-style: hidden; border-color: #f7f7f7; background-color: #fcfcfc; text-align: center; height: 47px;\"><a href=\"https:\/\/agora.xtec.cat\/cfasantrocbadalona\/ensenyaments\/oferta-formativa\/informatica\/\"><strong>Inform\u00e0tica (COMPETIC)<\/strong><\/a><\/td>\n<td style=\"width: 15.4678%; border-style: hidden; border-color: #f7f7f7; background-color: #fcfcfc; text-align: center; height: 47px;\"><a href=\"https:\/\/agora.xtec.cat\/cfasantrocbadalona\/ensenyaments\/oferta-formativa\/graduat-en-educacio-secundaria-geso\/\"><strong>Graduat en educaci\u00f3 secund\u00e0ria obligat\u00f2ria (GESO)<\/strong><\/a><\/td>\n<td style=\"width: 27.6205%; border-style: hidden; border-color: #f7f7f7; background-color: #fcfcfc; text-align: center; height: 47px;\"><a href=\"https:\/\/agora.xtec.cat\/cfasantrocbadalona\/ensenyaments\/oferta-formativa\/preparacio-per-a-la-prova-dacces-a-la-universitat-per-a-majors-de-25-i-45-anys-ppau-25-45\/\"><strong>Preparaci\u00f3 PAU majors 25\/45 anys<\/strong><\/a><\/td>\n<\/tr>\n<tr style=\"height: 207px;\">\n<td style=\"width: 17.1044%; border-style: hidden; border-color: #f7f7f7; background-color: #fcfcfc; height: 207px;\"><\/td>\n<td style=\"width: 19.2061%; border-style: hidden; border-color: #f7f7f7; background-color: #fcfcfc; height: 207px;\"><\/td>\n<td style=\"width: 22.1253%; border-style: hidden; border-color: #f7f7f7; background-color: #fcfcfc; height: 207px;\"><\/td>\n<td style=\"width: 15.4678%; border-style: hidden; border-color: #f7f7f7; background-color: #fcfcfc; height: 207px;\"><a href=\"https:\/\/agora.xtec.cat\/cfasantrocbadalona\/ensenyaments\/oferta-formativa\/graduat-en-educacio-secundaria-geso\/\" rel=\"attachment wp-att-2208\">\u00a0 <\/a><\/td>\n<td style=\"width: 27.6205%; border-style: hidden; border-color: #f7f7f7; background-color: #fcfcfc; height: 207px;\"><\/td>\n<\/tr>\n<\/tbody>\n<\/table>\n","protected":false},"excerpt":{"rendered":"<p>La\u00a0formaci\u00f3 de persones adultes o educaci\u00f3 d&#8217;adults\u00a0et permet obtenir una titulaci\u00f3 per enriquir els teus coneixements i millorar les teves compet\u00e8ncies t\u00e8cniques i professionals. La formaci\u00f3 d&#8217;adults t\u00e9 com a finalitat respondre a les necessitats i demandes formatives de l&#8217;entorn, facilitant l&#8217;aprenentatge al llarg de&hellip;  <a href=\"https:\/\/agora.xtec.cat\/cfasantrocbadalona\/ensenyaments\/oferta-formativa\/\" title=\"Read Oferta formativa\">Llegeix m\u00e9s\u00bb<\/a><\/p>\n","protected":false},"author":1,"featured_media":0,"parent":274,"menu_order":0,"comment_status":"closed","ping_status":"closed","template":"","meta":{"_bbp_topic_count":0,"_bbp_reply_count":0,"_bbp_total_topic_count":0,"_bbp_total_reply_count":0,"_bbp_voice_count":0,"_bbp_anonymous_reply_count":0,"_bbp_topic_count_hidden":0,"_bbp_reply_count_hidden":0,"_bbp_forum_subforum_count":0,"footnotes":""},"class_list":["post-2066","page","type-page","status-publish","hentry"],"post_mailing_queue_ids":[],"_links":{"self":[{"href":"https:\/\/agora.xtec.cat\/cfasantrocbadalona\/wp-json\/wp\/v2\/pages\/2066","targetHints":{"allow":["GET"]}}],"collection":[{"href":"https:\/\/agora.xtec.cat\/cfasantrocbadalona\/wp-json\/wp\/v2\/pages"}],"about":[{"href":"https:\/\/agora.xtec.cat\/cfasantrocbadalona\/wp-json\/wp\/v2\/types\/page"}],"author":[{"embeddable":true,"href":"https:\/\/agora.xtec.cat\/cfasantrocbadalona\/wp-json\/wp\/v2\/users\/1"}],"replies":[{"embeddable":true,"href":"https:\/\/agora.xtec.cat\/cfasantrocbadalona\/wp-json\/wp\/v2\/comments?post=2066"}],"version-history":[{"count":7,"href":"https:\/\/agora.xtec.cat\/cfasantrocbadalona\/wp-json\/wp\/v2\/pages\/2066\/revisions"}],"predecessor-version":[{"id":2326,"href":"https:\/\/agora.xtec.cat\/cfasantrocbadalona\/wp-json\/wp\/v2\/pages\/2066\/revisions\/2326"}],"up":[{"embeddable":true,"href":"https:\/\/agora.xtec.cat\/cfasantrocbadalona\/wp-json\/wp\/v2\/pages\/274"}],"wp:attachment":[{"href":"https:\/\/agora.xtec.cat\/cfasantrocbadalona\/wp-json\/wp\/v2\/media?parent=2066"}],"curies":[{"name":"wp","href":"https:\/\/api.w.org\/{rel}","templated":true}]}}