{"id":2047,"date":"2025-07-09T10:45:19","date_gmt":"2025-07-09T08:45:19","guid":{"rendered":"https:\/\/agora.xtec.cat\/cfasantrocbadalona\/?page_id=2047"},"modified":"2025-09-15T17:26:33","modified_gmt":"2025-09-15T15:26:33","slug":"llengua-catalana","status":"publish","type":"page","link":"https:\/\/agora.xtec.cat\/cfasantrocbadalona\/llengua-catalana\/","title":{"rendered":"Catal\u00e0"},"content":{"rendered":"<p>Aquests estudis tenen com a objectiu que les persones adultes assoleixin un grau de compet\u00e8ncia b\u00e0sica per a comunicar-se en llengua catalana i s&#8217;imparteixen en dos nivells:<strong> Llengua catalana 1 i Llengua catalana 2,<\/strong> que corresponen als <strong>nivells A1 i A2 del MECR<\/strong> (Marc europeu com\u00fa de refer\u00e8ncia per a les lleng\u00fces).<\/p>\n","protected":false},"excerpt":{"rendered":"<p>Aquests estudis tenen com a objectiu que les persones adultes assoleixin un grau de compet\u00e8ncia b\u00e0sica per a comunicar-se en llengua catalana i s&#8217;imparteixen en dos nivells: Llengua catalana 1 i Llengua catalana 2, que corresponen als nivells A1 i A2 del MECR (Marc europeu&hellip;  <a href=\"https:\/\/agora.xtec.cat\/cfasantrocbadalona\/llengua-catalana\/\" title=\"Read Catal\u00e0\">Llegeix m\u00e9s\u00bb<\/a><\/p>\n","protected":false},"author":1,"featured_media":0,"parent":0,"menu_order":0,"comment_status":"closed","ping_status":"closed","template":"","meta":{"_bbp_topic_count":0,"_bbp_reply_count":0,"_bbp_total_topic_count":0,"_bbp_total_reply_count":0,"_bbp_voice_count":0,"_bbp_anonymous_reply_count":0,"_bbp_topic_count_hidden":0,"_bbp_reply_count_hidden":0,"_bbp_forum_subforum_count":0,"footnotes":""},"class_list":["post-2047","page","type-page","status-publish","hentry"],"post_mailing_queue_ids":[],"_links":{"self":[{"href":"https:\/\/agora.xtec.cat\/cfasantrocbadalona\/wp-json\/wp\/v2\/pages\/2047","targetHints":{"allow":["GET"]}}],"collection":[{"href":"https:\/\/agora.xtec.cat\/cfasantrocbadalona\/wp-json\/wp\/v2\/pages"}],"about":[{"href":"https:\/\/agora.xtec.cat\/cfasantrocbadalona\/wp-json\/wp\/v2\/types\/page"}],"author":[{"embeddable":true,"href":"https:\/\/agora.xtec.cat\/cfasantrocbadalona\/wp-json\/wp\/v2\/users\/1"}],"replies":[{"embeddable":true,"href":"https:\/\/agora.xtec.cat\/cfasantrocbadalona\/wp-json\/wp\/v2\/comments?post=2047"}],"version-history":[{"count":6,"href":"https:\/\/agora.xtec.cat\/cfasantrocbadalona\/wp-json\/wp\/v2\/pages\/2047\/revisions"}],"predecessor-version":[{"id":2165,"href":"https:\/\/agora.xtec.cat\/cfasantrocbadalona\/wp-json\/wp\/v2\/pages\/2047\/revisions\/2165"}],"wp:attachment":[{"href":"https:\/\/agora.xtec.cat\/cfasantrocbadalona\/wp-json\/wp\/v2\/media?parent=2047"}],"curies":[{"name":"wp","href":"https:\/\/api.w.org\/{rel}","templated":true}]}}