{"id":2042,"date":"2025-07-09T10:44:20","date_gmt":"2025-07-09T08:44:20","guid":{"rendered":"https:\/\/agora.xtec.cat\/cfasantrocbadalona\/?page_id=2042"},"modified":"2026-04-09T17:50:17","modified_gmt":"2026-04-09T15:50:17","slug":"graduat-en-educacio-secundaria-geso","status":"publish","type":"page","link":"https:\/\/agora.xtec.cat\/cfasantrocbadalona\/ensenyaments\/oferta-formativa\/graduat-en-educacio-secundaria-geso\/","title":{"rendered":"Graduat en educaci\u00f3 secund\u00e0ria obligat\u00f2ria (GESO)"},"content":{"rendered":"<p><span style=\"font-weight: 400;\">Aquests estudis permeten <\/span><b>completar els ensenyaments b\u00e0sics i obtenir el t\u00edtol de graduat o graduada en educaci\u00f3 secund\u00e0ria obligat\u00f2ria (GESO).<\/b><\/p>\n<p>&nbsp;<\/p>\n<p><span style=\"font-weight: 400;\">Els ensenyaments per a l\u2019obtenci\u00f3 del t\u00edtol de graduat o graduada en educaci\u00f3 secund\u00e0ria obligat\u00f2ria per a les persones adultes consisteixen en <\/span><b>34 m\u00f2duls trimestrals amb una c\u00e0rrega lectiva de 35 hores per m\u00f2dul. La durada d\u2019aquests estudis \u00e9s de 1.190 hores<\/b><span style=\"font-weight: 400;\">. <\/span><b>Els m\u00f2duls estan organitzats en tres \u00e0mbits (<\/b><span style=\"font-weight: 400;\">\u00e0mbit de la comunicaci\u00f3, \u00e0mbit cientificotecnol\u00f2gic i \u00e0mbit social) <\/span><b>i es distribueixen en dos nivells, que es fan en dos cursos anuals (de setembre a juny):<\/b><\/p>\n<table>\n<tbody>\n<tr>\n<td><span style=\"font-weight: 400;\">M\u00f2duls<\/span><\/td>\n<td><span style=\"font-weight: 400;\">\u00c0mbit de la comunicaci\u00f3<\/span><\/td>\n<td><span style=\"font-weight: 400;\">\u00c0mbit cientificotecnol\u00f2gic<\/span><\/td>\n<td><span style=\"font-weight: 400;\">\u00c0mbit social<\/span><\/td>\n<\/tr>\n<tr>\n<td><span style=\"font-weight: 400;\">Nivell 1<\/span><\/td>\n<td>\n<ul>\n<li style=\"font-weight: 400;\" aria-level=\"1\"><span style=\"font-weight: 400;\">Llengua catalana 1 i 2<\/span><\/li>\n<li style=\"font-weight: 400;\" aria-level=\"1\"><span style=\"font-weight: 400;\">Llengua castellana 1 i 2<\/span><\/li>\n<li style=\"font-weight: 400;\" aria-level=\"1\"><span style=\"font-weight: 400;\">Literatura<\/span><\/li>\n<li style=\"font-weight: 400;\" aria-level=\"1\"><span style=\"font-weight: 400;\">Llengua estrangera b\u00e0sica i 1<\/span><\/li>\n<\/ul>\n<\/td>\n<td>\n<ul>\n<li style=\"font-weight: 400;\" aria-level=\"1\"><span style=\"font-weight: 400;\">Matem\u00e0tiques 1 i 2<\/span><\/li>\n<li style=\"font-weight: 400;\" aria-level=\"1\"><span style=\"font-weight: 400;\">F\u00edsica i qu\u00edmica 1<\/span><\/li>\n<li style=\"font-weight: 400;\" aria-level=\"1\"><span style=\"font-weight: 400;\">Ci\u00e8ncies naturals<\/span><\/li>\n<li style=\"font-weight: 400;\" aria-level=\"1\"><span style=\"font-weight: 400;\">Educaci\u00f3 per a la salut<\/span><\/li>\n<\/ul>\n<\/td>\n<td>\n<ul>\n<li style=\"font-weight: 400;\" aria-level=\"1\"><span style=\"font-weight: 400;\">Ci\u00e8ncies socials 1 i Educaci\u00f3 per a la ciutadania\u00a0<\/span><\/li>\n<li style=\"font-weight: 400;\" aria-level=\"1\"><span style=\"font-weight: 400;\">Geografia 1<\/span><\/li>\n<li style=\"font-weight: 400;\" aria-level=\"1\"><span style=\"font-weight: 400;\">Hist\u00f2ria 1<\/span><\/li>\n<\/ul>\n<\/td>\n<\/tr>\n<tr>\n<td><span style=\"font-weight: 400;\">Nivell 2<\/span><\/td>\n<td>\n<ul>\n<li style=\"font-weight: 400;\" aria-level=\"1\"><span style=\"font-weight: 400;\">Llengua catalana 3<\/span><\/li>\n<li style=\"font-weight: 400;\" aria-level=\"1\"><span style=\"font-weight: 400;\">Llengua castellana 3<\/span><\/li>\n<li style=\"font-weight: 400;\" aria-level=\"1\"><span style=\"font-weight: 400;\">Literatura catalana<\/span><\/li>\n<li style=\"font-weight: 400;\" aria-level=\"1\"><span style=\"font-weight: 400;\">Literatura castellana<\/span><\/li>\n<li style=\"font-weight: 400;\" aria-level=\"1\"><span style=\"font-weight: 400;\">Llengua estrangera 2 i 3<\/span><\/li>\n<\/ul>\n<\/td>\n<td>\n<ul>\n<li style=\"font-weight: 400;\" aria-level=\"1\"><span style=\"font-weight: 400;\">Matem\u00e0tiques 3 i 4<\/span><\/li>\n<li style=\"font-weight: 400;\" aria-level=\"1\"><span style=\"font-weight: 400;\">F\u00edsica i qu\u00edmica 2<\/span><\/li>\n<li style=\"font-weight: 400;\" aria-level=\"1\"><span style=\"font-weight: 400;\">Biologia i geologia<\/span><\/li>\n<li style=\"font-weight: 400;\" aria-level=\"1\"><span style=\"font-weight: 400;\">Tecnologia<\/span><\/li>\n<\/ul>\n<\/td>\n<td>\n<ul>\n<li style=\"font-weight: 400;\" aria-level=\"1\"><span style=\"font-weight: 400;\">Ci\u00e8ncies socials 2<\/span><\/li>\n<li style=\"font-weight: 400;\" aria-level=\"1\"><span style=\"font-weight: 400;\">Geografia 2<\/span><\/li>\n<li style=\"font-weight: 400;\" aria-level=\"1\"><span style=\"font-weight: 400;\">Hist\u00f2ria 2<\/span><\/li>\n<\/ul>\n<\/td>\n<\/tr>\n<tr>\n<td><span style=\"font-weight: 400;\">Opcionals<\/span><\/td>\n<td colspan=\"3\"><span style=\"font-weight: 400;\">consultar l\u2019oferta al centre<\/span><\/td>\n<\/tr>\n<\/tbody>\n<\/table>\n<p><span style=\"font-weight: 400;\">*M\u00f2duls a cada nivell: 14 comuns i 3 opcionals<\/span><\/p>\n<p><b>Sortides acad\u00e8miques:<\/b><\/p>\n<p><span style=\"font-weight: 400;\">Els alumnes que superen aquesta formaci\u00f3 poden accedir als ensenyaments seg\u00fcents:<\/span><\/p>\n<ul>\n<li style=\"font-weight: 400;\" aria-level=\"1\"><span style=\"font-weight: 400;\">el batxillerat,<\/span><\/li>\n<li style=\"font-weight: 400;\" aria-level=\"1\"><span style=\"font-weight: 400;\">els cicles formatius de grau mitj\u00e0,<\/span><\/li>\n<li style=\"font-weight: 400;\" aria-level=\"1\"><span style=\"font-weight: 400;\">la preparaci\u00f3 per a les proves d&#8217;acc\u00e9s als cicles formatius de grau superior i<\/span><\/li>\n<li style=\"font-weight: 400;\" aria-level=\"1\"><span style=\"font-weight: 400;\">la preparaci\u00f3 per a les proves d&#8217;acc\u00e9s a la universitat per a les persones m\u00e9s grans de 25 anys.<\/span><\/li>\n<\/ul>\n<p><strong>Grups i horaris: <\/strong>els ensenyaments de GESO s&#8217;imparteixen sempre en <strong>horari de tarda.\u00a0<\/strong><\/p>\n","protected":false},"excerpt":{"rendered":"<p>Aquests estudis permeten completar els ensenyaments b\u00e0sics i obtenir el t\u00edtol de graduat o graduada en educaci\u00f3 secund\u00e0ria obligat\u00f2ria (GESO).<br \/>\n&nbsp;<br \/>\nEls ensenyaments per a l\u2019obtenci\u00f3 del t\u00edtol de graduat o graduada en educaci\u00f3 secund\u00e0ria obligat\u00f2ria per a les persones adultes consisteixen en 34 m\u00f2duls trimestrals amb&hellip;  <a href=\"https:\/\/agora.xtec.cat\/cfasantrocbadalona\/ensenyaments\/oferta-formativa\/graduat-en-educacio-secundaria-geso\/\" title=\"Read Graduat en educaci\u00f3 secund\u00e0ria obligat\u00f2ria (GESO)\">Llegeix m\u00e9s\u00bb<\/a><\/p>\n","protected":false},"author":1,"featured_media":0,"parent":2066,"menu_order":0,"comment_status":"closed","ping_status":"closed","template":"page-templates\/side-menu.php","meta":{"_bbp_topic_count":0,"_bbp_reply_count":0,"_bbp_total_topic_count":0,"_bbp_total_reply_count":0,"_bbp_voice_count":0,"_bbp_anonymous_reply_count":0,"_bbp_topic_count_hidden":0,"_bbp_reply_count_hidden":0,"_bbp_forum_subforum_count":0,"footnotes":""},"class_list":["post-2042","page","type-page","status-publish","hentry"],"post_mailing_queue_ids":[],"_links":{"self":[{"href":"https:\/\/agora.xtec.cat\/cfasantrocbadalona\/wp-json\/wp\/v2\/pages\/2042","targetHints":{"allow":["GET"]}}],"collection":[{"href":"https:\/\/agora.xtec.cat\/cfasantrocbadalona\/wp-json\/wp\/v2\/pages"}],"about":[{"href":"https:\/\/agora.xtec.cat\/cfasantrocbadalona\/wp-json\/wp\/v2\/types\/page"}],"author":[{"embeddable":true,"href":"https:\/\/agora.xtec.cat\/cfasantrocbadalona\/wp-json\/wp\/v2\/users\/1"}],"replies":[{"embeddable":true,"href":"https:\/\/agora.xtec.cat\/cfasantrocbadalona\/wp-json\/wp\/v2\/comments?post=2042"}],"version-history":[{"count":6,"href":"https:\/\/agora.xtec.cat\/cfasantrocbadalona\/wp-json\/wp\/v2\/pages\/2042\/revisions"}],"predecessor-version":[{"id":2329,"href":"https:\/\/agora.xtec.cat\/cfasantrocbadalona\/wp-json\/wp\/v2\/pages\/2042\/revisions\/2329"}],"up":[{"embeddable":true,"href":"https:\/\/agora.xtec.cat\/cfasantrocbadalona\/wp-json\/wp\/v2\/pages\/2066"}],"wp:attachment":[{"href":"https:\/\/agora.xtec.cat\/cfasantrocbadalona\/wp-json\/wp\/v2\/media?parent=2042"}],"curies":[{"name":"wp","href":"https:\/\/api.w.org\/{rel}","templated":true}]}}