{"id":2038,"date":"2025-07-09T10:45:19","date_gmt":"2025-07-09T08:45:19","guid":{"rendered":"https:\/\/agora.xtec.cat\/cfasantrocbadalona\/?page_id=2038"},"modified":"2026-04-09T17:49:47","modified_gmt":"2026-04-09T15:49:47","slug":"informatica","status":"publish","type":"page","link":"https:\/\/agora.xtec.cat\/cfasantrocbadalona\/ensenyaments\/oferta-formativa\/informatica\/","title":{"rendered":"Inform\u00e0tica (COMPETIC)"},"content":{"rendered":"<p>Els ensenyaments d&#8217;inform\u00e0tica de l&#8217;escola s&#8217;inscriuen en el <strong>programa COMPETIC<\/strong> en l&#8217;\u00e0mbit de les tecnologies de la informaci\u00f3 i la comunicaci\u00f3.<\/p>\n<p>S&#8217;imparteixen en <strong>quatre nivells<\/strong>:<strong> COMPETIC Inicial,\u00a0 COMPETIC 1, COMETIC 2 i COMPETIC 3. <\/strong><\/p>\n<p>&nbsp;<\/p>\n<p><strong>COMPETIC Inicial<\/strong><\/p>\n<p>El nivell inicial d&#8217;inform\u00e0tica et permetr\u00e0:<\/p>\n<p>\u2022 Familiaritzar-te amb l&#8217;ordinador i els seus components i con\u00e8ixer com funciona el sistema operatiu.<\/p>\n<p>\u2022 Comen\u00e7ar a fer servir el processador de textos.<\/p>\n<p>\u2022 Iniciar-te en la navegaci\u00f3 per internet i fer cerques senzilles.<\/p>\n<p>&nbsp;<\/p>\n<p><strong>COMPETIC 1 (equivalent ACTIC B\u00e0sic)<\/strong><\/p>\n<p><span style=\"font-weight: 400;\">Es treballen les seg\u00fcents\u00a0 compet\u00e8ncies del nivell ACTIC b\u00e0sic, en aquest ordre:<\/span><\/p>\n<ul>\n<li style=\"font-weight: 400;\" aria-level=\"1\"><span style=\"font-weight: 400;\">C6. Tractament de la informaci\u00f3 num\u00e8rica.<\/span><\/li>\n<li style=\"font-weight: 400;\" aria-level=\"1\"><span style=\"font-weight: 400;\">C5. Tractament de la informaci\u00f3 gr\u00e0fica, sonora i de la imatge en moviment.<\/span><\/li>\n<li style=\"font-weight: 400;\" aria-level=\"1\"><span style=\"font-weight: 400;\">C1. Cultura, participaci\u00f3 i civisme digital<\/span><\/li>\n<\/ul>\n<p>*Acc\u00e9s: c<span style=\"font-weight: 400;\">al tenir habilitats suficients en l\u2019\u00fas de l\u2019ordinador, sistema operatiu, navegaci\u00f3 per internet i tractament de textos, demostrades per prova de nivell o certificat de Competic inicial recent.<\/span><\/p>\n<p>&nbsp;<\/p>\n<p><strong>COMPETIC 2 (equivalent ACTIC Mitj\u00e0)<\/strong><\/p>\n<p><span style=\"font-weight: 400;\">Es treballen les 8 compet\u00e8ncies del nivell ACTIC mitj\u00e0:<\/span><\/p>\n<ul>\n<li style=\"font-weight: 400;\" aria-level=\"1\"><span style=\"font-weight: 400;\">C1. Cultura, participaci\u00f3 i civisme digital.<\/span><\/li>\n<li style=\"font-weight: 400;\" aria-level=\"1\"><span style=\"font-weight: 400;\">C2. Tecnologia digital, \u00fas de l\u2019ordinador i del sistema operatiu.<\/span><\/li>\n<li style=\"font-weight: 400;\" aria-level=\"1\"><span style=\"font-weight: 400;\">C3. Navegaci\u00f3 i comunicaci\u00f3 en el m\u00f3n digital.<\/span><\/li>\n<li style=\"font-weight: 400;\" aria-level=\"1\"><span style=\"font-weight: 400;\">C4. Tractament de la informaci\u00f3 escrita.<\/span><\/li>\n<li style=\"font-weight: 400;\" aria-level=\"1\"><span style=\"font-weight: 400;\">C5. Tractament de la informaci\u00f3 gr\u00e0fica, sonora i de la imatge en moviment.<\/span><\/li>\n<li style=\"font-weight: 400;\" aria-level=\"1\"><span style=\"font-weight: 400;\">C6. Tractament de la informaci\u00f3 num\u00e8rica.<\/span><\/li>\n<li style=\"font-weight: 400;\" aria-level=\"1\"><span style=\"font-weight: 400;\">C7. Tractament de les dades.<\/span><\/li>\n<li style=\"font-weight: 400;\" aria-level=\"1\"><span style=\"font-weight: 400;\">C8. Presentaci\u00f3 de continguts.<\/span><\/li>\n<\/ul>\n<p><strong>*Acc\u00e9s: aquest nivell s&#8217;adre\u00e7a a persones que han superat el nivell 1 o que tenen la certificaci\u00f3 ACTIC de nivell b\u00e0sic.<\/strong><\/p>\n<p>&nbsp;<\/p>\n<p><strong>COMPETIC 3 (equivalent ACTIC Avan\u00e7at)<\/strong><\/p>\n<p><span style=\"font-weight: 400;\">Cada trimestre es treballen aquestes compet\u00e8ncies del nivell ACTIC avan\u00e7at, en aquest ordre:<\/span><\/p>\n<ul>\n<li style=\"font-weight: 400;\" aria-level=\"2\"><span style=\"font-weight: 400;\">C8. Presentaci\u00f3 de continguts.<\/span><\/li>\n<li style=\"font-weight: 400;\" aria-level=\"2\"><span style=\"font-weight: 400;\">C4. Tractament de la informaci\u00f3 escrita.<\/span><\/li>\n<li style=\"font-weight: 400;\" aria-level=\"2\"><span style=\"font-weight: 400;\">C6. Tractament de la informaci\u00f3 num\u00e8rica.<\/span><\/li>\n<\/ul>\n<p><strong> *Acc\u00e9s: aquest nivell s&#8217;adre\u00e7a a persones que han superat el nivell 2 o que tenen la certificaci\u00f3 ACTIC de nivell mitj\u00e0.<\/strong><\/p>\n<p>&nbsp;<\/p>\n<p><strong>M\u00e9s informaci\u00f3:<\/strong><\/p>\n<p><a href=\"https:\/\/actic.gencat.cat\/ca\/actic_informacio\/actic_competencies_i_nivells\/index.html\">Compet\u00e8ncies, nivells i certificats COMPETIC (Generalitat de Catalunya)<\/a><\/p>\n","protected":false},"excerpt":{"rendered":"<p>Els ensenyaments d&#8217;inform\u00e0tica de l&#8217;escola s&#8217;inscriuen en el programa COMPETIC en l&#8217;\u00e0mbit de les tecnologies de la informaci\u00f3 i la comunicaci\u00f3.<br \/>\nS&#8217;imparteixen en quatre nivells: COMPETIC Inicial,\u00a0 COMPETIC 1, COMETIC 2 i COMPETIC 3.<br \/>\n&nbsp;<br \/>\nCOMPETIC Inicial<br \/>\nEl nivell inicial d&#8217;inform\u00e0tica et permetr\u00e0:<br \/>\n\u2022 Familiaritzar-te amb l&#8217;ordinador i els&hellip;  <a href=\"https:\/\/agora.xtec.cat\/cfasantrocbadalona\/ensenyaments\/oferta-formativa\/informatica\/\" title=\"Read Inform\u00e0tica (COMPETIC)\">Llegeix m\u00e9s\u00bb<\/a><\/p>\n","protected":false},"author":1,"featured_media":0,"parent":2066,"menu_order":0,"comment_status":"closed","ping_status":"closed","template":"page-templates\/side-menu.php","meta":{"_bbp_topic_count":0,"_bbp_reply_count":0,"_bbp_total_topic_count":0,"_bbp_total_reply_count":0,"_bbp_voice_count":0,"_bbp_anonymous_reply_count":0,"_bbp_topic_count_hidden":0,"_bbp_reply_count_hidden":0,"_bbp_forum_subforum_count":0,"footnotes":""},"class_list":["post-2038","page","type-page","status-publish","hentry"],"post_mailing_queue_ids":[],"_links":{"self":[{"href":"https:\/\/agora.xtec.cat\/cfasantrocbadalona\/wp-json\/wp\/v2\/pages\/2038","targetHints":{"allow":["GET"]}}],"collection":[{"href":"https:\/\/agora.xtec.cat\/cfasantrocbadalona\/wp-json\/wp\/v2\/pages"}],"about":[{"href":"https:\/\/agora.xtec.cat\/cfasantrocbadalona\/wp-json\/wp\/v2\/types\/page"}],"author":[{"embeddable":true,"href":"https:\/\/agora.xtec.cat\/cfasantrocbadalona\/wp-json\/wp\/v2\/users\/1"}],"replies":[{"embeddable":true,"href":"https:\/\/agora.xtec.cat\/cfasantrocbadalona\/wp-json\/wp\/v2\/comments?post=2038"}],"version-history":[{"count":6,"href":"https:\/\/agora.xtec.cat\/cfasantrocbadalona\/wp-json\/wp\/v2\/pages\/2038\/revisions"}],"predecessor-version":[{"id":2328,"href":"https:\/\/agora.xtec.cat\/cfasantrocbadalona\/wp-json\/wp\/v2\/pages\/2038\/revisions\/2328"}],"up":[{"embeddable":true,"href":"https:\/\/agora.xtec.cat\/cfasantrocbadalona\/wp-json\/wp\/v2\/pages\/2066"}],"wp:attachment":[{"href":"https:\/\/agora.xtec.cat\/cfasantrocbadalona\/wp-json\/wp\/v2\/media?parent=2038"}],"curies":[{"name":"wp","href":"https:\/\/api.w.org\/{rel}","templated":true}]}}