{"id":1052,"date":"2021-04-25T16:37:28","date_gmt":"2021-04-25T14:37:28","guid":{"rendered":"http:\/\/agora.xtec.cat\/cfasantrocbadalona\/?page_id=1052"},"modified":"2025-07-11T02:13:26","modified_gmt":"2025-07-11T00:13:26","slug":"pec","status":"publish","type":"page","link":"https:\/\/agora.xtec.cat\/cfasantrocbadalona\/pec\/","title":{"rendered":"Projecte Educatiu de Centre"},"content":{"rendered":"<p>D\u2019acord amb la <a href=\"http:\/\/www20.gencat.cat\/portal\/site\/portaljuridic\/menuitem.d15a4e5dfb99396dc366ec10b0c0e1a0\/?vgnextoid=b85297b5a87d6210VgnVCM1000000b0c1e0aRCRD&amp;vgnextchannel=b85297b5a87d6210VgnVCM1000000b0c1e0aRCRD&amp;vgnextfmt=default&amp;action=fitxa&amp;portalId=1&amp;documentId=480169&amp;newLang=ca_ES#fragment-1182442\">Llei d\u2019Educaci\u00f3 de Catalunya<\/a>, el projecte educatiu incorpora el car\u00e0cter propi del centre i ha de contenir com a m\u00ednim els elements seg\u00fcents:<\/p>\n<ul>\n<li>Criteris d\u2019ordenaci\u00f3 pedag\u00f2gica, prioritats i plantejaments educatius, procediments d\u2019inclusi\u00f3 i altres actuacions que caracteritzen el centre.<\/li>\n<li>Indicadors de progr\u00e9s.<\/li>\n<li>Concreci\u00f3 i desenvolupament dels curr\u00edculums.<\/li>\n<li>Criteris que defineixen l\u2019estructura organitzativa.<\/li>\n<li>Projecte ling\u00fc\u00edstic.<\/li>\n<li>Car\u00e0cter propi del centre, si n\u2019hi ha.<\/li>\n<\/ul>\n<p><strong>PROJECTE EDUCATIU CFA SANT ROC<\/strong><\/p>\n<p><strong><a href=\"https:\/\/agora.xtec.cat\/cfasantrocbadalona\/wp-content\/uploads\/usu1596\/2024\/05\/PEC-CFA-SANT-ROC-1-juny-18-revisat-marc-2022.pdf\">PEC CFA SANT ROC 1 juny 18 (revisat mar\u00e7 2022)<\/a><\/strong><\/p>\n<p>&nbsp;<\/p>\n","protected":false},"excerpt":{"rendered":"<p>D\u2019acord amb la <a href=\"http:\/\/www20.gencat.cat\/portal\/site\/portaljuridic\/menuitem.d15a4e5dfb99396dc366ec10b0c0e1a0\/?vgnextoid=b85297b5a87d6210VgnVCM1000000b0c1e0aRCRD&amp;vgnextchannel=b85297b5a87d6210VgnVCM1000000b0c1e0aRCRD&amp;vgnextfmt=default&amp;action=fitxa&amp;portalId=1&amp;documentId=480169&amp;newLang=ca_ES#fragment-1182442\">Llei d\u2019Educaci\u00f3 de Catalunya<\/a>, el projecte educatiu incorpora el car\u00e0cter propi del centre i ha de contenir com a m\u00ednim els elements seg\u00fcents:<\/p>\n<ul>\n<li>Criteris d\u2019ordenaci\u00f3 pedag\u00f2gica, prioritats i plantejaments educatius, procediments d\u2019inclusi\u00f3 i altres actuacions que caracteritzen el centre.<\/li>\n<li>Indicadors de progr\u00e9s.<\/li>\n<li>Concreci\u00f3 i&hellip;  <a href=\"https:\/\/agora.xtec.cat\/cfasantrocbadalona\/pec\/\" title=\"Read Projecte Educatiu de Centre\">Llegeix m\u00e9s\u00bb<\/a><br \/>\n","protected":false},"author":1,"featured_media":0,"parent":0,"menu_order":0,"comment_status":"closed","ping_status":"closed","template":"","meta":{"_bbp_topic_count":0,"_bbp_reply_count":0,"_bbp_total_topic_count":0,"_bbp_total_reply_count":0,"_bbp_voice_count":0,"_bbp_anonymous_reply_count":0,"_bbp_topic_count_hidden":0,"_bbp_reply_count_hidden":0,"_bbp_forum_subforum_count":0,"footnotes":""},"class_list":["post-1052","page","type-page","status-publish","hentry"],"post_mailing_queue_ids":[],"_links":{"self":[{"href":"https:\/\/agora.xtec.cat\/cfasantrocbadalona\/wp-json\/wp\/v2\/pages\/1052","targetHints":{"allow":["GET"]}}],"collection":[{"href":"https:\/\/agora.xtec.cat\/cfasantrocbadalona\/wp-json\/wp\/v2\/pages"}],"about":[{"href":"https:\/\/agora.xtec.cat\/cfasantrocbadalona\/wp-json\/wp\/v2\/types\/page"}],"author":[{"embeddable":true,"href":"https:\/\/agora.xtec.cat\/cfasantrocbadalona\/wp-json\/wp\/v2\/users\/1"}],"replies":[{"embeddable":true,"href":"https:\/\/agora.xtec.cat\/cfasantrocbadalona\/wp-json\/wp\/v2\/comments?post=1052"}],"version-history":[{"count":5,"href":"https:\/\/agora.xtec.cat\/cfasantrocbadalona\/wp-json\/wp\/v2\/pages\/1052\/revisions"}],"predecessor-version":[{"id":2112,"href":"https:\/\/agora.xtec.cat\/cfasantrocbadalona\/wp-json\/wp\/v2\/pages\/1052\/revisions\/2112"}],"wp:attachment":[{"href":"https:\/\/agora.xtec.cat\/cfasantrocbadalona\/wp-json\/wp\/v2\/media?parent=1052"}],"curies":[{"name":"wp","href":"https:\/\/api.w.org\/{rel}","templated":true}]}}