{"id":712,"date":"2016-01-07T13:58:53","date_gmt":"2016-01-07T12:58:53","guid":{"rendered":"http:\/\/agora.xtec.cat\/cfasantramon\/?page_id=712"},"modified":"2024-07-15T22:06:07","modified_gmt":"2024-07-15T20:06:07","slug":"preinscripcio-i-matricula","status":"publish","type":"page","link":"https:\/\/agora.xtec.cat\/cfasantramon\/preinscripcio-i-matricula\/","title":{"rendered":"Acc\u00e9s als estudis"},"content":{"rendered":"<h2 id=\"preinscripcio_i_matricula\" class=\"sectionedit1\" style=\"text-align: justify;\">Requisits per accedir als estudis<\/h2>\n<div class=\"level1\" style=\"text-align: justify;\">\n<p>Amb car\u00e0cter general, per accedir a l&#8217;educaci\u00f3 d&#8217;adults <strong>cal haver complert els 18 anys<\/strong> (o complir-los l&#8217;any natural en qu\u00e8 s&#8217;inicia la formaci\u00f3).<\/p>\n<p>Al curs d&#8217;<strong>educaci\u00f3 secund\u00e0ria per a les persones adultes<\/strong> i els ensenyaments de<strong> catal\u00e0 i castell\u00e0,<\/strong>\u00a0tamb\u00e9 hi poden accedir les persones que tenen 16 anys o b\u00e9, que els compleixen durant l&#8217;any natural en qu\u00e8 inicien la formaci\u00f3, sempre que es trobin en alguna d&#8217;aquestes situacions que caldr\u00e0 acreditar:<\/p>\n<ul>\n<li class=\"level1\">\n<div class=\"li\">tenir un contracte laboral que impedeixi assistir als centres educatius en r\u00e8gim ordinari,<\/div>\n<\/li>\n<li class=\"level1\">\n<div class=\"li\">trobar-se en proc\u00e9s d&#8217;obtenir un perm\u00eds de treball,<\/div>\n<\/li>\n<li class=\"level1\">\n<div class=\"li\">ser esportista d&#8217;alt rendiment,<\/div>\n<\/li>\n<li class=\"level1\">\n<div class=\"li\">cursar o haver cursat els m\u00f2duls obligatoris dels programes de qualificaci\u00f3 professional inicial (PQPI \/ PFI),<\/div>\n<\/li>\n<li class=\"level1\">\n<div class=\"li\">participar en el programa d&#8217;experi\u00e8ncia professional per a l&#8217;ocupaci\u00f3 juvenil a Catalunya, \u201cJoves per l&#8217;ocupaci\u00f3\u201d.<\/div>\n<\/li>\n<\/ul>\n<h2>Documentaci\u00f3<\/h2>\n<\/div>\n<div class=\"level2\" style=\"text-align: justify;\">\n<p>Juntament amb la sol\u00b7licitud de preinscripci\u00f3 cal presentar la <strong>documentaci\u00f3<\/strong> en el termini establert.<\/p>\n<p>Quan el nombre de sol\u00b7licituds d&#8217;admissi\u00f3 \u00e9s superior a l&#8217;oferta de places s&#8217;aplica el\u00a0<strong>criteri de prioritat;\u00a0<\/strong>el compliment d&#8217;aquest criteri s&#8217;ha d&#8217;acreditar amb la documentaci\u00f3 corresponent (el barem s&#8217;aplica en relaci\u00f3 amb el centre demanat, en primer lloc, i es mant\u00e9 per a la resta de peticions). En les situacions d&#8217;empat que es produeixin despr\u00e9s d&#8217;aplicar els criteris, l&#8217;ordenaci\u00f3 de les sol\u00b7licituds afectades es fa per sorteig p\u00fablic del n\u00famero de desempat.<\/p>\n<p><strong>Totes les persones\u00a0<\/strong>que es preinscriuen han de presentar l&#8217;original i una fotoc\u00f2pia del <strong>DNI<\/strong>, <strong>NIE<\/strong> o <strong>passaport<\/strong> (si es tracta d&#8217;estrangers comunitaris, el document d&#8217;identitat del pa\u00eds d&#8217;origen).<\/p>\n<p>Si el sol\u00b7licitant \u00e9s menor d&#8217;edat, tamb\u00e9 cal presentar:<\/p>\n<ul>\n<li>Persones\u00a0amb<strong> contracte laboral<\/strong>:<strong>\u00a0<\/strong>document que acrediti la seva d&#8217;afiliaci\u00f3 a la Seguretat Social (si no tenen obligaci\u00f3 d\u2019estar afiliats, el certificat del familiar titular de l&#8217;empresa i la declaraci\u00f3 dels tutors legals).<\/li>\n<li>Persones en proc\u00e9s d&#8217;obtenci\u00f3 d&#8217;un <strong>perm\u00eds de treball<\/strong>:<strong>\u00a0<\/strong>documentaci\u00f3 acreditativa corresponent.<\/li>\n<li>Esportistes d&#8217;<strong>alt rendiment<\/strong>\u00a0que\u00a0comparteixen ensenyaments: certificat acreditatiu expedit pel Consell Catal\u00e0 de l&#8217;Esport.<\/li>\n<li>Persones que\u00a0cursen o han cursat un\u00a0<strong>PQPI<\/strong> (Programa de qualificaci\u00f3 professional inicial) o un\u00a0<strong>PFI<\/strong> (Programa de formaci\u00f3 i inserci\u00f3): certificaci\u00f3 que l&#8217;han cursat o l&#8217;estan cursant.<\/li>\n<li>Persones que participen al programa &#8220;<strong>Joves per l&#8217;ocupaci\u00f3<\/strong>&#8220;: document acreditatiu expedit per l&#8217;entitat on han desenvolupat el programa.<\/li>\n<li><strong>Menors d\u2019edat, <\/strong>hauran de portar a m\u00e9s la documentaci\u00f3 seg\u00fcent:\n<ul>\n<li>Original i fotoc\u00f2pia del llibre de fam\u00edlia o altres documents relatius a la filiaci\u00f3 i el consentiment del pare o mare o tutor legal del menor. Si est\u00e0 en situaci\u00f3 d&#8217;acolliment, la resoluci\u00f3 del Departament de Treball, Afers Socials i Fam\u00edlies.<\/li>\n<li>Original i fotoc\u00f2pia del DNI de la persona sol\u00b7licitant (pare, mare, tutor\/a o guardador\/a de fet) o si la persona sol\u00b7licitant \u00e9s estrangera, de la targeta de resid\u00e8ncia on consta el NIE o del passaport. Si es tracta d&#8217;estrangers comunitaris, document d&#8217;identitat del pa\u00eds d&#8217;origen.<\/li>\n<\/ul>\n<\/li>\n<\/ul>\n<\/div>\n<div class=\"level3\"><\/div>\n<h2 id=\"taxa_curs_d_acces_directe_als_cfgm_cam\" class=\"sectionedit10\"><\/h2>\n","protected":false},"excerpt":{"rendered":"<p>Requisits per accedir als estudis<\/p>\n<p>Amb car\u00e0cter general, per accedir a l&#8217;educaci\u00f3 d&#8217;adults cal haver complert els 18 anys (o complir-los l&#8217;any natural en qu\u00e8 s&#8217;inicia la formaci\u00f3).<br \/>\nAl curs d&#8217;educaci\u00f3 secund\u00e0ria per a les persones adultes i els ensenyaments de catal\u00e0 i castell\u00e0,\u00a0tamb\u00e9 hi poden accedir&hellip;  <a href=\"https:\/\/agora.xtec.cat\/cfasantramon\/preinscripcio-i-matricula\/\" title=\"Read Acc\u00e9s als estudis\">Llegeix m\u00e9s\u00bb<\/a><\/p>\n","protected":false},"author":7,"featured_media":0,"parent":0,"menu_order":1,"comment_status":"closed","ping_status":"closed","template":"page-templates\/side-menu.php","meta":{"_bbp_topic_count":0,"_bbp_reply_count":0,"_bbp_total_topic_count":0,"_bbp_total_reply_count":0,"_bbp_voice_count":0,"_bbp_anonymous_reply_count":0,"_bbp_topic_count_hidden":0,"_bbp_reply_count_hidden":0,"_bbp_forum_subforum_count":0,"footnotes":""},"class_list":["post-712","page","type-page","status-publish","hentry"],"post_mailing_queue_ids":[],"_links":{"self":[{"href":"https:\/\/agora.xtec.cat\/cfasantramon\/wp-json\/wp\/v2\/pages\/712","targetHints":{"allow":["GET"]}}],"collection":[{"href":"https:\/\/agora.xtec.cat\/cfasantramon\/wp-json\/wp\/v2\/pages"}],"about":[{"href":"https:\/\/agora.xtec.cat\/cfasantramon\/wp-json\/wp\/v2\/types\/page"}],"author":[{"embeddable":true,"href":"https:\/\/agora.xtec.cat\/cfasantramon\/wp-json\/wp\/v2\/users\/7"}],"replies":[{"embeddable":true,"href":"https:\/\/agora.xtec.cat\/cfasantramon\/wp-json\/wp\/v2\/comments?post=712"}],"version-history":[{"count":7,"href":"https:\/\/agora.xtec.cat\/cfasantramon\/wp-json\/wp\/v2\/pages\/712\/revisions"}],"predecessor-version":[{"id":2754,"href":"https:\/\/agora.xtec.cat\/cfasantramon\/wp-json\/wp\/v2\/pages\/712\/revisions\/2754"}],"wp:attachment":[{"href":"https:\/\/agora.xtec.cat\/cfasantramon\/wp-json\/wp\/v2\/media?parent=712"}],"curies":[{"name":"wp","href":"https:\/\/api.w.org\/{rel}","templated":true}]}}