{"id":49,"date":"2014-09-17T16:55:55","date_gmt":"2014-09-17T16:55:55","guid":{"rendered":"http:\/\/agora.xtec.cat\/cfasantramon\/\/?page_id=49"},"modified":"2024-07-15T21:58:13","modified_gmt":"2024-07-15T19:58:13","slug":"normes-dorganitzacio-i-funcionament","status":"publish","type":"page","link":"https:\/\/agora.xtec.cat\/cfasantramon\/el-centre\/normes-dorganitzacio-i-funcionament\/","title":{"rendered":"Normes i funcionament del centre"},"content":{"rendered":"<p><span style=\"font-weight: 400;\">Tots els membres de la comunitat educativa del CFA Sant Ramon hem d\u2019aconseguir que el funcionament i la conviv\u00e8ncia siguin agradables i fluides. Per poder-ho assolir respectarem les seg\u00fcents normes extretes de les NOFC (normes d\u2019organitzaci\u00f3 i funcionament del centre).<\/span><\/p>\n<p><b>Normes referents al comportament personal<\/b><\/p>\n<ul>\n<li style=\"font-weight: 400;\" aria-level=\"1\"><span style=\"font-weight: 400;\">L\u2019assist\u00e8ncia i la puntualitat s\u00f3n obligat\u00f2ries.<\/span><\/li>\n<li style=\"font-weight: 400;\" aria-level=\"1\"><span style=\"font-weight: 400;\">L\u2019alumne ha de portar el material necessari per al desenvolupament de les tasques escolars.\u00a0<\/span><\/li>\n<li style=\"font-weight: 400;\" aria-level=\"1\"><span style=\"font-weight: 400;\">Cal assistir al centre amb una adequada higiene personal, vestits de forma correcta i sense fer \u00fas de subst\u00e0ncies perjudicials per a la vostra salut.<\/span><\/li>\n<\/ul>\n<p><b>Normes referents a les relacions interpersonals<\/b><\/p>\n<ul>\n<li style=\"font-weight: 400;\" aria-level=\"1\"><span style=\"font-weight: 400;\">Cal tenir un tracte respectu\u00f3s amb el professorat, personal del centre i companys.<\/span><\/li>\n<li style=\"font-weight: 400;\" aria-level=\"1\"><span style=\"font-weight: 400;\">Cal fer servir el di\u00e0leg com a via per solucionar problemes; insults, assetjaments o agressions seran sancionats.<\/span><\/li>\n<li style=\"font-weight: 400;\" aria-level=\"1\"><span style=\"font-weight: 400;\">Cal tenir cura de les pertinences pr\u00f2pies i respectar la dels altres. L\u2019escola <\/span><b>NO<\/b><span style=\"font-weight: 400;\"> se\u2019n fa responsable.<\/span><\/li>\n<\/ul>\n<p><b>Normes referents a l\u2019assist\u00e8ncia al centre<\/b><\/p>\n<ul>\n<li style=\"font-weight: 400;\" aria-level=\"1\"><span style=\"font-weight: 400;\">L\u2019horari acad\u00e8mic \u00e9s d\u2019obligat compliment (inclosa la tutoria a GES). L\u2019assist\u00e8ncia ser\u00e0 controlada di\u00e0riament per part del professorat. Les abs\u00e8ncies s\u2019hauran de justificar al m\u00e9s aviat possible al tutor de cada grup.<\/span><\/li>\n<li style=\"font-weight: 400;\" aria-level=\"1\"><span style=\"font-weight: 400;\">L\u2019acumulaci\u00f3 de faltes d\u2019assist\u00e8ncia injustificades comporta la baixa del centre.<\/span><\/li>\n<li style=\"font-weight: 400;\" aria-level=\"1\"><span style=\"font-weight: 400;\">Per tenir dret a l\u2019avaluaci\u00f3, caldr\u00e0 assistir a un m\u00ednim del 80% de les classes dels m\u00f2duls o ensenyaments.<\/span><\/li>\n<\/ul>\n<p><b>Normes referents al funcionament del centre i l\u2019aula<\/b><\/p>\n<ul>\n<li style=\"font-weight: 400;\" aria-level=\"1\"><span style=\"font-weight: 400;\">Es far\u00e0 un bon \u00fas de les instal\u00b7lacions, mobiliari i material escolar. Qui provoqui un desperfecte haur\u00e0 de pagar la reparaci\u00f3.<\/span><\/li>\n<li style=\"font-weight: 400;\" aria-level=\"1\"><span style=\"font-weight: 400;\">Despr\u00e9s d\u2019utilitzar els ordinadors, caldr\u00e0 apagar-los correctament.\u00a0<\/span><\/li>\n<li style=\"font-weight: 400;\" aria-level=\"1\"><span style=\"font-weight: 400;\">En cas que l\u2019alumne distorsioni el funcionament d\u2019una classe, el professor podr\u00e0 prendre les mesures que consideri convenients.<\/span><\/li>\n<li style=\"font-weight: 400;\" aria-level=\"1\"><span style=\"font-weight: 400;\">L\u2019alumnat nom\u00e9s pot sortir de l\u2019aula durant l\u2019horari lectiu quan tingui perm\u00eds del professor responsable.<\/span><\/li>\n<li style=\"font-weight: 400;\" aria-level=\"1\"><span style=\"font-weight: 400;\">No est\u00e0 perm\u00e8s menjar o beure a les aules.<\/span><\/li>\n<li style=\"font-weight: 400;\" aria-level=\"1\"><span style=\"font-weight: 400;\">No es permet l\u2019\u00fas d\u2019aparells de telefonia m\u00f2bil o reproductors de so que puguin destorbar el normal desenvolupament de les classes, tret que el professor indiqui el contrari. En cas de no ser aix\u00ed, el professor t\u00e9 la potestat de demanar que l\u2019aparell sigui dipositat en un espai de l\u2019aula i es retornar\u00e0 en acabar la classe.<\/span><\/li>\n<li style=\"font-weight: 400;\" aria-level=\"1\"><span style=\"font-weight: 400;\">No es permet fumar dins del recinte escolar.<\/span><\/li>\n<li style=\"font-weight: 400;\" aria-level=\"1\"><span style=\"font-weight: 400;\">No es permeten fer gravacions d\u2019\u00e0udio o v\u00eddeo dins de les instal\u00b7lacions.<\/span><\/li>\n<\/ul>\n","protected":false},"excerpt":{"rendered":"<p>Tots els membres de la comunitat educativa del CFA Sant Ramon hem d\u2019aconseguir que el funcionament i la conviv\u00e8ncia siguin agradables i fluides. Per poder-ho assolir respectarem les seg\u00fcents normes extretes de les NOFC (normes d\u2019organitzaci\u00f3 i funcionament del centre).<br \/>\nNormes referents al comportament personal<\/p>\n<ul>\n<li style=\"font-weight:&hellip;  <a href=\"https:\/\/agora.xtec.cat\/cfasantramon\/el-centre\/normes-dorganitzacio-i-funcionament\/\" title=\"Read Normes i funcionament del centre\">Llegeix m\u00e9s\u00bb<\/a><br \/>\n","protected":false},"author":1,"featured_media":0,"parent":261,"menu_order":60,"comment_status":"closed","ping_status":"closed","template":"page-templates\/side-menu.php","meta":{"_bbp_topic_count":0,"_bbp_reply_count":0,"_bbp_total_topic_count":0,"_bbp_total_reply_count":0,"_bbp_voice_count":0,"_bbp_anonymous_reply_count":0,"_bbp_topic_count_hidden":0,"_bbp_reply_count_hidden":0,"_bbp_forum_subforum_count":0,"footnotes":""},"class_list":["post-49","page","type-page","status-publish","hentry"],"post_mailing_queue_ids":[],"_links":{"self":[{"href":"https:\/\/agora.xtec.cat\/cfasantramon\/wp-json\/wp\/v2\/pages\/49","targetHints":{"allow":["GET"]}}],"collection":[{"href":"https:\/\/agora.xtec.cat\/cfasantramon\/wp-json\/wp\/v2\/pages"}],"about":[{"href":"https:\/\/agora.xtec.cat\/cfasantramon\/wp-json\/wp\/v2\/types\/page"}],"author":[{"embeddable":true,"href":"https:\/\/agora.xtec.cat\/cfasantramon\/wp-json\/wp\/v2\/users\/1"}],"replies":[{"embeddable":true,"href":"https:\/\/agora.xtec.cat\/cfasantramon\/wp-json\/wp\/v2\/comments?post=49"}],"version-history":[{"count":6,"href":"https:\/\/agora.xtec.cat\/cfasantramon\/wp-json\/wp\/v2\/pages\/49\/revisions"}],"predecessor-version":[{"id":2751,"href":"https:\/\/agora.xtec.cat\/cfasantramon\/wp-json\/wp\/v2\/pages\/49\/revisions\/2751"}],"up":[{"embeddable":true,"href":"https:\/\/agora.xtec.cat\/cfasantramon\/wp-json\/wp\/v2\/pages\/261"}],"wp:attachment":[{"href":"https:\/\/agora.xtec.cat\/cfasantramon\/wp-json\/wp\/v2\/media?parent=49"}],"curies":[{"name":"wp","href":"https:\/\/api.w.org\/{rel}","templated":true}]}}