{"id":339,"date":"2015-01-28T12:22:56","date_gmt":"2015-01-28T11:22:56","guid":{"rendered":"http:\/\/agora.xtec.cat\/cfasantramon\/\/?page_id=339"},"modified":"2024-06-28T10:32:19","modified_gmt":"2024-06-28T08:32:19","slug":"contacte","status":"publish","type":"page","link":"https:\/\/agora.xtec.cat\/cfasantramon\/contacte\/","title":{"rendered":"Contacte i atenci\u00f3 al p\u00fablic"},"content":{"rendered":"<p><strong>Correu electr\u00f2nic<br \/>\n<\/strong>a8062493@xtec.cat<\/p>\n<p><strong>Adre\u00e7a<\/strong><br \/>\nCFA Sant Ramon<br \/>\nPstge. Amat, 5-7<br \/>\n08904 L&#8217;Hospitalet<\/p>\n<p><strong>Tel\u00e8fon<\/strong><br \/>\n93 334 18 51 \/ 634 78 20 59<\/p>\n<h4><strong>Horari d&#8217;atenci\u00f3 al p\u00fablic:\u00a0 \u00a0 \u00a0 De dilluns a divendres de 12 a 13:00<\/strong><\/h4>\n<h4><strong>\u00a0 \u00a0 \u00a0 \u00a0 \u00a0 \u00a0 \u00a0 \u00a0 \u00a0 \u00a0 \u00a0 \u00a0 \u00a0 \u00a0 \u00a0 \u00a0 \u00a0 \u00a0 \u00a0 \u00a0 \u00a0 \u00a0 \u00a0 \u00a0 \u00a0 Dilluns i dijous de 17 a 20:30<\/strong><\/h4>\n<h4><\/h4>\n<p>&nbsp;<\/p>\n","protected":false},"excerpt":{"rendered":"<p>Correu electr\u00f2nic<br \/>\na8062493@xtec.cat<br \/>\nAdre\u00e7a<br \/>\nCFA Sant Ramon<br \/>\nPstge. Amat, 5-7<br \/>\n08904 L&#8217;Hospitalet<br \/>\nTel\u00e8fon<br \/>\n93 334 18 51 \/ 634 78 20 59<br \/>\nHorari d&#8217;atenci\u00f3 al p\u00fablic:\u00a0 \u00a0 \u00a0 De dilluns a divendres de 12 a 13:00<br \/>\n\u00a0 \u00a0 \u00a0 \u00a0 \u00a0 \u00a0 \u00a0 \u00a0 \u00a0 \u00a0 \u00a0 \u00a0 \u00a0 \u00a0 \u00a0 \u00a0 \u00a0 \u00a0&hellip;  <a href=\"https:\/\/agora.xtec.cat\/cfasantramon\/contacte\/\" title=\"Read Contacte i atenci\u00f3 al p\u00fablic\">Llegeix m\u00e9s\u00bb<\/a><\/p>\n","protected":false},"author":2,"featured_media":0,"parent":0,"menu_order":0,"comment_status":"closed","ping_status":"closed","template":"","meta":{"_bbp_topic_count":0,"_bbp_reply_count":0,"_bbp_total_topic_count":0,"_bbp_total_reply_count":0,"_bbp_voice_count":0,"_bbp_anonymous_reply_count":0,"_bbp_topic_count_hidden":0,"_bbp_reply_count_hidden":0,"_bbp_forum_subforum_count":0,"footnotes":""},"class_list":["post-339","page","type-page","status-publish","hentry"],"post_mailing_queue_ids":[],"_links":{"self":[{"href":"https:\/\/agora.xtec.cat\/cfasantramon\/wp-json\/wp\/v2\/pages\/339","targetHints":{"allow":["GET"]}}],"collection":[{"href":"https:\/\/agora.xtec.cat\/cfasantramon\/wp-json\/wp\/v2\/pages"}],"about":[{"href":"https:\/\/agora.xtec.cat\/cfasantramon\/wp-json\/wp\/v2\/types\/page"}],"author":[{"embeddable":true,"href":"https:\/\/agora.xtec.cat\/cfasantramon\/wp-json\/wp\/v2\/users\/2"}],"replies":[{"embeddable":true,"href":"https:\/\/agora.xtec.cat\/cfasantramon\/wp-json\/wp\/v2\/comments?post=339"}],"version-history":[{"count":5,"href":"https:\/\/agora.xtec.cat\/cfasantramon\/wp-json\/wp\/v2\/pages\/339\/revisions"}],"predecessor-version":[{"id":2735,"href":"https:\/\/agora.xtec.cat\/cfasantramon\/wp-json\/wp\/v2\/pages\/339\/revisions\/2735"}],"wp:attachment":[{"href":"https:\/\/agora.xtec.cat\/cfasantramon\/wp-json\/wp\/v2\/media?parent=339"}],"curies":[{"name":"wp","href":"https:\/\/api.w.org\/{rel}","templated":true}]}}