{"id":316,"date":"2016-10-21T11:33:51","date_gmt":"2016-10-21T10:33:51","guid":{"rendered":"http:\/\/agora.xtec.cat\/cfasantramon\/\/?page_id=316"},"modified":"2025-11-21T11:23:13","modified_gmt":"2025-11-21T10:23:13","slug":"competencia-digital-competic","status":"publish","type":"page","link":"https:\/\/agora.xtec.cat\/cfasantramon\/ensenyaments\/ensenyaments-transprofessionals\/competencia-digital-competic\/","title":{"rendered":"Compet\u00e8ncia digital COMPETIC"},"content":{"rendered":"<ul>\n<li>Nivells:<br \/>\n<table id=\"tblMain\" class=\"tblGenFixed\" dir=\"ltr\" style=\"height: 982px; width: 50.8648%;\" border=\"0\" width=\"736\" cellspacing=\"0\" cellpadding=\"0\">\n<tbody>\n<tr dir=\"ltr\" style=\"height: 52px;\">\n<td class=\"hd\" style=\"width: 2.69542%; height: 52px;\"><\/td>\n<td class=\"s0\" dir=\"ltr\" style=\"width: 82.6672%; height: 52px;\" colspan=\"3\">\n<h5 style=\"text-align: center;\"><em><strong>COMPETIC (Equival\u00e8ncia amb titulaci\u00f3 ACTIC)<\/strong><\/em><\/h5>\n<\/td>\n<\/tr>\n<tr dir=\"ltr\" style=\"height: 34px;\">\n<td class=\"hd\" style=\"width: 2.69542%; height: 34px;\"><\/td>\n<td class=\"s12\" dir=\"ltr\" style=\"width: 82.6672%; height: 34px;\" colspan=\"3\"><strong>Curs COMPETIC 1 (ACTIC B\u00e0sic)<\/strong><\/td>\n<\/tr>\n<tr dir=\"ltr\" style=\"height: 34px;\">\n<td class=\"hd\" style=\"width: 2.69542%; height: 34px;\"><\/td>\n<td class=\"s2\" dir=\"ltr\" style=\"width: 10.5121%; height: 34px;\">Trimestre<\/td>\n<td class=\"s3\" dir=\"ltr\" style=\"width: 58.8543%; height: 34px;\">Compet\u00e8ncies<\/td>\n<td class=\"s4\" dir=\"ltr\" style=\"width: 13.3008%; height: 34px;\">Hores<\/td>\n<\/tr>\n<tr dir=\"ltr\" style=\"height: 34px;\">\n<td class=\"hd\" style=\"width: 2.69542%; height: 34px;\"><\/td>\n<td class=\"s5\" dir=\"ltr\" style=\"text-align: center; width: 10.5121%; height: 34px;\">1T<\/td>\n<td class=\"s6\" dir=\"ltr\" style=\"width: 58.8543%; height: 34px;\">C1: Cultura, participaci\u00f3 i civisme digital<\/td>\n<td class=\"s8\" style=\"width: 13.3008%; height: 34px;\">35 h<\/td>\n<\/tr>\n<tr dir=\"ltr\" style=\"height: 50px;\">\n<td class=\"hd\" style=\"width: 2.69542%; height: 50px;\"><\/td>\n<td class=\"s5\" dir=\"ltr\" style=\"text-align: center; width: 10.5121%; height: 50px;\">2T<\/td>\n<td class=\"s6\" dir=\"ltr\" style=\"width: 58.8543%; height: 50px;\">C5: Tractament de la informaci\u00f3 gr\u00e0fica, sonora i de la imatge en moviment<\/td>\n<td class=\"s8\" style=\"width: 13.3008%; height: 50px;\">35 h<\/td>\n<\/tr>\n<tr dir=\"ltr\" style=\"height: 34px;\">\n<td class=\"hd\" style=\"width: 2.69542%; height: 34px;\"><\/td>\n<td class=\"s5\" dir=\"ltr\" style=\"text-align: center; width: 10.5121%; height: 68px;\" rowspan=\"2\">3T<\/td>\n<td class=\"s6\" dir=\"ltr\" style=\"width: 58.8543%; height: 34px;\">C6: Tractament de la informaci\u00f3 num\u00e8rica<\/td>\n<td class=\"s13\" dir=\"ltr\" style=\"width: 13.3008%; height: 34px;\">25 h<\/td>\n<\/tr>\n<tr dir=\"ltr\" style=\"height: 34px;\">\n<td class=\"hd\" style=\"width: 2.69542%; height: 34px;\"><\/td>\n<td class=\"s6\" dir=\"ltr\" style=\"width: 58.8543%; height: 34px;\">C1 a C6: Treball de s\u00edntesi<\/td>\n<td class=\"s13\" dir=\"ltr\" style=\"width: 13.3008%; height: 34px;\">10 h<\/td>\n<\/tr>\n<tr dir=\"ltr\" style=\"height: 34px;\">\n<td class=\"hd\" style=\"width: 2.69542%; height: 34px;\"><\/td>\n<td class=\"s14\" style=\"width: 10.5121%; height: 34px;\"><\/td>\n<td class=\"s10\" style=\"width: 58.8543%; height: 34px;\">\u00a0\u00a0TOTAL HORES<\/td>\n<td class=\"s15\" dir=\"ltr\" style=\"width: 13.3008%; height: 34px;\">105 h<\/td>\n<\/tr>\n<tr dir=\"ltr\" style=\"height: 34px;\">\n<td class=\"hd\" style=\"width: 2.69542%; height: 34px;\"><\/td>\n<td class=\"s1\" dir=\"ltr\" style=\"width: 82.6672%; height: 34px;\" colspan=\"3\"><strong>Curs COMPETIC 2 (ACTIC Mitj\u00e0)<\/strong><\/td>\n<\/tr>\n<tr dir=\"ltr\" style=\"height: 34px;\">\n<td class=\"hd\" style=\"width: 2.69542%; height: 34px;\"><\/td>\n<td class=\"s16\" dir=\"ltr\" style=\"width: 10.5121%; height: 34px;\">Trimestre<\/td>\n<td class=\"s17\" dir=\"ltr\" style=\"text-align: center; width: 58.8543%; height: 34px;\">Compet\u00e8ncies<\/td>\n<td class=\"s18\" dir=\"ltr\" style=\"width: 13.3008%; height: 34px;\">Hores<\/td>\n<\/tr>\n<tr dir=\"ltr\" style=\"height: 34px;\">\n<td class=\"hd\" style=\"width: 2.69542%; height: 34px;\"><\/td>\n<td class=\"s5\" dir=\"ltr\" style=\"text-align: center; width: 10.5121%; height: 134px;\" rowspan=\"3\">1T<\/td>\n<td class=\"s6\" dir=\"ltr\" style=\"width: 58.8543%; height: 34px;\">C1: Cultura, participaci\u00f3 i civisme digital<\/td>\n<td class=\"s8\" style=\"width: 13.3008%; height: 34px;\">15 h<\/td>\n<\/tr>\n<tr dir=\"ltr\" style=\"height: 50px;\">\n<td class=\"hd\" style=\"width: 2.69542%; height: 50px;\"><\/td>\n<td class=\"s6\" dir=\"ltr\" style=\"width: 58.8543%; height: 50px;\">C2: Tecnologia digital, \u00fas de l&#8217;ordinador i del sistema operatiu<\/td>\n<td class=\"s8\" style=\"width: 13.3008%; height: 50px;\">16 h<\/td>\n<\/tr>\n<tr dir=\"ltr\" style=\"height: 50px;\">\n<td class=\"hd\" style=\"width: 2.69542%; height: 50px;\"><\/td>\n<td class=\"s6\" dir=\"ltr\" style=\"width: 58.8543%; height: 50px;\">C3: Navegaci\u00f3, cerca i comunicaci\u00f3 en el m\u00f3n digital<\/td>\n<td class=\"s8\" style=\"width: 13.3008%; height: 50px;\">16 h<\/td>\n<\/tr>\n<tr dir=\"ltr\" style=\"height: 34px;\">\n<td class=\"hd\" style=\"width: 2.69542%; height: 34px;\"><\/td>\n<td class=\"s5\" dir=\"ltr\" style=\"text-align: center; width: 10.5121%; height: 118px;\" rowspan=\"3\">2T<\/td>\n<td class=\"s6\" dir=\"ltr\" style=\"width: 58.8543%; height: 34px;\">C4: Tractament de la informaci\u00f3 escrita<\/td>\n<td class=\"s8\" style=\"width: 13.3008%; height: 34px;\">15 h<\/td>\n<\/tr>\n<tr dir=\"ltr\" style=\"height: 50px;\">\n<td class=\"hd\" style=\"width: 2.69542%; height: 50px;\"><\/td>\n<td class=\"s6\" dir=\"ltr\" style=\"width: 58.8543%; height: 50px;\">C5: Tractament de la informaci\u00f3 gr\u00e0fica, sonora i de la imatge en moviment<\/td>\n<td class=\"s8\" style=\"width: 13.3008%; height: 50px;\">17 h<\/td>\n<\/tr>\n<tr dir=\"ltr\" style=\"height: 34px;\">\n<td class=\"hd\" style=\"width: 2.69542%; height: 34px;\"><\/td>\n<td class=\"s6\" dir=\"ltr\" style=\"width: 58.8543%; height: 34px;\">C6: Tractament de la informaci\u00f3 num\u00e8rica<\/td>\n<td class=\"s8\" style=\"width: 13.3008%; height: 34px;\">18 h<\/td>\n<\/tr>\n<tr dir=\"ltr\" style=\"height: 34px;\">\n<td class=\"hd\" style=\"width: 2.69542%; height: 34px;\"><\/td>\n<td class=\"s5\" dir=\"ltr\" style=\"text-align: center; width: 10.5121%; height: 102px;\" rowspan=\"3\">3T<\/td>\n<td class=\"s6\" dir=\"ltr\" style=\"width: 58.8543%; height: 34px;\">C7: Tractament de les dades<\/td>\n<td class=\"s8\" style=\"width: 13.3008%; height: 34px;\">18 h<\/td>\n<\/tr>\n<tr dir=\"ltr\" style=\"height: 34px;\">\n<td class=\"hd\" style=\"width: 2.69542%; height: 34px;\"><\/td>\n<td class=\"s19\" dir=\"ltr\" style=\"width: 58.8543%; height: 34px;\">C8: Presentaci\u00f3 de continguts<\/td>\n<td class=\"s8\" style=\"width: 13.3008%; height: 34px;\">15 h<\/td>\n<\/tr>\n<tr dir=\"ltr\" style=\"height: 34px;\">\n<td class=\"hd\" style=\"width: 2.69542%; height: 34px;\"><\/td>\n<td class=\"s6\" dir=\"ltr\" style=\"width: 58.8543%; height: 34px;\">C1 a C8: Treball de s\u00edntesi<\/td>\n<td class=\"s8\" style=\"width: 13.3008%; height: 34px;\">10 h<\/td>\n<\/tr>\n<tr dir=\"ltr\" style=\"height: 34px;\">\n<td class=\"hd\" style=\"width: 2.69542%; height: 34px;\"><\/td>\n<td class=\"s20\" style=\"width: 10.5121%; height: 34px;\"><\/td>\n<td class=\"s21\" style=\"width: 58.8543%; height: 34px;\">\u00a0TOTAL HORES<\/td>\n<td class=\"s22\" style=\"width: 13.3008%; height: 34px;\">140 h<\/td>\n<\/tr>\n<tr dir=\"ltr\" style=\"height: 34px;\">\n<td class=\"hd\" style=\"width: 2.69542%; height: 34px;\"><\/td>\n<td class=\"s23\" dir=\"ltr\" style=\"width: 82.6672%; height: 34px;\" colspan=\"3\">\u00a0<strong>Curs COMPETIC 3 (ACTIC Avan\u00e7at)<\/strong><\/td>\n<\/tr>\n<tr dir=\"ltr\" style=\"height: 34px;\">\n<td class=\"hd\" style=\"width: 2.69542%; height: 34px;\"><\/td>\n<td class=\"s23\" dir=\"ltr\" style=\"width: 10.5121%; height: 34px;\">Trimestre<\/td>\n<td class=\"s23\" dir=\"ltr\" style=\"text-align: center; width: 58.8543%; height: 34px;\">Compet\u00e8ncies<\/td>\n<td class=\"s23\" dir=\"ltr\" style=\"width: 13.3008%; height: 34px;\">Hores<\/td>\n<\/tr>\n<tr dir=\"ltr\" style=\"height: 34px;\">\n<td class=\"hd\" style=\"width: 2.69542%; height: 34px;\"><\/td>\n<td class=\"s23\" dir=\"ltr\" style=\"text-align: center; width: 10.5121%; height: 34px;\">1T<\/td>\n<td class=\"s23\" dir=\"ltr\" style=\"width: 58.8543%; height: 34px;\">C6: Tractament de la informaci\u00f3 num\u00e8rica<\/td>\n<td class=\"s23\" dir=\"ltr\" style=\"width: 13.3008%; height: 34px;\">\u00a035<\/td>\n<\/tr>\n<tr dir=\"ltr\" style=\"height: 50px;\">\n<td class=\"hd\" style=\"width: 2.69542%; height: 50px;\"><\/td>\n<td class=\"s23\" dir=\"ltr\" style=\"text-align: center; width: 10.5121%; height: 50px;\">2T<\/td>\n<td class=\"s23\" dir=\"ltr\" style=\"width: 58.8543%; height: 50px;\">C5: Tractament de la informaci\u00f3 gr\u00e0fica, sonora i de la imatge en moviment<\/td>\n<td class=\"s23\" dir=\"ltr\" style=\"width: 13.3008%; height: 50px;\">\u00a035<\/td>\n<\/tr>\n<tr dir=\"ltr\" style=\"height: 34px;\">\n<td class=\"hd\" style=\"width: 2.69542%; height: 34px;\"><\/td>\n<td class=\"s23\" dir=\"ltr\" style=\"text-align: center; width: 10.5121%; height: 34px;\">3T<\/td>\n<td class=\"s23\" dir=\"ltr\" style=\"width: 58.8543%; height: 34px;\">C4: Tractament de la informaci\u00f3 escrita<\/td>\n<td class=\"s23\" dir=\"ltr\" style=\"width: 13.3008%; height: 34px;\">\u00a035<\/td>\n<\/tr>\n<tr dir=\"ltr\" style=\"height: 34px;\">\n<td class=\"hd\" style=\"width: 2.69542%; height: 34px;\"><\/td>\n<td class=\"s23\" dir=\"ltr\" style=\"width: 10.5121%; height: 34px;\"><\/td>\n<td class=\"s23\" dir=\"ltr\" style=\"width: 58.8543%; height: 34px;\">TOTAL HORES<\/td>\n<td class=\"s23\" dir=\"ltr\" style=\"width: 13.3008%; height: 34px;\">\u00a0105<\/td>\n<\/tr>\n<\/tbody>\n<\/table>\n<\/li>\n<\/ul>\n","protected":false},"excerpt":{"rendered":"<ul>\n<li>Nivells:\n<p>COMPETIC (Equival\u00e8ncia amb titulaci\u00f3 ACTIC)<\/p>\n<p>Curs COMPETIC 1 (ACTIC B\u00e0sic)<\/p>\n<p>Trimestre<br \/>\nCompet\u00e8ncies<br \/>\nHores<\/p>\n<p>1T<br \/>\nC1: Cultura, participaci\u00f3 i civisme digital<br \/>\n35 h<\/p>\n<p>2T<br \/>\nC5: Tractament de la informaci\u00f3 gr\u00e0fica, sonora i de la imatge en moviment<br \/>\n35 h<\/p>\n<p>3T<br \/>\nC6: Tractament de la informaci\u00f3 num\u00e8rica<br \/>\n25 h<\/p>\n<p>C1 a C6: Treball de s\u00edntesi<br \/>\n10 h<\/p>\n<p>\u00a0\u00a0TOTAL HORES<br \/>\n105 h<\/p>\n<p>Curs COMPETIC 2 (ACTIC&hellip;  <a href=\"https:\/\/agora.xtec.cat\/cfasantramon\/ensenyaments\/ensenyaments-transprofessionals\/competencia-digital-competic\/\" title=\"Read Compet\u00e8ncia digital COMPETIC\">Llegeix m\u00e9s\u00bb<\/a><\/p>\n","protected":false},"author":2,"featured_media":0,"parent":286,"menu_order":0,"comment_status":"closed","ping_status":"closed","template":"page-templates\/side-menu.php","meta":{"_bbp_topic_count":0,"_bbp_reply_count":0,"_bbp_total_topic_count":0,"_bbp_total_reply_count":0,"_bbp_voice_count":0,"_bbp_anonymous_reply_count":0,"_bbp_topic_count_hidden":0,"_bbp_reply_count_hidden":0,"_bbp_forum_subforum_count":0,"footnotes":""},"class_list":["post-316","page","type-page","status-publish","hentry"],"post_mailing_queue_ids":[],"_links":{"self":[{"href":"https:\/\/agora.xtec.cat\/cfasantramon\/wp-json\/wp\/v2\/pages\/316","targetHints":{"allow":["GET"]}}],"collection":[{"href":"https:\/\/agora.xtec.cat\/cfasantramon\/wp-json\/wp\/v2\/pages"}],"about":[{"href":"https:\/\/agora.xtec.cat\/cfasantramon\/wp-json\/wp\/v2\/types\/page"}],"author":[{"embeddable":true,"href":"https:\/\/agora.xtec.cat\/cfasantramon\/wp-json\/wp\/v2\/users\/2"}],"replies":[{"embeddable":true,"href":"https:\/\/agora.xtec.cat\/cfasantramon\/wp-json\/wp\/v2\/comments?post=316"}],"version-history":[{"count":7,"href":"https:\/\/agora.xtec.cat\/cfasantramon\/wp-json\/wp\/v2\/pages\/316\/revisions"}],"predecessor-version":[{"id":3081,"href":"https:\/\/agora.xtec.cat\/cfasantramon\/wp-json\/wp\/v2\/pages\/316\/revisions\/3081"}],"up":[{"embeddable":true,"href":"https:\/\/agora.xtec.cat\/cfasantramon\/wp-json\/wp\/v2\/pages\/286"}],"wp:attachment":[{"href":"https:\/\/agora.xtec.cat\/cfasantramon\/wp-json\/wp\/v2\/media?parent=316"}],"curies":[{"name":"wp","href":"https:\/\/api.w.org\/{rel}","templated":true}]}}