{"id":301,"date":"2016-10-21T11:21:46","date_gmt":"2016-10-21T10:21:46","guid":{"rendered":"http:\/\/agora.xtec.cat\/cfasantramon\/\/?page_id=301"},"modified":"2025-07-02T19:23:32","modified_gmt":"2025-07-02T17:23:32","slug":"formacio-instrumental","status":"publish","type":"page","link":"https:\/\/agora.xtec.cat\/cfasantramon\/ensenyaments\/ensenyaments-inicials-i-formacio-basica\/formacio-instrumental\/","title":{"rendered":"Formaci\u00f3 instrumental nivell 1"},"content":{"rendered":"<p>L\u2019objectiu d\u2019aquests estudis \u00e9s que les persones adultes aprenguin a llegir, escriure i fer c\u00e0lculs elementals. La superaci\u00f3 d\u2019aquests estudis permet l\u2019obtenci\u00f3 del certificat del primer curs de la formaci\u00f3 instrumental. Els continguts del Curs de Formaci\u00f3 Instrumental s\u2019organitzen en quatre cursos.<\/p>\n<p><strong>En el nostre centre oferim el nivell 1 (CFI 1) <\/strong><span style=\"font-family: inherit; font-size: 1em;\">en qu\u00e8 l\u2019aprenentatge se centra en l\u2019adquisici\u00f3 dels mecanismes fonamentals de lectura i escriptura i de c\u00e0lcul, a m\u00e9s de nocions elementals sobre l\u2019entorn social, natural i digital.<\/span><\/p>\n<table class=\" aligncenter\" style=\"border-collapse: collapse; width: 49.3046%;\">\n<tbody>\n<tr>\n<td style=\"width: 18.9466%; text-align: center;\"><strong>Horari curs 2025\/2026<\/strong><\/td>\n<td style=\"width: 54.8653%;\">\n<p style=\"text-align: center;\"><strong>De dilluns a dijous de 9:00 a 11 hores<\/strong><\/p>\n<\/td>\n<\/tr>\n<\/tbody>\n<\/table>\n<ul style=\"text-align: center;\">\n<li style=\"list-style-type: none;\"><\/li>\n<\/ul>\n","protected":false},"excerpt":{"rendered":"<p>L\u2019objectiu d\u2019aquests estudis \u00e9s que les persones adultes aprenguin a llegir, escriure i fer c\u00e0lculs elementals. La superaci\u00f3 d\u2019aquests estudis permet l\u2019obtenci\u00f3 del certificat del primer curs de la formaci\u00f3 instrumental. Els continguts del Curs de Formaci\u00f3 Instrumental s\u2019organitzen en quatre cursos.<br \/>\nEn el nostre centre&hellip;  <a href=\"https:\/\/agora.xtec.cat\/cfasantramon\/ensenyaments\/ensenyaments-inicials-i-formacio-basica\/formacio-instrumental\/\" title=\"Read Formaci\u00f3 instrumental nivell 1\">Llegeix m\u00e9s\u00bb<\/a><\/p>\n","protected":false},"author":2,"featured_media":0,"parent":283,"menu_order":0,"comment_status":"closed","ping_status":"closed","template":"page-templates\/side-menu.php","meta":{"_bbp_topic_count":0,"_bbp_reply_count":0,"_bbp_total_topic_count":0,"_bbp_total_reply_count":0,"_bbp_voice_count":0,"_bbp_anonymous_reply_count":0,"_bbp_topic_count_hidden":0,"_bbp_reply_count_hidden":0,"_bbp_forum_subforum_count":0,"footnotes":""},"class_list":["post-301","page","type-page","status-publish","hentry"],"post_mailing_queue_ids":[],"_links":{"self":[{"href":"https:\/\/agora.xtec.cat\/cfasantramon\/wp-json\/wp\/v2\/pages\/301","targetHints":{"allow":["GET"]}}],"collection":[{"href":"https:\/\/agora.xtec.cat\/cfasantramon\/wp-json\/wp\/v2\/pages"}],"about":[{"href":"https:\/\/agora.xtec.cat\/cfasantramon\/wp-json\/wp\/v2\/types\/page"}],"author":[{"embeddable":true,"href":"https:\/\/agora.xtec.cat\/cfasantramon\/wp-json\/wp\/v2\/users\/2"}],"replies":[{"embeddable":true,"href":"https:\/\/agora.xtec.cat\/cfasantramon\/wp-json\/wp\/v2\/comments?post=301"}],"version-history":[{"count":7,"href":"https:\/\/agora.xtec.cat\/cfasantramon\/wp-json\/wp\/v2\/pages\/301\/revisions"}],"predecessor-version":[{"id":3006,"href":"https:\/\/agora.xtec.cat\/cfasantramon\/wp-json\/wp\/v2\/pages\/301\/revisions\/3006"}],"up":[{"embeddable":true,"href":"https:\/\/agora.xtec.cat\/cfasantramon\/wp-json\/wp\/v2\/pages\/283"}],"wp:attachment":[{"href":"https:\/\/agora.xtec.cat\/cfasantramon\/wp-json\/wp\/v2\/media?parent=301"}],"curies":[{"name":"wp","href":"https:\/\/api.w.org\/{rel}","templated":true}]}}