{"id":299,"date":"2015-01-28T11:21:22","date_gmt":"2015-01-28T10:21:22","guid":{"rendered":"http:\/\/agora.xtec.cat\/cfasantramon\/\/?page_id=299"},"modified":"2025-07-02T19:24:42","modified_gmt":"2025-07-02T17:24:42","slug":"llengua-castellana","status":"publish","type":"page","link":"https:\/\/agora.xtec.cat\/cfasantramon\/ensenyaments\/ensenyaments-inicials-i-formacio-basica\/llengua-castellana\/","title":{"rendered":"Llengua castellana"},"content":{"rendered":"<p>Certificacions A1 i A2 corresponents al Marc europeu com\u00fa de refer\u00e8ncia per a les lleng\u00fces.<\/p>\n<ul>\n<li>\u00a0Durada:<\/li>\n<\/ul>\n<ul>\n<li style=\"list-style-type: none;\">\n<ul>\n<li><strong>Nivell 1 (105h), 3 hores a la setmana\u00a0\u00a0<\/strong><\/li>\n<\/ul>\n<\/li>\n<\/ul>\n<ul>\n<li style=\"list-style-type: none;\">\n<ul>\n<li><strong>Nivell 2 (140h), 4 hores a la setmana\u00a0\u00a0<\/strong><\/li>\n<\/ul>\n<\/li>\n<\/ul>\n<p>Curr\u00edculum:\u00a0<a href=\"http:\/\/educacio.gencat.cat\/documents\/IPCNormativa\/DisposicionsInternes\/Resolucio_curriculums_llengues_CFA.pdf\">http:\/\/educacio.gencat.cat\/documents\/IPCNormativa\/DisposicionsInternes\/Resolucio_curriculums_llengues_CFA.pdf<\/a><\/p>\n","protected":false},"excerpt":{"rendered":"<p>Certificacions A1 i A2 corresponents al Marc europeu com\u00fa de refer\u00e8ncia per a les lleng\u00fces.<\/p>\n<ul>\n<li>\u00a0Durada:<\/li>\n<\/ul>\n<ul>\n<li style=\"list-style-type: none;\">\n<ul>\n<li>Nivell 1 (105h), 3 hores a la setmana\u00a0\u00a0<\/li>\n<\/ul>\n<\/li>\n<\/ul>\n<ul>\n<li style=\"list-style-type: none;\">\n<ul>\n<li>Nivell 2 (140h), 4 hores a la setmana\u00a0\u00a0<\/li>\n<\/ul>\n<\/li>\n<\/ul>\n<p>Curr\u00edculum:\u00a0<a href=\"http:\/\/educacio.gencat.cat\/documents\/IPCNormativa\/DisposicionsInternes\/Resolucio_curriculums_llengues_CFA.pdf\">http:\/\/educacio.gencat.cat\/documents\/IPCNormativa\/DisposicionsInternes\/Resolucio_curriculums_llengues_CFA.pdf<\/a><\/p>\n","protected":false},"author":2,"featured_media":0,"parent":283,"menu_order":0,"comment_status":"closed","ping_status":"closed","template":"page-templates\/side-menu.php","meta":{"_bbp_topic_count":0,"_bbp_reply_count":0,"_bbp_total_topic_count":0,"_bbp_total_reply_count":0,"_bbp_voice_count":0,"_bbp_anonymous_reply_count":0,"_bbp_topic_count_hidden":0,"_bbp_reply_count_hidden":0,"_bbp_forum_subforum_count":0,"footnotes":""},"class_list":["post-299","page","type-page","status-publish","hentry"],"post_mailing_queue_ids":[],"_links":{"self":[{"href":"https:\/\/agora.xtec.cat\/cfasantramon\/wp-json\/wp\/v2\/pages\/299","targetHints":{"allow":["GET"]}}],"collection":[{"href":"https:\/\/agora.xtec.cat\/cfasantramon\/wp-json\/wp\/v2\/pages"}],"about":[{"href":"https:\/\/agora.xtec.cat\/cfasantramon\/wp-json\/wp\/v2\/types\/page"}],"author":[{"embeddable":true,"href":"https:\/\/agora.xtec.cat\/cfasantramon\/wp-json\/wp\/v2\/users\/2"}],"replies":[{"embeddable":true,"href":"https:\/\/agora.xtec.cat\/cfasantramon\/wp-json\/wp\/v2\/comments?post=299"}],"version-history":[{"count":6,"href":"https:\/\/agora.xtec.cat\/cfasantramon\/wp-json\/wp\/v2\/pages\/299\/revisions"}],"predecessor-version":[{"id":3008,"href":"https:\/\/agora.xtec.cat\/cfasantramon\/wp-json\/wp\/v2\/pages\/299\/revisions\/3008"}],"up":[{"embeddable":true,"href":"https:\/\/agora.xtec.cat\/cfasantramon\/wp-json\/wp\/v2\/pages\/283"}],"wp:attachment":[{"href":"https:\/\/agora.xtec.cat\/cfasantramon\/wp-json\/wp\/v2\/media?parent=299"}],"curies":[{"name":"wp","href":"https:\/\/api.w.org\/{rel}","templated":true}]}}