{"id":1470,"date":"2019-10-21T13:33:59","date_gmt":"2019-10-21T11:33:59","guid":{"rendered":"http:\/\/agora.xtec.cat\/cfasantramon\/?page_id=1470"},"modified":"2025-07-02T19:26:23","modified_gmt":"2025-07-02T17:26:23","slug":"angles","status":"publish","type":"page","link":"https:\/\/agora.xtec.cat\/cfasantramon\/ensenyaments\/ensenyaments-transprofessionals\/angles\/","title":{"rendered":"Llengua anglesa"},"content":{"rendered":"<p>Els estudis d&#8217;angl\u00e8s als Centres de Formaci\u00f3 d&#8217;Adults tenen com a objectiu que les persones adultes assoleixin un grau de compet\u00e8ncia b\u00e0sic per a comunicar-se en llengua anglesa.<\/p>\n<p>S\u2019imparteixen en tres nivells, que corresponen als seg\u00fcents nivells MERCL (Marc Europeu Com\u00fa de Refer\u00e8ncia per a les Lleng\u00fces):<\/p>\n<table style=\"height: 163px; width: 26.4426%; border-color: #000000; border-style: solid;\">\n<tbody>\n<tr>\n<td style=\"width: 46.8635%;\"><strong>ENSENYAMENT<\/strong><\/td>\n<td style=\"width: 50.1845%; text-align: center;\"><strong>Correspond\u00e8ncia amb el MERCL<\/strong><\/td>\n<\/tr>\n<tr>\n<td style=\"width: 46.8635%;\"><strong>Angl\u00e8s 1<\/strong><\/td>\n<td style=\"width: 50.1845%; text-align: center;\">A1 (105 hores)<\/td>\n<\/tr>\n<tr>\n<td style=\"width: 46.8635%;\"><strong>Angl\u00e8s 2<\/strong><\/td>\n<td style=\"width: 50.1845%; text-align: center;\">A2.1 (140 hores)<\/td>\n<\/tr>\n<tr>\n<td style=\"width: 46.8635%;\"><strong>Angl\u00e8s 3<\/strong><\/td>\n<td style=\"width: 50.1845%; text-align: center;\">A2.2 (140 hores)<\/td>\n<\/tr>\n<\/tbody>\n<\/table>\n<p>El curr\u00edculum de lleng\u00fces estrangeres als centres de formaci\u00f3 d\u2019adults del Departament d\u2019Ensenyament es regula mitjan\u00e7ant la\u00a0<strong><a href=\"http:\/\/dogc.gencat.cat\/ca\/pdogc_canals_interns\/pdogc_resultats_fitxa\/?action=fitxa&amp;mode=single&amp;documentId=821281&amp;language=ca_ES\" target=\"_blank\" rel=\"noopener noreferrer\">RESOLUCI\u00d3 ENS\/1403\/2018, de 21 de juny<\/a><\/strong><\/p>\n<p>&nbsp;<\/p>\n<p>&nbsp;<\/p>\n","protected":false},"excerpt":{"rendered":"<p>Els estudis d&#8217;angl\u00e8s als Centres de Formaci\u00f3 d&#8217;Adults tenen com a objectiu que les persones adultes assoleixin un grau de compet\u00e8ncia b\u00e0sic per a comunicar-se en llengua anglesa.<br \/>\nS\u2019imparteixen en tres nivells, que corresponen als seg\u00fcents nivells MERCL (Marc Europeu Com\u00fa de Refer\u00e8ncia per a les&hellip;  <a href=\"https:\/\/agora.xtec.cat\/cfasantramon\/ensenyaments\/ensenyaments-transprofessionals\/angles\/\" title=\"Read Llengua anglesa\">Llegeix m\u00e9s\u00bb<\/a><\/p>\n","protected":false},"author":1,"featured_media":0,"parent":286,"menu_order":0,"comment_status":"closed","ping_status":"closed","template":"page-templates\/side-menu.php","meta":{"_bbp_topic_count":0,"_bbp_reply_count":0,"_bbp_total_topic_count":0,"_bbp_total_reply_count":0,"_bbp_voice_count":0,"_bbp_anonymous_reply_count":0,"_bbp_topic_count_hidden":0,"_bbp_reply_count_hidden":0,"_bbp_forum_subforum_count":0,"footnotes":""},"class_list":["post-1470","page","type-page","status-publish","hentry"],"post_mailing_queue_ids":[],"_links":{"self":[{"href":"https:\/\/agora.xtec.cat\/cfasantramon\/wp-json\/wp\/v2\/pages\/1470","targetHints":{"allow":["GET"]}}],"collection":[{"href":"https:\/\/agora.xtec.cat\/cfasantramon\/wp-json\/wp\/v2\/pages"}],"about":[{"href":"https:\/\/agora.xtec.cat\/cfasantramon\/wp-json\/wp\/v2\/types\/page"}],"author":[{"embeddable":true,"href":"https:\/\/agora.xtec.cat\/cfasantramon\/wp-json\/wp\/v2\/users\/1"}],"replies":[{"embeddable":true,"href":"https:\/\/agora.xtec.cat\/cfasantramon\/wp-json\/wp\/v2\/comments?post=1470"}],"version-history":[{"count":4,"href":"https:\/\/agora.xtec.cat\/cfasantramon\/wp-json\/wp\/v2\/pages\/1470\/revisions"}],"predecessor-version":[{"id":3010,"href":"https:\/\/agora.xtec.cat\/cfasantramon\/wp-json\/wp\/v2\/pages\/1470\/revisions\/3010"}],"up":[{"embeddable":true,"href":"https:\/\/agora.xtec.cat\/cfasantramon\/wp-json\/wp\/v2\/pages\/286"}],"wp:attachment":[{"href":"https:\/\/agora.xtec.cat\/cfasantramon\/wp-json\/wp\/v2\/media?parent=1470"}],"curies":[{"name":"wp","href":"https:\/\/api.w.org\/{rel}","templated":true}]}}