{"id":303,"date":"2015-01-28T11:23:05","date_gmt":"2015-01-28T10:23:05","guid":{"rendered":"http:\/\/agora.xtec.cat\/cfasantjust\/?page_id=303"},"modified":"2025-06-23T10:13:45","modified_gmt":"2025-06-23T08:13:45","slug":"graduat-en-educacio-secundaria-per-adults","status":"publish","type":"page","link":"https:\/\/agora.xtec.cat\/cfasantjust\/ensenyaments\/graduat-en-educacio-secundaria-per-adults\/","title":{"rendered":"Formaci\u00f3 Intrumental (FI)"},"content":{"rendered":"<p><span style=\"color: #000000; font-family: 'arial','helvetica',sans-serif;\" data-blogger-escaped-style=\"background-color: white; color: #151515; font-family: &quot;arial&quot; , &quot;helvetica&quot; , sans-serif;\">Durant el curs 2025-2026 el CFA Sant Just Desvern oferir\u00e0 el curs <b>FI nivell 1<\/b><\/span><\/p>\n<p><img loading=\"lazy\" decoding=\"async\" class=\"alignleft wp-image-9765\" src=\"https:\/\/projectes.xtec.cat\/xarxadults\/wp-content\/uploads\/usu1741\/2019\/02\/people-2557396_960_720-300x200.jpg\" sizes=\"auto, (max-width: 500px) 100vw, 500px\" srcset=\"https:\/\/projectes.xtec.cat\/xarxadults\/wp-content\/uploads\/usu1741\/2019\/02\/people-2557396_960_720-300x200.jpg 300w, https:\/\/projectes.xtec.cat\/xarxadults\/wp-content\/uploads\/usu1741\/2019\/02\/people-2557396_960_720-768x512.jpg 768w, https:\/\/projectes.xtec.cat\/xarxadults\/wp-content\/uploads\/usu1741\/2019\/02\/people-2557396_960_720.jpg 960w\" alt=\"\" width=\"500\" height=\"333\" \/><\/p>\n<p class=\"entry-header\">La formaci\u00f3 instrumental \u00e9s el conjunt d\u2019activitats i processos formatius que abasten des de l\u2019aprenentatge de la lectoescriptura i el c\u00e0lcul elemental, fins que l\u2019alumne est\u00e0 en disposici\u00f3 d\u2019incorporar-se amb garanties d\u2019\u00e8xit als ensenyaments per a l\u2019obtenci\u00f3 del t\u00edtol de graduat en educaci\u00f3 secund\u00e0ria obligat\u00f2ria. Est\u00e0 distribu\u00eft en quatre nivells: CF1, CF2, CF3 i CF4.<\/p>\n<p>Oferim una gran flexibilitat en l&#8217;adaptaci\u00f3 hor\u00e0ria, perqu\u00e8 entenem que cada persona t\u00e9 les seves pr\u00f2pies responsabilitats i compromisos. Els nostres grups s\u00f3n redu\u00efts, la qual cosa permet una atenci\u00f3 m\u00e9s personalitzada i un ambient d&#8217;aprenentatge m\u00e9s proper.<\/p>\n<p>A m\u00e9s, variem els tipus d&#8217;activitats per fer que l&#8217;aprenentatge sigui din\u00e0mic i motivador, incorporant diferents metodologies que s&#8217;adapten als diferents estils d&#8217;aprenentatge.<\/p>\n<p>&nbsp;<\/p>\n","protected":false},"excerpt":{"rendered":"<p>Durant el curs 2025-2026 el CFA Sant Just Desvern oferir\u00e0 el curs FI nivell 1 La formaci\u00f3 instrumental \u00e9s el conjunt d\u2019activitats i processos formatius que abasten des de l\u2019aprenentatge de la lectoescriptura i el c\u00e0lcul elemental, fins que l\u2019alumne est\u00e0 en disposici\u00f3 d\u2019incorporar-se amb garanties d\u2019\u00e8xit als ensenyaments per a l\u2019obtenci\u00f3 del t\u00edtol de [&hellip;]<\/p>\n","protected":false},"author":1,"featured_media":0,"parent":274,"menu_order":0,"comment_status":"closed","ping_status":"closed","template":"page-templates\/side-menu.php","meta":{"_bbp_topic_count":0,"_bbp_reply_count":0,"_bbp_total_topic_count":0,"_bbp_total_reply_count":0,"_bbp_voice_count":0,"_bbp_anonymous_reply_count":0,"_bbp_topic_count_hidden":0,"_bbp_reply_count_hidden":0,"_bbp_forum_subforum_count":0,"site-sidebar-layout":"default","site-content-layout":"","ast-site-content-layout":"","site-content-style":"default","site-sidebar-style":"default","ast-global-header-display":"","ast-banner-title-visibility":"","ast-main-header-display":"","ast-hfb-above-header-display":"","ast-hfb-below-header-display":"","ast-hfb-mobile-header-display":"","site-post-title":"","ast-breadcrumbs-content":"","ast-featured-img":"","footer-sml-layout":"","theme-transparent-header-meta":"","adv-header-id-meta":"","stick-header-meta":"","header-above-stick-meta":"","header-main-stick-meta":"","header-below-stick-meta":"","astra-migrate-meta-layouts":"default","ast-page-background-enabled":"default","ast-page-background-meta":{"desktop":{"background-color":"var(--ast-global-color-4)","background-image":"","background-repeat":"repeat","background-position":"center center","background-size":"auto","background-attachment":"scroll","background-type":"","background-media":"","overlay-type":"","overlay-color":"","overlay-opacity":"","overlay-gradient":""},"tablet":{"background-color":"","background-image":"","background-repeat":"repeat","background-position":"center center","background-size":"auto","background-attachment":"scroll","background-type":"","background-media":"","overlay-type":"","overlay-color":"","overlay-opacity":"","overlay-gradient":""},"mobile":{"background-color":"","background-image":"","background-repeat":"repeat","background-position":"center center","background-size":"auto","background-attachment":"scroll","background-type":"","background-media":"","overlay-type":"","overlay-color":"","overlay-opacity":"","overlay-gradient":""}},"ast-content-background-meta":{"desktop":{"background-color":"var(--ast-global-color-5)","background-image":"","background-repeat":"repeat","background-position":"center center","background-size":"auto","background-attachment":"scroll","background-type":"","background-media":"","overlay-type":"","overlay-color":"","overlay-opacity":"","overlay-gradient":""},"tablet":{"background-color":"var(--ast-global-color-5)","background-image":"","background-repeat":"repeat","background-position":"center center","background-size":"auto","background-attachment":"scroll","background-type":"","background-media":"","overlay-type":"","overlay-color":"","overlay-opacity":"","overlay-gradient":""},"mobile":{"background-color":"var(--ast-global-color-5)","background-image":"","background-repeat":"repeat","background-position":"center center","background-size":"auto","background-attachment":"scroll","background-type":"","background-media":"","overlay-type":"","overlay-color":"","overlay-opacity":"","overlay-gradient":""}},"footnotes":""},"class_list":["post-303","page","type-page","status-publish","hentry"],"post_mailing_queue_ids":[],"_links":{"self":[{"href":"https:\/\/agora.xtec.cat\/cfasantjust\/wp-json\/wp\/v2\/pages\/303","targetHints":{"allow":["GET"]}}],"collection":[{"href":"https:\/\/agora.xtec.cat\/cfasantjust\/wp-json\/wp\/v2\/pages"}],"about":[{"href":"https:\/\/agora.xtec.cat\/cfasantjust\/wp-json\/wp\/v2\/types\/page"}],"author":[{"embeddable":true,"href":"https:\/\/agora.xtec.cat\/cfasantjust\/wp-json\/wp\/v2\/users\/1"}],"replies":[{"embeddable":true,"href":"https:\/\/agora.xtec.cat\/cfasantjust\/wp-json\/wp\/v2\/comments?post=303"}],"version-history":[{"count":6,"href":"https:\/\/agora.xtec.cat\/cfasantjust\/wp-json\/wp\/v2\/pages\/303\/revisions"}],"predecessor-version":[{"id":2029,"href":"https:\/\/agora.xtec.cat\/cfasantjust\/wp-json\/wp\/v2\/pages\/303\/revisions\/2029"}],"up":[{"embeddable":true,"href":"https:\/\/agora.xtec.cat\/cfasantjust\/wp-json\/wp\/v2\/pages\/274"}],"wp:attachment":[{"href":"https:\/\/agora.xtec.cat\/cfasantjust\/wp-json\/wp\/v2\/media?parent=303"}],"curies":[{"name":"wp","href":"https:\/\/api.w.org\/{rel}","templated":true}]}}