{"id":27,"date":"2014-09-17T16:24:03","date_gmt":"2014-09-17T16:24:03","guid":{"rendered":"http:\/\/agora.xtec.cat\/cfasantjust\/?page_id=27"},"modified":"2025-09-05T10:55:09","modified_gmt":"2025-09-05T08:55:09","slug":"historia","status":"publish","type":"page","link":"https:\/\/agora.xtec.cat\/cfasantjust\/el-centre\/historia\/","title":{"rendered":"Hist\u00f2ria"},"content":{"rendered":"<p>El CFA Sant Just Desvern va iniciar la seva acci\u00f3 formativa, l\u2019any 1979 amb una professora del Departament d\u2019Educaci\u00f3 i dues de l\u2019Ajuntament, per donar resposta a les necessitats educatives de l\u2019entorn.<\/p>\n<p>Inicialment era conegut al municipi com a <em>Aula de Formaci\u00f3 de Persones Adultes &#8220;Can Ginestar&#8221;<\/em> i es trobava ubicada a la part alta de l\u2019Ajuntament. Posteriorment es trasllad\u00e0 al Carrer de la Creu i el curs 2012 va passar a ser considerat <a href=\"https:\/\/dogc.gencat.cat\/ca\/document-del-dogc\/?documentId=622393\">Centre de Formaci\u00f3 d\u2019Adults \u201cCan Ginestar\u201d<\/a>.<\/p>\n<p>El 3 d\u2019abril de 2013 el centre educatiu va passar a l\u2019edifici d\u2019equipaments municipals \u201cLes Escoles\u201d, \u00edntegrament reformat i on ens trobem situats a l\u2019actualitat i amb una nova denominaci\u00f3: <a href=\"https:\/\/drive.google.com\/file\/d\/10QH0J-mh45rnExsC3C8i2Ni-j_U_Qn5a\/view\">CFA Sant Just Desvern<\/a>.<\/p>\n<h5><strong>Els or\u00edgens de Les Escoles\u00a0\u00a0(Text adaptat d&#8217;El Bullet\u00ed de Sant Just n\u00famero 254 -any 2013-)<\/strong><\/h5>\n<p>Al 1923 va comen\u00e7ar la construcci\u00f3 de l\u2019edifici de les escoles de l\u2019Ateneu, actual enclavament del CFA Sant Just. Els treballs van anar a c\u00e0rrec de l\u2019entitat, que havia nascut feia uns anys i volia acollir les classes que es donaven als fills i filles de les persones que n\u2019eren s\u00f2cies. Van ser molts els socis que van participar, amb el seu treball manual, en la construcci\u00f3 de l\u2019escola.<\/p>\n<p>Les escoles de l\u2019Ateneu van donar pas anys m\u00e9s tard \u2014a l&#8217;\u00e8poca de la II Rep\u00fablica\u2014 al Grup Escolar Municipal quan l\u2019Ajuntament va adquirir l\u2019edifici. Durant la guerra civil espanyola (1936-39) es va construir un refugi antiaeri que ara s\u2019est\u00e0 recuperant i, un cop va finalitzar la guerra, les Escoles Nacionals van emprar aquest edifici. M\u00e9s tard acabaria sent l\u2019Escola p\u00fablica Montserrat, ara en un nou edifici a Les Basses de Sant Pere.<\/p>\n<p><strong>Al 2013 s\u2019inaugur\u00e0 el nou equipament de Les Escoles.<\/strong>\u00a0La rehabilitaci\u00f3 de l\u2019edifici del carrer Montserrat va costar 1.474.000 euros. Actualment estan ubicats\u00a0serveis com el Centre deFormaci\u00f3 de Persones Adultes (CFA Sant Just Desvern), el Servei Local de Catal\u00e0, els Tallers de M\u00fasica o l\u2019ONG local Sant Just Solidari. El fet \u00e9s que continua conservant l\u2019esperit dels socis i s\u00f2cies de l\u2019Ateneu que el van fundar: l\u2019educatiu i formatiu.<\/p>\n<p><strong>El director anterior del CFA Sant Just Desvern, Jordi Mort\u00e9s,<\/strong>\u00a0va assegurar que estava doblement satisfet pel canvi d&#8217;ubicaci\u00f3 de l&#8217;escola:\u00a0<em>\u00abd&#8217;una banda pel reconeixement per part de l&#8217;administraci\u00f3 i de l&#8217;Ajuntament a la tasca que fa aquesta escola des que es va crear l&#8217;any 1979. I, de l\u2019altra, la il\u00b7lusi\u00f3 d\u2019endegar un nou repte amb una oferta educativa molt ambiciosa i en unes instal\u00b7 lacions molt adequades\u00bb<\/em><\/p>\n","protected":false},"excerpt":{"rendered":"<p>El CFA Sant Just Desvern va iniciar la seva acci\u00f3 formativa, l\u2019any 1979 amb una professora del Departament d\u2019Educaci\u00f3 i dues de l\u2019Ajuntament, per donar resposta a les necessitats educatives de l\u2019entorn. Inicialment era conegut al municipi com a Aula de Formaci\u00f3 de Persones Adultes &#8220;Can Ginestar&#8221; i es trobava ubicada a la part alta [&hellip;]<\/p>\n","protected":false},"author":1,"featured_media":0,"parent":261,"menu_order":20,"comment_status":"closed","ping_status":"closed","template":"","meta":{"_bbp_topic_count":0,"_bbp_reply_count":0,"_bbp_total_topic_count":0,"_bbp_total_reply_count":0,"_bbp_voice_count":0,"_bbp_anonymous_reply_count":0,"_bbp_topic_count_hidden":0,"_bbp_reply_count_hidden":0,"_bbp_forum_subforum_count":0,"site-sidebar-layout":"default","site-content-layout":"","ast-site-content-layout":"default","site-content-style":"default","site-sidebar-style":"default","ast-global-header-display":"","ast-banner-title-visibility":"","ast-main-header-display":"","ast-hfb-above-header-display":"","ast-hfb-below-header-display":"","ast-hfb-mobile-header-display":"","site-post-title":"","ast-breadcrumbs-content":"","ast-featured-img":"","footer-sml-layout":"","theme-transparent-header-meta":"default","adv-header-id-meta":"","stick-header-meta":"","header-above-stick-meta":"","header-main-stick-meta":"","header-below-stick-meta":"","astra-migrate-meta-layouts":"set","ast-page-background-enabled":"default","ast-page-background-meta":{"desktop":{"background-color":"var(--ast-global-color-4)","background-image":"","background-repeat":"repeat","background-position":"center center","background-size":"auto","background-attachment":"scroll","background-type":"","background-media":"","overlay-type":"","overlay-color":"","overlay-opacity":"","overlay-gradient":""},"tablet":{"background-color":"","background-image":"","background-repeat":"repeat","background-position":"center center","background-size":"auto","background-attachment":"scroll","background-type":"","background-media":"","overlay-type":"","overlay-color":"","overlay-opacity":"","overlay-gradient":""},"mobile":{"background-color":"","background-image":"","background-repeat":"repeat","background-position":"center center","background-size":"auto","background-attachment":"scroll","background-type":"","background-media":"","overlay-type":"","overlay-color":"","overlay-opacity":"","overlay-gradient":""}},"ast-content-background-meta":{"desktop":{"background-color":"var(--ast-global-color-5)","background-image":"","background-repeat":"repeat","background-position":"center center","background-size":"auto","background-attachment":"scroll","background-type":"","background-media":"","overlay-type":"","overlay-color":"","overlay-opacity":"","overlay-gradient":""},"tablet":{"background-color":"var(--ast-global-color-5)","background-image":"","background-repeat":"repeat","background-position":"center center","background-size":"auto","background-attachment":"scroll","background-type":"","background-media":"","overlay-type":"","overlay-color":"","overlay-opacity":"","overlay-gradient":""},"mobile":{"background-color":"var(--ast-global-color-5)","background-image":"","background-repeat":"repeat","background-position":"center center","background-size":"auto","background-attachment":"scroll","background-type":"","background-media":"","overlay-type":"","overlay-color":"","overlay-opacity":"","overlay-gradient":""}},"footnotes":""},"class_list":["post-27","page","type-page","status-publish","hentry"],"post_mailing_queue_ids":[],"_links":{"self":[{"href":"https:\/\/agora.xtec.cat\/cfasantjust\/wp-json\/wp\/v2\/pages\/27","targetHints":{"allow":["GET"]}}],"collection":[{"href":"https:\/\/agora.xtec.cat\/cfasantjust\/wp-json\/wp\/v2\/pages"}],"about":[{"href":"https:\/\/agora.xtec.cat\/cfasantjust\/wp-json\/wp\/v2\/types\/page"}],"author":[{"embeddable":true,"href":"https:\/\/agora.xtec.cat\/cfasantjust\/wp-json\/wp\/v2\/users\/1"}],"replies":[{"embeddable":true,"href":"https:\/\/agora.xtec.cat\/cfasantjust\/wp-json\/wp\/v2\/comments?post=27"}],"version-history":[{"count":4,"href":"https:\/\/agora.xtec.cat\/cfasantjust\/wp-json\/wp\/v2\/pages\/27\/revisions"}],"predecessor-version":[{"id":2115,"href":"https:\/\/agora.xtec.cat\/cfasantjust\/wp-json\/wp\/v2\/pages\/27\/revisions\/2115"}],"up":[{"embeddable":true,"href":"https:\/\/agora.xtec.cat\/cfasantjust\/wp-json\/wp\/v2\/pages\/261"}],"wp:attachment":[{"href":"https:\/\/agora.xtec.cat\/cfasantjust\/wp-json\/wp\/v2\/media?parent=27"}],"curies":[{"name":"wp","href":"https:\/\/api.w.org\/{rel}","templated":true}]}}