{"id":1120,"date":"2022-09-01T19:05:52","date_gmt":"2022-09-01T17:05:52","guid":{"rendered":"https:\/\/agora.xtec.cat\/cfasantjust\/?page_id=1120"},"modified":"2025-06-23T10:18:14","modified_gmt":"2025-06-23T08:18:14","slug":"castella","status":"publish","type":"page","link":"https:\/\/agora.xtec.cat\/cfasantjust\/ensenyaments\/castella\/","title":{"rendered":"Castell\u00e0"},"content":{"rendered":"<p><strong><a href=\"https:\/\/agora.xtec.cat\/cfasantjust\/ensenyaments\/castella\/attachment\/descarga\/\" rel=\"attachment wp-att-1616\"><img loading=\"lazy\" decoding=\"async\" class=\"alignleft wp-image-1860\" src=\"https:\/\/agora.xtec.cat\/cfasantjust\/wp-content\/uploads\/usu1093\/2024\/12\/1710339561096-1-300x225.jpg\" alt=\"\" width=\"281\" height=\"211\" srcset=\"https:\/\/agora.xtec.cat\/cfasantjust\/wp-content\/uploads\/usu1093\/2024\/12\/1710339561096-1-300x225.jpg 300w, https:\/\/agora.xtec.cat\/cfasantjust\/wp-content\/uploads\/usu1093\/2024\/12\/1710339561096-1-1024x768.jpg 1024w, https:\/\/agora.xtec.cat\/cfasantjust\/wp-content\/uploads\/usu1093\/2024\/12\/1710339561096-1-768x576.jpg 768w, https:\/\/agora.xtec.cat\/cfasantjust\/wp-content\/uploads\/usu1093\/2024\/12\/1710339561096-1-1536x1152.jpg 1536w, https:\/\/agora.xtec.cat\/cfasantjust\/wp-content\/uploads\/usu1093\/2024\/12\/1710339561096-1-2048x1536.jpg 2048w, https:\/\/agora.xtec.cat\/cfasantjust\/wp-content\/uploads\/usu1093\/2024\/12\/1710339561096-1-200x150.jpg 200w\" sizes=\"auto, (max-width: 281px) 100vw, 281px\" \/><\/a><\/strong><span style=\"color: #000000; font-family: 'arial','helvetica',sans-serif;\" data-blogger-escaped-style=\"background-color: white; color: #151515; font-family: &quot;arial&quot; , &quot;helvetica&quot; , sans-serif;\">Durant el curs 2025-2026 el CFA Sant Just Desvern oferir\u00e0 el curs de <b>Castell\u00e0.<\/b><\/span><\/p>\n<p>Aquests estudis tenen com a objectiu que les persones adultes assoleixin un grau de compet\u00e8ncia b\u00e0sica per a comunicar-se en llengua castellana i s&#8217;imparteixen en dos nivells: <strong>llengua castellana nivell 1, 2 i 3<\/strong>, que corresponen als <strong>nivells A1, A2, B1<\/strong> del MECR (Marc europeu com\u00fa de refer\u00e8ncia per a les lleng\u00fces).<\/p>\n<p><strong>Acc\u00e9s:<\/strong><br \/>\nPer tal de situar l\u2019alumnat en el nivell que li correspon d\u2019acord amb les seves compet\u00e8ncies, en el moment de la preinscripci\u00f3 el centre de formaci\u00f3 d\u2019adults li far\u00e0 una prova de nivell.<\/p>\n<p><strong>Normativa:<\/strong><br \/>\n<a href=\"https:\/\/repositori.educacio.gencat.cat\/handle\/20.500.12694\/1554\">Resoluci\u00f3 de 10 de maig de 2013, per la qual s&#8217;estableixen els curr\u00edculums dels ensenyaments corresponents a llengua catalana i <\/a>castellana, llengua occitana, denominada aran\u00e8s a l&#8217;Aran, i a les lleng\u00fces estrangeres, d&#8217;aplicaci\u00f3 als centres de formaci\u00f3 d&#8217;adults que depenen del Departament d&#8217;Ensenyament.<\/p>\n","protected":false},"excerpt":{"rendered":"<p>Durant el curs 2025-2026 el CFA Sant Just Desvern oferir\u00e0 el curs de Castell\u00e0. Aquests estudis tenen com a objectiu que les persones adultes assoleixin un grau de compet\u00e8ncia b\u00e0sica per a comunicar-se en llengua castellana i s&#8217;imparteixen en dos nivells: llengua castellana nivell 1, 2 i 3, que corresponen als nivells A1, A2, B1 [&hellip;]<\/p>\n","protected":false},"author":1,"featured_media":0,"parent":274,"menu_order":0,"comment_status":"closed","ping_status":"closed","template":"page-templates\/side-menu.php","meta":{"_bbp_topic_count":0,"_bbp_reply_count":0,"_bbp_total_topic_count":0,"_bbp_total_reply_count":0,"_bbp_voice_count":0,"_bbp_anonymous_reply_count":0,"_bbp_topic_count_hidden":0,"_bbp_reply_count_hidden":0,"_bbp_forum_subforum_count":0,"site-sidebar-layout":"default","site-content-layout":"","ast-site-content-layout":"","site-content-style":"default","site-sidebar-style":"default","ast-global-header-display":"","ast-banner-title-visibility":"","ast-main-header-display":"","ast-hfb-above-header-display":"","ast-hfb-below-header-display":"","ast-hfb-mobile-header-display":"","site-post-title":"","ast-breadcrumbs-content":"","ast-featured-img":"","footer-sml-layout":"","theme-transparent-header-meta":"","adv-header-id-meta":"","stick-header-meta":"","header-above-stick-meta":"","header-main-stick-meta":"","header-below-stick-meta":"","astra-migrate-meta-layouts":"default","ast-page-background-enabled":"default","ast-page-background-meta":{"desktop":{"background-color":"var(--ast-global-color-4)","background-image":"","background-repeat":"repeat","background-position":"center center","background-size":"auto","background-attachment":"scroll","background-type":"","background-media":"","overlay-type":"","overlay-color":"","overlay-opacity":"","overlay-gradient":""},"tablet":{"background-color":"","background-image":"","background-repeat":"repeat","background-position":"center center","background-size":"auto","background-attachment":"scroll","background-type":"","background-media":"","overlay-type":"","overlay-color":"","overlay-opacity":"","overlay-gradient":""},"mobile":{"background-color":"","background-image":"","background-repeat":"repeat","background-position":"center center","background-size":"auto","background-attachment":"scroll","background-type":"","background-media":"","overlay-type":"","overlay-color":"","overlay-opacity":"","overlay-gradient":""}},"ast-content-background-meta":{"desktop":{"background-color":"var(--ast-global-color-5)","background-image":"","background-repeat":"repeat","background-position":"center center","background-size":"auto","background-attachment":"scroll","background-type":"","background-media":"","overlay-type":"","overlay-color":"","overlay-opacity":"","overlay-gradient":""},"tablet":{"background-color":"var(--ast-global-color-5)","background-image":"","background-repeat":"repeat","background-position":"center center","background-size":"auto","background-attachment":"scroll","background-type":"","background-media":"","overlay-type":"","overlay-color":"","overlay-opacity":"","overlay-gradient":""},"mobile":{"background-color":"var(--ast-global-color-5)","background-image":"","background-repeat":"repeat","background-position":"center center","background-size":"auto","background-attachment":"scroll","background-type":"","background-media":"","overlay-type":"","overlay-color":"","overlay-opacity":"","overlay-gradient":""}},"footnotes":""},"class_list":["post-1120","page","type-page","status-publish","hentry"],"post_mailing_queue_ids":[],"_links":{"self":[{"href":"https:\/\/agora.xtec.cat\/cfasantjust\/wp-json\/wp\/v2\/pages\/1120","targetHints":{"allow":["GET"]}}],"collection":[{"href":"https:\/\/agora.xtec.cat\/cfasantjust\/wp-json\/wp\/v2\/pages"}],"about":[{"href":"https:\/\/agora.xtec.cat\/cfasantjust\/wp-json\/wp\/v2\/types\/page"}],"author":[{"embeddable":true,"href":"https:\/\/agora.xtec.cat\/cfasantjust\/wp-json\/wp\/v2\/users\/1"}],"replies":[{"embeddable":true,"href":"https:\/\/agora.xtec.cat\/cfasantjust\/wp-json\/wp\/v2\/comments?post=1120"}],"version-history":[{"count":6,"href":"https:\/\/agora.xtec.cat\/cfasantjust\/wp-json\/wp\/v2\/pages\/1120\/revisions"}],"predecessor-version":[{"id":2031,"href":"https:\/\/agora.xtec.cat\/cfasantjust\/wp-json\/wp\/v2\/pages\/1120\/revisions\/2031"}],"up":[{"embeddable":true,"href":"https:\/\/agora.xtec.cat\/cfasantjust\/wp-json\/wp\/v2\/pages\/274"}],"wp:attachment":[{"href":"https:\/\/agora.xtec.cat\/cfasantjust\/wp-json\/wp\/v2\/media?parent=1120"}],"curies":[{"name":"wp","href":"https:\/\/api.w.org\/{rel}","templated":true}]}}